{"id":1343,"date":"2020-05-22T13:17:05","date_gmt":"2020-05-22T13:17:05","guid":{"rendered":"https:\/\/www.verhoevenfamily.com\/?page_id=1343"},"modified":"2023-11-23T11:07:10","modified_gmt":"2023-11-23T09:07:10","slug":"over-ons-vf","status":"publish","type":"page","link":"https:\/\/www.verhoevenfamily.com\/nl\/over-ons-vf\/","title":{"rendered":"over ons vf"},"content":{"rendered":"\t\t<div data-elementor-type=\"wp-page\" data-elementor-id=\"1343\" class=\"elementor elementor-1343 elementor-467\" data-elementor-post-type=\"page\">\n\t\t\t\t\t\t<section class=\"elementor-section elementor-top-section elementor-element elementor-element-dc9d900 elementor-section-boxed elementor-section-height-default elementor-section-height-default\" data-id=\"dc9d900\" data-element_type=\"section\" data-e-type=\"section\">\n\t\t\t\t\t\t<div class=\"elementor-container elementor-column-gap-default\">\n\t\t\t\t\t<div class=\"elementor-column elementor-col-100 elementor-top-column elementor-element elementor-element-54a8281\" data-id=\"54a8281\" data-element_type=\"column\" data-e-type=\"column\">\n\t\t\t<div class=\"elementor-widget-wrap elementor-element-populated\">\n\t\t\t\t\t\t<div class=\"elementor-element elementor-element-5e99f8e elementor-widget elementor-widget-image\" data-id=\"5e99f8e\" data-element_type=\"widget\" data-e-type=\"widget\" data-widget_type=\"image.default\">\n\t\t\t\t<div class=\"elementor-widget-container\">\n\t\t\t\t\t\t\t\t\t\t\t\t\t\t\t<img fetchpriority=\"high\" decoding=\"async\" width=\"2400\" height=\"1070\" src=\"https:\/\/www.verhoevenfamily.com\/wp-content\/uploads\/2020\/05\/pandnew-belettering-b.jpg\" class=\"attachment-full size-full wp-image-2526\" alt=\"New build office building of Verhoeven Family of Companies\" srcset=\"https:\/\/www.verhoevenfamily.com\/wp-content\/uploads\/2020\/05\/pandnew-belettering-b.jpg 2400w, https:\/\/www.verhoevenfamily.com\/wp-content\/uploads\/2020\/05\/pandnew-belettering-b-300x134.jpg 300w, https:\/\/www.verhoevenfamily.com\/wp-content\/uploads\/2020\/05\/pandnew-belettering-b-1024x457.jpg 1024w, https:\/\/www.verhoevenfamily.com\/wp-content\/uploads\/2020\/05\/pandnew-belettering-b-768x342.jpg 768w, https:\/\/www.verhoevenfamily.com\/wp-content\/uploads\/2020\/05\/pandnew-belettering-b-1536x685.jpg 1536w, https:\/\/www.verhoevenfamily.com\/wp-content\/uploads\/2020\/05\/pandnew-belettering-b-2048x913.jpg 2048w, https:\/\/www.verhoevenfamily.com\/wp-content\/uploads\/2020\/05\/pandnew-belettering-b-700x312.jpg 700w\" sizes=\"(max-width: 2400px) 100vw, 2400px\" \/>\t\t\t\t\t\t\t\t\t\t\t\t\t\t\t<\/div>\n\t\t\t\t<\/div>\n\t\t\t\t\t<\/div>\n\t\t<\/div>\n\t\t\t\t\t<\/div>\n\t\t<\/section>\n\t\t\t\t<section class=\"elementor-section elementor-top-section elementor-element elementor-element-1207731 elementor-section-boxed elementor-section-height-default elementor-section-height-default\" data-id=\"1207731\" data-element_type=\"section\" data-e-type=\"section\">\n\t\t\t\t\t\t<div class=\"elementor-container elementor-column-gap-default\">\n\t\t\t\t\t<div class=\"elementor-column elementor-col-100 elementor-top-column elementor-element elementor-element-3fe3146\" data-id=\"3fe3146\" data-element_type=\"column\" data-e-type=\"column\">\n\t\t\t<div class=\"elementor-widget-wrap elementor-element-populated\">\n\t\t\t\t\t\t<div class=\"elementor-element elementor-element-25e697a din elementor-widget elementor-widget-heading\" data-id=\"25e697a\" data-element_type=\"widget\" data-e-type=\"widget\" data-widget_type=\"heading.default\">\n\t\t\t\t<div class=\"elementor-widget-container\">\n\t\t\t\t\t<h2 class=\"elementor-heading-title elementor-size-default\">Verhoeven Family<\/h2>\t\t\t\t<\/div>\n\t\t\t\t<\/div>\n\t\t\t\t\t<\/div>\n\t\t<\/div>\n\t\t\t\t\t<\/div>\n\t\t<\/section>\n\t\t\t\t<section class=\"elementor-section elementor-top-section elementor-element elementor-element-072f2dd elementor-section-boxed elementor-section-height-default elementor-section-height-default\" data-id=\"072f2dd\" data-element_type=\"section\" data-e-type=\"section\">\n\t\t\t\t\t\t<div class=\"elementor-container elementor-column-gap-default\">\n\t\t\t\t\t<div class=\"elementor-column elementor-col-50 elementor-top-column elementor-element elementor-element-245975b\" data-id=\"245975b\" data-element_type=\"column\" data-e-type=\"column\">\n\t\t\t<div class=\"elementor-widget-wrap elementor-element-populated\">\n\t\t\t\t\t\t<div class=\"elementor-element elementor-element-67c7b07 elementor-widget elementor-widget-text-editor\" data-id=\"67c7b07\" data-element_type=\"widget\" data-e-type=\"widget\" data-widget_type=\"text-editor.default\">\n\t\t\t\t<div class=\"elementor-widget-container\">\n\t\t\t\t\t\t\t\t\t<p>De Verhoeven Family of Companies ontwikkelt, produceert en levert systemen voor intern transport, opslag en material handling, en maatwerkapparatuur. De Verhoeven Family of Companies is het moederbedrijf van twee innovatieve familiebedrijven: Verhoeven Material Handling Family en Verhoeven Bakery Equipment Family.<\/p><p>\u00a0<\/p><p><a href=\"https:\/\/www.verhoevenfamily.com\/over-ons-mhf\/?lang=nl\" rel=\"noopener\">Verhoeven Material Handling Family<\/a> heeft tientallen jaren ervaring in het ontwerpen, ontwikkelen en produceren van interne handling- en conveying-systemen. Onze oplossingen zijn overal ter wereld ge\u00efnstalleerd in vele verschillende industrie\u00ebn en worden gebruikt in nieuwe en bestaande productieomgevingen. Ons vakkundige team voorziet u van de meest effici\u00ebnte oplossingen voor uw productvervoer. De gehele ontwikkeling en het productieproces vindt plaats onder \u00e9\u00e9n dak om u optimale flexibiliteit, effici\u00ebntie en kwaliteit te bieden. We kunnen voldoen aan al uw vereisten aan standaard- en maatwerkoplossingen, volledige productielijnen of aanpassingen aan uw bestaande systeem, zelfs als uw productieruimte beperkt is.<\/p><p>\u00a0<\/p><p><a href=\"https:\/\/www.verhoevenfamily.com\/over-ons-bef\/?lang=nl\">Verhoeven Bakery Equipment Family<\/a> levert turnkey projecten en maakt daarbij gebruik van de kennis en expertise van haar vier specialistische dochterondernemingen: <a href=\"https:\/\/www.bvtbs.com\/\" target=\"_blank\" rel=\"noopener\">BVT Dough Process Solutions<\/a>, waar Lamineer en deegband verwerkingslijnen geproduceerd worden; <a href=\"https:\/\/www.newcapbs.com\/\" target=\"_blank\" rel=\"noopener\">NewCap Industrial Handling Solutions<\/a> die geavanceerde handling-machines levert; <a href=\"https:\/\/vacuumcooling.com\/\" target=\"_blank\" rel=\"noopener\">Vacuum Cooling &amp; Baking Solutions<\/a> die een methode ontwikkeld heeft waarmee de vacu\u00fcmkoeltechniek op industri\u00eble schaal toegepast kan worden; en <a href=\"https:\/\/www.bakepackeols.com\/\" target=\"_blank\" rel=\"noopener\">Bakepack End of Line Solutions<\/a> waar op maat gemaakte, totale systeemintegratie wordt ontwikkeld, geproduceerd en ge\u00efnstalleerd voor het verpakken van brood en deegproducten.<\/p>\t\t\t\t\t\t\t\t<\/div>\n\t\t\t\t<\/div>\n\t\t\t\t\t<\/div>\n\t\t<\/div>\n\t\t\t\t<div class=\"elementor-column elementor-col-50 elementor-top-column elementor-element elementor-element-1a28747\" data-id=\"1a28747\" data-element_type=\"column\" data-e-type=\"column\">\n\t\t\t<div class=\"elementor-widget-wrap elementor-element-populated\">\n\t\t\t\t\t\t<section class=\"elementor-section elementor-inner-section elementor-element elementor-element-4dad79c elementor-section-boxed elementor-section-height-default elementor-section-height-default\" data-id=\"4dad79c\" data-element_type=\"section\" data-e-type=\"section\">\n\t\t\t\t\t\t<div class=\"elementor-container elementor-column-gap-default\">\n\t\t\t\t\t<div class=\"elementor-column elementor-col-100 elementor-inner-column elementor-element elementor-element-fe54703\" data-id=\"fe54703\" data-element_type=\"column\" data-e-type=\"column\">\n\t\t\t<div class=\"elementor-widget-wrap elementor-element-populated\">\n\t\t\t\t\t\t<div class=\"elementor-element elementor-element-58d9ab9 elementor-widget elementor-widget-spacer\" data-id=\"58d9ab9\" data-element_type=\"widget\" data-e-type=\"widget\" data-widget_type=\"spacer.default\">\n\t\t\t\t<div class=\"elementor-widget-container\">\n\t\t\t\t\t\t\t<div class=\"elementor-spacer\">\n\t\t\t<div class=\"elementor-spacer-inner\"><\/div>\n\t\t<\/div>\n\t\t\t\t\t\t<\/div>\n\t\t\t\t<\/div>\n\t\t\t\t\t<\/div>\n\t\t<\/div>\n\t\t\t\t\t<\/div>\n\t\t<\/section>\n\t\t\t\t<section class=\"elementor-section elementor-inner-section elementor-element elementor-element-5dd8097 elementor-section-boxed elementor-section-height-default elementor-section-height-default\" data-id=\"5dd8097\" data-element_type=\"section\" data-e-type=\"section\">\n\t\t\t\t\t\t<div class=\"elementor-container elementor-column-gap-default\">\n\t\t\t\t\t<div class=\"elementor-column elementor-col-100 elementor-inner-column elementor-element elementor-element-98f8784\" data-id=\"98f8784\" data-element_type=\"column\" data-e-type=\"column\">\n\t\t\t<div class=\"elementor-widget-wrap elementor-element-populated\">\n\t\t\t\t\t\t<div class=\"elementor-element elementor-element-d4fb422 elementor-widget elementor-widget-spacer\" data-id=\"d4fb422\" data-element_type=\"widget\" data-e-type=\"widget\" data-widget_type=\"spacer.default\">\n\t\t\t\t<div class=\"elementor-widget-container\">\n\t\t\t\t\t\t\t<div class=\"elementor-spacer\">\n\t\t\t<div class=\"elementor-spacer-inner\"><\/div>\n\t\t<\/div>\n\t\t\t\t\t\t<\/div>\n\t\t\t\t<\/div>\n\t\t\t\t\t<\/div>\n\t\t<\/div>\n\t\t\t\t\t<\/div>\n\t\t<\/section>\n\t\t\t\t<div class=\"elementor-element elementor-element-705e882 elementor-widget elementor-widget-image\" data-id=\"705e882\" data-element_type=\"widget\" data-e-type=\"widget\" data-widget_type=\"image.default\">\n\t\t\t\t<div class=\"elementor-widget-container\">\n\t\t\t\t\t\t\t\t\t\t\t\t\t\t\t<img decoding=\"async\" width=\"2000\" height=\"1317\" src=\"https:\/\/www.verhoevenfamily.com\/wp-content\/uploads\/2020\/04\/Timeline-Verhoeven-structuur.jpg\" class=\"attachment-full size-full wp-image-2444\" alt=\"Family tree Verhoeven Family of Companies\" srcset=\"https:\/\/www.verhoevenfamily.com\/wp-content\/uploads\/2020\/04\/Timeline-Verhoeven-structuur.jpg 2000w, https:\/\/www.verhoevenfamily.com\/wp-content\/uploads\/2020\/04\/Timeline-Verhoeven-structuur-300x198.jpg 300w, https:\/\/www.verhoevenfamily.com\/wp-content\/uploads\/2020\/04\/Timeline-Verhoeven-structuur-1024x674.jpg 1024w, https:\/\/www.verhoevenfamily.com\/wp-content\/uploads\/2020\/04\/Timeline-Verhoeven-structuur-768x506.jpg 768w, https:\/\/www.verhoevenfamily.com\/wp-content\/uploads\/2020\/04\/Timeline-Verhoeven-structuur-1536x1011.jpg 1536w, https:\/\/www.verhoevenfamily.com\/wp-content\/uploads\/2020\/04\/Timeline-Verhoeven-structuur-700x461.jpg 700w\" sizes=\"(max-width: 2000px) 100vw, 2000px\" \/>\t\t\t\t\t\t\t\t\t\t\t\t\t\t\t<\/div>\n\t\t\t\t<\/div>\n\t\t\t\t\t<\/div>\n\t\t<\/div>\n\t\t\t\t\t<\/div>\n\t\t<\/section>\n\t\t\t\t<section class=\"elementor-section elementor-top-section elementor-element elementor-element-c4538f2 elementor-section-boxed elementor-section-height-default elementor-section-height-default\" data-id=\"c4538f2\" data-element_type=\"section\" data-e-type=\"section\">\n\t\t\t\t\t\t<div class=\"elementor-container elementor-column-gap-default\">\n\t\t\t\t\t<div class=\"elementor-column elementor-col-50 elementor-top-column elementor-element elementor-element-416e8b8\" data-id=\"416e8b8\" data-element_type=\"column\" data-e-type=\"column\">\n\t\t\t<div class=\"elementor-widget-wrap elementor-element-populated\">\n\t\t\t\t\t\t<div class=\"elementor-element elementor-element-44ee345 elementor-widget elementor-widget-text-editor\" data-id=\"44ee345\" data-element_type=\"widget\" data-e-type=\"widget\" data-widget_type=\"text-editor.default\">\n\t\t\t\t<div class=\"elementor-widget-container\">\n\t\t\t\t\t\t\t\t\t<p>Wij zijn een nauw verbonden groep bedrijven, die voortdurend de nieuwste kennis en ontwikkelingen met elkaar deelt om elkaar te helpen beter te worden. Dit houdt niet alleen de individuele bedrijven scherp, het zorgt er ook voor dat de groep als geheel kan groeien.<\/p><p>\u00a0<\/p><p>Wij gaan geen enkele complexe uitdaging uit de weg en we zorgen dat we altijd voorop lopen op het gebied van het ontwikkelen van nieuwe oplossingen en toepassingen. Deze innovatieve kracht staat aan de basis van onze excellentie als maatwerkleverancier met een portfolio dat meerdere sectoren beslaat. We bedienen de industrie op een bredere en professionelere manier, wat zich toont in de continu\u00efteit en stabiliteit van ons bedrijf.<\/p><p>\u00a0<\/p><p>Ons team van specialisten staat altijd klaar om de ultieme oplossingen te bieden voor de uitdagingen die u ons geeft. Iedere werknemer heeft de drive en ambitie om uitstekend werk te leveren, gebaseerd op diepgaande kennis en ervaring in het werken in een omgeving waarin persoonlijke verantwoordelijkheid en onafhankelijkheid aangemoedigd wordt. Wij zijn ervan overtuigd dat dit de sleutel is naar ons succes, nu en in de toekomst. Onze organisatie is actief op brede internationale schaal en heeft een gezonde, voortdurende periode van groei doorgemaakt.<\/p>\t\t\t\t\t\t\t\t<\/div>\n\t\t\t\t<\/div>\n\t\t\t\t<div class=\"elementor-element elementor-element-0078c06 elementor-widget elementor-widget-spacer\" data-id=\"0078c06\" data-element_type=\"widget\" data-e-type=\"widget\" data-widget_type=\"spacer.default\">\n\t\t\t\t<div class=\"elementor-widget-container\">\n\t\t\t\t\t\t\t<div class=\"elementor-spacer\">\n\t\t\t<div class=\"elementor-spacer-inner\"><\/div>\n\t\t<\/div>\n\t\t\t\t\t\t<\/div>\n\t\t\t\t<\/div>\n\t\t\t\t\t<\/div>\n\t\t<\/div>\n\t\t\t\t<div class=\"elementor-column elementor-col-50 elementor-top-column elementor-element elementor-element-47c6985\" data-id=\"47c6985\" data-element_type=\"column\" data-e-type=\"column\">\n\t\t\t<div class=\"elementor-widget-wrap elementor-element-populated\">\n\t\t\t\t\t\t<div class=\"elementor-element elementor-element-57c4bb9 elementor-widget elementor-widget-image\" data-id=\"57c4bb9\" data-element_type=\"widget\" data-e-type=\"widget\" data-widget_type=\"image.default\">\n\t\t\t\t<div class=\"elementor-widget-container\">\n\t\t\t\t\t\t\t\t\t\t\t\t\t\t\t<img decoding=\"async\" width=\"1400\" height=\"827\" src=\"https:\/\/www.verhoevenfamily.com\/wp-content\/uploads\/2023\/11\/Do-you-want-to-become-a-family-member_2023.jpg\" class=\"attachment-full size-full wp-image-5440\" alt=\"\" srcset=\"https:\/\/www.verhoevenfamily.com\/wp-content\/uploads\/2023\/11\/Do-you-want-to-become-a-family-member_2023.jpg 1400w, https:\/\/www.verhoevenfamily.com\/wp-content\/uploads\/2023\/11\/Do-you-want-to-become-a-family-member_2023-300x177.jpg 300w, https:\/\/www.verhoevenfamily.com\/wp-content\/uploads\/2023\/11\/Do-you-want-to-become-a-family-member_2023-1024x605.jpg 1024w, https:\/\/www.verhoevenfamily.com\/wp-content\/uploads\/2023\/11\/Do-you-want-to-become-a-family-member_2023-768x454.jpg 768w, https:\/\/www.verhoevenfamily.com\/wp-content\/uploads\/2023\/11\/Do-you-want-to-become-a-family-member_2023-700x414.jpg 700w\" sizes=\"(max-width: 1400px) 100vw, 1400px\" \/>\t\t\t\t\t\t\t\t\t\t\t\t\t\t\t<\/div>\n\t\t\t\t<\/div>\n\t\t\t\t\t<\/div>\n\t\t<\/div>\n\t\t\t\t\t<\/div>\n\t\t<\/section>\n\t\t\t\t<section class=\"elementor-section elementor-top-section elementor-element elementor-element-14e2a50 elementor-section-boxed elementor-section-height-default elementor-section-height-default\" data-id=\"14e2a50\" data-element_type=\"section\" data-e-type=\"section\">\n\t\t\t\t\t\t<div class=\"elementor-container elementor-column-gap-default\">\n\t\t\t\t\t<div class=\"elementor-column elementor-col-100 elementor-top-column elementor-element elementor-element-f5cab5b\" data-id=\"f5cab5b\" data-element_type=\"column\" data-e-type=\"column\">\n\t\t\t<div class=\"elementor-widget-wrap elementor-element-populated\">\n\t\t\t\t\t\t<div class=\"elementor-element elementor-element-6f56b91 elementor-widget elementor-widget-spacer\" data-id=\"6f56b91\" data-element_type=\"widget\" data-e-type=\"widget\" data-widget_type=\"spacer.default\">\n\t\t\t\t<div class=\"elementor-widget-container\">\n\t\t\t\t\t\t\t<div class=\"elementor-spacer\">\n\t\t\t<div class=\"elementor-spacer-inner\"><\/div>\n\t\t<\/div>\n\t\t\t\t\t\t<\/div>\n\t\t\t\t<\/div>\n\t\t\t\t\t<\/div>\n\t\t<\/div>\n\t\t\t\t\t<\/div>\n\t\t<\/section>\n\t\t\t\t<section class=\"elementor-section elementor-top-section elementor-element elementor-element-bef2d80 elementor-section-boxed elementor-section-height-default elementor-section-height-default\" data-id=\"bef2d80\" data-element_type=\"section\" data-e-type=\"section\">\n\t\t\t\t\t\t<div class=\"elementor-container elementor-column-gap-default\">\n\t\t\t\t\t<div class=\"elementor-column elementor-col-100 elementor-top-column elementor-element elementor-element-078ae45\" data-id=\"078ae45\" data-element_type=\"column\" data-e-type=\"column\">\n\t\t\t<div class=\"elementor-widget-wrap\">\n\t\t\t\t\t\t\t<\/div>\n\t\t<\/div>\n\t\t\t\t\t<\/div>\n\t\t<\/section>\n\t\t\t\t<\/div>\n\t\t","protected":false},"excerpt":{"rendered":"<p>Verhoeven Family De Verhoeven Family of Companies ontwikkelt, produceert en levert systemen voor intern transport, opslag en material handling, en maatwerkapparatuur. De Verhoeven Family of Companies is het moederbedrijf van twee innovatieve familiebedrijven: Verhoeven Material Handling Family en Verhoeven Bakery Equipment Family. \u00a0 Verhoeven Material&#8230;<\/p>\n","protected":false},"author":4,"featured_media":0,"parent":0,"menu_order":0,"comment_status":"closed","ping_status":"closed","template":"","meta":{"footnotes":""},"class_list":["post-1343","page","type-page","status-publish","hentry"],"yoast_head":"<!-- This site is optimized with the Yoast SEO Premium plugin v27.5 (Yoast SEO v27.5) - https:\/\/yoast.com\/product\/yoast-seo-premium-wordpress\/ -->\n<title>over ons vf - Verhoeven Family<\/title>\n<meta name=\"robots\" content=\"index, follow, max-snippet:-1, max-image-preview:large, max-video-preview:-1\" \/>\n<link rel=\"canonical\" href=\"https:\/\/www.verhoevenfamily.com\/nl\/over-ons-vf\/\" \/>\n<meta property=\"og:locale\" content=\"nl_NL\" \/>\n<meta property=\"og:type\" content=\"article\" \/>\n<meta property=\"og:title\" content=\"over ons vf\" \/>\n<meta property=\"og:description\" content=\"Verhoeven Family De Verhoeven Family of Companies ontwikkelt, produceert en levert systemen voor intern transport, opslag en material handling, en maatwerkapparatuur. De Verhoeven Family of Companies is het moederbedrijf van twee innovatieve familiebedrijven: Verhoeven Material Handling Family en Verhoeven Bakery Equipment Family. \u00a0 Verhoeven Material...\" \/>\n<meta property=\"og:url\" content=\"https:\/\/www.verhoevenfamily.com\/nl\/over-ons-vf\/\" \/>\n<meta property=\"og:site_name\" content=\"Verhoeven Family\" \/>\n<meta property=\"article:modified_time\" content=\"2023-11-23T09:07:10+00:00\" \/>\n<meta property=\"og:image\" content=\"https:\/\/www.verhoevenfamily.com\/wp-content\/uploads\/2020\/05\/pandnew-belettering-b.jpg\" \/>\n<meta name=\"twitter:card\" content=\"summary_large_image\" \/>\n<meta name=\"twitter:label1\" content=\"Geschatte leestijd\" \/>\n\t<meta name=\"twitter:data1\" content=\"3 minuten\" \/>\n<script type=\"application\/ld+json\" class=\"yoast-schema-graph\">{\"@context\":\"https:\\\/\\\/schema.org\",\"@graph\":[{\"@type\":\"WebPage\",\"@id\":\"https:\\\/\\\/www.verhoevenfamily.com\\\/nl\\\/over-ons-vf\\\/\",\"url\":\"https:\\\/\\\/www.verhoevenfamily.com\\\/nl\\\/over-ons-vf\\\/\",\"name\":\"over ons vf - Verhoeven Family\",\"isPartOf\":{\"@id\":\"https:\\\/\\\/www.verhoevenfamily.com\\\/nl\\\/#website\"},\"primaryImageOfPage\":{\"@id\":\"https:\\\/\\\/www.verhoevenfamily.com\\\/nl\\\/over-ons-vf\\\/#primaryimage\"},\"image\":{\"@id\":\"https:\\\/\\\/www.verhoevenfamily.com\\\/nl\\\/over-ons-vf\\\/#primaryimage\"},\"thumbnailUrl\":\"https:\\\/\\\/www.verhoevenfamily.com\\\/wp-content\\\/uploads\\\/2020\\\/05\\\/pandnew-belettering-b.jpg\",\"datePublished\":\"2020-05-22T13:17:05+00:00\",\"dateModified\":\"2023-11-23T09:07:10+00:00\",\"breadcrumb\":{\"@id\":\"https:\\\/\\\/www.verhoevenfamily.com\\\/nl\\\/over-ons-vf\\\/#breadcrumb\"},\"inLanguage\":\"nl-NL\",\"potentialAction\":[{\"@type\":\"ReadAction\",\"target\":[\"https:\\\/\\\/www.verhoevenfamily.com\\\/nl\\\/over-ons-vf\\\/\"]}]},{\"@type\":\"ImageObject\",\"inLanguage\":\"nl-NL\",\"@id\":\"https:\\\/\\\/www.verhoevenfamily.com\\\/nl\\\/over-ons-vf\\\/#primaryimage\",\"url\":\"https:\\\/\\\/www.verhoevenfamily.com\\\/wp-content\\\/uploads\\\/2020\\\/05\\\/pandnew-belettering-b.jpg\",\"contentUrl\":\"https:\\\/\\\/www.verhoevenfamily.com\\\/wp-content\\\/uploads\\\/2020\\\/05\\\/pandnew-belettering-b.jpg\"},{\"@type\":\"BreadcrumbList\",\"@id\":\"https:\\\/\\\/www.verhoevenfamily.com\\\/nl\\\/over-ons-vf\\\/#breadcrumb\",\"itemListElement\":[{\"@type\":\"ListItem\",\"position\":1,\"name\":\"Home\",\"item\":\"https:\\\/\\\/www.verhoevenfamily.com\\\/nl\\\/\"},{\"@type\":\"ListItem\",\"position\":2,\"name\":\"over ons vf\"}]},{\"@type\":\"WebSite\",\"@id\":\"https:\\\/\\\/www.verhoevenfamily.com\\\/nl\\\/#website\",\"url\":\"https:\\\/\\\/www.verhoevenfamily.com\\\/nl\\\/\",\"name\":\"Verhoeven Family\",\"description\":\"Verhoeven Family website\",\"potentialAction\":[{\"@type\":\"SearchAction\",\"target\":{\"@type\":\"EntryPoint\",\"urlTemplate\":\"https:\\\/\\\/www.verhoevenfamily.com\\\/nl\\\/?s={search_term_string}\"},\"query-input\":{\"@type\":\"PropertyValueSpecification\",\"valueRequired\":true,\"valueName\":\"search_term_string\"}}],\"inLanguage\":\"nl-NL\"}]}<\/script>\n<!-- \/ Yoast SEO Premium plugin. -->","yoast_head_json":{"title":"over ons vf - Verhoeven Family","robots":{"index":"index","follow":"follow","max-snippet":"max-snippet:-1","max-image-preview":"max-image-preview:large","max-video-preview":"max-video-preview:-1"},"canonical":"https:\/\/www.verhoevenfamily.com\/nl\/over-ons-vf\/","og_locale":"nl_NL","og_type":"article","og_title":"over ons vf","og_description":"Verhoeven Family De Verhoeven Family of Companies ontwikkelt, produceert en levert systemen voor intern transport, opslag en material handling, en maatwerkapparatuur. De Verhoeven Family of Companies is het moederbedrijf van twee innovatieve familiebedrijven: Verhoeven Material Handling Family en Verhoeven Bakery Equipment Family. \u00a0 Verhoeven Material...","og_url":"https:\/\/www.verhoevenfamily.com\/nl\/over-ons-vf\/","og_site_name":"Verhoeven Family","article_modified_time":"2023-11-23T09:07:10+00:00","og_image":[{"url":"https:\/\/www.verhoevenfamily.com\/wp-content\/uploads\/2020\/05\/pandnew-belettering-b.jpg","type":"","width":"","height":""}],"twitter_card":"summary_large_image","twitter_misc":{"Geschatte leestijd":"3 minuten"},"schema":{"@context":"https:\/\/schema.org","@graph":[{"@type":"WebPage","@id":"https:\/\/www.verhoevenfamily.com\/nl\/over-ons-vf\/","url":"https:\/\/www.verhoevenfamily.com\/nl\/over-ons-vf\/","name":"over ons vf - Verhoeven Family","isPartOf":{"@id":"https:\/\/www.verhoevenfamily.com\/nl\/#website"},"primaryImageOfPage":{"@id":"https:\/\/www.verhoevenfamily.com\/nl\/over-ons-vf\/#primaryimage"},"image":{"@id":"https:\/\/www.verhoevenfamily.com\/nl\/over-ons-vf\/#primaryimage"},"thumbnailUrl":"https:\/\/www.verhoevenfamily.com\/wp-content\/uploads\/2020\/05\/pandnew-belettering-b.jpg","datePublished":"2020-05-22T13:17:05+00:00","dateModified":"2023-11-23T09:07:10+00:00","breadcrumb":{"@id":"https:\/\/www.verhoevenfamily.com\/nl\/over-ons-vf\/#breadcrumb"},"inLanguage":"nl-NL","potentialAction":[{"@type":"ReadAction","target":["https:\/\/www.verhoevenfamily.com\/nl\/over-ons-vf\/"]}]},{"@type":"ImageObject","inLanguage":"nl-NL","@id":"https:\/\/www.verhoevenfamily.com\/nl\/over-ons-vf\/#primaryimage","url":"https:\/\/www.verhoevenfamily.com\/wp-content\/uploads\/2020\/05\/pandnew-belettering-b.jpg","contentUrl":"https:\/\/www.verhoevenfamily.com\/wp-content\/uploads\/2020\/05\/pandnew-belettering-b.jpg"},{"@type":"BreadcrumbList","@id":"https:\/\/www.verhoevenfamily.com\/nl\/over-ons-vf\/#breadcrumb","itemListElement":[{"@type":"ListItem","position":1,"name":"Home","item":"https:\/\/www.verhoevenfamily.com\/nl\/"},{"@type":"ListItem","position":2,"name":"over ons vf"}]},{"@type":"WebSite","@id":"https:\/\/www.verhoevenfamily.com\/nl\/#website","url":"https:\/\/www.verhoevenfamily.com\/nl\/","name":"Verhoeven Family","description":"Verhoeven Family website","potentialAction":[{"@type":"SearchAction","target":{"@type":"EntryPoint","urlTemplate":"https:\/\/www.verhoevenfamily.com\/nl\/?s={search_term_string}"},"query-input":{"@type":"PropertyValueSpecification","valueRequired":true,"valueName":"search_term_string"}}],"inLanguage":"nl-NL"}]}},"_links":{"self":[{"href":"https:\/\/www.verhoevenfamily.com\/nl\/wp-json\/wp\/v2\/pages\/1343","targetHints":{"allow":["GET"]}}],"collection":[{"href":"https:\/\/www.verhoevenfamily.com\/nl\/wp-json\/wp\/v2\/pages"}],"about":[{"href":"https:\/\/www.verhoevenfamily.com\/nl\/wp-json\/wp\/v2\/types\/page"}],"author":[{"embeddable":true,"href":"https:\/\/www.verhoevenfamily.com\/nl\/wp-json\/wp\/v2\/users\/4"}],"replies":[{"embeddable":true,"href":"https:\/\/www.verhoevenfamily.com\/nl\/wp-json\/wp\/v2\/comments?post=1343"}],"version-history":[{"count":0,"href":"https:\/\/www.verhoevenfamily.com\/nl\/wp-json\/wp\/v2\/pages\/1343\/revisions"}],"wp:attachment":[{"href":"https:\/\/www.verhoevenfamily.com\/nl\/wp-json\/wp\/v2\/media?parent=1343"}],"curies":[{"name":"wp","href":"https:\/\/api.w.org\/{rel}","templated":true}]}}