{"id":2944,"date":"2020-06-23T09:48:54","date_gmt":"2020-06-23T09:48:54","guid":{"rendered":"https:\/\/www.verhoevenfamily.com\/?page_id=2944"},"modified":"2020-10-07T07:49:20","modified_gmt":"2020-10-07T07:49:20","slug":"trabajar-con-nosotros","status":"publish","type":"page","link":"https:\/\/www.verhoevenfamily.com\/es\/trabajar-con-nosotros\/","title":{"rendered":"Trabajar con nosotros"},"content":{"rendered":"\t\t<div data-elementor-type=\"wp-page\" data-elementor-id=\"2944\" class=\"elementor elementor-2944 elementor-498\" data-elementor-post-type=\"page\">\n\t\t\t\t\t\t<section class=\"elementor-section elementor-top-section elementor-element elementor-element-dc9d900 elementor-section-boxed elementor-section-height-default elementor-section-height-default\" data-id=\"dc9d900\" data-element_type=\"section\" data-e-type=\"section\">\n\t\t\t\t\t\t<div class=\"elementor-container elementor-column-gap-default\">\n\t\t\t\t\t<div class=\"elementor-column elementor-col-100 elementor-top-column elementor-element elementor-element-54a8281\" data-id=\"54a8281\" data-element_type=\"column\" data-e-type=\"column\">\n\t\t\t<div class=\"elementor-widget-wrap\">\n\t\t\t\t\t\t\t<\/div>\n\t\t<\/div>\n\t\t\t\t\t<\/div>\n\t\t<\/section>\n\t\t\t\t<section class=\"elementor-section elementor-top-section elementor-element elementor-element-60f0718 elementor-section-boxed elementor-section-height-default elementor-section-height-default\" data-id=\"60f0718\" data-element_type=\"section\" data-e-type=\"section\">\n\t\t\t\t\t\t<div class=\"elementor-container elementor-column-gap-default\">\n\t\t\t\t\t<div class=\"elementor-column elementor-col-100 elementor-top-column elementor-element elementor-element-ecc2390\" data-id=\"ecc2390\" data-element_type=\"column\" data-e-type=\"column\">\n\t\t\t<div class=\"elementor-widget-wrap\">\n\t\t\t\t\t\t\t<\/div>\n\t\t<\/div>\n\t\t\t\t\t<\/div>\n\t\t<\/section>\n\t\t\t\t<section class=\"elementor-section elementor-top-section elementor-element elementor-element-0e4936b elementor-section-boxed elementor-section-height-default elementor-section-height-default\" data-id=\"0e4936b\" data-element_type=\"section\" data-e-type=\"section\">\n\t\t\t\t\t\t<div class=\"elementor-container elementor-column-gap-default\">\n\t\t\t\t\t<div class=\"elementor-column elementor-col-33 elementor-top-column elementor-element elementor-element-ed86169\" data-id=\"ed86169\" data-element_type=\"column\" data-e-type=\"column\">\n\t\t\t<div class=\"elementor-widget-wrap\">\n\t\t\t\t\t\t\t<\/div>\n\t\t<\/div>\n\t\t\t\t<div class=\"elementor-column elementor-col-33 elementor-top-column elementor-element elementor-element-0b7c4bd\" data-id=\"0b7c4bd\" data-element_type=\"column\" data-e-type=\"column\">\n\t\t\t<div class=\"elementor-widget-wrap elementor-element-populated\">\n\t\t\t\t\t\t<div class=\"elementor-element elementor-element-f977936 din elementor-widget elementor-widget-heading\" data-id=\"f977936\" data-element_type=\"widget\" data-e-type=\"widget\" data-widget_type=\"heading.default\">\n\t\t\t\t<div class=\"elementor-widget-container\">\n\t\t\t\t\t<h2 class=\"elementor-heading-title elementor-size-default\">\u00bfDesea convertirse en miembro de Verhoeven Family?<\/h2>\t\t\t\t<\/div>\n\t\t\t\t<\/div>\n\t\t\t\t<div class=\"elementor-element elementor-element-784dbe3 elementor-widget elementor-widget-text-editor\" data-id=\"784dbe3\" data-element_type=\"widget\" data-e-type=\"widget\" data-widget_type=\"text-editor.default\">\n\t\t\t\t<div class=\"elementor-widget-container\">\n\t\t\t\t\t\t\t\t\t<p>The Verhoeven Family of Companies es una empresa consolidada y muy innovadora que pone las \u00faltimas tecnolog\u00edas al servicio de las necesidades de sus clientes. Pero lo que <em>verdaderamente<\/em> contribuye al \u00e9xito la empresa, lo que la hace distinta, es su gente, \u00abla gente de detr\u00e1s de las m\u00e1quinas\u00bb. Los miembros de Verhoeven Family son el verdadero motor de la empresa. Y la satisfacci\u00f3n del cliente es decisiva, al igual que la de los empleados. Hacemos especial hincapi\u00e9 en el desarrollo tanto profesional como personal de los empleados, lo que tambi\u00e9n nos ayuda a crear una excelente ambiente de trabajo.<\/p><p>\u00a0<\/p><p>Si decide trabajar en Verhoeven, formar\u00e1 parte de una empresa con actividad en todo el mundo, donde la gente trabaja y se siente como en familia, donde lo que m\u00e1s importa son las personas y los s\u00f3lidos valores familiares. Formar\u00e1 parte de un equipo orgulloso y dedicado con una mentalidad pr\u00e1ctica y eficiente y un enfoque abierto y flexible. El equipo centrado en el cliente est\u00e1 comprometido con la realizaci\u00f3n de una labor conjunta, el intercambio de conocimientos, el respaldo mutuo y hacer que los clientes y visitantes se sientan acogidos como familiares especiales invitados. Un equipo de personas motivadas y creativas que trabajan en un entorno profesional y c\u00e1lido, que comparten su pasi\u00f3n y la llevan por todo el mundo. En Verhoeven, puede convertirse en quien desee ser.<\/p><p>\u00a0<\/p><p>\u00bfLe gustar\u00eda formar parte de nuestra familia Verhoeven? \u00a1Venga y \u00fanase al equipo!<\/p>\t\t\t\t\t\t\t\t<\/div>\n\t\t\t\t<\/div>\n\t\t\t\t\t<\/div>\n\t\t<\/div>\n\t\t\t\t<div class=\"elementor-column elementor-col-33 elementor-top-column elementor-element elementor-element-c26a604\" data-id=\"c26a604\" data-element_type=\"column\" data-e-type=\"column\">\n\t\t\t<div class=\"elementor-widget-wrap\">\n\t\t\t\t\t\t\t<\/div>\n\t\t<\/div>\n\t\t\t\t\t<\/div>\n\t\t<\/section>\n\t\t\t\t<section class=\"elementor-section elementor-top-section elementor-element elementor-element-4aa6102 elementor-section-boxed elementor-section-height-default elementor-section-height-default\" data-id=\"4aa6102\" data-element_type=\"section\" data-e-type=\"section\">\n\t\t\t\t\t\t<div class=\"elementor-container elementor-column-gap-default\">\n\t\t\t\t\t<div class=\"elementor-column elementor-col-100 elementor-top-column elementor-element elementor-element-c7abaa7\" data-id=\"c7abaa7\" data-element_type=\"column\" data-e-type=\"column\">\n\t\t\t<div class=\"elementor-widget-wrap elementor-element-populated\">\n\t\t\t\t\t\t<div class=\"elementor-element elementor-element-e0916cd elementor-widget-divider--view-line elementor-widget elementor-widget-divider\" data-id=\"e0916cd\" data-element_type=\"widget\" data-e-type=\"widget\" data-widget_type=\"divider.default\">\n\t\t\t\t<div class=\"elementor-widget-container\">\n\t\t\t\t\t\t\t<div class=\"elementor-divider\">\n\t\t\t<span class=\"elementor-divider-separator\">\n\t\t\t\t\t\t<\/span>\n\t\t<\/div>\n\t\t\t\t\t\t<\/div>\n\t\t\t\t<\/div>\n\t\t\t\t\t<\/div>\n\t\t<\/div>\n\t\t\t\t\t<\/div>\n\t\t<\/section>\n\t\t\t\t<\/div>\n\t\t","protected":false},"excerpt":{"rendered":"<p>\u00bfDesea convertirse en miembro de Verhoeven Family? The Verhoeven Family of Companies es una empresa consolidada y muy innovadora que pone las \u00faltimas tecnolog\u00edas al servicio de las necesidades de sus clientes. Pero lo que verdaderamente contribuye al \u00e9xito la empresa, lo que la hace&#8230;<\/p>\n","protected":false},"author":4,"featured_media":0,"parent":0,"menu_order":0,"comment_status":"closed","ping_status":"closed","template":"","meta":{"footnotes":""},"class_list":["post-2944","page","type-page","status-publish","hentry"],"yoast_head":"<!-- This site is optimized with the Yoast SEO Premium plugin v27.4 (Yoast SEO v27.4) - https:\/\/yoast.com\/product\/yoast-seo-premium-wordpress\/ -->\n<title>Trabajar con nosotros - Verhoeven Family<\/title>\n<meta name=\"robots\" content=\"index, follow, max-snippet:-1, max-image-preview:large, max-video-preview:-1\" \/>\n<link rel=\"canonical\" href=\"https:\/\/www.verhoevenfamily.com\/es\/trabajar-con-nosotros\/\" \/>\n<meta property=\"og:locale\" content=\"es_ES\" \/>\n<meta property=\"og:type\" content=\"article\" \/>\n<meta property=\"og:title\" content=\"Trabajar con nosotros\" \/>\n<meta property=\"og:description\" content=\"\u00bfDesea convertirse en miembro de Verhoeven Family? The Verhoeven Family of Companies es una empresa consolidada y muy innovadora que pone las \u00faltimas tecnolog\u00edas al servicio de las necesidades de sus clientes. Pero lo que verdaderamente contribuye al \u00e9xito la empresa, lo que la hace...\" \/>\n<meta property=\"og:url\" content=\"https:\/\/www.verhoevenfamily.com\/es\/trabajar-con-nosotros\/\" \/>\n<meta property=\"og:site_name\" content=\"Verhoeven Family\" \/>\n<meta property=\"article:modified_time\" content=\"2020-10-07T07:49:20+00:00\" \/>\n<meta name=\"twitter:card\" content=\"summary_large_image\" \/>\n<meta name=\"twitter:label1\" content=\"Tiempo de lectura\" \/>\n\t<meta name=\"twitter:data1\" content=\"1 minuto\" \/>\n<script type=\"application\/ld+json\" class=\"yoast-schema-graph\">{\"@context\":\"https:\\\/\\\/schema.org\",\"@graph\":[{\"@type\":\"WebPage\",\"@id\":\"https:\\\/\\\/www.verhoevenfamily.com\\\/es\\\/trabajar-con-nosotros\\\/\",\"url\":\"https:\\\/\\\/www.verhoevenfamily.com\\\/es\\\/trabajar-con-nosotros\\\/\",\"name\":\"Trabajar con nosotros - Verhoeven Family\",\"isPartOf\":{\"@id\":\"https:\\\/\\\/www.verhoevenfamily.com\\\/es\\\/#website\"},\"datePublished\":\"2020-06-23T09:48:54+00:00\",\"dateModified\":\"2020-10-07T07:49:20+00:00\",\"breadcrumb\":{\"@id\":\"https:\\\/\\\/www.verhoevenfamily.com\\\/es\\\/trabajar-con-nosotros\\\/#breadcrumb\"},\"inLanguage\":\"es\",\"potentialAction\":[{\"@type\":\"ReadAction\",\"target\":[\"https:\\\/\\\/www.verhoevenfamily.com\\\/es\\\/trabajar-con-nosotros\\\/\"]}]},{\"@type\":\"BreadcrumbList\",\"@id\":\"https:\\\/\\\/www.verhoevenfamily.com\\\/es\\\/trabajar-con-nosotros\\\/#breadcrumb\",\"itemListElement\":[{\"@type\":\"ListItem\",\"position\":1,\"name\":\"Home\",\"item\":\"https:\\\/\\\/www.verhoevenfamily.com\\\/es\\\/\"},{\"@type\":\"ListItem\",\"position\":2,\"name\":\"Trabajar con nosotros\"}]},{\"@type\":\"WebSite\",\"@id\":\"https:\\\/\\\/www.verhoevenfamily.com\\\/es\\\/#website\",\"url\":\"https:\\\/\\\/www.verhoevenfamily.com\\\/es\\\/\",\"name\":\"Verhoeven Family\",\"description\":\"Verhoeven Family website\",\"potentialAction\":[{\"@type\":\"SearchAction\",\"target\":{\"@type\":\"EntryPoint\",\"urlTemplate\":\"https:\\\/\\\/www.verhoevenfamily.com\\\/es\\\/?s={search_term_string}\"},\"query-input\":{\"@type\":\"PropertyValueSpecification\",\"valueRequired\":true,\"valueName\":\"search_term_string\"}}],\"inLanguage\":\"es\"}]}<\/script>\n<!-- \/ Yoast SEO Premium plugin. -->","yoast_head_json":{"title":"Trabajar con nosotros - Verhoeven Family","robots":{"index":"index","follow":"follow","max-snippet":"max-snippet:-1","max-image-preview":"max-image-preview:large","max-video-preview":"max-video-preview:-1"},"canonical":"https:\/\/www.verhoevenfamily.com\/es\/trabajar-con-nosotros\/","og_locale":"es_ES","og_type":"article","og_title":"Trabajar con nosotros","og_description":"\u00bfDesea convertirse en miembro de Verhoeven Family? The Verhoeven Family of Companies es una empresa consolidada y muy innovadora que pone las \u00faltimas tecnolog\u00edas al servicio de las necesidades de sus clientes. Pero lo que verdaderamente contribuye al \u00e9xito la empresa, lo que la hace...","og_url":"https:\/\/www.verhoevenfamily.com\/es\/trabajar-con-nosotros\/","og_site_name":"Verhoeven Family","article_modified_time":"2020-10-07T07:49:20+00:00","twitter_card":"summary_large_image","twitter_misc":{"Tiempo de lectura":"1 minuto"},"schema":{"@context":"https:\/\/schema.org","@graph":[{"@type":"WebPage","@id":"https:\/\/www.verhoevenfamily.com\/es\/trabajar-con-nosotros\/","url":"https:\/\/www.verhoevenfamily.com\/es\/trabajar-con-nosotros\/","name":"Trabajar con nosotros - Verhoeven Family","isPartOf":{"@id":"https:\/\/www.verhoevenfamily.com\/es\/#website"},"datePublished":"2020-06-23T09:48:54+00:00","dateModified":"2020-10-07T07:49:20+00:00","breadcrumb":{"@id":"https:\/\/www.verhoevenfamily.com\/es\/trabajar-con-nosotros\/#breadcrumb"},"inLanguage":"es","potentialAction":[{"@type":"ReadAction","target":["https:\/\/www.verhoevenfamily.com\/es\/trabajar-con-nosotros\/"]}]},{"@type":"BreadcrumbList","@id":"https:\/\/www.verhoevenfamily.com\/es\/trabajar-con-nosotros\/#breadcrumb","itemListElement":[{"@type":"ListItem","position":1,"name":"Home","item":"https:\/\/www.verhoevenfamily.com\/es\/"},{"@type":"ListItem","position":2,"name":"Trabajar con nosotros"}]},{"@type":"WebSite","@id":"https:\/\/www.verhoevenfamily.com\/es\/#website","url":"https:\/\/www.verhoevenfamily.com\/es\/","name":"Verhoeven Family","description":"Verhoeven Family website","potentialAction":[{"@type":"SearchAction","target":{"@type":"EntryPoint","urlTemplate":"https:\/\/www.verhoevenfamily.com\/es\/?s={search_term_string}"},"query-input":{"@type":"PropertyValueSpecification","valueRequired":true,"valueName":"search_term_string"}}],"inLanguage":"es"}]}},"_links":{"self":[{"href":"https:\/\/www.verhoevenfamily.com\/es\/wp-json\/wp\/v2\/pages\/2944","targetHints":{"allow":["GET"]}}],"collection":[{"href":"https:\/\/www.verhoevenfamily.com\/es\/wp-json\/wp\/v2\/pages"}],"about":[{"href":"https:\/\/www.verhoevenfamily.com\/es\/wp-json\/wp\/v2\/types\/page"}],"author":[{"embeddable":true,"href":"https:\/\/www.verhoevenfamily.com\/es\/wp-json\/wp\/v2\/users\/4"}],"replies":[{"embeddable":true,"href":"https:\/\/www.verhoevenfamily.com\/es\/wp-json\/wp\/v2\/comments?post=2944"}],"version-history":[{"count":0,"href":"https:\/\/www.verhoevenfamily.com\/es\/wp-json\/wp\/v2\/pages\/2944\/revisions"}],"wp:attachment":[{"href":"https:\/\/www.verhoevenfamily.com\/es\/wp-json\/wp\/v2\/media?parent=2944"}],"curies":[{"name":"wp","href":"https:\/\/api.w.org\/{rel}","templated":true}]}}