{"id":2938,"date":"2020-06-23T09:43:48","date_gmt":"2020-06-23T09:43:48","guid":{"rendered":"https:\/\/www.verhoevenfamily.com\/?page_id=2938"},"modified":"2026-03-06T09:23:20","modified_gmt":"2026-03-06T08:23:20","slug":"integracion-en-sistemas-y-proyectos-llave-en-mano","status":"publish","type":"page","link":"https:\/\/www.verhoevenfamily.com\/es\/integracion-en-sistemas-y-proyectos-llave-en-mano\/","title":{"rendered":"Integraci\u00f3n en sistemas y proyectos llave en mano"},"content":{"rendered":"\t\t<div data-elementor-type=\"wp-page\" data-elementor-id=\"2938\" class=\"elementor elementor-2938 elementor-881\" data-elementor-post-type=\"page\">\n\t\t\t\t\t\t<section class=\"elementor-section elementor-top-section elementor-element elementor-element-bf0a61e elementor-section-boxed elementor-section-height-default elementor-section-height-default\" data-id=\"bf0a61e\" data-element_type=\"section\" data-e-type=\"section\">\n\t\t\t\t\t\t<div class=\"elementor-container elementor-column-gap-default\">\n\t\t\t\t\t<div class=\"elementor-column elementor-col-100 elementor-top-column elementor-element elementor-element-69345d2\" data-id=\"69345d2\" data-element_type=\"column\" data-e-type=\"column\">\n\t\t\t<div class=\"elementor-widget-wrap\">\n\t\t\t\t\t\t\t<\/div>\n\t\t<\/div>\n\t\t\t\t\t<\/div>\n\t\t<\/section>\n\t\t\t\t<section class=\"elementor-section elementor-top-section elementor-element elementor-element-dea1c7e elementor-section-boxed elementor-section-height-default elementor-section-height-default\" data-id=\"dea1c7e\" data-element_type=\"section\" data-e-type=\"section\">\n\t\t\t\t\t\t<div class=\"elementor-container elementor-column-gap-default\">\n\t\t\t\t\t<div class=\"elementor-column elementor-col-50 elementor-top-column elementor-element elementor-element-74c5f7d\" data-id=\"74c5f7d\" data-element_type=\"column\" data-e-type=\"column\">\n\t\t\t<div class=\"elementor-widget-wrap elementor-element-populated\">\n\t\t\t\t\t\t<div class=\"elementor-element elementor-element-054ff70 din elementor-widget elementor-widget-heading\" data-id=\"054ff70\" data-element_type=\"widget\" data-e-type=\"widget\" data-widget_type=\"heading.default\">\n\t\t\t\t<div class=\"elementor-widget-container\">\n\t\t\t\t\t<h2 class=\"elementor-heading-title elementor-size-default\">Integraci\u00f3n en sistemas y proyectos llave en mano<\/h2>\t\t\t\t<\/div>\n\t\t\t\t<\/div>\n\t\t\t\t<div class=\"elementor-element elementor-element-8bf7b2f elementor-widget elementor-widget-text-editor\" data-id=\"8bf7b2f\" data-element_type=\"widget\" data-e-type=\"widget\" data-widget_type=\"text-editor.default\">\n\t\t\t\t<div class=\"elementor-widget-container\">\n\t\t\t\t\t\t\t\t\t<p>La integraci\u00f3n eficiente en los sistemas exige profundos conocimientos tanto de los procesos de producci\u00f3n como de los componentes que forman la l\u00ednea de producci\u00f3n. Verhoeven Material Handling Family es el mejor socio posible en las tareas de integraci\u00f3n en el sistema e implementaci\u00f3n de la l\u00ednea de producci\u00f3n.<\/p><p>\u00a0<\/p><p>En el contexto econ\u00f3mico actual, la producci\u00f3n rentable exige la b\u00fasqueda de formas de producir m\u00e1s asequibles y eficientes. Por tanto, las l\u00edneas de producci\u00f3n se vuelven cada vez m\u00e1s complejas y autom\u00e1ticas desde el punto de vista t\u00e9cnico. Verhoeven Material Handling Family le ofrece una soluci\u00f3n completa e integrada, para l\u00edneas desde semiautom\u00e1ticas hasta completamente autom\u00e1ticas. Desde el concepto hasta el dise\u00f1o detallado y desde el montaje de las soluciones hasta su puesta en marcha en su f\u00e1brica. Para la producci\u00f3n tanto alimentaria como no alimentaria.<\/p><p>\u00a0<\/p><p>Contamos con d\u00e9cadas de experiencia en la integraci\u00f3n total en los sistemas del sector alimentario y otros sectores. Piense, por ejemplo, en sistemas de envasado, pesaje, inspecci\u00f3n y etiquetado. Ofrecemos soluciones no alimentarias como el aserrado, lijado, encolado, pintura, secado, tratamiento t\u00e9rmico y refrigeraci\u00f3n. Y soluciones para las fases de producci\u00f3n de alimentos como la fermentaci\u00f3n, calentamiento, horneado, enfriamiento y congelaci\u00f3n.<\/p><p>\u00a0<\/p><p>Le ofrecemos m\u00f3dulos de la marca A existentes, nuestros propios m\u00f3dulos desarrollados y aplicados por Verhoeven, cuyo servicio goza de gran prestigio (desde la configuraci\u00f3n hasta el encargo) o nuevos m\u00f3dulos hechos a medida para usted (desde el ingeniero hasta el encargo).<\/p><p>\u00a0<\/p><p>Su producci\u00f3n de envasado de final de l\u00ednea de productos tanto alimentarios como no alimentarios puede completarse con soluciones como inserci\u00f3n de cajas o bandejas, envasado de flujo, aplicaci\u00f3n de envoltorios retr\u00e1ctiles, flejado y empaquetado de pal\u00e9s. Todo esto se basa en una interfaz hombre-m\u00e1quina conectada directamente con la automatizaci\u00f3n de su oficina.<\/p><p>\u00a0<\/p><p>\u00bfLe gustar\u00eda averiguar c\u00f3mo Verhoeven Material Handling Family puede ayudar a reforzar y mejorar la integraci\u00f3n en su sistema alimentario o no alimentario? P\u00f3ngase en <a href=\"https:\/\/www.verhoevenfamily.com\/es\/contacto\/\">contacto<\/a> con nosotros hoy mismo para recibir m\u00e1s informaci\u00f3n.<\/p>\t\t\t\t\t\t\t\t<\/div>\n\t\t\t\t<\/div>\n\t\t\t\t\t<\/div>\n\t\t<\/div>\n\t\t\t\t<div class=\"elementor-column elementor-col-50 elementor-top-column elementor-element elementor-element-beba162\" data-id=\"beba162\" data-element_type=\"column\" data-e-type=\"column\">\n\t\t\t<div class=\"elementor-widget-wrap\">\n\t\t\t\t\t\t\t<\/div>\n\t\t<\/div>\n\t\t\t\t\t<\/div>\n\t\t<\/section>\n\t\t\t\t<section class=\"elementor-section elementor-top-section elementor-element elementor-element-a6562e4 elementor-section-boxed elementor-section-height-default elementor-section-height-default\" data-id=\"a6562e4\" data-element_type=\"section\" data-e-type=\"section\">\n\t\t\t\t\t\t<div class=\"elementor-container elementor-column-gap-default\">\n\t\t\t\t\t<div class=\"elementor-column elementor-col-100 elementor-top-column elementor-element elementor-element-96b8a91\" data-id=\"96b8a91\" data-element_type=\"column\" data-e-type=\"column\">\n\t\t\t<div class=\"elementor-widget-wrap elementor-element-populated\">\n\t\t\t\t\t\t<div class=\"elementor-element elementor-element-3e70181 elementor-widget elementor-widget-spacer\" data-id=\"3e70181\" data-element_type=\"widget\" data-e-type=\"widget\" data-widget_type=\"spacer.default\">\n\t\t\t\t<div class=\"elementor-widget-container\">\n\t\t\t\t\t\t\t<div class=\"elementor-spacer\">\n\t\t\t<div class=\"elementor-spacer-inner\"><\/div>\n\t\t<\/div>\n\t\t\t\t\t\t<\/div>\n\t\t\t\t<\/div>\n\t\t\t\t\t<\/div>\n\t\t<\/div>\n\t\t\t\t\t<\/div>\n\t\t<\/section>\n\t\t\t\t<\/div>\n\t\t","protected":false},"excerpt":{"rendered":"<p>Integraci\u00f3n en sistemas y proyectos llave en mano La integraci\u00f3n eficiente en los sistemas exige profundos conocimientos tanto de los procesos de producci\u00f3n como de los componentes que forman la l\u00ednea de producci\u00f3n. Verhoeven Material Handling Family es el mejor socio posible en las tareas&#8230;<\/p>\n","protected":false},"author":4,"featured_media":0,"parent":0,"menu_order":0,"comment_status":"closed","ping_status":"closed","template":"","meta":{"footnotes":""},"class_list":["post-2938","page","type-page","status-publish","hentry"],"yoast_head":"<!-- This site is optimized with the Yoast SEO Premium plugin v27.4 (Yoast SEO v27.4) - https:\/\/yoast.com\/product\/yoast-seo-premium-wordpress\/ -->\n<title>Integraci\u00f3n en sistemas y proyectos llave en mano - Verhoeven Family<\/title>\n<meta name=\"robots\" content=\"index, follow, max-snippet:-1, max-image-preview:large, max-video-preview:-1\" \/>\n<link rel=\"canonical\" href=\"https:\/\/www.verhoevenfamily.com\/es\/integracion-en-sistemas-y-proyectos-llave-en-mano\/\" \/>\n<meta property=\"og:locale\" content=\"es_ES\" \/>\n<meta property=\"og:type\" content=\"article\" \/>\n<meta property=\"og:title\" content=\"Integraci\u00f3n en sistemas y proyectos llave en mano\" \/>\n<meta property=\"og:description\" content=\"Integraci\u00f3n en sistemas y proyectos llave en mano La integraci\u00f3n eficiente en los sistemas exige profundos conocimientos tanto de los procesos de producci\u00f3n como de los componentes que forman la l\u00ednea de producci\u00f3n. Verhoeven Material Handling Family es el mejor socio posible en las tareas...\" \/>\n<meta property=\"og:url\" content=\"https:\/\/www.verhoevenfamily.com\/es\/integracion-en-sistemas-y-proyectos-llave-en-mano\/\" \/>\n<meta property=\"og:site_name\" content=\"Verhoeven Family\" \/>\n<meta property=\"article:modified_time\" content=\"2026-03-06T08:23:20+00:00\" \/>\n<meta name=\"twitter:card\" content=\"summary_large_image\" \/>\n<meta name=\"twitter:label1\" content=\"Tiempo de lectura\" \/>\n\t<meta name=\"twitter:data1\" content=\"2 minutos\" \/>\n<script type=\"application\/ld+json\" class=\"yoast-schema-graph\">{\"@context\":\"https:\\\/\\\/schema.org\",\"@graph\":[{\"@type\":\"WebPage\",\"@id\":\"https:\\\/\\\/www.verhoevenfamily.com\\\/es\\\/integracion-en-sistemas-y-proyectos-llave-en-mano\\\/\",\"url\":\"https:\\\/\\\/www.verhoevenfamily.com\\\/es\\\/integracion-en-sistemas-y-proyectos-llave-en-mano\\\/\",\"name\":\"Integraci\u00f3n en sistemas y proyectos llave en mano - Verhoeven Family\",\"isPartOf\":{\"@id\":\"https:\\\/\\\/www.verhoevenfamily.com\\\/es\\\/#website\"},\"datePublished\":\"2020-06-23T09:43:48+00:00\",\"dateModified\":\"2026-03-06T08:23:20+00:00\",\"breadcrumb\":{\"@id\":\"https:\\\/\\\/www.verhoevenfamily.com\\\/es\\\/integracion-en-sistemas-y-proyectos-llave-en-mano\\\/#breadcrumb\"},\"inLanguage\":\"es\",\"potentialAction\":[{\"@type\":\"ReadAction\",\"target\":[\"https:\\\/\\\/www.verhoevenfamily.com\\\/es\\\/integracion-en-sistemas-y-proyectos-llave-en-mano\\\/\"]}]},{\"@type\":\"BreadcrumbList\",\"@id\":\"https:\\\/\\\/www.verhoevenfamily.com\\\/es\\\/integracion-en-sistemas-y-proyectos-llave-en-mano\\\/#breadcrumb\",\"itemListElement\":[{\"@type\":\"ListItem\",\"position\":1,\"name\":\"Home\",\"item\":\"https:\\\/\\\/www.verhoevenfamily.com\\\/es\\\/\"},{\"@type\":\"ListItem\",\"position\":2,\"name\":\"Integraci\u00f3n en sistemas y proyectos llave en mano\"}]},{\"@type\":\"WebSite\",\"@id\":\"https:\\\/\\\/www.verhoevenfamily.com\\\/es\\\/#website\",\"url\":\"https:\\\/\\\/www.verhoevenfamily.com\\\/es\\\/\",\"name\":\"Verhoeven Family\",\"description\":\"Verhoeven Family website\",\"potentialAction\":[{\"@type\":\"SearchAction\",\"target\":{\"@type\":\"EntryPoint\",\"urlTemplate\":\"https:\\\/\\\/www.verhoevenfamily.com\\\/es\\\/?s={search_term_string}\"},\"query-input\":{\"@type\":\"PropertyValueSpecification\",\"valueRequired\":true,\"valueName\":\"search_term_string\"}}],\"inLanguage\":\"es\"}]}<\/script>\n<!-- \/ Yoast SEO Premium plugin. -->","yoast_head_json":{"title":"Integraci\u00f3n en sistemas y proyectos llave en mano - Verhoeven Family","robots":{"index":"index","follow":"follow","max-snippet":"max-snippet:-1","max-image-preview":"max-image-preview:large","max-video-preview":"max-video-preview:-1"},"canonical":"https:\/\/www.verhoevenfamily.com\/es\/integracion-en-sistemas-y-proyectos-llave-en-mano\/","og_locale":"es_ES","og_type":"article","og_title":"Integraci\u00f3n en sistemas y proyectos llave en mano","og_description":"Integraci\u00f3n en sistemas y proyectos llave en mano La integraci\u00f3n eficiente en los sistemas exige profundos conocimientos tanto de los procesos de producci\u00f3n como de los componentes que forman la l\u00ednea de producci\u00f3n. Verhoeven Material Handling Family es el mejor socio posible en las tareas...","og_url":"https:\/\/www.verhoevenfamily.com\/es\/integracion-en-sistemas-y-proyectos-llave-en-mano\/","og_site_name":"Verhoeven Family","article_modified_time":"2026-03-06T08:23:20+00:00","twitter_card":"summary_large_image","twitter_misc":{"Tiempo de lectura":"2 minutos"},"schema":{"@context":"https:\/\/schema.org","@graph":[{"@type":"WebPage","@id":"https:\/\/www.verhoevenfamily.com\/es\/integracion-en-sistemas-y-proyectos-llave-en-mano\/","url":"https:\/\/www.verhoevenfamily.com\/es\/integracion-en-sistemas-y-proyectos-llave-en-mano\/","name":"Integraci\u00f3n en sistemas y proyectos llave en mano - Verhoeven Family","isPartOf":{"@id":"https:\/\/www.verhoevenfamily.com\/es\/#website"},"datePublished":"2020-06-23T09:43:48+00:00","dateModified":"2026-03-06T08:23:20+00:00","breadcrumb":{"@id":"https:\/\/www.verhoevenfamily.com\/es\/integracion-en-sistemas-y-proyectos-llave-en-mano\/#breadcrumb"},"inLanguage":"es","potentialAction":[{"@type":"ReadAction","target":["https:\/\/www.verhoevenfamily.com\/es\/integracion-en-sistemas-y-proyectos-llave-en-mano\/"]}]},{"@type":"BreadcrumbList","@id":"https:\/\/www.verhoevenfamily.com\/es\/integracion-en-sistemas-y-proyectos-llave-en-mano\/#breadcrumb","itemListElement":[{"@type":"ListItem","position":1,"name":"Home","item":"https:\/\/www.verhoevenfamily.com\/es\/"},{"@type":"ListItem","position":2,"name":"Integraci\u00f3n en sistemas y proyectos llave en mano"}]},{"@type":"WebSite","@id":"https:\/\/www.verhoevenfamily.com\/es\/#website","url":"https:\/\/www.verhoevenfamily.com\/es\/","name":"Verhoeven Family","description":"Verhoeven Family website","potentialAction":[{"@type":"SearchAction","target":{"@type":"EntryPoint","urlTemplate":"https:\/\/www.verhoevenfamily.com\/es\/?s={search_term_string}"},"query-input":{"@type":"PropertyValueSpecification","valueRequired":true,"valueName":"search_term_string"}}],"inLanguage":"es"}]}},"_links":{"self":[{"href":"https:\/\/www.verhoevenfamily.com\/es\/wp-json\/wp\/v2\/pages\/2938","targetHints":{"allow":["GET"]}}],"collection":[{"href":"https:\/\/www.verhoevenfamily.com\/es\/wp-json\/wp\/v2\/pages"}],"about":[{"href":"https:\/\/www.verhoevenfamily.com\/es\/wp-json\/wp\/v2\/types\/page"}],"author":[{"embeddable":true,"href":"https:\/\/www.verhoevenfamily.com\/es\/wp-json\/wp\/v2\/users\/4"}],"replies":[{"embeddable":true,"href":"https:\/\/www.verhoevenfamily.com\/es\/wp-json\/wp\/v2\/comments?post=2938"}],"version-history":[{"count":0,"href":"https:\/\/www.verhoevenfamily.com\/es\/wp-json\/wp\/v2\/pages\/2938\/revisions"}],"wp:attachment":[{"href":"https:\/\/www.verhoevenfamily.com\/es\/wp-json\/wp\/v2\/media?parent=2938"}],"curies":[{"name":"wp","href":"https:\/\/api.w.org\/{rel}","templated":true}]}}