{"id":2858,"date":"2020-06-23T09:20:08","date_gmt":"2020-06-23T09:20:08","guid":{"rendered":"https:\/\/www.verhoevenfamily.com\/?page_id=2858"},"modified":"2026-03-01T14:34:26","modified_gmt":"2026-03-01T13:34:26","slug":"historia","status":"publish","type":"page","link":"https:\/\/www.verhoevenfamily.com\/es\/historia\/","title":{"rendered":"Historia"},"content":{"rendered":"\t\t<div data-elementor-type=\"wp-page\" data-elementor-id=\"2858\" class=\"elementor elementor-2858 elementor-470\" data-elementor-post-type=\"page\">\n\t\t\t\t\t\t<section class=\"elementor-section elementor-top-section elementor-element elementor-element-dc9d900 elementor-section-boxed elementor-section-height-default elementor-section-height-default\" data-id=\"dc9d900\" data-element_type=\"section\" data-e-type=\"section\">\n\t\t\t\t\t\t<div class=\"elementor-container elementor-column-gap-default\">\n\t\t\t\t\t<div class=\"elementor-column elementor-col-100 elementor-top-column elementor-element elementor-element-54a8281\" data-id=\"54a8281\" data-element_type=\"column\" data-e-type=\"column\">\n\t\t\t<div class=\"elementor-widget-wrap elementor-element-populated\">\n\t\t\t\t\t\t<div class=\"elementor-element elementor-element-5496513 din elementor-widget elementor-widget-heading\" data-id=\"5496513\" data-element_type=\"widget\" data-e-type=\"widget\" data-widget_type=\"heading.default\">\n\t\t\t\t<div class=\"elementor-widget-container\">\n\t\t\t\t\t<h2 class=\"elementor-heading-title elementor-size-default\">Historia<\/h2>\t\t\t\t<\/div>\n\t\t\t\t<\/div>\n\t\t\t\t\t<\/div>\n\t\t<\/div>\n\t\t\t\t\t<\/div>\n\t\t<\/section>\n\t\t\t\t<section class=\"elementor-section elementor-top-section elementor-element elementor-element-c5f95dc elementor-section-boxed elementor-section-height-default elementor-section-height-default\" data-id=\"c5f95dc\" data-element_type=\"section\" data-e-type=\"section\">\n\t\t\t\t\t\t<div class=\"elementor-container elementor-column-gap-default\">\n\t\t\t\t\t<div class=\"elementor-column elementor-col-50 elementor-top-column elementor-element elementor-element-0e6b7cf\" data-id=\"0e6b7cf\" data-element_type=\"column\" data-e-type=\"column\">\n\t\t\t<div class=\"elementor-widget-wrap elementor-element-populated\">\n\t\t\t\t\t\t<div class=\"elementor-element elementor-element-e43c467 elementor-widget elementor-widget-text-editor\" data-id=\"e43c467\" data-element_type=\"widget\" data-e-type=\"widget\" data-widget_type=\"text-editor.default\">\n\t\t\t\t<div class=\"elementor-widget-container\">\n\t\t\t\t\t\t\t\t\t<p>Sjef Verhoeven fund\u00f3 la empresa hom\u00f3nima en 1968 con sede en Parallelweg 13, Oss (Pa\u00edses Bajos). Especializados en tecnolog\u00eda de manipulaci\u00f3n y transporte de materiales, vend\u00edamos nuestras soluciones de manipulaci\u00f3n y transporte hechas a medida a clientes locales de sectores del procesamiento de la carne, enlatado y tapicer\u00eda, por poner algunos ejemplos. Verhoeven tambi\u00e9n trabaj\u00f3 para empresas conocidas como Philips y Organon.<\/p><p>Empezamos a colaborar con empresas de todo el pa\u00eds y no tardamos en ampliar nuestras actividades a multinacionales de Europa occidental. Verhoeven empez\u00f3 a ganar visibilidad en el mercado internacional y se consolid\u00f3 r\u00e1pidamente como proveedor fiable de tecnolog\u00eda de alta calidad para la manipulaci\u00f3n y el transporte de materiales. De esta forma, estableci\u00f3 una base de clientes internacionales.<\/p><p>\u00a0<\/p><p>Con el paso del tiempo, Verhoeven Family of Companies ha consolidado su posici\u00f3n en los puestos m\u00e1s altos de la lista de las cien empresas l\u00edderes del sector de la fabricaci\u00f3n holand\u00e9s. Nuestro prestigio de calidad cuenta con el reconocimiento de distintos sectores como el alimentario, automoci\u00f3n y construcci\u00f3n. Nuestra divisi\u00f3n especializada de Verhoeven Bakery Equipment Family ha establecido una s\u00f3lida posici\u00f3n en la industria panadera, con cuatro etiquetas subsidiarias que ofrecen tanto conocimientos t\u00e9cnicos especializados como una cartera combinada de soluciones llave en mano.<\/p>\t\t\t\t\t\t\t\t<\/div>\n\t\t\t\t<\/div>\n\t\t\t\t<section class=\"elementor-section elementor-inner-section elementor-element elementor-element-3d47aed elementor-section-boxed elementor-section-height-default elementor-section-height-default\" data-id=\"3d47aed\" data-element_type=\"section\" data-e-type=\"section\">\n\t\t\t\t\t\t<div class=\"elementor-container elementor-column-gap-default\">\n\t\t\t\t\t<div class=\"elementor-column elementor-col-50 elementor-inner-column elementor-element elementor-element-b624b18\" data-id=\"b624b18\" data-element_type=\"column\" data-e-type=\"column\">\n\t\t\t<div class=\"elementor-widget-wrap elementor-element-populated\">\n\t\t\t\t\t\t<div class=\"elementor-element elementor-element-568bd45 elementor-widget elementor-widget-text-editor\" data-id=\"568bd45\" data-element_type=\"widget\" data-e-type=\"widget\" data-widget_type=\"text-editor.default\">\n\t\t\t\t<div class=\"elementor-widget-container\">\n\t\t\t\t\t\t\t\t\t<ul>\n \t<li><span style=\"color: #ffffff;\"><\/span><\/li>\n<\/ul>\t\t\t\t\t\t\t\t<\/div>\n\t\t\t\t<\/div>\n\t\t\t\t\t<\/div>\n\t\t<\/div>\n\t\t\t\t<div class=\"elementor-column elementor-col-50 elementor-inner-column elementor-element elementor-element-fe4c38e\" data-id=\"fe4c38e\" data-element_type=\"column\" data-e-type=\"column\">\n\t\t\t<div class=\"elementor-widget-wrap elementor-element-populated\">\n\t\t\t\t\t\t<div class=\"elementor-element elementor-element-7019a34 elementor-widget elementor-widget-text-editor\" data-id=\"7019a34\" data-element_type=\"widget\" data-e-type=\"widget\" data-widget_type=\"text-editor.default\">\n\t\t\t\t<div class=\"elementor-widget-container\">\n\t\t\t\t\t\t\t\t\t<p><a href=\"https:\/\/www.bvtbs.com\/\" target=\"_blank\" rel=\"noopener\">BVT Dough Process Solutions<\/a> se centra en el desarrollo de l\u00edneas de formaci\u00f3n y laminado de panificadoras industriales;<\/p>\t\t\t\t\t\t\t\t<\/div>\n\t\t\t\t<\/div>\n\t\t\t\t\t<\/div>\n\t\t<\/div>\n\t\t\t\t\t<\/div>\n\t\t<\/section>\n\t\t\t\t<section class=\"elementor-section elementor-inner-section elementor-element elementor-element-12cc66c elementor-section-boxed elementor-section-height-default elementor-section-height-default\" data-id=\"12cc66c\" data-element_type=\"section\" data-e-type=\"section\">\n\t\t\t\t\t\t<div class=\"elementor-container elementor-column-gap-default\">\n\t\t\t\t\t<div class=\"elementor-column elementor-col-50 elementor-inner-column elementor-element elementor-element-caab3ce\" data-id=\"caab3ce\" data-element_type=\"column\" data-e-type=\"column\">\n\t\t\t<div class=\"elementor-widget-wrap elementor-element-populated\">\n\t\t\t\t\t\t<div class=\"elementor-element elementor-element-c2f2083 elementor-widget elementor-widget-text-editor\" data-id=\"c2f2083\" data-element_type=\"widget\" data-e-type=\"widget\" data-widget_type=\"text-editor.default\">\n\t\t\t\t<div class=\"elementor-widget-container\">\n\t\t\t\t\t\t\t\t\t<ul>\n \t<li><span style=\"color: #ffffff;\"><\/span><\/li>\n<\/ul>\t\t\t\t\t\t\t\t<\/div>\n\t\t\t\t<\/div>\n\t\t\t\t\t<\/div>\n\t\t<\/div>\n\t\t\t\t<div class=\"elementor-column elementor-col-50 elementor-inner-column elementor-element elementor-element-cc77278\" data-id=\"cc77278\" data-element_type=\"column\" data-e-type=\"column\">\n\t\t\t<div class=\"elementor-widget-wrap elementor-element-populated\">\n\t\t\t\t\t\t<div class=\"elementor-element elementor-element-93765cf elementor-widget elementor-widget-text-editor\" data-id=\"93765cf\" data-element_type=\"widget\" data-e-type=\"widget\" data-widget_type=\"text-editor.default\">\n\t\t\t\t<div class=\"elementor-widget-container\">\n\t\t\t\t\t\t\t\t\t<p><span style=\"color: #ffffff;\"><a href=\"https:\/\/www.newcapbs.com\/\" target=\"_blank\" rel=\"noopener\">Newcap Industrial Handling Solutions<\/a> proporciona sistemas de manipulaci\u00f3n avanzados a panificadoras industriales;<\/span><\/p>\t\t\t\t\t\t\t\t<\/div>\n\t\t\t\t<\/div>\n\t\t\t\t\t<\/div>\n\t\t<\/div>\n\t\t\t\t\t<\/div>\n\t\t<\/section>\n\t\t\t\t<section class=\"elementor-section elementor-inner-section elementor-element elementor-element-c0e5024 elementor-section-boxed elementor-section-height-default elementor-section-height-default\" data-id=\"c0e5024\" data-element_type=\"section\" data-e-type=\"section\">\n\t\t\t\t\t\t<div class=\"elementor-container elementor-column-gap-default\">\n\t\t\t\t\t<div class=\"elementor-column elementor-col-50 elementor-inner-column elementor-element elementor-element-79bf399\" data-id=\"79bf399\" data-element_type=\"column\" data-e-type=\"column\">\n\t\t\t<div class=\"elementor-widget-wrap elementor-element-populated\">\n\t\t\t\t\t\t<div class=\"elementor-element elementor-element-0d39556 elementor-widget elementor-widget-text-editor\" data-id=\"0d39556\" data-element_type=\"widget\" data-e-type=\"widget\" data-widget_type=\"text-editor.default\">\n\t\t\t\t<div class=\"elementor-widget-container\">\n\t\t\t\t\t\t\t\t\t<ul>\n \t<li><span style=\"color: #ffffff;\"><\/span><\/li>\n<\/ul>\t\t\t\t\t\t\t\t<\/div>\n\t\t\t\t<\/div>\n\t\t\t\t\t<\/div>\n\t\t<\/div>\n\t\t\t\t<div class=\"elementor-column elementor-col-50 elementor-inner-column elementor-element elementor-element-3089608\" data-id=\"3089608\" data-element_type=\"column\" data-e-type=\"column\">\n\t\t\t<div class=\"elementor-widget-wrap elementor-element-populated\">\n\t\t\t\t\t\t<div class=\"elementor-element elementor-element-25b0b07 elementor-widget elementor-widget-text-editor\" data-id=\"25b0b07\" data-element_type=\"widget\" data-e-type=\"widget\" data-widget_type=\"text-editor.default\">\n\t\t\t\t<div class=\"elementor-widget-container\">\n\t\t\t\t\t\t\t\t\t<p><span style=\"color: #ffffff;\"><a href=\"https:\/\/vacuumcooling.com\/\" target=\"_blank\" rel=\"noopener\">Vacuum Cooling &amp; Baking Solutions<\/a> desarroll\u00f3 un m\u00e9todo innovador para el enfriamiento por vac\u00edo de productos a base de masa para panificadoras industriales, un m\u00e9todo que ahora se emplea para sopas, salsas, etc. <\/span><\/p>\t\t\t\t\t\t\t\t<\/div>\n\t\t\t\t<\/div>\n\t\t\t\t\t<\/div>\n\t\t<\/div>\n\t\t\t\t\t<\/div>\n\t\t<\/section>\n\t\t\t\t<section class=\"elementor-section elementor-inner-section elementor-element elementor-element-1faa163 elementor-section-boxed elementor-section-height-default elementor-section-height-default\" data-id=\"1faa163\" data-element_type=\"section\" data-e-type=\"section\">\n\t\t\t\t\t\t<div class=\"elementor-container elementor-column-gap-default\">\n\t\t\t\t\t<div class=\"elementor-column elementor-col-50 elementor-inner-column elementor-element elementor-element-6754e2b\" data-id=\"6754e2b\" data-element_type=\"column\" data-e-type=\"column\">\n\t\t\t<div class=\"elementor-widget-wrap elementor-element-populated\">\n\t\t\t\t\t\t<div class=\"elementor-element elementor-element-aee4e3a elementor-widget elementor-widget-text-editor\" data-id=\"aee4e3a\" data-element_type=\"widget\" data-e-type=\"widget\" data-widget_type=\"text-editor.default\">\n\t\t\t\t<div class=\"elementor-widget-container\">\n\t\t\t\t\t\t\t\t\t<ul>\n \t<li><span style=\"color: #ffffff;\"><\/span><\/li>\n<\/ul>\t\t\t\t\t\t\t\t<\/div>\n\t\t\t\t<\/div>\n\t\t\t\t\t<\/div>\n\t\t<\/div>\n\t\t\t\t<div class=\"elementor-column elementor-col-50 elementor-inner-column elementor-element elementor-element-e8c4104\" data-id=\"e8c4104\" data-element_type=\"column\" data-e-type=\"column\">\n\t\t\t<div class=\"elementor-widget-wrap elementor-element-populated\">\n\t\t\t\t\t\t<div class=\"elementor-element elementor-element-d1c9f9f elementor-widget elementor-widget-text-editor\" data-id=\"d1c9f9f\" data-element_type=\"widget\" data-e-type=\"widget\" data-widget_type=\"text-editor.default\">\n\t\t\t\t<div class=\"elementor-widget-container\">\n\t\t\t\t\t\t\t\t\t<p><span style=\"color: #ffffff;\"><a href=\"https:\/\/www.bakepackeols.com\/\" target=\"_blank\" rel=\"noopener\">Bakepack End of Line Solutions<\/a> desarrolla soluciones de envasado completamente integradas para las panificadoras industriales. <\/span><\/p>\t\t\t\t\t\t\t\t<\/div>\n\t\t\t\t<\/div>\n\t\t\t\t\t<\/div>\n\t\t<\/div>\n\t\t\t\t\t<\/div>\n\t\t<\/section>\n\t\t\t\t\t<\/div>\n\t\t<\/div>\n\t\t\t\t<div class=\"elementor-column elementor-col-50 elementor-top-column elementor-element elementor-element-5ce2032\" data-id=\"5ce2032\" data-element_type=\"column\" data-e-type=\"column\">\n\t\t\t<div class=\"elementor-widget-wrap elementor-element-populated\">\n\t\t\t\t\t\t<div class=\"elementor-element elementor-element-6c77a07 elementor-widget elementor-widget-text-editor\" data-id=\"6c77a07\" data-element_type=\"widget\" data-e-type=\"widget\" data-widget_type=\"text-editor.default\">\n\t\t\t\t<div class=\"elementor-widget-container\">\n\t\t\t\t\t\t\t\t\t<p>Durante a\u00f1os, la calidad, la coherencia y la independencia han sido los pilares fundamentales de Verhoeven Family. La actitud constante y la capacidad de fabricar todos nuestros componentes y soluciones en las propias instalaciones es lo que nos mantiene en la vanguardia del mercado y esto es lo que nos capacita para ofrecer tiempos de entrega reducidos y precios competitivos a clientes de todo el mundo.<\/p><p>\u00a0<\/p><p>El equipo unido de empleados sigue contribuyendo al \u00e9xito de Verhoeven. Siguiendo una mentalidad de eficiencia, los miembros de Verhoeven Family tienen un s\u00f3lido sentido de la responsabilidad y de la obligaci\u00f3n. A lo largo de todos nuestros a\u00f1os en el negocio, en todos los niveles y en todas las disciplinas.<\/p><p>\u00a0<\/p><p>En 2020, para adaptarnos mejor a nuestros negocios y equipos en expansi\u00f3n, ampliamos nuestras instalaciones con una nueva e innovadora planta de producci\u00f3n principal y nuevos espacios para oficinas. Nuestra puerta a un mayor desarrollo y crecimiento industrial.<\/p><p>\u00a0<\/p><p>Desde nuestros comienzos en 1968, todos hemos contribuido a la r\u00e1pida transformaci\u00f3n de Verhoeven de peque\u00f1a empresa de producci\u00f3n a actor importante del mercado internacional. Como nuestro fundador, Sjef Verhoeven, seguimos teniendo buen ojo para las oportunidades y actividades en todo el mundo. Y seguimos funcionado como una gran familia.<\/p>\t\t\t\t\t\t\t\t<\/div>\n\t\t\t\t<\/div>\n\t\t\t\t\t<\/div>\n\t\t<\/div>\n\t\t\t\t\t<\/div>\n\t\t<\/section>\n\t\t\t\t<section class=\"elementor-section elementor-top-section elementor-element elementor-element-795e7e9 elementor-section-boxed elementor-section-height-default elementor-section-height-default\" data-id=\"795e7e9\" data-element_type=\"section\" data-e-type=\"section\">\n\t\t\t\t\t\t<div class=\"elementor-container elementor-column-gap-default\">\n\t\t\t\t\t<div class=\"elementor-column elementor-col-100 elementor-top-column elementor-element elementor-element-e4b8b1e\" data-id=\"e4b8b1e\" data-element_type=\"column\" data-e-type=\"column\">\n\t\t\t<div class=\"elementor-widget-wrap elementor-element-populated\">\n\t\t\t\t\t\t<div class=\"elementor-element elementor-element-0e90992 elementor-widget elementor-widget-image\" data-id=\"0e90992\" data-element_type=\"widget\" data-e-type=\"widget\" data-widget_type=\"image.default\">\n\t\t\t\t<div class=\"elementor-widget-container\">\n\t\t\t\t\t\t\t\t\t\t\t\t\t\t\t\t<a href=\"https:\/\/www.verhoevenfamily.com\/organisation\/\">\n\t\t\t\t\t\t\t<img fetchpriority=\"high\" decoding=\"async\" width=\"2000\" height=\"614\" src=\"https:\/\/www.verhoevenfamily.com\/wp-content\/uploads\/2020\/03\/Timeline-Verhoeven2.jpg\" class=\"attachment-full size-full wp-image-2011\" alt=\"Chronological timeline Verhoeven Family of Companies\" srcset=\"https:\/\/www.verhoevenfamily.com\/wp-content\/uploads\/2020\/03\/Timeline-Verhoeven2.jpg 2000w, https:\/\/www.verhoevenfamily.com\/wp-content\/uploads\/2020\/03\/Timeline-Verhoeven2-300x92.jpg 300w, https:\/\/www.verhoevenfamily.com\/wp-content\/uploads\/2020\/03\/Timeline-Verhoeven2-1024x314.jpg 1024w, https:\/\/www.verhoevenfamily.com\/wp-content\/uploads\/2020\/03\/Timeline-Verhoeven2-768x236.jpg 768w, https:\/\/www.verhoevenfamily.com\/wp-content\/uploads\/2020\/03\/Timeline-Verhoeven2-1536x472.jpg 1536w, https:\/\/www.verhoevenfamily.com\/wp-content\/uploads\/2020\/03\/Timeline-Verhoeven2-700x215.jpg 700w\" sizes=\"(max-width: 2000px) 100vw, 2000px\" \/>\t\t\t\t\t\t\t\t<\/a>\n\t\t\t\t\t\t\t\t\t\t\t\t\t\t\t<\/div>\n\t\t\t\t<\/div>\n\t\t\t\t\t<\/div>\n\t\t<\/div>\n\t\t\t\t\t<\/div>\n\t\t<\/section>\n\t\t\t\t<section class=\"elementor-section elementor-top-section elementor-element elementor-element-0b668ad elementor-section-boxed elementor-section-height-default elementor-section-height-default\" data-id=\"0b668ad\" data-element_type=\"section\" data-e-type=\"section\">\n\t\t\t\t\t\t<div class=\"elementor-container elementor-column-gap-default\">\n\t\t\t\t\t<div class=\"elementor-column elementor-col-100 elementor-top-column elementor-element elementor-element-f9560fe\" data-id=\"f9560fe\" data-element_type=\"column\" data-e-type=\"column\">\n\t\t\t<div class=\"elementor-widget-wrap elementor-element-populated\">\n\t\t\t\t\t\t<div class=\"elementor-element elementor-element-b57b528 elementor-widget elementor-widget-spacer\" data-id=\"b57b528\" data-element_type=\"widget\" data-e-type=\"widget\" data-widget_type=\"spacer.default\">\n\t\t\t\t<div class=\"elementor-widget-container\">\n\t\t\t\t\t\t\t<div class=\"elementor-spacer\">\n\t\t\t<div class=\"elementor-spacer-inner\"><\/div>\n\t\t<\/div>\n\t\t\t\t\t\t<\/div>\n\t\t\t\t<\/div>\n\t\t\t\t\t<\/div>\n\t\t<\/div>\n\t\t\t\t\t<\/div>\n\t\t<\/section>\n\t\t\t\t<\/div>\n\t\t","protected":false},"excerpt":{"rendered":"<p>Historia Sjef Verhoeven fund\u00f3 la empresa hom\u00f3nima en 1968 con sede en Parallelweg 13, Oss (Pa\u00edses Bajos). Especializados en tecnolog\u00eda de manipulaci\u00f3n y transporte de materiales, vend\u00edamos nuestras soluciones de manipulaci\u00f3n y transporte hechas a medida a clientes locales de sectores del procesamiento de la&#8230;<\/p>\n","protected":false},"author":4,"featured_media":0,"parent":0,"menu_order":0,"comment_status":"closed","ping_status":"closed","template":"elementor_header_footer","meta":{"footnotes":""},"class_list":["post-2858","page","type-page","status-publish","hentry"],"yoast_head":"<!-- This site is optimized with the Yoast SEO Premium plugin v27.3 (Yoast SEO v27.3) - https:\/\/yoast.com\/product\/yoast-seo-premium-wordpress\/ -->\n<title>Historia - Verhoeven Family<\/title>\n<meta name=\"robots\" content=\"index, follow, max-snippet:-1, max-image-preview:large, max-video-preview:-1\" \/>\n<link rel=\"canonical\" href=\"https:\/\/www.verhoevenfamily.com\/es\/historia\/\" \/>\n<meta property=\"og:locale\" content=\"es_ES\" \/>\n<meta property=\"og:type\" content=\"article\" \/>\n<meta property=\"og:title\" content=\"Historia\" \/>\n<meta property=\"og:description\" content=\"Historia Sjef Verhoeven fund\u00f3 la empresa hom\u00f3nima en 1968 con sede en Parallelweg 13, Oss (Pa\u00edses Bajos). Especializados en tecnolog\u00eda de manipulaci\u00f3n y transporte de materiales, vend\u00edamos nuestras soluciones de manipulaci\u00f3n y transporte hechas a medida a clientes locales de sectores del procesamiento de la...\" \/>\n<meta property=\"og:url\" content=\"https:\/\/www.verhoevenfamily.com\/es\/historia\/\" \/>\n<meta property=\"og:site_name\" content=\"Verhoeven Family\" \/>\n<meta property=\"article:modified_time\" content=\"2026-03-01T13:34:26+00:00\" \/>\n<meta property=\"og:image\" content=\"https:\/\/www.verhoevenfamily.com\/wp-content\/uploads\/2020\/03\/Timeline-Verhoeven2.jpg\" \/>\n\t<meta property=\"og:image:width\" content=\"2000\" \/>\n\t<meta property=\"og:image:height\" content=\"614\" \/>\n\t<meta property=\"og:image:type\" content=\"image\/jpeg\" \/>\n<meta name=\"twitter:card\" content=\"summary_large_image\" \/>\n<meta name=\"twitter:label1\" content=\"Tiempo de lectura\" \/>\n\t<meta name=\"twitter:data1\" content=\"3 minutos\" \/>\n<script type=\"application\/ld+json\" class=\"yoast-schema-graph\">{\"@context\":\"https:\\\/\\\/schema.org\",\"@graph\":[{\"@type\":\"WebPage\",\"@id\":\"https:\\\/\\\/www.verhoevenfamily.com\\\/es\\\/historia\\\/\",\"url\":\"https:\\\/\\\/www.verhoevenfamily.com\\\/es\\\/historia\\\/\",\"name\":\"Historia - Verhoeven Family\",\"isPartOf\":{\"@id\":\"https:\\\/\\\/www.verhoevenfamily.com\\\/es\\\/#website\"},\"primaryImageOfPage\":{\"@id\":\"https:\\\/\\\/www.verhoevenfamily.com\\\/es\\\/historia\\\/#primaryimage\"},\"image\":{\"@id\":\"https:\\\/\\\/www.verhoevenfamily.com\\\/es\\\/historia\\\/#primaryimage\"},\"thumbnailUrl\":\"https:\\\/\\\/www.verhoevenfamily.com\\\/wp-content\\\/uploads\\\/2020\\\/03\\\/Timeline-Verhoeven2.jpg\",\"datePublished\":\"2020-06-23T09:20:08+00:00\",\"dateModified\":\"2026-03-01T13:34:26+00:00\",\"breadcrumb\":{\"@id\":\"https:\\\/\\\/www.verhoevenfamily.com\\\/es\\\/historia\\\/#breadcrumb\"},\"inLanguage\":\"es\",\"potentialAction\":[{\"@type\":\"ReadAction\",\"target\":[\"https:\\\/\\\/www.verhoevenfamily.com\\\/es\\\/historia\\\/\"]}]},{\"@type\":\"ImageObject\",\"inLanguage\":\"es\",\"@id\":\"https:\\\/\\\/www.verhoevenfamily.com\\\/es\\\/historia\\\/#primaryimage\",\"url\":\"https:\\\/\\\/www.verhoevenfamily.com\\\/wp-content\\\/uploads\\\/2020\\\/03\\\/Timeline-Verhoeven2.jpg\",\"contentUrl\":\"https:\\\/\\\/www.verhoevenfamily.com\\\/wp-content\\\/uploads\\\/2020\\\/03\\\/Timeline-Verhoeven2.jpg\"},{\"@type\":\"BreadcrumbList\",\"@id\":\"https:\\\/\\\/www.verhoevenfamily.com\\\/es\\\/historia\\\/#breadcrumb\",\"itemListElement\":[{\"@type\":\"ListItem\",\"position\":1,\"name\":\"Home\",\"item\":\"https:\\\/\\\/www.verhoevenfamily.com\\\/es\\\/\"},{\"@type\":\"ListItem\",\"position\":2,\"name\":\"Historia\"}]},{\"@type\":\"WebSite\",\"@id\":\"https:\\\/\\\/www.verhoevenfamily.com\\\/es\\\/#website\",\"url\":\"https:\\\/\\\/www.verhoevenfamily.com\\\/es\\\/\",\"name\":\"Verhoeven Family\",\"description\":\"Verhoeven Family website\",\"potentialAction\":[{\"@type\":\"SearchAction\",\"target\":{\"@type\":\"EntryPoint\",\"urlTemplate\":\"https:\\\/\\\/www.verhoevenfamily.com\\\/es\\\/?s={search_term_string}\"},\"query-input\":{\"@type\":\"PropertyValueSpecification\",\"valueRequired\":true,\"valueName\":\"search_term_string\"}}],\"inLanguage\":\"es\"}]}<\/script>\n<!-- \/ Yoast SEO Premium plugin. -->","yoast_head_json":{"title":"Historia - Verhoeven Family","robots":{"index":"index","follow":"follow","max-snippet":"max-snippet:-1","max-image-preview":"max-image-preview:large","max-video-preview":"max-video-preview:-1"},"canonical":"https:\/\/www.verhoevenfamily.com\/es\/historia\/","og_locale":"es_ES","og_type":"article","og_title":"Historia","og_description":"Historia Sjef Verhoeven fund\u00f3 la empresa hom\u00f3nima en 1968 con sede en Parallelweg 13, Oss (Pa\u00edses Bajos). Especializados en tecnolog\u00eda de manipulaci\u00f3n y transporte de materiales, vend\u00edamos nuestras soluciones de manipulaci\u00f3n y transporte hechas a medida a clientes locales de sectores del procesamiento de la...","og_url":"https:\/\/www.verhoevenfamily.com\/es\/historia\/","og_site_name":"Verhoeven Family","article_modified_time":"2026-03-01T13:34:26+00:00","og_image":[{"width":2000,"height":614,"url":"https:\/\/www.verhoevenfamily.com\/wp-content\/uploads\/2020\/03\/Timeline-Verhoeven2.jpg","type":"image\/jpeg"}],"twitter_card":"summary_large_image","twitter_misc":{"Tiempo de lectura":"3 minutos"},"schema":{"@context":"https:\/\/schema.org","@graph":[{"@type":"WebPage","@id":"https:\/\/www.verhoevenfamily.com\/es\/historia\/","url":"https:\/\/www.verhoevenfamily.com\/es\/historia\/","name":"Historia - Verhoeven Family","isPartOf":{"@id":"https:\/\/www.verhoevenfamily.com\/es\/#website"},"primaryImageOfPage":{"@id":"https:\/\/www.verhoevenfamily.com\/es\/historia\/#primaryimage"},"image":{"@id":"https:\/\/www.verhoevenfamily.com\/es\/historia\/#primaryimage"},"thumbnailUrl":"https:\/\/www.verhoevenfamily.com\/wp-content\/uploads\/2020\/03\/Timeline-Verhoeven2.jpg","datePublished":"2020-06-23T09:20:08+00:00","dateModified":"2026-03-01T13:34:26+00:00","breadcrumb":{"@id":"https:\/\/www.verhoevenfamily.com\/es\/historia\/#breadcrumb"},"inLanguage":"es","potentialAction":[{"@type":"ReadAction","target":["https:\/\/www.verhoevenfamily.com\/es\/historia\/"]}]},{"@type":"ImageObject","inLanguage":"es","@id":"https:\/\/www.verhoevenfamily.com\/es\/historia\/#primaryimage","url":"https:\/\/www.verhoevenfamily.com\/wp-content\/uploads\/2020\/03\/Timeline-Verhoeven2.jpg","contentUrl":"https:\/\/www.verhoevenfamily.com\/wp-content\/uploads\/2020\/03\/Timeline-Verhoeven2.jpg"},{"@type":"BreadcrumbList","@id":"https:\/\/www.verhoevenfamily.com\/es\/historia\/#breadcrumb","itemListElement":[{"@type":"ListItem","position":1,"name":"Home","item":"https:\/\/www.verhoevenfamily.com\/es\/"},{"@type":"ListItem","position":2,"name":"Historia"}]},{"@type":"WebSite","@id":"https:\/\/www.verhoevenfamily.com\/es\/#website","url":"https:\/\/www.verhoevenfamily.com\/es\/","name":"Verhoeven Family","description":"Verhoeven Family website","potentialAction":[{"@type":"SearchAction","target":{"@type":"EntryPoint","urlTemplate":"https:\/\/www.verhoevenfamily.com\/es\/?s={search_term_string}"},"query-input":{"@type":"PropertyValueSpecification","valueRequired":true,"valueName":"search_term_string"}}],"inLanguage":"es"}]}},"_links":{"self":[{"href":"https:\/\/www.verhoevenfamily.com\/es\/wp-json\/wp\/v2\/pages\/2858","targetHints":{"allow":["GET"]}}],"collection":[{"href":"https:\/\/www.verhoevenfamily.com\/es\/wp-json\/wp\/v2\/pages"}],"about":[{"href":"https:\/\/www.verhoevenfamily.com\/es\/wp-json\/wp\/v2\/types\/page"}],"author":[{"embeddable":true,"href":"https:\/\/www.verhoevenfamily.com\/es\/wp-json\/wp\/v2\/users\/4"}],"replies":[{"embeddable":true,"href":"https:\/\/www.verhoevenfamily.com\/es\/wp-json\/wp\/v2\/comments?post=2858"}],"version-history":[{"count":0,"href":"https:\/\/www.verhoevenfamily.com\/es\/wp-json\/wp\/v2\/pages\/2858\/revisions"}],"wp:attachment":[{"href":"https:\/\/www.verhoevenfamily.com\/es\/wp-json\/wp\/v2\/media?parent=2858"}],"curies":[{"name":"wp","href":"https:\/\/api.w.org\/{rel}","templated":true}]}}