{"id":2845,"date":"2020-06-23T09:17:12","date_gmt":"2020-06-23T09:17:12","guid":{"rendered":"https:\/\/www.verhoevenfamily.com\/?page_id=2845"},"modified":"2026-03-06T09:20:29","modified_gmt":"2026-03-06T08:20:29","slug":"manipulacion-de-alimentos","status":"publish","type":"page","link":"https:\/\/www.verhoevenfamily.com\/es\/manipulacion-de-alimentos\/","title":{"rendered":"Manipulaci\u00f3n de alimentos"},"content":{"rendered":"\t\t<div data-elementor-type=\"wp-page\" data-elementor-id=\"2845\" class=\"elementor elementor-2845 elementor-880\" data-elementor-post-type=\"page\">\n\t\t\t\t\t\t<section class=\"elementor-section elementor-top-section elementor-element elementor-element-bf0a61e elementor-section-boxed elementor-section-height-default elementor-section-height-default\" data-id=\"bf0a61e\" data-element_type=\"section\" data-e-type=\"section\">\n\t\t\t\t\t\t<div class=\"elementor-container elementor-column-gap-default\">\n\t\t\t\t\t<div class=\"elementor-column elementor-col-100 elementor-top-column elementor-element elementor-element-69345d2\" data-id=\"69345d2\" data-element_type=\"column\" data-e-type=\"column\">\n\t\t\t<div class=\"elementor-widget-wrap\">\n\t\t\t\t\t\t\t<\/div>\n\t\t<\/div>\n\t\t\t\t\t<\/div>\n\t\t<\/section>\n\t\t\t\t<section class=\"elementor-section elementor-top-section elementor-element elementor-element-dea1c7e elementor-section-boxed elementor-section-height-default elementor-section-height-default\" data-id=\"dea1c7e\" data-element_type=\"section\" data-e-type=\"section\">\n\t\t\t\t\t\t<div class=\"elementor-container elementor-column-gap-default\">\n\t\t\t\t\t<div class=\"elementor-column elementor-col-50 elementor-top-column elementor-element elementor-element-74c5f7d\" data-id=\"74c5f7d\" data-element_type=\"column\" data-e-type=\"column\">\n\t\t\t<div class=\"elementor-widget-wrap elementor-element-populated\">\n\t\t\t\t\t\t<div class=\"elementor-element elementor-element-054ff70 din elementor-widget elementor-widget-heading\" data-id=\"054ff70\" data-element_type=\"widget\" data-e-type=\"widget\" data-widget_type=\"heading.default\">\n\t\t\t\t<div class=\"elementor-widget-container\">\n\t\t\t\t\t<h2 class=\"elementor-heading-title elementor-size-default\">Manipulaci\u00f3n de alimentos<\/h2>\t\t\t\t<\/div>\n\t\t\t\t<\/div>\n\t\t\t\t<div class=\"elementor-element elementor-element-1c337a2 elementor-widget elementor-widget-text-editor\" data-id=\"1c337a2\" data-element_type=\"widget\" data-e-type=\"widget\" data-widget_type=\"text-editor.default\">\n\t\t\t\t<div class=\"elementor-widget-container\">\n\t\t\t\t\t\t\t\t\t<p>Nada es m\u00e1s sensible que la manipulaci\u00f3n y el transporte de los comestibles en el sector alimentario. Frescos o congelados, calientes o fr\u00edos, envasados o sin envasar; desde carne, pescado, hortalizas y frutas hasta productos horneados y de pasteler\u00eda. Desde el transporte hasta el envasado. La continuidad, la calidad y la eficiencia son decisivas en el proceso.<\/p><p>\u00a0<\/p><p>Prestamos mucha atenci\u00f3n a la higiene, al riesgo de contaminaci\u00f3n y al peso o las formas poco habituales en las soluciones que ofrecemos. Adem\u00e1s, tenemos en cuenta las diferencias de temperatura en su producci\u00f3n industrial. Sabemos exactamente lo que hace falta para garantizar una manipulaci\u00f3n y transporte de alimentos de forma segura y eficiente. Lo hemos demostrado en reiteradas ocasiones a lo largo de nuestras d\u00e9cadas de experiencia en estos procesos y el valor a\u00f1adido de nuestras soluciones. A menudo hechas de acero inoxidable y componentes autorizados por la FDA, nuestras soluciones cumplen los estrictos requisitos internacionales sobre higiene m\u00e1s recientes y est\u00e1n espec\u00edficamente dise\u00f1adas para ser f\u00e1ciles de limpiar y de mantener.<\/p><p>\u00a0<\/p><p>En Verhoeven Material Handling Family, nuestras soluciones de manipulaci\u00f3n y transporte est\u00e1n equipadas con los sistemas necesarios para garantizar la continuidad del funcionamiento de su proceso de producci\u00f3n, ya que las paradas resultan caras. P\u00f3ngase en <a href=\"https:\/\/www.verhoevenfamily.com\/es\/contacto\/\">contacto<\/a> con nosotros hoy mismo para comentarnos sus requisitos y deseos.<\/p>\t\t\t\t\t\t\t\t<\/div>\n\t\t\t\t<\/div>\n\t\t\t\t\t<\/div>\n\t\t<\/div>\n\t\t\t\t<div class=\"elementor-column elementor-col-50 elementor-top-column elementor-element elementor-element-8a12f58\" data-id=\"8a12f58\" data-element_type=\"column\" data-e-type=\"column\">\n\t\t\t<div class=\"elementor-widget-wrap\">\n\t\t\t\t\t\t\t<\/div>\n\t\t<\/div>\n\t\t\t\t\t<\/div>\n\t\t<\/section>\n\t\t\t\t<section class=\"elementor-section elementor-top-section elementor-element elementor-element-70415fc elementor-section-boxed elementor-section-height-default elementor-section-height-default\" data-id=\"70415fc\" data-element_type=\"section\" data-e-type=\"section\">\n\t\t\t\t\t\t<div class=\"elementor-container elementor-column-gap-default\">\n\t\t\t\t\t<div class=\"elementor-column elementor-col-100 elementor-top-column elementor-element elementor-element-64b0e81\" data-id=\"64b0e81\" data-element_type=\"column\" data-e-type=\"column\">\n\t\t\t<div class=\"elementor-widget-wrap elementor-element-populated\">\n\t\t\t\t\t\t<div class=\"elementor-element elementor-element-88146f3 elementor-widget elementor-widget-spacer\" data-id=\"88146f3\" data-element_type=\"widget\" data-e-type=\"widget\" data-widget_type=\"spacer.default\">\n\t\t\t\t<div class=\"elementor-widget-container\">\n\t\t\t\t\t\t\t<div class=\"elementor-spacer\">\n\t\t\t<div class=\"elementor-spacer-inner\"><\/div>\n\t\t<\/div>\n\t\t\t\t\t\t<\/div>\n\t\t\t\t<\/div>\n\t\t\t\t\t<\/div>\n\t\t<\/div>\n\t\t\t\t\t<\/div>\n\t\t<\/section>\n\t\t\t\t<\/div>\n\t\t","protected":false},"excerpt":{"rendered":"<p>Manipulaci\u00f3n de alimentos Nada es m\u00e1s sensible que la manipulaci\u00f3n y el transporte de los comestibles en el sector alimentario. Frescos o congelados, calientes o fr\u00edos, envasados o sin envasar; desde carne, pescado, hortalizas y frutas hasta productos horneados y de pasteler\u00eda. Desde el transporte&#8230;<\/p>\n","protected":false},"author":4,"featured_media":0,"parent":0,"menu_order":0,"comment_status":"closed","ping_status":"closed","template":"","meta":{"footnotes":""},"class_list":["post-2845","page","type-page","status-publish","hentry"],"yoast_head":"<!-- This site is optimized with the Yoast SEO Premium plugin v27.4 (Yoast SEO v27.4) - https:\/\/yoast.com\/product\/yoast-seo-premium-wordpress\/ -->\n<title>Manipulaci\u00f3n de alimentos - Verhoeven Family<\/title>\n<meta name=\"robots\" content=\"index, follow, max-snippet:-1, max-image-preview:large, max-video-preview:-1\" \/>\n<link rel=\"canonical\" href=\"https:\/\/www.verhoevenfamily.com\/es\/manipulacion-de-alimentos\/\" \/>\n<meta property=\"og:locale\" content=\"es_ES\" \/>\n<meta property=\"og:type\" content=\"article\" \/>\n<meta property=\"og:title\" content=\"Manipulaci\u00f3n de alimentos\" \/>\n<meta property=\"og:description\" content=\"Manipulaci\u00f3n de alimentos Nada es m\u00e1s sensible que la manipulaci\u00f3n y el transporte de los comestibles en el sector alimentario. Frescos o congelados, calientes o fr\u00edos, envasados o sin envasar; desde carne, pescado, hortalizas y frutas hasta productos horneados y de pasteler\u00eda. Desde el transporte...\" \/>\n<meta property=\"og:url\" content=\"https:\/\/www.verhoevenfamily.com\/es\/manipulacion-de-alimentos\/\" \/>\n<meta property=\"og:site_name\" content=\"Verhoeven Family\" \/>\n<meta property=\"article:modified_time\" content=\"2026-03-06T08:20:29+00:00\" \/>\n<meta name=\"twitter:card\" content=\"summary_large_image\" \/>\n<meta name=\"twitter:label1\" content=\"Tiempo de lectura\" \/>\n\t<meta name=\"twitter:data1\" content=\"2 minutos\" \/>\n<script type=\"application\/ld+json\" class=\"yoast-schema-graph\">{\"@context\":\"https:\\\/\\\/schema.org\",\"@graph\":[{\"@type\":\"WebPage\",\"@id\":\"https:\\\/\\\/www.verhoevenfamily.com\\\/es\\\/manipulacion-de-alimentos\\\/\",\"url\":\"https:\\\/\\\/www.verhoevenfamily.com\\\/es\\\/manipulacion-de-alimentos\\\/\",\"name\":\"Manipulaci\u00f3n de alimentos - Verhoeven Family\",\"isPartOf\":{\"@id\":\"https:\\\/\\\/www.verhoevenfamily.com\\\/es\\\/#website\"},\"datePublished\":\"2020-06-23T09:17:12+00:00\",\"dateModified\":\"2026-03-06T08:20:29+00:00\",\"breadcrumb\":{\"@id\":\"https:\\\/\\\/www.verhoevenfamily.com\\\/es\\\/manipulacion-de-alimentos\\\/#breadcrumb\"},\"inLanguage\":\"es\",\"potentialAction\":[{\"@type\":\"ReadAction\",\"target\":[\"https:\\\/\\\/www.verhoevenfamily.com\\\/es\\\/manipulacion-de-alimentos\\\/\"]}]},{\"@type\":\"BreadcrumbList\",\"@id\":\"https:\\\/\\\/www.verhoevenfamily.com\\\/es\\\/manipulacion-de-alimentos\\\/#breadcrumb\",\"itemListElement\":[{\"@type\":\"ListItem\",\"position\":1,\"name\":\"Home\",\"item\":\"https:\\\/\\\/www.verhoevenfamily.com\\\/es\\\/\"},{\"@type\":\"ListItem\",\"position\":2,\"name\":\"Manipulaci\u00f3n de alimentos\"}]},{\"@type\":\"WebSite\",\"@id\":\"https:\\\/\\\/www.verhoevenfamily.com\\\/es\\\/#website\",\"url\":\"https:\\\/\\\/www.verhoevenfamily.com\\\/es\\\/\",\"name\":\"Verhoeven Family\",\"description\":\"Verhoeven Family website\",\"potentialAction\":[{\"@type\":\"SearchAction\",\"target\":{\"@type\":\"EntryPoint\",\"urlTemplate\":\"https:\\\/\\\/www.verhoevenfamily.com\\\/es\\\/?s={search_term_string}\"},\"query-input\":{\"@type\":\"PropertyValueSpecification\",\"valueRequired\":true,\"valueName\":\"search_term_string\"}}],\"inLanguage\":\"es\"}]}<\/script>\n<!-- \/ Yoast SEO Premium plugin. -->","yoast_head_json":{"title":"Manipulaci\u00f3n de alimentos - Verhoeven Family","robots":{"index":"index","follow":"follow","max-snippet":"max-snippet:-1","max-image-preview":"max-image-preview:large","max-video-preview":"max-video-preview:-1"},"canonical":"https:\/\/www.verhoevenfamily.com\/es\/manipulacion-de-alimentos\/","og_locale":"es_ES","og_type":"article","og_title":"Manipulaci\u00f3n de alimentos","og_description":"Manipulaci\u00f3n de alimentos Nada es m\u00e1s sensible que la manipulaci\u00f3n y el transporte de los comestibles en el sector alimentario. Frescos o congelados, calientes o fr\u00edos, envasados o sin envasar; desde carne, pescado, hortalizas y frutas hasta productos horneados y de pasteler\u00eda. Desde el transporte...","og_url":"https:\/\/www.verhoevenfamily.com\/es\/manipulacion-de-alimentos\/","og_site_name":"Verhoeven Family","article_modified_time":"2026-03-06T08:20:29+00:00","twitter_card":"summary_large_image","twitter_misc":{"Tiempo de lectura":"2 minutos"},"schema":{"@context":"https:\/\/schema.org","@graph":[{"@type":"WebPage","@id":"https:\/\/www.verhoevenfamily.com\/es\/manipulacion-de-alimentos\/","url":"https:\/\/www.verhoevenfamily.com\/es\/manipulacion-de-alimentos\/","name":"Manipulaci\u00f3n de alimentos - Verhoeven Family","isPartOf":{"@id":"https:\/\/www.verhoevenfamily.com\/es\/#website"},"datePublished":"2020-06-23T09:17:12+00:00","dateModified":"2026-03-06T08:20:29+00:00","breadcrumb":{"@id":"https:\/\/www.verhoevenfamily.com\/es\/manipulacion-de-alimentos\/#breadcrumb"},"inLanguage":"es","potentialAction":[{"@type":"ReadAction","target":["https:\/\/www.verhoevenfamily.com\/es\/manipulacion-de-alimentos\/"]}]},{"@type":"BreadcrumbList","@id":"https:\/\/www.verhoevenfamily.com\/es\/manipulacion-de-alimentos\/#breadcrumb","itemListElement":[{"@type":"ListItem","position":1,"name":"Home","item":"https:\/\/www.verhoevenfamily.com\/es\/"},{"@type":"ListItem","position":2,"name":"Manipulaci\u00f3n de alimentos"}]},{"@type":"WebSite","@id":"https:\/\/www.verhoevenfamily.com\/es\/#website","url":"https:\/\/www.verhoevenfamily.com\/es\/","name":"Verhoeven Family","description":"Verhoeven Family website","potentialAction":[{"@type":"SearchAction","target":{"@type":"EntryPoint","urlTemplate":"https:\/\/www.verhoevenfamily.com\/es\/?s={search_term_string}"},"query-input":{"@type":"PropertyValueSpecification","valueRequired":true,"valueName":"search_term_string"}}],"inLanguage":"es"}]}},"_links":{"self":[{"href":"https:\/\/www.verhoevenfamily.com\/es\/wp-json\/wp\/v2\/pages\/2845","targetHints":{"allow":["GET"]}}],"collection":[{"href":"https:\/\/www.verhoevenfamily.com\/es\/wp-json\/wp\/v2\/pages"}],"about":[{"href":"https:\/\/www.verhoevenfamily.com\/es\/wp-json\/wp\/v2\/types\/page"}],"author":[{"embeddable":true,"href":"https:\/\/www.verhoevenfamily.com\/es\/wp-json\/wp\/v2\/users\/4"}],"replies":[{"embeddable":true,"href":"https:\/\/www.verhoevenfamily.com\/es\/wp-json\/wp\/v2\/comments?post=2845"}],"version-history":[{"count":0,"href":"https:\/\/www.verhoevenfamily.com\/es\/wp-json\/wp\/v2\/pages\/2845\/revisions"}],"wp:attachment":[{"href":"https:\/\/www.verhoevenfamily.com\/es\/wp-json\/wp\/v2\/media?parent=2845"}],"curies":[{"name":"wp","href":"https:\/\/api.w.org\/{rel}","templated":true}]}}