{"id":2833,"date":"2020-06-23T09:11:39","date_gmt":"2020-06-23T09:11:39","guid":{"rendered":"https:\/\/www.verhoevenfamily.com\/?page_id=2833"},"modified":"2026-03-06T09:13:54","modified_gmt":"2026-03-06T08:13:54","slug":"manipulacion-de-contenedores","status":"publish","type":"page","link":"https:\/\/www.verhoevenfamily.com\/es\/manipulacion-de-contenedores\/","title":{"rendered":"Manipulaci\u00f3n de contenedores"},"content":{"rendered":"\t\t<div data-elementor-type=\"wp-page\" data-elementor-id=\"2833\" class=\"elementor elementor-2833 elementor-878\" data-elementor-post-type=\"page\">\n\t\t\t\t\t\t<section class=\"elementor-section elementor-top-section elementor-element elementor-element-bf0a61e elementor-section-boxed elementor-section-height-default elementor-section-height-default\" data-id=\"bf0a61e\" data-element_type=\"section\" data-e-type=\"section\">\n\t\t\t\t\t\t<div class=\"elementor-container elementor-column-gap-default\">\n\t\t\t\t\t<div class=\"elementor-column elementor-col-100 elementor-top-column elementor-element elementor-element-69345d2\" data-id=\"69345d2\" data-element_type=\"column\" data-e-type=\"column\">\n\t\t\t<div class=\"elementor-widget-wrap\">\n\t\t\t\t\t\t\t<\/div>\n\t\t<\/div>\n\t\t\t\t\t<\/div>\n\t\t<\/section>\n\t\t\t\t<section class=\"elementor-section elementor-top-section elementor-element elementor-element-dea1c7e elementor-section-boxed elementor-section-height-default elementor-section-height-default\" data-id=\"dea1c7e\" data-element_type=\"section\" data-e-type=\"section\">\n\t\t\t\t\t\t<div class=\"elementor-container elementor-column-gap-default\">\n\t\t\t\t\t<div class=\"elementor-column elementor-col-50 elementor-top-column elementor-element elementor-element-74c5f7d\" data-id=\"74c5f7d\" data-element_type=\"column\" data-e-type=\"column\">\n\t\t\t<div class=\"elementor-widget-wrap elementor-element-populated\">\n\t\t\t\t\t\t<div class=\"elementor-element elementor-element-054ff70 din elementor-widget elementor-widget-heading\" data-id=\"054ff70\" data-element_type=\"widget\" data-e-type=\"widget\" data-widget_type=\"heading.default\">\n\t\t\t\t<div class=\"elementor-widget-container\">\n\t\t\t\t\t<h2 class=\"elementor-heading-title elementor-size-default\">Manipulaci\u00f3n de contenedores<\/h2>\t\t\t\t<\/div>\n\t\t\t\t<\/div>\n\t\t\t\t<div class=\"elementor-element elementor-element-b88f3fe elementor-widget elementor-widget-text-editor\" data-id=\"b88f3fe\" data-element_type=\"widget\" data-e-type=\"widget\" data-widget_type=\"text-editor.default\">\n\t\t\t\t<div class=\"elementor-widget-container\">\n\t\t\t\t\t\t\t\t\t<p>La manipulaci\u00f3n de contenedores es un trabajo especializado. Este trabajo abarca la manipulaci\u00f3n y transporte de todos los recipientes vac\u00edos o llenos de producto como latas, envases con tapa, tarros y botes de vidrio o PET, cajones, cajas, bidones y muchos otros. Pero tambi\u00e9n procesos como la limpieza, esterilizaci\u00f3n, amortiguaci\u00f3n y recubrimiento sencillo.<\/p><p>\u00a0<\/p><p>Verhoeven es especialista en la manipulaci\u00f3n y el transporte de contenedores tanto est\u00e1ndares como no est\u00e1ndares. Por ejemplo, cuando hay que trabajar con tama\u00f1os poco habituales o a distintas velocidades. \u00bfTiene alg\u00fan deseo o requisito espec\u00edfico sobre las dimensiones y el peso de los materiales? \u00a1Podemos ocuparnos!<\/p><p>\u00a0<\/p><p>A menudo, los sistemas de manipulaci\u00f3n y transporte conectan varios procesos que se llevan a cabo en distintas m\u00e1quinas de producci\u00f3n. Esto exige especial cuidado. En Verhoeven Material Handling Family, le ayudamos en todo su proceso de producci\u00f3n. P\u00f3ngase en <a href=\"https:\/\/www.verhoevenfamily.com\/es\/contacto\/\">contacto<\/a> hoy mismo para comentar sus requisitos y deseos y de qu\u00e9 manera podemos ayudarle.<\/p>\t\t\t\t\t\t\t\t<\/div>\n\t\t\t\t<\/div>\n\t\t\t\t\t<\/div>\n\t\t<\/div>\n\t\t\t\t<div class=\"elementor-column elementor-col-50 elementor-top-column elementor-element elementor-element-5a66869\" data-id=\"5a66869\" data-element_type=\"column\" data-e-type=\"column\">\n\t\t\t<div class=\"elementor-widget-wrap\">\n\t\t\t\t\t\t\t<\/div>\n\t\t<\/div>\n\t\t\t\t\t<\/div>\n\t\t<\/section>\n\t\t\t\t<section class=\"elementor-section elementor-top-section elementor-element elementor-element-805637c elementor-section-boxed elementor-section-height-default elementor-section-height-default\" data-id=\"805637c\" data-element_type=\"section\" data-e-type=\"section\">\n\t\t\t\t\t\t<div class=\"elementor-container elementor-column-gap-default\">\n\t\t\t\t\t<div class=\"elementor-column elementor-col-100 elementor-top-column elementor-element elementor-element-8b30e5b\" data-id=\"8b30e5b\" data-element_type=\"column\" data-e-type=\"column\">\n\t\t\t<div class=\"elementor-widget-wrap elementor-element-populated\">\n\t\t\t\t\t\t<div class=\"elementor-element elementor-element-f84478b elementor-widget elementor-widget-spacer\" data-id=\"f84478b\" data-element_type=\"widget\" data-e-type=\"widget\" data-widget_type=\"spacer.default\">\n\t\t\t\t<div class=\"elementor-widget-container\">\n\t\t\t\t\t\t\t<div class=\"elementor-spacer\">\n\t\t\t<div class=\"elementor-spacer-inner\"><\/div>\n\t\t<\/div>\n\t\t\t\t\t\t<\/div>\n\t\t\t\t<\/div>\n\t\t\t\t\t<\/div>\n\t\t<\/div>\n\t\t\t\t\t<\/div>\n\t\t<\/section>\n\t\t\t\t<\/div>\n\t\t","protected":false},"excerpt":{"rendered":"<p>Manipulaci\u00f3n de contenedores La manipulaci\u00f3n de contenedores es un trabajo especializado. Este trabajo abarca la manipulaci\u00f3n y transporte de todos los recipientes vac\u00edos o llenos de producto como latas, envases con tapa, tarros y botes de vidrio o PET, cajones, cajas, bidones y muchos otros&#8230;.<\/p>\n","protected":false},"author":4,"featured_media":0,"parent":0,"menu_order":0,"comment_status":"closed","ping_status":"closed","template":"","meta":{"footnotes":""},"class_list":["post-2833","page","type-page","status-publish","hentry"],"yoast_head":"<!-- This site is optimized with the Yoast SEO Premium plugin v27.4 (Yoast SEO v27.4) - https:\/\/yoast.com\/product\/yoast-seo-premium-wordpress\/ -->\n<title>Manipulaci\u00f3n de contenedores - Verhoeven Family<\/title>\n<meta name=\"robots\" content=\"index, follow, max-snippet:-1, max-image-preview:large, max-video-preview:-1\" \/>\n<link rel=\"canonical\" href=\"https:\/\/www.verhoevenfamily.com\/es\/manipulacion-de-contenedores\/\" \/>\n<meta property=\"og:locale\" content=\"es_ES\" \/>\n<meta property=\"og:type\" content=\"article\" \/>\n<meta property=\"og:title\" content=\"Manipulaci\u00f3n de contenedores\" \/>\n<meta property=\"og:description\" content=\"Manipulaci\u00f3n de contenedores La manipulaci\u00f3n de contenedores es un trabajo especializado. Este trabajo abarca la manipulaci\u00f3n y transporte de todos los recipientes vac\u00edos o llenos de producto como latas, envases con tapa, tarros y botes de vidrio o PET, cajones, cajas, bidones y muchos otros....\" \/>\n<meta property=\"og:url\" content=\"https:\/\/www.verhoevenfamily.com\/es\/manipulacion-de-contenedores\/\" \/>\n<meta property=\"og:site_name\" content=\"Verhoeven Family\" \/>\n<meta property=\"article:modified_time\" content=\"2026-03-06T08:13:54+00:00\" \/>\n<meta name=\"twitter:card\" content=\"summary_large_image\" \/>\n<meta name=\"twitter:label1\" content=\"Tiempo de lectura\" \/>\n\t<meta name=\"twitter:data1\" content=\"1 minuto\" \/>\n<script type=\"application\/ld+json\" class=\"yoast-schema-graph\">{\"@context\":\"https:\\\/\\\/schema.org\",\"@graph\":[{\"@type\":\"WebPage\",\"@id\":\"https:\\\/\\\/www.verhoevenfamily.com\\\/es\\\/manipulacion-de-contenedores\\\/\",\"url\":\"https:\\\/\\\/www.verhoevenfamily.com\\\/es\\\/manipulacion-de-contenedores\\\/\",\"name\":\"Manipulaci\u00f3n de contenedores - Verhoeven Family\",\"isPartOf\":{\"@id\":\"https:\\\/\\\/www.verhoevenfamily.com\\\/es\\\/#website\"},\"datePublished\":\"2020-06-23T09:11:39+00:00\",\"dateModified\":\"2026-03-06T08:13:54+00:00\",\"breadcrumb\":{\"@id\":\"https:\\\/\\\/www.verhoevenfamily.com\\\/es\\\/manipulacion-de-contenedores\\\/#breadcrumb\"},\"inLanguage\":\"es\",\"potentialAction\":[{\"@type\":\"ReadAction\",\"target\":[\"https:\\\/\\\/www.verhoevenfamily.com\\\/es\\\/manipulacion-de-contenedores\\\/\"]}]},{\"@type\":\"BreadcrumbList\",\"@id\":\"https:\\\/\\\/www.verhoevenfamily.com\\\/es\\\/manipulacion-de-contenedores\\\/#breadcrumb\",\"itemListElement\":[{\"@type\":\"ListItem\",\"position\":1,\"name\":\"Home\",\"item\":\"https:\\\/\\\/www.verhoevenfamily.com\\\/es\\\/\"},{\"@type\":\"ListItem\",\"position\":2,\"name\":\"Manipulaci\u00f3n de contenedores\"}]},{\"@type\":\"WebSite\",\"@id\":\"https:\\\/\\\/www.verhoevenfamily.com\\\/es\\\/#website\",\"url\":\"https:\\\/\\\/www.verhoevenfamily.com\\\/es\\\/\",\"name\":\"Verhoeven Family\",\"description\":\"Verhoeven Family website\",\"potentialAction\":[{\"@type\":\"SearchAction\",\"target\":{\"@type\":\"EntryPoint\",\"urlTemplate\":\"https:\\\/\\\/www.verhoevenfamily.com\\\/es\\\/?s={search_term_string}\"},\"query-input\":{\"@type\":\"PropertyValueSpecification\",\"valueRequired\":true,\"valueName\":\"search_term_string\"}}],\"inLanguage\":\"es\"}]}<\/script>\n<!-- \/ Yoast SEO Premium plugin. -->","yoast_head_json":{"title":"Manipulaci\u00f3n de contenedores - Verhoeven Family","robots":{"index":"index","follow":"follow","max-snippet":"max-snippet:-1","max-image-preview":"max-image-preview:large","max-video-preview":"max-video-preview:-1"},"canonical":"https:\/\/www.verhoevenfamily.com\/es\/manipulacion-de-contenedores\/","og_locale":"es_ES","og_type":"article","og_title":"Manipulaci\u00f3n de contenedores","og_description":"Manipulaci\u00f3n de contenedores La manipulaci\u00f3n de contenedores es un trabajo especializado. Este trabajo abarca la manipulaci\u00f3n y transporte de todos los recipientes vac\u00edos o llenos de producto como latas, envases con tapa, tarros y botes de vidrio o PET, cajones, cajas, bidones y muchos otros....","og_url":"https:\/\/www.verhoevenfamily.com\/es\/manipulacion-de-contenedores\/","og_site_name":"Verhoeven Family","article_modified_time":"2026-03-06T08:13:54+00:00","twitter_card":"summary_large_image","twitter_misc":{"Tiempo de lectura":"1 minuto"},"schema":{"@context":"https:\/\/schema.org","@graph":[{"@type":"WebPage","@id":"https:\/\/www.verhoevenfamily.com\/es\/manipulacion-de-contenedores\/","url":"https:\/\/www.verhoevenfamily.com\/es\/manipulacion-de-contenedores\/","name":"Manipulaci\u00f3n de contenedores - Verhoeven Family","isPartOf":{"@id":"https:\/\/www.verhoevenfamily.com\/es\/#website"},"datePublished":"2020-06-23T09:11:39+00:00","dateModified":"2026-03-06T08:13:54+00:00","breadcrumb":{"@id":"https:\/\/www.verhoevenfamily.com\/es\/manipulacion-de-contenedores\/#breadcrumb"},"inLanguage":"es","potentialAction":[{"@type":"ReadAction","target":["https:\/\/www.verhoevenfamily.com\/es\/manipulacion-de-contenedores\/"]}]},{"@type":"BreadcrumbList","@id":"https:\/\/www.verhoevenfamily.com\/es\/manipulacion-de-contenedores\/#breadcrumb","itemListElement":[{"@type":"ListItem","position":1,"name":"Home","item":"https:\/\/www.verhoevenfamily.com\/es\/"},{"@type":"ListItem","position":2,"name":"Manipulaci\u00f3n de contenedores"}]},{"@type":"WebSite","@id":"https:\/\/www.verhoevenfamily.com\/es\/#website","url":"https:\/\/www.verhoevenfamily.com\/es\/","name":"Verhoeven Family","description":"Verhoeven Family website","potentialAction":[{"@type":"SearchAction","target":{"@type":"EntryPoint","urlTemplate":"https:\/\/www.verhoevenfamily.com\/es\/?s={search_term_string}"},"query-input":{"@type":"PropertyValueSpecification","valueRequired":true,"valueName":"search_term_string"}}],"inLanguage":"es"}]}},"_links":{"self":[{"href":"https:\/\/www.verhoevenfamily.com\/es\/wp-json\/wp\/v2\/pages\/2833","targetHints":{"allow":["GET"]}}],"collection":[{"href":"https:\/\/www.verhoevenfamily.com\/es\/wp-json\/wp\/v2\/pages"}],"about":[{"href":"https:\/\/www.verhoevenfamily.com\/es\/wp-json\/wp\/v2\/types\/page"}],"author":[{"embeddable":true,"href":"https:\/\/www.verhoevenfamily.com\/es\/wp-json\/wp\/v2\/users\/4"}],"replies":[{"embeddable":true,"href":"https:\/\/www.verhoevenfamily.com\/es\/wp-json\/wp\/v2\/comments?post=2833"}],"version-history":[{"count":0,"href":"https:\/\/www.verhoevenfamily.com\/es\/wp-json\/wp\/v2\/pages\/2833\/revisions"}],"wp:attachment":[{"href":"https:\/\/www.verhoevenfamily.com\/es\/wp-json\/wp\/v2\/media?parent=2833"}],"curies":[{"name":"wp","href":"https:\/\/api.w.org\/{rel}","templated":true}]}}