{"id":2808,"date":"2020-06-23T08:16:59","date_gmt":"2020-06-23T08:16:59","guid":{"rendered":"https:\/\/www.verhoevenfamily.com\/?page_id=2808"},"modified":"2023-11-23T11:09:32","modified_gmt":"2023-11-23T09:09:32","slug":"quienes-somos-vf","status":"publish","type":"page","link":"https:\/\/www.verhoevenfamily.com\/es\/quienes-somos-vf\/","title":{"rendered":"Qui\u00e9nes somos vf"},"content":{"rendered":"\t\t<div data-elementor-type=\"wp-page\" data-elementor-id=\"2808\" class=\"elementor elementor-2808 elementor-467\" data-elementor-post-type=\"page\">\n\t\t\t\t\t\t<section class=\"elementor-section elementor-top-section elementor-element elementor-element-dc9d900 elementor-section-boxed elementor-section-height-default elementor-section-height-default\" data-id=\"dc9d900\" data-element_type=\"section\" data-e-type=\"section\">\n\t\t\t\t\t\t<div class=\"elementor-container elementor-column-gap-default\">\n\t\t\t\t\t<div class=\"elementor-column elementor-col-100 elementor-top-column elementor-element elementor-element-54a8281\" data-id=\"54a8281\" data-element_type=\"column\" data-e-type=\"column\">\n\t\t\t<div class=\"elementor-widget-wrap elementor-element-populated\">\n\t\t\t\t\t\t<div class=\"elementor-element elementor-element-5e99f8e elementor-widget elementor-widget-image\" data-id=\"5e99f8e\" data-element_type=\"widget\" data-e-type=\"widget\" data-widget_type=\"image.default\">\n\t\t\t\t<div class=\"elementor-widget-container\">\n\t\t\t\t\t\t\t\t\t\t\t\t\t\t\t<img fetchpriority=\"high\" decoding=\"async\" width=\"2400\" height=\"1070\" src=\"https:\/\/www.verhoevenfamily.com\/wp-content\/uploads\/2020\/05\/pandnew-belettering-b.jpg\" class=\"attachment-full size-full wp-image-1954\" alt=\"New build office building of Verhoeven Family of Companies\" srcset=\"https:\/\/www.verhoevenfamily.com\/wp-content\/uploads\/2020\/05\/pandnew-belettering-b.jpg 2400w, https:\/\/www.verhoevenfamily.com\/wp-content\/uploads\/2020\/05\/pandnew-belettering-b-300x134.jpg 300w, https:\/\/www.verhoevenfamily.com\/wp-content\/uploads\/2020\/05\/pandnew-belettering-b-1024x457.jpg 1024w, https:\/\/www.verhoevenfamily.com\/wp-content\/uploads\/2020\/05\/pandnew-belettering-b-768x342.jpg 768w, https:\/\/www.verhoevenfamily.com\/wp-content\/uploads\/2020\/05\/pandnew-belettering-b-1536x685.jpg 1536w, https:\/\/www.verhoevenfamily.com\/wp-content\/uploads\/2020\/05\/pandnew-belettering-b-2048x913.jpg 2048w, https:\/\/www.verhoevenfamily.com\/wp-content\/uploads\/2020\/05\/pandnew-belettering-b-700x312.jpg 700w\" sizes=\"(max-width: 2400px) 100vw, 2400px\" \/>\t\t\t\t\t\t\t\t\t\t\t\t\t\t\t<\/div>\n\t\t\t\t<\/div>\n\t\t\t\t\t<\/div>\n\t\t<\/div>\n\t\t\t\t\t<\/div>\n\t\t<\/section>\n\t\t\t\t<section class=\"elementor-section elementor-top-section elementor-element elementor-element-1207731 elementor-section-boxed elementor-section-height-default elementor-section-height-default\" data-id=\"1207731\" data-element_type=\"section\" data-e-type=\"section\">\n\t\t\t\t\t\t<div class=\"elementor-container elementor-column-gap-default\">\n\t\t\t\t\t<div class=\"elementor-column elementor-col-100 elementor-top-column elementor-element elementor-element-3fe3146\" data-id=\"3fe3146\" data-element_type=\"column\" data-e-type=\"column\">\n\t\t\t<div class=\"elementor-widget-wrap elementor-element-populated\">\n\t\t\t\t\t\t<div class=\"elementor-element elementor-element-25e697a din elementor-widget elementor-widget-heading\" data-id=\"25e697a\" data-element_type=\"widget\" data-e-type=\"widget\" data-widget_type=\"heading.default\">\n\t\t\t\t<div class=\"elementor-widget-container\">\n\t\t\t\t\t<h2 class=\"elementor-heading-title elementor-size-default\">Verhoeven Family<\/h2>\t\t\t\t<\/div>\n\t\t\t\t<\/div>\n\t\t\t\t\t<\/div>\n\t\t<\/div>\n\t\t\t\t\t<\/div>\n\t\t<\/section>\n\t\t\t\t<section class=\"elementor-section elementor-top-section elementor-element elementor-element-072f2dd elementor-section-boxed elementor-section-height-default elementor-section-height-default\" data-id=\"072f2dd\" data-element_type=\"section\" data-e-type=\"section\">\n\t\t\t\t\t\t<div class=\"elementor-container elementor-column-gap-default\">\n\t\t\t\t\t<div class=\"elementor-column elementor-col-50 elementor-top-column elementor-element elementor-element-245975b\" data-id=\"245975b\" data-element_type=\"column\" data-e-type=\"column\">\n\t\t\t<div class=\"elementor-widget-wrap elementor-element-populated\">\n\t\t\t\t\t\t<div class=\"elementor-element elementor-element-67c7b07 elementor-widget elementor-widget-text-editor\" data-id=\"67c7b07\" data-element_type=\"widget\" data-e-type=\"widget\" data-widget_type=\"text-editor.default\">\n\t\t\t\t<div class=\"elementor-widget-container\">\n\t\t\t\t\t\t\t\t\t<p>Verhoeven Material Handling Family desarrolla, fabrica y suministra sistemas para el transporte, almacenamiento y manipulaci\u00f3n internos del material y equipos hechos a medida. Verhoeven Family of Companies es la sociedad matriz de dos innovadoras empresas familiares: Verhoeven Material Handling Family y Verhoeven Bakery Equipment Family.<\/p><p>\u00a0<\/p><p><a href=\"https:\/\/www.verhoevenfamily.com\/es\/quienes-somos-mhf\/\">Verhoeven Material Handling Family<\/a> cuenta con d\u00e9cadas de experiencia en el desarrollo, dise\u00f1o y producci\u00f3n de sistemas internos de manipulaci\u00f3n y transporte. Hemos instalado nuestras soluciones en todo el mundo en una amplia variedad de sectores, aplic\u00e1ndolas a entornos de producci\u00f3n nuevos y existentes. Nuestro equipo de expertos le ofrece las soluciones m\u00e1s eficientes para el transporte de sus productos. Todo el proceso de desarrollo y producci\u00f3n se lleva a cabo bajo el mismo techo para garantizarle la m\u00e1xima flexibilidad, eficiencia y calidad. Podemos adaptar nuestro servicio a sus requisitos y ofrecerle soluciones est\u00e1ndares o personalizadas, l\u00edneas de producci\u00f3n completas o modificaciones de su sistema actual, independientemente de que cuente con poco espacio de producci\u00f3n.<\/p><p>\u00a0<\/p><p><a href=\"https:\/\/www.verhoevenfamily.com\/es\/quienes-somos-bef\/\">Verhoeven Bakery Equipment Family<\/a> entrega proyectos llave en mano aplicando los conocimientos t\u00e9cnicos de sus cuatro filiales: <a href=\"https:\/\/www.bvtbs.com\/\" target=\"_blank\" rel=\"noopener\">BVT Dough Process Solutions<\/a>, dedicada a la producci\u00f3n de l\u00edneas de formaci\u00f3n y laminado de masa, <a href=\"https:\/\/www.newcapbs.com\/\" target=\"_blank\" rel=\"noopener\">NewCap Industrial Handling Solutions<\/a>, que suministra sistemas de manipulaci\u00f3n avanzados, <a href=\"https:\/\/vacuumcooling.com\/\" target=\"_blank\" rel=\"noopener\">Vacuum Cooling &amp; Baking Solutions<\/a>, que desarroll\u00f3 un m\u00e9todo que permite la aplicaci\u00f3n de la t\u00e9cnica de enfriamiento por vac\u00edo a la masa a gran escala y <a href=\"https:\/\/www.bakepackeols.com\/\" target=\"_blank\" rel=\"noopener\">Bakepack End of Line Solutions<\/a>, donde se desarrolla, produce e instala soluciones de fin de l\u00ednea.<\/p>\t\t\t\t\t\t\t\t<\/div>\n\t\t\t\t<\/div>\n\t\t\t\t\t<\/div>\n\t\t<\/div>\n\t\t\t\t<div class=\"elementor-column elementor-col-50 elementor-top-column elementor-element elementor-element-1a28747\" data-id=\"1a28747\" data-element_type=\"column\" data-e-type=\"column\">\n\t\t\t<div class=\"elementor-widget-wrap elementor-element-populated\">\n\t\t\t\t\t\t<section class=\"elementor-section elementor-inner-section elementor-element elementor-element-4dad79c elementor-section-boxed elementor-section-height-default elementor-section-height-default\" data-id=\"4dad79c\" data-element_type=\"section\" data-e-type=\"section\">\n\t\t\t\t\t\t<div class=\"elementor-container elementor-column-gap-default\">\n\t\t\t\t\t<div class=\"elementor-column elementor-col-100 elementor-inner-column elementor-element elementor-element-fe54703\" data-id=\"fe54703\" data-element_type=\"column\" data-e-type=\"column\">\n\t\t\t<div class=\"elementor-widget-wrap elementor-element-populated\">\n\t\t\t\t\t\t<div class=\"elementor-element elementor-element-58d9ab9 elementor-widget elementor-widget-spacer\" data-id=\"58d9ab9\" data-element_type=\"widget\" data-e-type=\"widget\" data-widget_type=\"spacer.default\">\n\t\t\t\t<div class=\"elementor-widget-container\">\n\t\t\t\t\t\t\t<div class=\"elementor-spacer\">\n\t\t\t<div class=\"elementor-spacer-inner\"><\/div>\n\t\t<\/div>\n\t\t\t\t\t\t<\/div>\n\t\t\t\t<\/div>\n\t\t\t\t\t<\/div>\n\t\t<\/div>\n\t\t\t\t\t<\/div>\n\t\t<\/section>\n\t\t\t\t<section class=\"elementor-section elementor-inner-section elementor-element elementor-element-5dd8097 elementor-section-boxed elementor-section-height-default elementor-section-height-default\" data-id=\"5dd8097\" data-element_type=\"section\" data-e-type=\"section\">\n\t\t\t\t\t\t<div class=\"elementor-container elementor-column-gap-default\">\n\t\t\t\t\t<div class=\"elementor-column elementor-col-100 elementor-inner-column elementor-element elementor-element-98f8784\" data-id=\"98f8784\" data-element_type=\"column\" data-e-type=\"column\">\n\t\t\t<div class=\"elementor-widget-wrap elementor-element-populated\">\n\t\t\t\t\t\t<div class=\"elementor-element elementor-element-d4fb422 elementor-widget elementor-widget-spacer\" data-id=\"d4fb422\" data-element_type=\"widget\" data-e-type=\"widget\" data-widget_type=\"spacer.default\">\n\t\t\t\t<div class=\"elementor-widget-container\">\n\t\t\t\t\t\t\t<div class=\"elementor-spacer\">\n\t\t\t<div class=\"elementor-spacer-inner\"><\/div>\n\t\t<\/div>\n\t\t\t\t\t\t<\/div>\n\t\t\t\t<\/div>\n\t\t\t\t\t<\/div>\n\t\t<\/div>\n\t\t\t\t\t<\/div>\n\t\t<\/section>\n\t\t\t\t<div class=\"elementor-element elementor-element-705e882 elementor-widget elementor-widget-image\" data-id=\"705e882\" data-element_type=\"widget\" data-e-type=\"widget\" data-widget_type=\"image.default\">\n\t\t\t\t<div class=\"elementor-widget-container\">\n\t\t\t\t\t\t\t\t\t\t\t\t\t\t\t<img decoding=\"async\" width=\"2000\" height=\"1317\" src=\"https:\/\/www.verhoevenfamily.com\/wp-content\/uploads\/2020\/04\/Timeline-Verhoeven-structuur.jpg\" class=\"attachment-full size-full wp-image-1952\" alt=\"Family tree Verhoeven Family of Companies\" srcset=\"https:\/\/www.verhoevenfamily.com\/wp-content\/uploads\/2020\/04\/Timeline-Verhoeven-structuur.jpg 2000w, https:\/\/www.verhoevenfamily.com\/wp-content\/uploads\/2020\/04\/Timeline-Verhoeven-structuur-300x198.jpg 300w, https:\/\/www.verhoevenfamily.com\/wp-content\/uploads\/2020\/04\/Timeline-Verhoeven-structuur-1024x674.jpg 1024w, https:\/\/www.verhoevenfamily.com\/wp-content\/uploads\/2020\/04\/Timeline-Verhoeven-structuur-768x506.jpg 768w, https:\/\/www.verhoevenfamily.com\/wp-content\/uploads\/2020\/04\/Timeline-Verhoeven-structuur-1536x1011.jpg 1536w, https:\/\/www.verhoevenfamily.com\/wp-content\/uploads\/2020\/04\/Timeline-Verhoeven-structuur-700x461.jpg 700w\" sizes=\"(max-width: 2000px) 100vw, 2000px\" \/>\t\t\t\t\t\t\t\t\t\t\t\t\t\t\t<\/div>\n\t\t\t\t<\/div>\n\t\t\t\t\t<\/div>\n\t\t<\/div>\n\t\t\t\t\t<\/div>\n\t\t<\/section>\n\t\t\t\t<section class=\"elementor-section elementor-top-section elementor-element elementor-element-c4538f2 elementor-section-boxed elementor-section-height-default elementor-section-height-default\" data-id=\"c4538f2\" data-element_type=\"section\" data-e-type=\"section\">\n\t\t\t\t\t\t<div class=\"elementor-container elementor-column-gap-default\">\n\t\t\t\t\t<div class=\"elementor-column elementor-col-50 elementor-top-column elementor-element elementor-element-416e8b8\" data-id=\"416e8b8\" data-element_type=\"column\" data-e-type=\"column\">\n\t\t\t<div class=\"elementor-widget-wrap elementor-element-populated\">\n\t\t\t\t\t\t<div class=\"elementor-element elementor-element-44ee345 elementor-widget elementor-widget-text-editor\" data-id=\"44ee345\" data-element_type=\"widget\" data-e-type=\"widget\" data-widget_type=\"text-editor.default\">\n\t\t\t\t<div class=\"elementor-widget-container\">\n\t\t\t\t\t\t\t\t\t<p>La nuestra es una familia de empresas muy unida, donde se comparten los \u00faltimos avances y conocimientos para ayudarse entre s\u00ed a alcanzar el m\u00e1ximo nivel. De esta forma, ninguna de las empresas baja la guardia individualmente y tambi\u00e9n se contribuye al crecimiento de todo el grupo.<\/p><p>\u00a0<\/p><p>Nos apasionan los retos complejos y nos aseguramos de ser siempre pioneros en el desarrollo de nuevas soluciones y aplicaciones. Este poder innovador es el alma de nuestra excelencia como proveedor de soluciones a medida, con una cartera que abarca varios sectores. Servimos a la industria de una forma m\u00e1s amplia y profesional y prueba de ello son la continuidad y la estabilidad de nuestra empresa.<\/p><p>\u00a0<\/p><p>Nuestro equipo de especialistas est\u00e1 motivado para ofrecer las soluciones definitivas a los retos que nos plantea. Todos los miembros del equipo tienen la aspiraci\u00f3n y las ganas de superarse, bas\u00e1ndose en los profundos conocimientos y experiencia trabajando en un entorno donde se fomenta la responsabilidad individual y la independencia. Estamos convencidos de que esta es nuestra clave para el \u00e9xito, ahora y en el futuro. Nuestra organizaci\u00f3n est\u00e1 activa a escala internacional y ha experimentado un s\u00f3lido y pr\u00f3spero periodo de crecimiento.<\/p>\t\t\t\t\t\t\t\t<\/div>\n\t\t\t\t<\/div>\n\t\t\t\t<div class=\"elementor-element elementor-element-0078c06 elementor-widget elementor-widget-spacer\" data-id=\"0078c06\" data-element_type=\"widget\" data-e-type=\"widget\" data-widget_type=\"spacer.default\">\n\t\t\t\t<div class=\"elementor-widget-container\">\n\t\t\t\t\t\t\t<div class=\"elementor-spacer\">\n\t\t\t<div class=\"elementor-spacer-inner\"><\/div>\n\t\t<\/div>\n\t\t\t\t\t\t<\/div>\n\t\t\t\t<\/div>\n\t\t\t\t\t<\/div>\n\t\t<\/div>\n\t\t\t\t<div class=\"elementor-column elementor-col-50 elementor-top-column elementor-element elementor-element-47c6985\" data-id=\"47c6985\" data-element_type=\"column\" data-e-type=\"column\">\n\t\t\t<div class=\"elementor-widget-wrap elementor-element-populated\">\n\t\t\t\t\t\t<div class=\"elementor-element elementor-element-57c4bb9 elementor-widget elementor-widget-image\" data-id=\"57c4bb9\" data-element_type=\"widget\" data-e-type=\"widget\" data-widget_type=\"image.default\">\n\t\t\t\t<div class=\"elementor-widget-container\">\n\t\t\t\t\t\t\t\t\t\t\t\t\t\t\t<img decoding=\"async\" width=\"1400\" height=\"827\" src=\"https:\/\/www.verhoevenfamily.com\/wp-content\/uploads\/2023\/11\/Do-you-want-to-become-a-family-member_2023.jpg\" class=\"attachment-full size-full wp-image-5442\" alt=\"\" srcset=\"https:\/\/www.verhoevenfamily.com\/wp-content\/uploads\/2023\/11\/Do-you-want-to-become-a-family-member_2023.jpg 1400w, https:\/\/www.verhoevenfamily.com\/wp-content\/uploads\/2023\/11\/Do-you-want-to-become-a-family-member_2023-300x177.jpg 300w, https:\/\/www.verhoevenfamily.com\/wp-content\/uploads\/2023\/11\/Do-you-want-to-become-a-family-member_2023-1024x605.jpg 1024w, https:\/\/www.verhoevenfamily.com\/wp-content\/uploads\/2023\/11\/Do-you-want-to-become-a-family-member_2023-768x454.jpg 768w, https:\/\/www.verhoevenfamily.com\/wp-content\/uploads\/2023\/11\/Do-you-want-to-become-a-family-member_2023-700x414.jpg 700w\" sizes=\"(max-width: 1400px) 100vw, 1400px\" \/>\t\t\t\t\t\t\t\t\t\t\t\t\t\t\t<\/div>\n\t\t\t\t<\/div>\n\t\t\t\t\t<\/div>\n\t\t<\/div>\n\t\t\t\t\t<\/div>\n\t\t<\/section>\n\t\t\t\t<section class=\"elementor-section elementor-top-section elementor-element elementor-element-14e2a50 elementor-section-boxed elementor-section-height-default elementor-section-height-default\" data-id=\"14e2a50\" data-element_type=\"section\" data-e-type=\"section\">\n\t\t\t\t\t\t<div class=\"elementor-container elementor-column-gap-default\">\n\t\t\t\t\t<div class=\"elementor-column elementor-col-100 elementor-top-column elementor-element elementor-element-f5cab5b\" data-id=\"f5cab5b\" data-element_type=\"column\" data-e-type=\"column\">\n\t\t\t<div class=\"elementor-widget-wrap elementor-element-populated\">\n\t\t\t\t\t\t<div class=\"elementor-element elementor-element-6f56b91 elementor-widget elementor-widget-spacer\" data-id=\"6f56b91\" data-element_type=\"widget\" data-e-type=\"widget\" data-widget_type=\"spacer.default\">\n\t\t\t\t<div class=\"elementor-widget-container\">\n\t\t\t\t\t\t\t<div class=\"elementor-spacer\">\n\t\t\t<div class=\"elementor-spacer-inner\"><\/div>\n\t\t<\/div>\n\t\t\t\t\t\t<\/div>\n\t\t\t\t<\/div>\n\t\t\t\t\t<\/div>\n\t\t<\/div>\n\t\t\t\t\t<\/div>\n\t\t<\/section>\n\t\t\t\t<section class=\"elementor-section elementor-top-section elementor-element elementor-element-bef2d80 elementor-section-boxed elementor-section-height-default elementor-section-height-default\" data-id=\"bef2d80\" data-element_type=\"section\" data-e-type=\"section\">\n\t\t\t\t\t\t<div class=\"elementor-container elementor-column-gap-default\">\n\t\t\t\t\t<div class=\"elementor-column elementor-col-100 elementor-top-column elementor-element elementor-element-078ae45\" data-id=\"078ae45\" data-element_type=\"column\" data-e-type=\"column\">\n\t\t\t<div class=\"elementor-widget-wrap\">\n\t\t\t\t\t\t\t<\/div>\n\t\t<\/div>\n\t\t\t\t\t<\/div>\n\t\t<\/section>\n\t\t\t\t<\/div>\n\t\t","protected":false},"excerpt":{"rendered":"<p>Verhoeven Family Verhoeven Material Handling Family desarrolla, fabrica y suministra sistemas para el transporte, almacenamiento y manipulaci\u00f3n internos del material y equipos hechos a medida. Verhoeven Family of Companies es la sociedad matriz de dos innovadoras empresas familiares: Verhoeven Material Handling Family y Verhoeven Bakery&#8230;<\/p>\n","protected":false},"author":4,"featured_media":0,"parent":0,"menu_order":0,"comment_status":"closed","ping_status":"closed","template":"","meta":{"footnotes":""},"class_list":["post-2808","page","type-page","status-publish","hentry"],"yoast_head":"<!-- This site is optimized with the Yoast SEO Premium plugin v27.3 (Yoast SEO v27.3) - https:\/\/yoast.com\/product\/yoast-seo-premium-wordpress\/ -->\n<title>Qui\u00e9nes somos vf - Verhoeven Family<\/title>\n<meta name=\"robots\" content=\"index, follow, max-snippet:-1, max-image-preview:large, max-video-preview:-1\" \/>\n<link rel=\"canonical\" href=\"https:\/\/www.verhoevenfamily.com\/es\/quienes-somos-vf\/\" \/>\n<meta property=\"og:locale\" content=\"es_ES\" \/>\n<meta property=\"og:type\" content=\"article\" \/>\n<meta property=\"og:title\" content=\"Qui\u00e9nes somos vf\" \/>\n<meta property=\"og:description\" content=\"Verhoeven Family Verhoeven Material Handling Family desarrolla, fabrica y suministra sistemas para el transporte, almacenamiento y manipulaci\u00f3n internos del material y equipos hechos a medida. Verhoeven Family of Companies es la sociedad matriz de dos innovadoras empresas familiares: Verhoeven Material Handling Family y Verhoeven Bakery...\" \/>\n<meta property=\"og:url\" content=\"https:\/\/www.verhoevenfamily.com\/es\/quienes-somos-vf\/\" \/>\n<meta property=\"og:site_name\" content=\"Verhoeven Family\" \/>\n<meta property=\"article:modified_time\" content=\"2023-11-23T09:09:32+00:00\" \/>\n<meta property=\"og:image\" content=\"https:\/\/www.verhoevenfamily.com\/wp-content\/uploads\/2020\/05\/pandnew-belettering-b.jpg\" \/>\n<meta name=\"twitter:card\" content=\"summary_large_image\" \/>\n<meta name=\"twitter:label1\" content=\"Tiempo de lectura\" \/>\n\t<meta name=\"twitter:data1\" content=\"3 minutos\" \/>\n<script type=\"application\/ld+json\" class=\"yoast-schema-graph\">{\"@context\":\"https:\\\/\\\/schema.org\",\"@graph\":[{\"@type\":\"WebPage\",\"@id\":\"https:\\\/\\\/www.verhoevenfamily.com\\\/es\\\/quienes-somos-vf\\\/\",\"url\":\"https:\\\/\\\/www.verhoevenfamily.com\\\/es\\\/quienes-somos-vf\\\/\",\"name\":\"Qui\u00e9nes somos vf - Verhoeven Family\",\"isPartOf\":{\"@id\":\"https:\\\/\\\/www.verhoevenfamily.com\\\/es\\\/#website\"},\"primaryImageOfPage\":{\"@id\":\"https:\\\/\\\/www.verhoevenfamily.com\\\/es\\\/quienes-somos-vf\\\/#primaryimage\"},\"image\":{\"@id\":\"https:\\\/\\\/www.verhoevenfamily.com\\\/es\\\/quienes-somos-vf\\\/#primaryimage\"},\"thumbnailUrl\":\"https:\\\/\\\/www.verhoevenfamily.com\\\/wp-content\\\/uploads\\\/2020\\\/05\\\/pandnew-belettering-b.jpg\",\"datePublished\":\"2020-06-23T08:16:59+00:00\",\"dateModified\":\"2023-11-23T09:09:32+00:00\",\"breadcrumb\":{\"@id\":\"https:\\\/\\\/www.verhoevenfamily.com\\\/es\\\/quienes-somos-vf\\\/#breadcrumb\"},\"inLanguage\":\"es\",\"potentialAction\":[{\"@type\":\"ReadAction\",\"target\":[\"https:\\\/\\\/www.verhoevenfamily.com\\\/es\\\/quienes-somos-vf\\\/\"]}]},{\"@type\":\"ImageObject\",\"inLanguage\":\"es\",\"@id\":\"https:\\\/\\\/www.verhoevenfamily.com\\\/es\\\/quienes-somos-vf\\\/#primaryimage\",\"url\":\"https:\\\/\\\/www.verhoevenfamily.com\\\/wp-content\\\/uploads\\\/2020\\\/05\\\/pandnew-belettering-b.jpg\",\"contentUrl\":\"https:\\\/\\\/www.verhoevenfamily.com\\\/wp-content\\\/uploads\\\/2020\\\/05\\\/pandnew-belettering-b.jpg\"},{\"@type\":\"BreadcrumbList\",\"@id\":\"https:\\\/\\\/www.verhoevenfamily.com\\\/es\\\/quienes-somos-vf\\\/#breadcrumb\",\"itemListElement\":[{\"@type\":\"ListItem\",\"position\":1,\"name\":\"Home\",\"item\":\"https:\\\/\\\/www.verhoevenfamily.com\\\/es\\\/\"},{\"@type\":\"ListItem\",\"position\":2,\"name\":\"Qui\u00e9nes somos vf\"}]},{\"@type\":\"WebSite\",\"@id\":\"https:\\\/\\\/www.verhoevenfamily.com\\\/es\\\/#website\",\"url\":\"https:\\\/\\\/www.verhoevenfamily.com\\\/es\\\/\",\"name\":\"Verhoeven Family\",\"description\":\"Verhoeven Family website\",\"potentialAction\":[{\"@type\":\"SearchAction\",\"target\":{\"@type\":\"EntryPoint\",\"urlTemplate\":\"https:\\\/\\\/www.verhoevenfamily.com\\\/es\\\/?s={search_term_string}\"},\"query-input\":{\"@type\":\"PropertyValueSpecification\",\"valueRequired\":true,\"valueName\":\"search_term_string\"}}],\"inLanguage\":\"es\"}]}<\/script>\n<!-- \/ Yoast SEO Premium plugin. -->","yoast_head_json":{"title":"Qui\u00e9nes somos vf - Verhoeven Family","robots":{"index":"index","follow":"follow","max-snippet":"max-snippet:-1","max-image-preview":"max-image-preview:large","max-video-preview":"max-video-preview:-1"},"canonical":"https:\/\/www.verhoevenfamily.com\/es\/quienes-somos-vf\/","og_locale":"es_ES","og_type":"article","og_title":"Qui\u00e9nes somos vf","og_description":"Verhoeven Family Verhoeven Material Handling Family desarrolla, fabrica y suministra sistemas para el transporte, almacenamiento y manipulaci\u00f3n internos del material y equipos hechos a medida. Verhoeven Family of Companies es la sociedad matriz de dos innovadoras empresas familiares: Verhoeven Material Handling Family y Verhoeven Bakery...","og_url":"https:\/\/www.verhoevenfamily.com\/es\/quienes-somos-vf\/","og_site_name":"Verhoeven Family","article_modified_time":"2023-11-23T09:09:32+00:00","og_image":[{"url":"https:\/\/www.verhoevenfamily.com\/wp-content\/uploads\/2020\/05\/pandnew-belettering-b.jpg","type":"","width":"","height":""}],"twitter_card":"summary_large_image","twitter_misc":{"Tiempo de lectura":"3 minutos"},"schema":{"@context":"https:\/\/schema.org","@graph":[{"@type":"WebPage","@id":"https:\/\/www.verhoevenfamily.com\/es\/quienes-somos-vf\/","url":"https:\/\/www.verhoevenfamily.com\/es\/quienes-somos-vf\/","name":"Qui\u00e9nes somos vf - Verhoeven Family","isPartOf":{"@id":"https:\/\/www.verhoevenfamily.com\/es\/#website"},"primaryImageOfPage":{"@id":"https:\/\/www.verhoevenfamily.com\/es\/quienes-somos-vf\/#primaryimage"},"image":{"@id":"https:\/\/www.verhoevenfamily.com\/es\/quienes-somos-vf\/#primaryimage"},"thumbnailUrl":"https:\/\/www.verhoevenfamily.com\/wp-content\/uploads\/2020\/05\/pandnew-belettering-b.jpg","datePublished":"2020-06-23T08:16:59+00:00","dateModified":"2023-11-23T09:09:32+00:00","breadcrumb":{"@id":"https:\/\/www.verhoevenfamily.com\/es\/quienes-somos-vf\/#breadcrumb"},"inLanguage":"es","potentialAction":[{"@type":"ReadAction","target":["https:\/\/www.verhoevenfamily.com\/es\/quienes-somos-vf\/"]}]},{"@type":"ImageObject","inLanguage":"es","@id":"https:\/\/www.verhoevenfamily.com\/es\/quienes-somos-vf\/#primaryimage","url":"https:\/\/www.verhoevenfamily.com\/wp-content\/uploads\/2020\/05\/pandnew-belettering-b.jpg","contentUrl":"https:\/\/www.verhoevenfamily.com\/wp-content\/uploads\/2020\/05\/pandnew-belettering-b.jpg"},{"@type":"BreadcrumbList","@id":"https:\/\/www.verhoevenfamily.com\/es\/quienes-somos-vf\/#breadcrumb","itemListElement":[{"@type":"ListItem","position":1,"name":"Home","item":"https:\/\/www.verhoevenfamily.com\/es\/"},{"@type":"ListItem","position":2,"name":"Qui\u00e9nes somos vf"}]},{"@type":"WebSite","@id":"https:\/\/www.verhoevenfamily.com\/es\/#website","url":"https:\/\/www.verhoevenfamily.com\/es\/","name":"Verhoeven Family","description":"Verhoeven Family website","potentialAction":[{"@type":"SearchAction","target":{"@type":"EntryPoint","urlTemplate":"https:\/\/www.verhoevenfamily.com\/es\/?s={search_term_string}"},"query-input":{"@type":"PropertyValueSpecification","valueRequired":true,"valueName":"search_term_string"}}],"inLanguage":"es"}]}},"_links":{"self":[{"href":"https:\/\/www.verhoevenfamily.com\/es\/wp-json\/wp\/v2\/pages\/2808","targetHints":{"allow":["GET"]}}],"collection":[{"href":"https:\/\/www.verhoevenfamily.com\/es\/wp-json\/wp\/v2\/pages"}],"about":[{"href":"https:\/\/www.verhoevenfamily.com\/es\/wp-json\/wp\/v2\/types\/page"}],"author":[{"embeddable":true,"href":"https:\/\/www.verhoevenfamily.com\/es\/wp-json\/wp\/v2\/users\/4"}],"replies":[{"embeddable":true,"href":"https:\/\/www.verhoevenfamily.com\/es\/wp-json\/wp\/v2\/comments?post=2808"}],"version-history":[{"count":0,"href":"https:\/\/www.verhoevenfamily.com\/es\/wp-json\/wp\/v2\/pages\/2808\/revisions"}],"wp:attachment":[{"href":"https:\/\/www.verhoevenfamily.com\/es\/wp-json\/wp\/v2\/media?parent=2808"}],"curies":[{"name":"wp","href":"https:\/\/api.w.org\/{rel}","templated":true}]}}