{"id":2804,"date":"2020-06-23T08:16:15","date_gmt":"2020-06-23T08:16:15","guid":{"rendered":"https:\/\/www.verhoevenfamily.com\/?page_id=2804"},"modified":"2026-02-28T16:50:47","modified_gmt":"2026-02-28T15:50:47","slug":"quienes-somos-mhf","status":"publish","type":"page","link":"https:\/\/www.verhoevenfamily.com\/es\/quienes-somos-mhf\/","title":{"rendered":"Qui\u00e9nes somos mhf"},"content":{"rendered":"\t\t<div data-elementor-type=\"wp-page\" data-elementor-id=\"2804\" class=\"elementor elementor-2804 elementor-479\" data-elementor-post-type=\"page\">\n\t\t\t\t\t\t<section class=\"elementor-section elementor-top-section elementor-element elementor-element-dc9d900 elementor-section-boxed elementor-section-height-default elementor-section-height-default\" data-id=\"dc9d900\" data-element_type=\"section\" data-e-type=\"section\">\n\t\t\t\t\t\t<div class=\"elementor-container elementor-column-gap-default\">\n\t\t\t\t\t<div class=\"elementor-column elementor-col-100 elementor-top-column elementor-element elementor-element-54a8281\" data-id=\"54a8281\" data-element_type=\"column\" data-e-type=\"column\">\n\t\t\t<div class=\"elementor-widget-wrap elementor-element-populated\">\n\t\t\t\t\t\t<div class=\"elementor-element elementor-element-5496513 din elementor-widget elementor-widget-heading\" data-id=\"5496513\" data-element_type=\"widget\" data-e-type=\"widget\" data-widget_type=\"heading.default\">\n\t\t\t\t<div class=\"elementor-widget-container\">\n\t\t\t\t\t<h2 class=\"elementor-heading-title elementor-size-default\">Acerca de nosotros<\/h2>\t\t\t\t<\/div>\n\t\t\t\t<\/div>\n\t\t\t\t\t<\/div>\n\t\t<\/div>\n\t\t\t\t\t<\/div>\n\t\t<\/section>\n\t\t\t\t<section class=\"elementor-section elementor-top-section elementor-element elementor-element-78e7b57 elementor-section-boxed elementor-section-height-default elementor-section-height-default\" data-id=\"78e7b57\" data-element_type=\"section\" data-e-type=\"section\">\n\t\t\t\t\t\t<div class=\"elementor-container elementor-column-gap-default\">\n\t\t\t\t\t<div class=\"elementor-column elementor-col-50 elementor-top-column elementor-element elementor-element-53d67f5\" data-id=\"53d67f5\" data-element_type=\"column\" data-e-type=\"column\">\n\t\t\t<div class=\"elementor-widget-wrap elementor-element-populated\">\n\t\t\t\t\t\t<div class=\"elementor-element elementor-element-cda7317 elementor-widget elementor-widget-text-editor\" data-id=\"cda7317\" data-element_type=\"widget\" data-e-type=\"widget\" data-widget_type=\"text-editor.default\">\n\t\t\t\t<div class=\"elementor-widget-container\">\n\t\t\t\t\t\t\t\t\t<p>Fabricamos a medida todo lo necesario para los sistemas de manipulaci\u00f3n y transporte internos de su entorno de producci\u00f3n industrial. Nuestro equipo est\u00e1 espec\u00edficamente dise\u00f1ado y fabricado para la manipulaci\u00f3n y el transporte de pal\u00e9s, cajas, cajones, bandejas, bidones y mucho m\u00e1s. \u00bfNecesita modificar un sistema de manipulaci\u00f3n y transporte existente? \u00a1Tambi\u00e9n podemos ocuparnos!<\/p><p>\u00a0<\/p><p>En el \u00e1mbito de la tecnolog\u00eda de la manipulaci\u00f3n y el transporte de materiales, consultamos a nuestros expertos internos para hallar el camino m\u00e1s corto y eficiente de materializar la manipulaci\u00f3n y el transporte de productos.<\/p><p>\u00a0<\/p><p>En Verhoeven Material Handling Family, sabemos que necesita flexibilidad, velocidad y calidad, por ello fabricamos todo lo que ofrecemos en nuestra propia planta. Desde la materia prima hasta el resultado final. Tanto si necesita soluciones est\u00e1ndares, l\u00edneas de producci\u00f3n completas o una modificaci\u00f3n de un sistema existente, aunque su espacio de producci\u00f3n sea reducido, nuestros especialistas internos est\u00e1n listos para cualquier reto. Estamos orgullosos de emplear artesan\u00eda 100 % holandesa en nuestra f\u00e1brica. Cuando trabaja con Verhoeven Material Handling Family, trabaja con verdaderos especialistas.<\/p><p>\u00a0<\/p><p>Siempre puede contar con nuestros m\u00e1s de 50 a\u00f1os de conocimientos y experiencia. Podemos ayudarle a mejorar sus m\u00e9todos de producci\u00f3n, velocidad, transiciones y\/o transporte de productos finales. P\u00f3ngase en <a href=\"https:\/\/www.verhoevenfamily.com\/es\/contacto\/\">contacto<\/a> con nosotros hoy mismo para discutir las posibilidades.<\/p>\t\t\t\t\t\t\t\t<\/div>\n\t\t\t\t<\/div>\n\t\t\t\t\t<\/div>\n\t\t<\/div>\n\t\t\t\t<div class=\"elementor-column elementor-col-50 elementor-top-column elementor-element elementor-element-2b28964\" data-id=\"2b28964\" data-element_type=\"column\" data-e-type=\"column\">\n\t\t\t<div class=\"elementor-widget-wrap\">\n\t\t\t\t\t\t\t<\/div>\n\t\t<\/div>\n\t\t\t\t\t<\/div>\n\t\t<\/section>\n\t\t\t\t<section class=\"elementor-section elementor-top-section elementor-element elementor-element-fee68e7 elementor-section-boxed elementor-section-height-default elementor-section-height-default\" data-id=\"fee68e7\" data-element_type=\"section\" data-e-type=\"section\">\n\t\t\t\t\t\t<div class=\"elementor-container elementor-column-gap-default\">\n\t\t\t\t\t<div class=\"elementor-column elementor-col-100 elementor-top-column elementor-element elementor-element-dfe5b90\" data-id=\"dfe5b90\" data-element_type=\"column\" data-e-type=\"column\">\n\t\t\t<div class=\"elementor-widget-wrap elementor-element-populated\">\n\t\t\t\t\t\t<div class=\"elementor-element elementor-element-7f40113 elementor-widget elementor-widget-spacer\" data-id=\"7f40113\" data-element_type=\"widget\" data-e-type=\"widget\" data-widget_type=\"spacer.default\">\n\t\t\t\t<div class=\"elementor-widget-container\">\n\t\t\t\t\t\t\t<div class=\"elementor-spacer\">\n\t\t\t<div class=\"elementor-spacer-inner\"><\/div>\n\t\t<\/div>\n\t\t\t\t\t\t<\/div>\n\t\t\t\t<\/div>\n\t\t\t\t<div class=\"elementor-element elementor-element-d522089 elementor-widget elementor-widget-spacer\" data-id=\"d522089\" data-element_type=\"widget\" data-e-type=\"widget\" data-widget_type=\"spacer.default\">\n\t\t\t\t<div class=\"elementor-widget-container\">\n\t\t\t\t\t\t\t<div class=\"elementor-spacer\">\n\t\t\t<div class=\"elementor-spacer-inner\"><\/div>\n\t\t<\/div>\n\t\t\t\t\t\t<\/div>\n\t\t\t\t<\/div>\n\t\t\t\t\t<\/div>\n\t\t<\/div>\n\t\t\t\t\t<\/div>\n\t\t<\/section>\n\t\t\t\t<\/div>\n\t\t","protected":false},"excerpt":{"rendered":"<p>Acerca de nosotros Fabricamos a medida todo lo necesario para los sistemas de manipulaci\u00f3n y transporte internos de su entorno de producci\u00f3n industrial. Nuestro equipo est\u00e1 espec\u00edficamente dise\u00f1ado y fabricado para la manipulaci\u00f3n y el transporte de pal\u00e9s, cajas, cajones, bandejas, bidones y mucho m\u00e1s&#8230;.<\/p>\n","protected":false},"author":4,"featured_media":0,"parent":0,"menu_order":0,"comment_status":"closed","ping_status":"closed","template":"","meta":{"footnotes":""},"class_list":["post-2804","page","type-page","status-publish","hentry"],"yoast_head":"<!-- This site is optimized with the Yoast SEO Premium plugin v27.4 (Yoast SEO v27.4) - https:\/\/yoast.com\/product\/yoast-seo-premium-wordpress\/ -->\n<title>Qui\u00e9nes somos mhf - Verhoeven Family<\/title>\n<meta name=\"robots\" content=\"index, follow, max-snippet:-1, max-image-preview:large, max-video-preview:-1\" \/>\n<link rel=\"canonical\" href=\"https:\/\/www.verhoevenfamily.com\/es\/quienes-somos-mhf\/\" \/>\n<meta property=\"og:locale\" content=\"es_ES\" \/>\n<meta property=\"og:type\" content=\"article\" \/>\n<meta property=\"og:title\" content=\"Qui\u00e9nes somos mhf\" \/>\n<meta property=\"og:description\" content=\"Acerca de nosotros Fabricamos a medida todo lo necesario para los sistemas de manipulaci\u00f3n y transporte internos de su entorno de producci\u00f3n industrial. Nuestro equipo est\u00e1 espec\u00edficamente dise\u00f1ado y fabricado para la manipulaci\u00f3n y el transporte de pal\u00e9s, cajas, cajones, bandejas, bidones y mucho m\u00e1s....\" \/>\n<meta property=\"og:url\" content=\"https:\/\/www.verhoevenfamily.com\/es\/quienes-somos-mhf\/\" \/>\n<meta property=\"og:site_name\" content=\"Verhoeven Family\" \/>\n<meta property=\"article:modified_time\" content=\"2026-02-28T15:50:47+00:00\" \/>\n<meta name=\"twitter:card\" content=\"summary_large_image\" \/>\n<meta name=\"twitter:label1\" content=\"Tiempo de lectura\" \/>\n\t<meta name=\"twitter:data1\" content=\"1 minuto\" \/>\n<script type=\"application\/ld+json\" class=\"yoast-schema-graph\">{\"@context\":\"https:\\\/\\\/schema.org\",\"@graph\":[{\"@type\":\"WebPage\",\"@id\":\"https:\\\/\\\/www.verhoevenfamily.com\\\/es\\\/quienes-somos-mhf\\\/\",\"url\":\"https:\\\/\\\/www.verhoevenfamily.com\\\/es\\\/quienes-somos-mhf\\\/\",\"name\":\"Qui\u00e9nes somos mhf - Verhoeven Family\",\"isPartOf\":{\"@id\":\"https:\\\/\\\/www.verhoevenfamily.com\\\/es\\\/#website\"},\"datePublished\":\"2020-06-23T08:16:15+00:00\",\"dateModified\":\"2026-02-28T15:50:47+00:00\",\"breadcrumb\":{\"@id\":\"https:\\\/\\\/www.verhoevenfamily.com\\\/es\\\/quienes-somos-mhf\\\/#breadcrumb\"},\"inLanguage\":\"es\",\"potentialAction\":[{\"@type\":\"ReadAction\",\"target\":[\"https:\\\/\\\/www.verhoevenfamily.com\\\/es\\\/quienes-somos-mhf\\\/\"]}]},{\"@type\":\"BreadcrumbList\",\"@id\":\"https:\\\/\\\/www.verhoevenfamily.com\\\/es\\\/quienes-somos-mhf\\\/#breadcrumb\",\"itemListElement\":[{\"@type\":\"ListItem\",\"position\":1,\"name\":\"Home\",\"item\":\"https:\\\/\\\/www.verhoevenfamily.com\\\/es\\\/\"},{\"@type\":\"ListItem\",\"position\":2,\"name\":\"Qui\u00e9nes somos mhf\"}]},{\"@type\":\"WebSite\",\"@id\":\"https:\\\/\\\/www.verhoevenfamily.com\\\/es\\\/#website\",\"url\":\"https:\\\/\\\/www.verhoevenfamily.com\\\/es\\\/\",\"name\":\"Verhoeven Family\",\"description\":\"Verhoeven Family website\",\"potentialAction\":[{\"@type\":\"SearchAction\",\"target\":{\"@type\":\"EntryPoint\",\"urlTemplate\":\"https:\\\/\\\/www.verhoevenfamily.com\\\/es\\\/?s={search_term_string}\"},\"query-input\":{\"@type\":\"PropertyValueSpecification\",\"valueRequired\":true,\"valueName\":\"search_term_string\"}}],\"inLanguage\":\"es\"}]}<\/script>\n<!-- \/ Yoast SEO Premium plugin. -->","yoast_head_json":{"title":"Qui\u00e9nes somos mhf - Verhoeven Family","robots":{"index":"index","follow":"follow","max-snippet":"max-snippet:-1","max-image-preview":"max-image-preview:large","max-video-preview":"max-video-preview:-1"},"canonical":"https:\/\/www.verhoevenfamily.com\/es\/quienes-somos-mhf\/","og_locale":"es_ES","og_type":"article","og_title":"Qui\u00e9nes somos mhf","og_description":"Acerca de nosotros Fabricamos a medida todo lo necesario para los sistemas de manipulaci\u00f3n y transporte internos de su entorno de producci\u00f3n industrial. Nuestro equipo est\u00e1 espec\u00edficamente dise\u00f1ado y fabricado para la manipulaci\u00f3n y el transporte de pal\u00e9s, cajas, cajones, bandejas, bidones y mucho m\u00e1s....","og_url":"https:\/\/www.verhoevenfamily.com\/es\/quienes-somos-mhf\/","og_site_name":"Verhoeven Family","article_modified_time":"2026-02-28T15:50:47+00:00","twitter_card":"summary_large_image","twitter_misc":{"Tiempo de lectura":"1 minuto"},"schema":{"@context":"https:\/\/schema.org","@graph":[{"@type":"WebPage","@id":"https:\/\/www.verhoevenfamily.com\/es\/quienes-somos-mhf\/","url":"https:\/\/www.verhoevenfamily.com\/es\/quienes-somos-mhf\/","name":"Qui\u00e9nes somos mhf - Verhoeven Family","isPartOf":{"@id":"https:\/\/www.verhoevenfamily.com\/es\/#website"},"datePublished":"2020-06-23T08:16:15+00:00","dateModified":"2026-02-28T15:50:47+00:00","breadcrumb":{"@id":"https:\/\/www.verhoevenfamily.com\/es\/quienes-somos-mhf\/#breadcrumb"},"inLanguage":"es","potentialAction":[{"@type":"ReadAction","target":["https:\/\/www.verhoevenfamily.com\/es\/quienes-somos-mhf\/"]}]},{"@type":"BreadcrumbList","@id":"https:\/\/www.verhoevenfamily.com\/es\/quienes-somos-mhf\/#breadcrumb","itemListElement":[{"@type":"ListItem","position":1,"name":"Home","item":"https:\/\/www.verhoevenfamily.com\/es\/"},{"@type":"ListItem","position":2,"name":"Qui\u00e9nes somos mhf"}]},{"@type":"WebSite","@id":"https:\/\/www.verhoevenfamily.com\/es\/#website","url":"https:\/\/www.verhoevenfamily.com\/es\/","name":"Verhoeven Family","description":"Verhoeven Family website","potentialAction":[{"@type":"SearchAction","target":{"@type":"EntryPoint","urlTemplate":"https:\/\/www.verhoevenfamily.com\/es\/?s={search_term_string}"},"query-input":{"@type":"PropertyValueSpecification","valueRequired":true,"valueName":"search_term_string"}}],"inLanguage":"es"}]}},"_links":{"self":[{"href":"https:\/\/www.verhoevenfamily.com\/es\/wp-json\/wp\/v2\/pages\/2804","targetHints":{"allow":["GET"]}}],"collection":[{"href":"https:\/\/www.verhoevenfamily.com\/es\/wp-json\/wp\/v2\/pages"}],"about":[{"href":"https:\/\/www.verhoevenfamily.com\/es\/wp-json\/wp\/v2\/types\/page"}],"author":[{"embeddable":true,"href":"https:\/\/www.verhoevenfamily.com\/es\/wp-json\/wp\/v2\/users\/4"}],"replies":[{"embeddable":true,"href":"https:\/\/www.verhoevenfamily.com\/es\/wp-json\/wp\/v2\/comments?post=2804"}],"version-history":[{"count":0,"href":"https:\/\/www.verhoevenfamily.com\/es\/wp-json\/wp\/v2\/pages\/2804\/revisions"}],"wp:attachment":[{"href":"https:\/\/www.verhoevenfamily.com\/es\/wp-json\/wp\/v2\/media?parent=2804"}],"curies":[{"name":"wp","href":"https:\/\/api.w.org\/{rel}","templated":true}]}}