{"id":2792,"date":"2020-06-23T08:15:06","date_gmt":"2020-06-23T08:15:06","guid":{"rendered":"https:\/\/www.verhoevenfamily.com\/?page_id=2792"},"modified":"2020-07-07T09:25:02","modified_gmt":"2020-07-07T09:25:02","slug":"quienes-somos-bef","status":"publish","type":"page","link":"https:\/\/www.verhoevenfamily.com\/es\/quienes-somos-bef\/","title":{"rendered":"Qui\u00e9nes somos bef"},"content":{"rendered":"\t\t<div data-elementor-type=\"wp-page\" data-elementor-id=\"2792\" class=\"elementor elementor-2792 elementor-1159\" data-elementor-post-type=\"page\">\n\t\t\t\t\t\t<section class=\"elementor-section elementor-top-section elementor-element elementor-element-9dd81bd elementor-section-boxed elementor-section-height-default elementor-section-height-default\" data-id=\"9dd81bd\" data-element_type=\"section\" data-e-type=\"section\">\n\t\t\t\t\t\t<div class=\"elementor-container elementor-column-gap-default\">\n\t\t\t\t\t<div class=\"elementor-column elementor-col-100 elementor-top-column elementor-element elementor-element-9eed2e7\" data-id=\"9eed2e7\" data-element_type=\"column\" data-e-type=\"column\">\n\t\t\t<div class=\"elementor-widget-wrap elementor-element-populated\">\n\t\t\t\t\t\t<div class=\"elementor-element elementor-element-5b78d25 elementor-widget elementor-widget-image\" data-id=\"5b78d25\" data-element_type=\"widget\" data-e-type=\"widget\" data-widget_type=\"image.default\">\n\t\t\t\t<div class=\"elementor-widget-container\">\n\t\t\t\t\t\t\t\t\t\t\t\t\t\t\t\t<a href=\"https:\/\/concept.bvtbs.com\/\" target=\"_blank\">\n\t\t\t\t\t\t\t<img fetchpriority=\"high\" decoding=\"async\" width=\"2000\" height=\"213\" src=\"https:\/\/www.verhoevenfamily.com\/wp-content\/uploads\/2020\/04\/Newcap_GlockenbrotVacuumCooler.png\" class=\"attachment-full size-full wp-image-1964\" alt=\"\" srcset=\"https:\/\/www.verhoevenfamily.com\/wp-content\/uploads\/2020\/04\/Newcap_GlockenbrotVacuumCooler.png 2000w, https:\/\/www.verhoevenfamily.com\/wp-content\/uploads\/2020\/04\/Newcap_GlockenbrotVacuumCooler-300x32.png 300w, https:\/\/www.verhoevenfamily.com\/wp-content\/uploads\/2020\/04\/Newcap_GlockenbrotVacuumCooler-1024x109.png 1024w, https:\/\/www.verhoevenfamily.com\/wp-content\/uploads\/2020\/04\/Newcap_GlockenbrotVacuumCooler-768x82.png 768w, https:\/\/www.verhoevenfamily.com\/wp-content\/uploads\/2020\/04\/Newcap_GlockenbrotVacuumCooler-1536x164.png 1536w, https:\/\/www.verhoevenfamily.com\/wp-content\/uploads\/2020\/04\/Newcap_GlockenbrotVacuumCooler-700x75.png 700w\" sizes=\"(max-width: 2000px) 100vw, 2000px\" \/>\t\t\t\t\t\t\t\t<\/a>\n\t\t\t\t\t\t\t\t\t\t\t\t\t\t\t<\/div>\n\t\t\t\t<\/div>\n\t\t\t\t\t<\/div>\n\t\t<\/div>\n\t\t\t\t\t<\/div>\n\t\t<\/section>\n\t\t\t\t<section class=\"elementor-section elementor-top-section elementor-element elementor-element-3f7db79 elementor-section-boxed elementor-section-height-default elementor-section-height-default\" data-id=\"3f7db79\" data-element_type=\"section\" data-e-type=\"section\">\n\t\t\t\t\t\t<div class=\"elementor-container elementor-column-gap-default\">\n\t\t\t\t\t<div class=\"elementor-column elementor-col-33 elementor-top-column elementor-element elementor-element-8873012\" data-id=\"8873012\" data-element_type=\"column\" data-e-type=\"column\">\n\t\t\t<div class=\"elementor-widget-wrap elementor-element-populated\">\n\t\t\t\t\t\t<div class=\"elementor-element elementor-element-543b5d8 din elementor-widget elementor-widget-heading\" data-id=\"543b5d8\" data-element_type=\"widget\" data-e-type=\"widget\" data-widget_type=\"heading.default\">\n\t\t\t\t<div class=\"elementor-widget-container\">\n\t\t\t\t\t<h1 class=\"elementor-heading-title elementor-size-default\">IT\u2019S ALL\nIN THE FAMILY<\/h1>\t\t\t\t<\/div>\n\t\t\t\t<\/div>\n\t\t\t\t<div class=\"elementor-element elementor-element-f17decf din elementor-widget elementor-widget-heading\" data-id=\"f17decf\" data-element_type=\"widget\" data-e-type=\"widget\" data-widget_type=\"heading.default\">\n\t\t\t\t<div class=\"elementor-widget-container\">\n\t\t\t\t\t<h2 class=\"elementor-heading-title elementor-size-default\">we make to bake\u200b<\/h2>\t\t\t\t<\/div>\n\t\t\t\t<\/div>\n\t\t\t\t<div class=\"elementor-element elementor-element-4d288be elementor-widget elementor-widget-text-editor\" data-id=\"4d288be\" data-element_type=\"widget\" data-e-type=\"widget\" data-widget_type=\"text-editor.default\">\n\t\t\t\t<div class=\"elementor-widget-container\">\n\t\t\t\t\t\t\t\t\t<p>Verhoeven Bakery Equipment Family cuenta con una larga historia llena de \u00e9xito en el desarrollo, dise\u00f1o y producci\u00f3n hechos a medida de soluciones para el sector alimentario. Nuestras marcas BVT Dough Process Solutions, NewCap Industrial Handling Solutions, Vacuum Cooling &amp; Baking Solutions y Bakepack End of Line Solutions, ostentan una s\u00f3lida y consolidada posici\u00f3n en el mercado de la panader\u00eda industrial gracias a nuestra innovadora cultura y a nuestras creativas soluciones llave en mano. Gracias a nuestra independencia, podemos satisfacer cualquier necesidad que tenga en su equipo o l\u00ednea de panader\u00eda industrial (espec\u00edfica de la marca). Por ejemplo, podemos combinar cuatro l\u00edneas o incluso proporcionar una agrupaci\u00f3n diferente.<\/p><p>\u00a0<\/p><p>En Verhoeven, decimos lo que hacemos y hacemos lo que decimos. Ofrecemos servicios de consultor\u00eda y coordinaci\u00f3n, gesti\u00f3n de proyectos y tranquilidad. Le proporcionamos l\u00edneas de producci\u00f3n de altas prestaciones y maquinaria avanzada, dise\u00f1adas y desarrolladas de forma interna por especialistas experimentados y creativos. Personas consagradas que son como de nuestra familia y que no escatiman esfuerzos por los clientes.<\/p><p>\u00a0<\/p><p>\u00bfDesea saber m\u00e1s sobre nuestros especialistas y sobre lo que pueden hacer por su panader\u00eda industrial? Haga <a href=\"https:\/\/www.verhoevenfamily.com\/es\/bvt-newcap-vacuum-bakepack-2\/\">clic aqu\u00ed<\/a>.<\/p>\t\t\t\t\t\t\t\t<\/div>\n\t\t\t\t<\/div>\n\t\t\t\t\t<\/div>\n\t\t<\/div>\n\t\t\t\t<div class=\"elementor-column elementor-col-66 elementor-top-column elementor-element elementor-element-0541136\" data-id=\"0541136\" data-element_type=\"column\" data-e-type=\"column\">\n\t\t\t<div class=\"elementor-widget-wrap elementor-element-populated\">\n\t\t\t\t\t\t<div class=\"elementor-element elementor-element-eeba3bf elementor-widget elementor-widget-image\" data-id=\"eeba3bf\" data-element_type=\"widget\" data-e-type=\"widget\" data-widget_type=\"image.default\">\n\t\t\t\t<div class=\"elementor-widget-container\">\n\t\t\t\t\t\t\t\t\t\t\t\t\t\t\t<img decoding=\"async\" src=\"https:\/\/www.verhoevenfamily.com\/wp-content\/uploads\/elementor\/thumbs\/VERHOEVEN_BEF-oou2r4hxs9m035kfbsxl33l0e5xe2dfipalmoor86q.png\" title=\"VERHOEVEN_BEF\" alt=\"VERHOEVEN_BEF\" loading=\"lazy\" \/>\t\t\t\t\t\t\t\t\t\t\t\t\t\t\t<\/div>\n\t\t\t\t<\/div>\n\t\t\t\t<div class=\"elementor-element elementor-element-4b1df37 elementor-widget elementor-widget-image\" data-id=\"4b1df37\" data-element_type=\"widget\" data-e-type=\"widget\" data-widget_type=\"image.default\">\n\t\t\t\t<div class=\"elementor-widget-container\">\n\t\t\t\t\t\t\t\t\t\t\t\t\t\t\t<img decoding=\"async\" width=\"1024\" height=\"724\" src=\"https:\/\/www.verhoevenfamily.com\/wp-content\/uploads\/2020\/04\/broodparten-1024x724.jpg\" class=\"attachment-large size-large wp-image-2024\" alt=\"Explanation of the Bakery Equipment Family in bread parts\" srcset=\"https:\/\/www.verhoevenfamily.com\/wp-content\/uploads\/2020\/04\/broodparten-1024x724.jpg 1024w, https:\/\/www.verhoevenfamily.com\/wp-content\/uploads\/2020\/04\/broodparten-300x212.jpg 300w, https:\/\/www.verhoevenfamily.com\/wp-content\/uploads\/2020\/04\/broodparten-768x543.jpg 768w, https:\/\/www.verhoevenfamily.com\/wp-content\/uploads\/2020\/04\/broodparten-700x495.jpg 700w, https:\/\/www.verhoevenfamily.com\/wp-content\/uploads\/2020\/04\/broodparten.jpg 1400w\" sizes=\"(max-width: 1024px) 100vw, 1024px\" \/>\t\t\t\t\t\t\t\t\t\t\t\t\t\t\t<\/div>\n\t\t\t\t<\/div>\n\t\t\t\t\t<\/div>\n\t\t<\/div>\n\t\t\t\t\t<\/div>\n\t\t<\/section>\n\t\t\t\t<section class=\"elementor-section elementor-top-section elementor-element elementor-element-d22209f elementor-section-boxed elementor-section-height-default elementor-section-height-default\" data-id=\"d22209f\" data-element_type=\"section\" data-e-type=\"section\">\n\t\t\t\t\t\t<div class=\"elementor-container elementor-column-gap-default\">\n\t\t\t\t\t<div class=\"elementor-column elementor-col-100 elementor-top-column elementor-element elementor-element-b29d5e0\" data-id=\"b29d5e0\" data-element_type=\"column\" data-e-type=\"column\">\n\t\t\t<div class=\"elementor-widget-wrap elementor-element-populated\">\n\t\t\t\t\t\t<div class=\"elementor-element elementor-element-04bdc0d elementor-widget elementor-widget-spacer\" data-id=\"04bdc0d\" data-element_type=\"widget\" data-e-type=\"widget\" data-widget_type=\"spacer.default\">\n\t\t\t\t<div class=\"elementor-widget-container\">\n\t\t\t\t\t\t\t<div class=\"elementor-spacer\">\n\t\t\t<div class=\"elementor-spacer-inner\"><\/div>\n\t\t<\/div>\n\t\t\t\t\t\t<\/div>\n\t\t\t\t<\/div>\n\t\t\t\t\t<\/div>\n\t\t<\/div>\n\t\t\t\t\t<\/div>\n\t\t<\/section>\n\t\t\t\t<section class=\"elementor-section elementor-top-section elementor-element elementor-element-9ee1071 elementor-section-boxed elementor-section-height-default elementor-section-height-default\" data-id=\"9ee1071\" data-element_type=\"section\" data-e-type=\"section\">\n\t\t\t\t\t\t<div class=\"elementor-container elementor-column-gap-default\">\n\t\t\t\t\t<div class=\"elementor-column elementor-col-100 elementor-top-column elementor-element elementor-element-009b572\" data-id=\"009b572\" data-element_type=\"column\" data-e-type=\"column\">\n\t\t\t<div class=\"elementor-widget-wrap elementor-element-populated\">\n\t\t\t\t\t\t<div class=\"elementor-element elementor-element-0be18b2 elementor-widget elementor-widget-spacer\" data-id=\"0be18b2\" data-element_type=\"widget\" data-e-type=\"widget\" data-widget_type=\"spacer.default\">\n\t\t\t\t<div class=\"elementor-widget-container\">\n\t\t\t\t\t\t\t<div class=\"elementor-spacer\">\n\t\t\t<div class=\"elementor-spacer-inner\"><\/div>\n\t\t<\/div>\n\t\t\t\t\t\t<\/div>\n\t\t\t\t<\/div>\n\t\t\t\t\t<\/div>\n\t\t<\/div>\n\t\t\t\t\t<\/div>\n\t\t<\/section>\n\t\t\t\t<section class=\"elementor-section elementor-top-section elementor-element elementor-element-a49bf06 elementor-section-boxed elementor-section-height-default elementor-section-height-default\" data-id=\"a49bf06\" data-element_type=\"section\" data-e-type=\"section\">\n\t\t\t\t\t\t<div class=\"elementor-container elementor-column-gap-default\">\n\t\t\t\t\t<div class=\"elementor-column elementor-col-100 elementor-top-column elementor-element elementor-element-edca2b6\" data-id=\"edca2b6\" data-element_type=\"column\" data-e-type=\"column\">\n\t\t\t<div class=\"elementor-widget-wrap elementor-element-populated\">\n\t\t\t\t\t\t<div class=\"elementor-element elementor-element-bc19e7e elementor-widget elementor-widget-spacer\" data-id=\"bc19e7e\" data-element_type=\"widget\" data-e-type=\"widget\" data-widget_type=\"spacer.default\">\n\t\t\t\t<div class=\"elementor-widget-container\">\n\t\t\t\t\t\t\t<div class=\"elementor-spacer\">\n\t\t\t<div class=\"elementor-spacer-inner\"><\/div>\n\t\t<\/div>\n\t\t\t\t\t\t<\/div>\n\t\t\t\t<\/div>\n\t\t\t\t\t<\/div>\n\t\t<\/div>\n\t\t\t\t\t<\/div>\n\t\t<\/section>\n\t\t\t\t<\/div>\n\t\t","protected":false},"excerpt":{"rendered":"<p>IT\u2019S ALL IN THE FAMILY we make to bake\u200b Verhoeven Bakery Equipment Family cuenta con una larga historia llena de \u00e9xito en el desarrollo, dise\u00f1o y producci\u00f3n hechos a medida de soluciones para el sector alimentario. Nuestras marcas BVT Dough Process Solutions, NewCap Industrial Handling&#8230;<\/p>\n","protected":false},"author":4,"featured_media":0,"parent":0,"menu_order":0,"comment_status":"closed","ping_status":"closed","template":"","meta":{"footnotes":""},"class_list":["post-2792","page","type-page","status-publish","hentry"],"yoast_head":"<!-- This site is optimized with the Yoast SEO Premium plugin v27.5 (Yoast SEO v27.5) - https:\/\/yoast.com\/product\/yoast-seo-premium-wordpress\/ -->\n<title>Qui\u00e9nes somos bef - Verhoeven Family<\/title>\n<meta name=\"robots\" content=\"index, follow, max-snippet:-1, max-image-preview:large, max-video-preview:-1\" \/>\n<link rel=\"canonical\" href=\"https:\/\/www.verhoevenfamily.com\/es\/quienes-somos-bef\/\" \/>\n<meta property=\"og:locale\" content=\"es_ES\" \/>\n<meta property=\"og:type\" content=\"article\" \/>\n<meta property=\"og:title\" content=\"Qui\u00e9nes somos bef\" \/>\n<meta property=\"og:description\" content=\"IT\u2019S ALL IN THE FAMILY we make to bake\u200b Verhoeven Bakery Equipment Family cuenta con una larga historia llena de \u00e9xito en el desarrollo, dise\u00f1o y producci\u00f3n hechos a medida de soluciones para el sector alimentario. Nuestras marcas BVT Dough Process Solutions, NewCap Industrial Handling...\" \/>\n<meta property=\"og:url\" content=\"https:\/\/www.verhoevenfamily.com\/es\/quienes-somos-bef\/\" \/>\n<meta property=\"og:site_name\" content=\"Verhoeven Family\" \/>\n<meta property=\"article:modified_time\" content=\"2020-07-07T09:25:02+00:00\" \/>\n<meta property=\"og:image\" content=\"https:\/\/www.verhoevenfamily.com\/wp-content\/uploads\/2020\/04\/Newcap_GlockenbrotVacuumCooler.png\" \/>\n<meta name=\"twitter:card\" content=\"summary_large_image\" \/>\n<meta name=\"twitter:label1\" content=\"Tiempo de lectura\" \/>\n\t<meta name=\"twitter:data1\" content=\"1 minuto\" \/>\n<script type=\"application\/ld+json\" class=\"yoast-schema-graph\">{\"@context\":\"https:\\\/\\\/schema.org\",\"@graph\":[{\"@type\":\"WebPage\",\"@id\":\"https:\\\/\\\/www.verhoevenfamily.com\\\/es\\\/quienes-somos-bef\\\/\",\"url\":\"https:\\\/\\\/www.verhoevenfamily.com\\\/es\\\/quienes-somos-bef\\\/\",\"name\":\"Qui\u00e9nes somos bef - Verhoeven Family\",\"isPartOf\":{\"@id\":\"https:\\\/\\\/www.verhoevenfamily.com\\\/es\\\/#website\"},\"primaryImageOfPage\":{\"@id\":\"https:\\\/\\\/www.verhoevenfamily.com\\\/es\\\/quienes-somos-bef\\\/#primaryimage\"},\"image\":{\"@id\":\"https:\\\/\\\/www.verhoevenfamily.com\\\/es\\\/quienes-somos-bef\\\/#primaryimage\"},\"thumbnailUrl\":\"https:\\\/\\\/www.verhoevenfamily.com\\\/wp-content\\\/uploads\\\/2020\\\/04\\\/Newcap_GlockenbrotVacuumCooler.png\",\"datePublished\":\"2020-06-23T08:15:06+00:00\",\"dateModified\":\"2020-07-07T09:25:02+00:00\",\"breadcrumb\":{\"@id\":\"https:\\\/\\\/www.verhoevenfamily.com\\\/es\\\/quienes-somos-bef\\\/#breadcrumb\"},\"inLanguage\":\"es\",\"potentialAction\":[{\"@type\":\"ReadAction\",\"target\":[\"https:\\\/\\\/www.verhoevenfamily.com\\\/es\\\/quienes-somos-bef\\\/\"]}]},{\"@type\":\"ImageObject\",\"inLanguage\":\"es\",\"@id\":\"https:\\\/\\\/www.verhoevenfamily.com\\\/es\\\/quienes-somos-bef\\\/#primaryimage\",\"url\":\"https:\\\/\\\/www.verhoevenfamily.com\\\/wp-content\\\/uploads\\\/2020\\\/04\\\/Newcap_GlockenbrotVacuumCooler.png\",\"contentUrl\":\"https:\\\/\\\/www.verhoevenfamily.com\\\/wp-content\\\/uploads\\\/2020\\\/04\\\/Newcap_GlockenbrotVacuumCooler.png\"},{\"@type\":\"BreadcrumbList\",\"@id\":\"https:\\\/\\\/www.verhoevenfamily.com\\\/es\\\/quienes-somos-bef\\\/#breadcrumb\",\"itemListElement\":[{\"@type\":\"ListItem\",\"position\":1,\"name\":\"Home\",\"item\":\"https:\\\/\\\/www.verhoevenfamily.com\\\/es\\\/\"},{\"@type\":\"ListItem\",\"position\":2,\"name\":\"Qui\u00e9nes somos bef\"}]},{\"@type\":\"WebSite\",\"@id\":\"https:\\\/\\\/www.verhoevenfamily.com\\\/es\\\/#website\",\"url\":\"https:\\\/\\\/www.verhoevenfamily.com\\\/es\\\/\",\"name\":\"Verhoeven Family\",\"description\":\"Verhoeven Family website\",\"potentialAction\":[{\"@type\":\"SearchAction\",\"target\":{\"@type\":\"EntryPoint\",\"urlTemplate\":\"https:\\\/\\\/www.verhoevenfamily.com\\\/es\\\/?s={search_term_string}\"},\"query-input\":{\"@type\":\"PropertyValueSpecification\",\"valueRequired\":true,\"valueName\":\"search_term_string\"}}],\"inLanguage\":\"es\"}]}<\/script>\n<!-- \/ Yoast SEO Premium plugin. -->","yoast_head_json":{"title":"Qui\u00e9nes somos bef - Verhoeven Family","robots":{"index":"index","follow":"follow","max-snippet":"max-snippet:-1","max-image-preview":"max-image-preview:large","max-video-preview":"max-video-preview:-1"},"canonical":"https:\/\/www.verhoevenfamily.com\/es\/quienes-somos-bef\/","og_locale":"es_ES","og_type":"article","og_title":"Qui\u00e9nes somos bef","og_description":"IT\u2019S ALL IN THE FAMILY we make to bake\u200b Verhoeven Bakery Equipment Family cuenta con una larga historia llena de \u00e9xito en el desarrollo, dise\u00f1o y producci\u00f3n hechos a medida de soluciones para el sector alimentario. Nuestras marcas BVT Dough Process Solutions, NewCap Industrial Handling...","og_url":"https:\/\/www.verhoevenfamily.com\/es\/quienes-somos-bef\/","og_site_name":"Verhoeven Family","article_modified_time":"2020-07-07T09:25:02+00:00","og_image":[{"url":"https:\/\/www.verhoevenfamily.com\/wp-content\/uploads\/2020\/04\/Newcap_GlockenbrotVacuumCooler.png","type":"","width":"","height":""}],"twitter_card":"summary_large_image","twitter_misc":{"Tiempo de lectura":"1 minuto"},"schema":{"@context":"https:\/\/schema.org","@graph":[{"@type":"WebPage","@id":"https:\/\/www.verhoevenfamily.com\/es\/quienes-somos-bef\/","url":"https:\/\/www.verhoevenfamily.com\/es\/quienes-somos-bef\/","name":"Qui\u00e9nes somos bef - Verhoeven Family","isPartOf":{"@id":"https:\/\/www.verhoevenfamily.com\/es\/#website"},"primaryImageOfPage":{"@id":"https:\/\/www.verhoevenfamily.com\/es\/quienes-somos-bef\/#primaryimage"},"image":{"@id":"https:\/\/www.verhoevenfamily.com\/es\/quienes-somos-bef\/#primaryimage"},"thumbnailUrl":"https:\/\/www.verhoevenfamily.com\/wp-content\/uploads\/2020\/04\/Newcap_GlockenbrotVacuumCooler.png","datePublished":"2020-06-23T08:15:06+00:00","dateModified":"2020-07-07T09:25:02+00:00","breadcrumb":{"@id":"https:\/\/www.verhoevenfamily.com\/es\/quienes-somos-bef\/#breadcrumb"},"inLanguage":"es","potentialAction":[{"@type":"ReadAction","target":["https:\/\/www.verhoevenfamily.com\/es\/quienes-somos-bef\/"]}]},{"@type":"ImageObject","inLanguage":"es","@id":"https:\/\/www.verhoevenfamily.com\/es\/quienes-somos-bef\/#primaryimage","url":"https:\/\/www.verhoevenfamily.com\/wp-content\/uploads\/2020\/04\/Newcap_GlockenbrotVacuumCooler.png","contentUrl":"https:\/\/www.verhoevenfamily.com\/wp-content\/uploads\/2020\/04\/Newcap_GlockenbrotVacuumCooler.png"},{"@type":"BreadcrumbList","@id":"https:\/\/www.verhoevenfamily.com\/es\/quienes-somos-bef\/#breadcrumb","itemListElement":[{"@type":"ListItem","position":1,"name":"Home","item":"https:\/\/www.verhoevenfamily.com\/es\/"},{"@type":"ListItem","position":2,"name":"Qui\u00e9nes somos bef"}]},{"@type":"WebSite","@id":"https:\/\/www.verhoevenfamily.com\/es\/#website","url":"https:\/\/www.verhoevenfamily.com\/es\/","name":"Verhoeven Family","description":"Verhoeven Family website","potentialAction":[{"@type":"SearchAction","target":{"@type":"EntryPoint","urlTemplate":"https:\/\/www.verhoevenfamily.com\/es\/?s={search_term_string}"},"query-input":{"@type":"PropertyValueSpecification","valueRequired":true,"valueName":"search_term_string"}}],"inLanguage":"es"}]}},"_links":{"self":[{"href":"https:\/\/www.verhoevenfamily.com\/es\/wp-json\/wp\/v2\/pages\/2792","targetHints":{"allow":["GET"]}}],"collection":[{"href":"https:\/\/www.verhoevenfamily.com\/es\/wp-json\/wp\/v2\/pages"}],"about":[{"href":"https:\/\/www.verhoevenfamily.com\/es\/wp-json\/wp\/v2\/types\/page"}],"author":[{"embeddable":true,"href":"https:\/\/www.verhoevenfamily.com\/es\/wp-json\/wp\/v2\/users\/4"}],"replies":[{"embeddable":true,"href":"https:\/\/www.verhoevenfamily.com\/es\/wp-json\/wp\/v2\/comments?post=2792"}],"version-history":[{"count":0,"href":"https:\/\/www.verhoevenfamily.com\/es\/wp-json\/wp\/v2\/pages\/2792\/revisions"}],"wp:attachment":[{"href":"https:\/\/www.verhoevenfamily.com\/es\/wp-json\/wp\/v2\/media?parent=2792"}],"curies":[{"name":"wp","href":"https:\/\/api.w.org\/{rel}","templated":true}]}}