{"id":2943,"date":"2020-06-23T09:48:45","date_gmt":"2020-06-23T09:48:45","guid":{"rendered":"https:\/\/www.verhoevenfamily.com\/?page_id=2943"},"modified":"2020-10-07T07:45:09","modified_gmt":"2020-10-07T07:45:09","slug":"arbeiten-bei","status":"publish","type":"page","link":"https:\/\/www.verhoevenfamily.com\/de\/arbeiten-bei\/","title":{"rendered":"Arbeiten bei"},"content":{"rendered":"\t\t<div data-elementor-type=\"wp-page\" data-elementor-id=\"2943\" class=\"elementor elementor-2943 elementor-498\" data-elementor-post-type=\"page\">\n\t\t\t\t\t\t<section class=\"elementor-section elementor-top-section elementor-element elementor-element-dc9d900 elementor-section-boxed elementor-section-height-default elementor-section-height-default\" data-id=\"dc9d900\" data-element_type=\"section\" data-e-type=\"section\">\n\t\t\t\t\t\t<div class=\"elementor-container elementor-column-gap-default\">\n\t\t\t\t\t<div class=\"elementor-column elementor-col-100 elementor-top-column elementor-element elementor-element-54a8281\" data-id=\"54a8281\" data-element_type=\"column\" data-e-type=\"column\">\n\t\t\t<div class=\"elementor-widget-wrap\">\n\t\t\t\t\t\t\t<\/div>\n\t\t<\/div>\n\t\t\t\t\t<\/div>\n\t\t<\/section>\n\t\t\t\t<section class=\"elementor-section elementor-top-section elementor-element elementor-element-60f0718 elementor-section-boxed elementor-section-height-default elementor-section-height-default\" data-id=\"60f0718\" data-element_type=\"section\" data-e-type=\"section\">\n\t\t\t\t\t\t<div class=\"elementor-container elementor-column-gap-default\">\n\t\t\t\t\t<div class=\"elementor-column elementor-col-100 elementor-top-column elementor-element elementor-element-ecc2390\" data-id=\"ecc2390\" data-element_type=\"column\" data-e-type=\"column\">\n\t\t\t<div class=\"elementor-widget-wrap\">\n\t\t\t\t\t\t\t<\/div>\n\t\t<\/div>\n\t\t\t\t\t<\/div>\n\t\t<\/section>\n\t\t\t\t<section class=\"elementor-section elementor-top-section elementor-element elementor-element-0e4936b elementor-section-boxed elementor-section-height-default elementor-section-height-default\" data-id=\"0e4936b\" data-element_type=\"section\" data-e-type=\"section\">\n\t\t\t\t\t\t<div class=\"elementor-container elementor-column-gap-default\">\n\t\t\t\t\t<div class=\"elementor-column elementor-col-33 elementor-top-column elementor-element elementor-element-ed86169\" data-id=\"ed86169\" data-element_type=\"column\" data-e-type=\"column\">\n\t\t\t<div class=\"elementor-widget-wrap\">\n\t\t\t\t\t\t\t<\/div>\n\t\t<\/div>\n\t\t\t\t<div class=\"elementor-column elementor-col-33 elementor-top-column elementor-element elementor-element-0b7c4bd\" data-id=\"0b7c4bd\" data-element_type=\"column\" data-e-type=\"column\">\n\t\t\t<div class=\"elementor-widget-wrap elementor-element-populated\">\n\t\t\t\t\t\t<div class=\"elementor-element elementor-element-f977936 din elementor-widget elementor-widget-heading\" data-id=\"f977936\" data-element_type=\"widget\" data-e-type=\"widget\" data-widget_type=\"heading.default\">\n\t\t\t\t<div class=\"elementor-widget-container\">\n\t\t\t\t\t<h2 class=\"elementor-heading-title elementor-size-default\">M\u00f6chten Sie ebenfalls Mitglied der Verhoeven Family werden?<\/h2>\t\t\t\t<\/div>\n\t\t\t\t<\/div>\n\t\t\t\t<div class=\"elementor-element elementor-element-784dbe3 elementor-widget elementor-widget-text-editor\" data-id=\"784dbe3\" data-element_type=\"widget\" data-e-type=\"widget\" data-widget_type=\"text-editor.default\">\n\t\t\t\t<div class=\"elementor-widget-container\">\n\t\t\t\t\t\t\t\t\t<p>Die Verhoeven Family of Companies ist ein etabliertes, hochinnovatives Unternehmen, das die neuesten Technologien einsetzt, um die Bed\u00fcrfnisse ihrer Kunden zu erf\u00fcllen. Was jedoch wirklich dieses Unternehmen zu einem Erfolg macht, und durch was es sich von anderen unterscheiden l\u00e4sst, sind seine Mitarbeiter, \u201edie Menschen hinter den Maschinen\u201c. Die Mitglieder der Verhoeven Familie sind die eigentliche treibende Kraft in der Organisation. Der Schl\u00fcssel ist neben der Kundenzufriedenheit auch die Mitarbeiterzufriedenheit. Wir legen besonderen Wert auf die berufliche und pers\u00f6nliche Entwicklung unseres Personals, was auch zur Schaffung einer gro\u00dfartigen Arbeitsatmosph\u00e4re beitr\u00e4gt.<\/p><p>\u00a0<\/p><p>Wenn Sie zu Verhoeven kommen, werden Sie Teil eines weltweit operierenden Unternehmens, das wie eine gro\u00dfe Familie f\u00fchlt und arbeitet, in der es um die Menschen und starke Familienwerte geht. Sie sind Teil eines stolzen und engagierten Teams mit einer sachlichen, praxisnahen Mentalit\u00e4t und einer offenen und flexiblen Einstellung. Ein kundenorientiertes Team, das sich daf\u00fcr einsetzt, gemeinsame Anstrengungen zu unternehmen, Wissen auszutauschen, sich gegenseitig zu unterst\u00fctzen und Kunden und Besuchern das Gef\u00fchl zu geben, als besondere Familieng\u00e4ste willkommen zu sein. Ein Team von motivierten und kreativen Menschen, die in einem professionellen, warmherzigen Umfeld arbeiten, ihre Leidenschaft teilen und sie rund um den Globus verbreiten. Bei Verhoeven k\u00f6nnen Sie zu der Person werden, die <em>Sie<\/em> sein m\u00f6chten.<\/p><p>\u00a0<\/p><p>M\u00f6chten Sie Mitglied unserer Verhoeven Family werden? Dann kommen Sie zu unserem Team!<\/p>\t\t\t\t\t\t\t\t<\/div>\n\t\t\t\t<\/div>\n\t\t\t\t\t<\/div>\n\t\t<\/div>\n\t\t\t\t<div class=\"elementor-column elementor-col-33 elementor-top-column elementor-element elementor-element-c26a604\" data-id=\"c26a604\" data-element_type=\"column\" data-e-type=\"column\">\n\t\t\t<div class=\"elementor-widget-wrap\">\n\t\t\t\t\t\t\t<\/div>\n\t\t<\/div>\n\t\t\t\t\t<\/div>\n\t\t<\/section>\n\t\t\t\t<section class=\"elementor-section elementor-top-section elementor-element elementor-element-4aa6102 elementor-section-boxed elementor-section-height-default elementor-section-height-default\" data-id=\"4aa6102\" data-element_type=\"section\" data-e-type=\"section\">\n\t\t\t\t\t\t<div class=\"elementor-container elementor-column-gap-default\">\n\t\t\t\t\t<div class=\"elementor-column elementor-col-100 elementor-top-column elementor-element elementor-element-c7abaa7\" data-id=\"c7abaa7\" data-element_type=\"column\" data-e-type=\"column\">\n\t\t\t<div class=\"elementor-widget-wrap elementor-element-populated\">\n\t\t\t\t\t\t<div class=\"elementor-element elementor-element-e0916cd elementor-widget-divider--view-line elementor-widget elementor-widget-divider\" data-id=\"e0916cd\" data-element_type=\"widget\" data-e-type=\"widget\" data-widget_type=\"divider.default\">\n\t\t\t\t<div class=\"elementor-widget-container\">\n\t\t\t\t\t\t\t<div class=\"elementor-divider\">\n\t\t\t<span class=\"elementor-divider-separator\">\n\t\t\t\t\t\t<\/span>\n\t\t<\/div>\n\t\t\t\t\t\t<\/div>\n\t\t\t\t<\/div>\n\t\t\t\t\t<\/div>\n\t\t<\/div>\n\t\t\t\t\t<\/div>\n\t\t<\/section>\n\t\t\t\t<\/div>\n\t\t","protected":false},"excerpt":{"rendered":"<p>M\u00f6chten Sie ebenfalls Mitglied der Verhoeven Family werden? Die Verhoeven Family of Companies ist ein etabliertes, hochinnovatives Unternehmen, das die neuesten Technologien einsetzt, um die Bed\u00fcrfnisse ihrer Kunden zu erf\u00fcllen. Was jedoch wirklich dieses Unternehmen zu einem Erfolg macht, und durch was es sich von&#8230;<\/p>\n","protected":false},"author":4,"featured_media":0,"parent":0,"menu_order":0,"comment_status":"closed","ping_status":"closed","template":"","meta":{"footnotes":""},"class_list":["post-2943","page","type-page","status-publish","hentry"],"yoast_head":"<!-- This site is optimized with the Yoast SEO Premium plugin v27.5 (Yoast SEO v27.5) - https:\/\/yoast.com\/product\/yoast-seo-premium-wordpress\/ -->\n<title>Arbeiten bei - Verhoeven Family<\/title>\n<meta name=\"robots\" content=\"index, follow, max-snippet:-1, max-image-preview:large, max-video-preview:-1\" \/>\n<link rel=\"canonical\" href=\"https:\/\/www.verhoevenfamily.com\/de\/arbeiten-bei\/\" \/>\n<meta property=\"og:locale\" content=\"de_DE\" \/>\n<meta property=\"og:type\" content=\"article\" \/>\n<meta property=\"og:title\" content=\"Arbeiten bei\" \/>\n<meta property=\"og:description\" content=\"M\u00f6chten Sie ebenfalls Mitglied der Verhoeven Family werden? Die Verhoeven Family of Companies ist ein etabliertes, hochinnovatives Unternehmen, das die neuesten Technologien einsetzt, um die Bed\u00fcrfnisse ihrer Kunden zu erf\u00fcllen. Was jedoch wirklich dieses Unternehmen zu einem Erfolg macht, und durch was es sich von...\" \/>\n<meta property=\"og:url\" content=\"https:\/\/www.verhoevenfamily.com\/de\/arbeiten-bei\/\" \/>\n<meta property=\"og:site_name\" content=\"Verhoeven Family\" \/>\n<meta property=\"article:modified_time\" content=\"2020-10-07T07:45:09+00:00\" \/>\n<meta name=\"twitter:card\" content=\"summary_large_image\" \/>\n<meta name=\"twitter:label1\" content=\"Gesch\u00e4tzte Lesezeit\" \/>\n\t<meta name=\"twitter:data1\" content=\"1\u00a0Minute\" \/>\n<script type=\"application\/ld+json\" class=\"yoast-schema-graph\">{\"@context\":\"https:\\\/\\\/schema.org\",\"@graph\":[{\"@type\":\"WebPage\",\"@id\":\"https:\\\/\\\/www.verhoevenfamily.com\\\/de\\\/arbeiten-bei\\\/\",\"url\":\"https:\\\/\\\/www.verhoevenfamily.com\\\/de\\\/arbeiten-bei\\\/\",\"name\":\"Arbeiten bei - Verhoeven Family\",\"isPartOf\":{\"@id\":\"https:\\\/\\\/www.verhoevenfamily.com\\\/de\\\/#website\"},\"datePublished\":\"2020-06-23T09:48:45+00:00\",\"dateModified\":\"2020-10-07T07:45:09+00:00\",\"breadcrumb\":{\"@id\":\"https:\\\/\\\/www.verhoevenfamily.com\\\/de\\\/arbeiten-bei\\\/#breadcrumb\"},\"inLanguage\":\"de\",\"potentialAction\":[{\"@type\":\"ReadAction\",\"target\":[\"https:\\\/\\\/www.verhoevenfamily.com\\\/de\\\/arbeiten-bei\\\/\"]}]},{\"@type\":\"BreadcrumbList\",\"@id\":\"https:\\\/\\\/www.verhoevenfamily.com\\\/de\\\/arbeiten-bei\\\/#breadcrumb\",\"itemListElement\":[{\"@type\":\"ListItem\",\"position\":1,\"name\":\"Home\",\"item\":\"https:\\\/\\\/www.verhoevenfamily.com\\\/de\\\/\"},{\"@type\":\"ListItem\",\"position\":2,\"name\":\"Arbeiten bei\"}]},{\"@type\":\"WebSite\",\"@id\":\"https:\\\/\\\/www.verhoevenfamily.com\\\/de\\\/#website\",\"url\":\"https:\\\/\\\/www.verhoevenfamily.com\\\/de\\\/\",\"name\":\"Verhoeven Family\",\"description\":\"Verhoeven Family website\",\"potentialAction\":[{\"@type\":\"SearchAction\",\"target\":{\"@type\":\"EntryPoint\",\"urlTemplate\":\"https:\\\/\\\/www.verhoevenfamily.com\\\/de\\\/?s={search_term_string}\"},\"query-input\":{\"@type\":\"PropertyValueSpecification\",\"valueRequired\":true,\"valueName\":\"search_term_string\"}}],\"inLanguage\":\"de\"}]}<\/script>\n<!-- \/ Yoast SEO Premium plugin. -->","yoast_head_json":{"title":"Arbeiten bei - Verhoeven Family","robots":{"index":"index","follow":"follow","max-snippet":"max-snippet:-1","max-image-preview":"max-image-preview:large","max-video-preview":"max-video-preview:-1"},"canonical":"https:\/\/www.verhoevenfamily.com\/de\/arbeiten-bei\/","og_locale":"de_DE","og_type":"article","og_title":"Arbeiten bei","og_description":"M\u00f6chten Sie ebenfalls Mitglied der Verhoeven Family werden? Die Verhoeven Family of Companies ist ein etabliertes, hochinnovatives Unternehmen, das die neuesten Technologien einsetzt, um die Bed\u00fcrfnisse ihrer Kunden zu erf\u00fcllen. Was jedoch wirklich dieses Unternehmen zu einem Erfolg macht, und durch was es sich von...","og_url":"https:\/\/www.verhoevenfamily.com\/de\/arbeiten-bei\/","og_site_name":"Verhoeven Family","article_modified_time":"2020-10-07T07:45:09+00:00","twitter_card":"summary_large_image","twitter_misc":{"Gesch\u00e4tzte Lesezeit":"1\u00a0Minute"},"schema":{"@context":"https:\/\/schema.org","@graph":[{"@type":"WebPage","@id":"https:\/\/www.verhoevenfamily.com\/de\/arbeiten-bei\/","url":"https:\/\/www.verhoevenfamily.com\/de\/arbeiten-bei\/","name":"Arbeiten bei - Verhoeven Family","isPartOf":{"@id":"https:\/\/www.verhoevenfamily.com\/de\/#website"},"datePublished":"2020-06-23T09:48:45+00:00","dateModified":"2020-10-07T07:45:09+00:00","breadcrumb":{"@id":"https:\/\/www.verhoevenfamily.com\/de\/arbeiten-bei\/#breadcrumb"},"inLanguage":"de","potentialAction":[{"@type":"ReadAction","target":["https:\/\/www.verhoevenfamily.com\/de\/arbeiten-bei\/"]}]},{"@type":"BreadcrumbList","@id":"https:\/\/www.verhoevenfamily.com\/de\/arbeiten-bei\/#breadcrumb","itemListElement":[{"@type":"ListItem","position":1,"name":"Home","item":"https:\/\/www.verhoevenfamily.com\/de\/"},{"@type":"ListItem","position":2,"name":"Arbeiten bei"}]},{"@type":"WebSite","@id":"https:\/\/www.verhoevenfamily.com\/de\/#website","url":"https:\/\/www.verhoevenfamily.com\/de\/","name":"Verhoeven Family","description":"Verhoeven Family website","potentialAction":[{"@type":"SearchAction","target":{"@type":"EntryPoint","urlTemplate":"https:\/\/www.verhoevenfamily.com\/de\/?s={search_term_string}"},"query-input":{"@type":"PropertyValueSpecification","valueRequired":true,"valueName":"search_term_string"}}],"inLanguage":"de"}]}},"_links":{"self":[{"href":"https:\/\/www.verhoevenfamily.com\/de\/wp-json\/wp\/v2\/pages\/2943","targetHints":{"allow":["GET"]}}],"collection":[{"href":"https:\/\/www.verhoevenfamily.com\/de\/wp-json\/wp\/v2\/pages"}],"about":[{"href":"https:\/\/www.verhoevenfamily.com\/de\/wp-json\/wp\/v2\/types\/page"}],"author":[{"embeddable":true,"href":"https:\/\/www.verhoevenfamily.com\/de\/wp-json\/wp\/v2\/users\/4"}],"replies":[{"embeddable":true,"href":"https:\/\/www.verhoevenfamily.com\/de\/wp-json\/wp\/v2\/comments?post=2943"}],"version-history":[{"count":0,"href":"https:\/\/www.verhoevenfamily.com\/de\/wp-json\/wp\/v2\/pages\/2943\/revisions"}],"wp:attachment":[{"href":"https:\/\/www.verhoevenfamily.com\/de\/wp-json\/wp\/v2\/media?parent=2943"}],"curies":[{"name":"wp","href":"https:\/\/api.w.org\/{rel}","templated":true}]}}