{"id":2937,"date":"2020-06-23T09:43:36","date_gmt":"2020-06-23T09:43:36","guid":{"rendered":"https:\/\/www.verhoevenfamily.com\/?page_id=2937"},"modified":"2026-03-06T09:22:43","modified_gmt":"2026-03-06T08:22:43","slug":"systemintegration-schluesselfertige-projekte","status":"publish","type":"page","link":"https:\/\/www.verhoevenfamily.com\/de\/systemintegration-schluesselfertige-projekte\/","title":{"rendered":"Systemintegration &#038; schl\u00fcsselfertige Projekte"},"content":{"rendered":"\t\t<div data-elementor-type=\"wp-page\" data-elementor-id=\"2937\" class=\"elementor elementor-2937 elementor-881\" data-elementor-post-type=\"page\">\n\t\t\t\t\t\t<section class=\"elementor-section elementor-top-section elementor-element elementor-element-bf0a61e elementor-section-boxed elementor-section-height-default elementor-section-height-default\" data-id=\"bf0a61e\" data-element_type=\"section\" data-e-type=\"section\">\n\t\t\t\t\t\t<div class=\"elementor-container elementor-column-gap-default\">\n\t\t\t\t\t<div class=\"elementor-column elementor-col-100 elementor-top-column elementor-element elementor-element-69345d2\" data-id=\"69345d2\" data-element_type=\"column\" data-e-type=\"column\">\n\t\t\t<div class=\"elementor-widget-wrap\">\n\t\t\t\t\t\t\t<\/div>\n\t\t<\/div>\n\t\t\t\t\t<\/div>\n\t\t<\/section>\n\t\t\t\t<section class=\"elementor-section elementor-top-section elementor-element elementor-element-dea1c7e elementor-section-boxed elementor-section-height-default elementor-section-height-default\" data-id=\"dea1c7e\" data-element_type=\"section\" data-e-type=\"section\">\n\t\t\t\t\t\t<div class=\"elementor-container elementor-column-gap-default\">\n\t\t\t\t\t<div class=\"elementor-column elementor-col-50 elementor-top-column elementor-element elementor-element-74c5f7d\" data-id=\"74c5f7d\" data-element_type=\"column\" data-e-type=\"column\">\n\t\t\t<div class=\"elementor-widget-wrap elementor-element-populated\">\n\t\t\t\t\t\t<div class=\"elementor-element elementor-element-054ff70 din elementor-widget elementor-widget-heading\" data-id=\"054ff70\" data-element_type=\"widget\" data-e-type=\"widget\" data-widget_type=\"heading.default\">\n\t\t\t\t<div class=\"elementor-widget-container\">\n\t\t\t\t\t<h2 class=\"elementor-heading-title elementor-size-default\">Systemintegration &amp; schl\u00fcsselfertige Projekte<\/h2>\t\t\t\t<\/div>\n\t\t\t\t<\/div>\n\t\t\t\t<div class=\"elementor-element elementor-element-8bf7b2f elementor-widget elementor-widget-text-editor\" data-id=\"8bf7b2f\" data-element_type=\"widget\" data-e-type=\"widget\" data-widget_type=\"text-editor.default\">\n\t\t\t\t<div class=\"elementor-widget-container\">\n\t\t\t\t\t\t\t\t\t<p>Eine effiziente Systemintegration erfordert eine gr\u00fcndliche Kenntnis der Produktionsprozesse und der Komponenten, aus denen eine Produktionslinie aufgebaut wird. Wie kein anderer steht Ihnen die Verhoeven Material Handling Family als Partner f\u00fcr eine ma\u00dfgeschneiderte Systemintegration und Implementierung von Produktionslinien zur Seite.<\/p><p>\u00a0<\/p><p>Im gegenw\u00e4rtigen wirtschaftlichen Klima muss eine kosteneffiziente Produktion neue Wege finden, g\u00fcnstiger und effektiver zu produzieren. Dadurch werden Produktionslinien technisch immer komplizierter und zunehmend automatisiert. Die Verhoeven Material Handling Family bietet Ihnen eine vollst\u00e4ndige und integrierte L\u00f6sung, von halbautomatischen bis zu vollautomatischen Anlagen. Vom Konzept bis zur Detailtechnik, \u00fcber die Montage der Maschine bis zur Inbetriebnahme an Ihrem Produktionsstandort. Sowohl f\u00fcr die Lebensmittel- als auch Non-Food-Herstellung.<\/p><p>\u00a0<\/p><p>Wir haben jahrzehntelange Erfahrung mit der vollst\u00e4ndigen Systemintegration in der Lebensmittel- und Non-Food-Industrie. Denken Sie dabei an Systeme zum Verpacken, Wiegen, Pr\u00fcfen und Etikettieren. Wir bieten Non-Food-L\u00f6sungen wie S\u00e4gen, Schleifen, Kleben, Lackieren, Trocknen, Heizen und K\u00fchlen. Dazu kommen L\u00f6sungen f\u00fcr die Stadien der Lebensmittelproduktion wie G\u00e4ren, Heizen, Backen, K\u00fchlen und Tief K\u00fchlen.<\/p><p>\u00a0<\/p><p>Wir bieten Ihnen bereits bestehende A-Markenmodule, unsere eigenen entwickelten und angewandten Verhoeven-Module, die eine ausgezeichnete Service-Reputation haben (Configure to Order) oder neue, f\u00fcr Sie ma\u00dfgeschneiderte Module (Engineer to Order).<\/p><p>\u00a0<\/p><p>Ihre End-of-Line-Lebensmittel- oder Non-Food-Verpackungen wird vervollst\u00e4ndigt mit L\u00f6sungen wie Box- oder Tray-Einstecken, Flow-Packing, Aufbringen von Schrumpffolien, Banding- und Palettenverpackungen. All dies basiert auf einer zentralen Steuerung mit Mensch-Maschine-Schnittstelle und direkten Links zu Ihrer B\u00fcroautomation.<\/p><p>\u00a0<\/p><p>M\u00f6chten Sie herausfinden, wie die Verhoeven Material Handling Family dazu beitragen kann, die Integration Ihrer Lebensmittel- oder Non-Food-Systeme zu st\u00e4rken und zu verbessern? <a href=\"https:\/\/www.verhoevenfamily.com\/de\/kontakt\/\">Kontaktieren<\/a> Sie uns noch heute f\u00fcr weitere Informationen!<\/p>\t\t\t\t\t\t\t\t<\/div>\n\t\t\t\t<\/div>\n\t\t\t\t\t<\/div>\n\t\t<\/div>\n\t\t\t\t<div class=\"elementor-column elementor-col-50 elementor-top-column elementor-element elementor-element-beba162\" data-id=\"beba162\" data-element_type=\"column\" data-e-type=\"column\">\n\t\t\t<div class=\"elementor-widget-wrap\">\n\t\t\t\t\t\t\t<\/div>\n\t\t<\/div>\n\t\t\t\t\t<\/div>\n\t\t<\/section>\n\t\t\t\t<section class=\"elementor-section elementor-top-section elementor-element elementor-element-a6562e4 elementor-section-boxed elementor-section-height-default elementor-section-height-default\" data-id=\"a6562e4\" data-element_type=\"section\" data-e-type=\"section\">\n\t\t\t\t\t\t<div class=\"elementor-container elementor-column-gap-default\">\n\t\t\t\t\t<div class=\"elementor-column elementor-col-100 elementor-top-column elementor-element elementor-element-96b8a91\" data-id=\"96b8a91\" data-element_type=\"column\" data-e-type=\"column\">\n\t\t\t<div class=\"elementor-widget-wrap elementor-element-populated\">\n\t\t\t\t\t\t<div class=\"elementor-element elementor-element-3e70181 elementor-widget elementor-widget-spacer\" data-id=\"3e70181\" data-element_type=\"widget\" data-e-type=\"widget\" data-widget_type=\"spacer.default\">\n\t\t\t\t<div class=\"elementor-widget-container\">\n\t\t\t\t\t\t\t<div class=\"elementor-spacer\">\n\t\t\t<div class=\"elementor-spacer-inner\"><\/div>\n\t\t<\/div>\n\t\t\t\t\t\t<\/div>\n\t\t\t\t<\/div>\n\t\t\t\t\t<\/div>\n\t\t<\/div>\n\t\t\t\t\t<\/div>\n\t\t<\/section>\n\t\t\t\t<\/div>\n\t\t","protected":false},"excerpt":{"rendered":"<p>Systemintegration &amp; schl\u00fcsselfertige Projekte Eine effiziente Systemintegration erfordert eine gr\u00fcndliche Kenntnis der Produktionsprozesse und der Komponenten, aus denen eine Produktionslinie aufgebaut wird. Wie kein anderer steht Ihnen die Verhoeven Material Handling Family als Partner f\u00fcr eine ma\u00dfgeschneiderte Systemintegration und Implementierung von Produktionslinien zur Seite. \u00a0&#8230;<\/p>\n","protected":false},"author":4,"featured_media":0,"parent":0,"menu_order":0,"comment_status":"closed","ping_status":"closed","template":"","meta":{"footnotes":""},"class_list":["post-2937","page","type-page","status-publish","hentry"],"yoast_head":"<!-- This site is optimized with the Yoast SEO Premium plugin v27.4 (Yoast SEO v27.4) - https:\/\/yoast.com\/product\/yoast-seo-premium-wordpress\/ -->\n<title>Systemintegration &amp; schl\u00fcsselfertige Projekte - Verhoeven Family<\/title>\n<meta name=\"robots\" content=\"index, follow, max-snippet:-1, max-image-preview:large, max-video-preview:-1\" \/>\n<link rel=\"canonical\" href=\"https:\/\/www.verhoevenfamily.com\/de\/systemintegration-schluesselfertige-projekte\/\" \/>\n<meta property=\"og:locale\" content=\"de_DE\" \/>\n<meta property=\"og:type\" content=\"article\" \/>\n<meta property=\"og:title\" content=\"Systemintegration &amp; schl\u00fcsselfertige Projekte\" \/>\n<meta property=\"og:description\" content=\"Systemintegration &amp; schl\u00fcsselfertige Projekte Eine effiziente Systemintegration erfordert eine gr\u00fcndliche Kenntnis der Produktionsprozesse und der Komponenten, aus denen eine Produktionslinie aufgebaut wird. Wie kein anderer steht Ihnen die Verhoeven Material Handling Family als Partner f\u00fcr eine ma\u00dfgeschneiderte Systemintegration und Implementierung von Produktionslinien zur Seite. \u00a0...\" \/>\n<meta property=\"og:url\" content=\"https:\/\/www.verhoevenfamily.com\/de\/systemintegration-schluesselfertige-projekte\/\" \/>\n<meta property=\"og:site_name\" content=\"Verhoeven Family\" \/>\n<meta property=\"article:modified_time\" content=\"2026-03-06T08:22:43+00:00\" \/>\n<meta name=\"twitter:card\" content=\"summary_large_image\" \/>\n<meta name=\"twitter:label1\" content=\"Gesch\u00e4tzte Lesezeit\" \/>\n\t<meta name=\"twitter:data1\" content=\"2\u00a0Minuten\" \/>\n<script type=\"application\/ld+json\" class=\"yoast-schema-graph\">{\"@context\":\"https:\\\/\\\/schema.org\",\"@graph\":[{\"@type\":\"WebPage\",\"@id\":\"https:\\\/\\\/www.verhoevenfamily.com\\\/de\\\/systemintegration-schluesselfertige-projekte\\\/\",\"url\":\"https:\\\/\\\/www.verhoevenfamily.com\\\/de\\\/systemintegration-schluesselfertige-projekte\\\/\",\"name\":\"Systemintegration & schl\u00fcsselfertige Projekte - Verhoeven Family\",\"isPartOf\":{\"@id\":\"https:\\\/\\\/www.verhoevenfamily.com\\\/de\\\/#website\"},\"datePublished\":\"2020-06-23T09:43:36+00:00\",\"dateModified\":\"2026-03-06T08:22:43+00:00\",\"breadcrumb\":{\"@id\":\"https:\\\/\\\/www.verhoevenfamily.com\\\/de\\\/systemintegration-schluesselfertige-projekte\\\/#breadcrumb\"},\"inLanguage\":\"de\",\"potentialAction\":[{\"@type\":\"ReadAction\",\"target\":[\"https:\\\/\\\/www.verhoevenfamily.com\\\/de\\\/systemintegration-schluesselfertige-projekte\\\/\"]}]},{\"@type\":\"BreadcrumbList\",\"@id\":\"https:\\\/\\\/www.verhoevenfamily.com\\\/de\\\/systemintegration-schluesselfertige-projekte\\\/#breadcrumb\",\"itemListElement\":[{\"@type\":\"ListItem\",\"position\":1,\"name\":\"Home\",\"item\":\"https:\\\/\\\/www.verhoevenfamily.com\\\/de\\\/\"},{\"@type\":\"ListItem\",\"position\":2,\"name\":\"Systemintegration &#038; schl\u00fcsselfertige Projekte\"}]},{\"@type\":\"WebSite\",\"@id\":\"https:\\\/\\\/www.verhoevenfamily.com\\\/de\\\/#website\",\"url\":\"https:\\\/\\\/www.verhoevenfamily.com\\\/de\\\/\",\"name\":\"Verhoeven Family\",\"description\":\"Verhoeven Family website\",\"potentialAction\":[{\"@type\":\"SearchAction\",\"target\":{\"@type\":\"EntryPoint\",\"urlTemplate\":\"https:\\\/\\\/www.verhoevenfamily.com\\\/de\\\/?s={search_term_string}\"},\"query-input\":{\"@type\":\"PropertyValueSpecification\",\"valueRequired\":true,\"valueName\":\"search_term_string\"}}],\"inLanguage\":\"de\"}]}<\/script>\n<!-- \/ Yoast SEO Premium plugin. -->","yoast_head_json":{"title":"Systemintegration & schl\u00fcsselfertige Projekte - Verhoeven Family","robots":{"index":"index","follow":"follow","max-snippet":"max-snippet:-1","max-image-preview":"max-image-preview:large","max-video-preview":"max-video-preview:-1"},"canonical":"https:\/\/www.verhoevenfamily.com\/de\/systemintegration-schluesselfertige-projekte\/","og_locale":"de_DE","og_type":"article","og_title":"Systemintegration & schl\u00fcsselfertige Projekte","og_description":"Systemintegration &amp; schl\u00fcsselfertige Projekte Eine effiziente Systemintegration erfordert eine gr\u00fcndliche Kenntnis der Produktionsprozesse und der Komponenten, aus denen eine Produktionslinie aufgebaut wird. Wie kein anderer steht Ihnen die Verhoeven Material Handling Family als Partner f\u00fcr eine ma\u00dfgeschneiderte Systemintegration und Implementierung von Produktionslinien zur Seite. \u00a0...","og_url":"https:\/\/www.verhoevenfamily.com\/de\/systemintegration-schluesselfertige-projekte\/","og_site_name":"Verhoeven Family","article_modified_time":"2026-03-06T08:22:43+00:00","twitter_card":"summary_large_image","twitter_misc":{"Gesch\u00e4tzte Lesezeit":"2\u00a0Minuten"},"schema":{"@context":"https:\/\/schema.org","@graph":[{"@type":"WebPage","@id":"https:\/\/www.verhoevenfamily.com\/de\/systemintegration-schluesselfertige-projekte\/","url":"https:\/\/www.verhoevenfamily.com\/de\/systemintegration-schluesselfertige-projekte\/","name":"Systemintegration & schl\u00fcsselfertige Projekte - Verhoeven Family","isPartOf":{"@id":"https:\/\/www.verhoevenfamily.com\/de\/#website"},"datePublished":"2020-06-23T09:43:36+00:00","dateModified":"2026-03-06T08:22:43+00:00","breadcrumb":{"@id":"https:\/\/www.verhoevenfamily.com\/de\/systemintegration-schluesselfertige-projekte\/#breadcrumb"},"inLanguage":"de","potentialAction":[{"@type":"ReadAction","target":["https:\/\/www.verhoevenfamily.com\/de\/systemintegration-schluesselfertige-projekte\/"]}]},{"@type":"BreadcrumbList","@id":"https:\/\/www.verhoevenfamily.com\/de\/systemintegration-schluesselfertige-projekte\/#breadcrumb","itemListElement":[{"@type":"ListItem","position":1,"name":"Home","item":"https:\/\/www.verhoevenfamily.com\/de\/"},{"@type":"ListItem","position":2,"name":"Systemintegration &#038; schl\u00fcsselfertige Projekte"}]},{"@type":"WebSite","@id":"https:\/\/www.verhoevenfamily.com\/de\/#website","url":"https:\/\/www.verhoevenfamily.com\/de\/","name":"Verhoeven Family","description":"Verhoeven Family website","potentialAction":[{"@type":"SearchAction","target":{"@type":"EntryPoint","urlTemplate":"https:\/\/www.verhoevenfamily.com\/de\/?s={search_term_string}"},"query-input":{"@type":"PropertyValueSpecification","valueRequired":true,"valueName":"search_term_string"}}],"inLanguage":"de"}]}},"_links":{"self":[{"href":"https:\/\/www.verhoevenfamily.com\/de\/wp-json\/wp\/v2\/pages\/2937","targetHints":{"allow":["GET"]}}],"collection":[{"href":"https:\/\/www.verhoevenfamily.com\/de\/wp-json\/wp\/v2\/pages"}],"about":[{"href":"https:\/\/www.verhoevenfamily.com\/de\/wp-json\/wp\/v2\/types\/page"}],"author":[{"embeddable":true,"href":"https:\/\/www.verhoevenfamily.com\/de\/wp-json\/wp\/v2\/users\/4"}],"replies":[{"embeddable":true,"href":"https:\/\/www.verhoevenfamily.com\/de\/wp-json\/wp\/v2\/comments?post=2937"}],"version-history":[{"count":0,"href":"https:\/\/www.verhoevenfamily.com\/de\/wp-json\/wp\/v2\/pages\/2937\/revisions"}],"wp:attachment":[{"href":"https:\/\/www.verhoevenfamily.com\/de\/wp-json\/wp\/v2\/media?parent=2937"}],"curies":[{"name":"wp","href":"https:\/\/api.w.org\/{rel}","templated":true}]}}