{"id":2875,"date":"2020-06-23T09:25:34","date_gmt":"2020-06-23T09:25:34","guid":{"rendered":"https:\/\/www.verhoevenfamily.com\/?page_id=2875"},"modified":"2026-03-06T09:15:59","modified_gmt":"2026-03-06T08:15:59","slug":"industrielle-handhabung-und-foerdertechnik","status":"publish","type":"page","link":"https:\/\/www.verhoevenfamily.com\/de\/industrielle-handhabung-und-foerdertechnik\/","title":{"rendered":"Industrielle Handhabung Und F\u00f6rdertechnik"},"content":{"rendered":"\t\t<div data-elementor-type=\"wp-page\" data-elementor-id=\"2875\" class=\"elementor elementor-2875 elementor-879\" data-elementor-post-type=\"page\">\n\t\t\t\t\t\t<section class=\"elementor-section elementor-top-section elementor-element elementor-element-bf0a61e elementor-section-boxed elementor-section-height-default elementor-section-height-default\" data-id=\"bf0a61e\" data-element_type=\"section\" data-e-type=\"section\">\n\t\t\t\t\t\t<div class=\"elementor-container elementor-column-gap-default\">\n\t\t\t\t\t<div class=\"elementor-column elementor-col-100 elementor-top-column elementor-element elementor-element-69345d2\" data-id=\"69345d2\" data-element_type=\"column\" data-e-type=\"column\">\n\t\t\t<div class=\"elementor-widget-wrap\">\n\t\t\t\t\t\t\t<\/div>\n\t\t<\/div>\n\t\t\t\t\t<\/div>\n\t\t<\/section>\n\t\t\t\t<section class=\"elementor-section elementor-top-section elementor-element elementor-element-5f05ab9 elementor-section-boxed elementor-section-height-default elementor-section-height-default\" data-id=\"5f05ab9\" data-element_type=\"section\" data-e-type=\"section\">\n\t\t\t\t\t\t<div class=\"elementor-container elementor-column-gap-default\">\n\t\t\t\t\t<div class=\"elementor-column elementor-col-100 elementor-top-column elementor-element elementor-element-198812e\" data-id=\"198812e\" data-element_type=\"column\" data-e-type=\"column\">\n\t\t\t<div class=\"elementor-widget-wrap elementor-element-populated\">\n\t\t\t\t\t\t<div class=\"elementor-element elementor-element-054ff70 din elementor-widget elementor-widget-heading\" data-id=\"054ff70\" data-element_type=\"widget\" data-e-type=\"widget\" data-widget_type=\"heading.default\">\n\t\t\t\t<div class=\"elementor-widget-container\">\n\t\t\t\t\t<h2 class=\"elementor-heading-title elementor-size-default\">Industrielle Handhabung Und F\u00f6rdertechnik<\/h2>\t\t\t\t<\/div>\n\t\t\t\t<\/div>\n\t\t\t\t\t<\/div>\n\t\t<\/div>\n\t\t\t\t\t<\/div>\n\t\t<\/section>\n\t\t\t\t<section class=\"elementor-section elementor-top-section elementor-element elementor-element-dea1c7e elementor-section-boxed elementor-section-height-default elementor-section-height-default\" data-id=\"dea1c7e\" data-element_type=\"section\" data-e-type=\"section\">\n\t\t\t\t\t\t<div class=\"elementor-container elementor-column-gap-default\">\n\t\t\t\t\t<div class=\"elementor-column elementor-col-50 elementor-top-column elementor-element elementor-element-74c5f7d\" data-id=\"74c5f7d\" data-element_type=\"column\" data-e-type=\"column\">\n\t\t\t<div class=\"elementor-widget-wrap elementor-element-populated\">\n\t\t\t\t\t\t<div class=\"elementor-element elementor-element-fa6153b elementor-widget elementor-widget-text-editor\" data-id=\"fa6153b\" data-element_type=\"widget\" data-e-type=\"widget\" data-widget_type=\"text-editor.default\">\n\t\t\t\t<div class=\"elementor-widget-container\">\n\t\t\t\t\t\t\t\t\t<p>Bei der industriellen Handhabung geht es um den internen Transport von nicht standardm\u00e4\u00dfigen oder nicht-dimensional stabilen Produkten. Diese umfassen Stahlbauteile, Papierrollen, D\u00e4mm- und Baustoffe, Sch\u00fcttg\u00fcter und viele andere industrielle Anwendungen. Die industrielle Handhabung kann sehr schwere oder sehr gro\u00dfe Produkte beinhalten, die oftmals ungew\u00f6hnliche Formen und Gr\u00f6\u00dfen aufweisen.<\/p><p>\u00a0<\/p><p>Die Projektierung technisch robuster L\u00f6sungen ist etwas, f\u00fcr das unsere Ingenieure leben. Sie lieben die Herausforderung, Ihr Wissen und ihre Erfahrung f\u00fcr Ihren individuellen Industrieproduktionsbedarf<\/p><p>anzuwenden.<\/p><p>Ihre Bed\u00fcrfnisse und W\u00fcnsche, kombiniert mit unserem Wissen und unserer Erfahrung und der Tatsache, dass wir alles in unserer eigenen Fabrik entwerfen und herstellen k\u00f6nnen, garantieren Ihnen perfekt<\/p><p>passende ma\u00dfgeschneiderte L\u00f6sungen.<\/p><p>M\u00f6chten Sie mehr dar\u00fcber erfahren? Nehmen Sie noch heute <a href=\"https:\/\/www.verhoevenfamily.com\/de\/kontakt\/\">Kontakt<\/a> mit uns auf!<\/p>\t\t\t\t\t\t\t\t<\/div>\n\t\t\t\t<\/div>\n\t\t\t\t\t<\/div>\n\t\t<\/div>\n\t\t\t\t<div class=\"elementor-column elementor-col-50 elementor-top-column elementor-element elementor-element-a3f3fc7\" data-id=\"a3f3fc7\" data-element_type=\"column\" data-e-type=\"column\">\n\t\t\t<div class=\"elementor-widget-wrap\">\n\t\t\t\t\t\t\t<\/div>\n\t\t<\/div>\n\t\t\t\t\t<\/div>\n\t\t<\/section>\n\t\t\t\t<section class=\"elementor-section elementor-top-section elementor-element elementor-element-dfed336 elementor-section-boxed elementor-section-height-default elementor-section-height-default\" data-id=\"dfed336\" data-element_type=\"section\" data-e-type=\"section\">\n\t\t\t\t\t\t<div class=\"elementor-container elementor-column-gap-default\">\n\t\t\t\t\t<div class=\"elementor-column elementor-col-100 elementor-top-column elementor-element elementor-element-8e7e868\" data-id=\"8e7e868\" data-element_type=\"column\" data-e-type=\"column\">\n\t\t\t<div class=\"elementor-widget-wrap elementor-element-populated\">\n\t\t\t\t\t\t<div class=\"elementor-element elementor-element-296204f elementor-widget elementor-widget-spacer\" data-id=\"296204f\" data-element_type=\"widget\" data-e-type=\"widget\" data-widget_type=\"spacer.default\">\n\t\t\t\t<div class=\"elementor-widget-container\">\n\t\t\t\t\t\t\t<div class=\"elementor-spacer\">\n\t\t\t<div class=\"elementor-spacer-inner\"><\/div>\n\t\t<\/div>\n\t\t\t\t\t\t<\/div>\n\t\t\t\t<\/div>\n\t\t\t\t\t<\/div>\n\t\t<\/div>\n\t\t\t\t\t<\/div>\n\t\t<\/section>\n\t\t\t\t<\/div>\n\t\t","protected":false},"excerpt":{"rendered":"<p>Industrielle Handhabung Und F\u00f6rdertechnik Bei der industriellen Handhabung geht es um den internen Transport von nicht standardm\u00e4\u00dfigen oder nicht-dimensional stabilen Produkten. Diese umfassen Stahlbauteile, Papierrollen, D\u00e4mm- und Baustoffe, Sch\u00fcttg\u00fcter und viele andere industrielle Anwendungen. Die industrielle Handhabung kann sehr schwere oder sehr gro\u00dfe Produkte beinhalten,&#8230;<\/p>\n","protected":false},"author":4,"featured_media":0,"parent":0,"menu_order":0,"comment_status":"closed","ping_status":"closed","template":"","meta":{"footnotes":""},"class_list":["post-2875","page","type-page","status-publish","hentry"],"yoast_head":"<!-- This site is optimized with the Yoast SEO Premium plugin v27.4 (Yoast SEO v27.4) - https:\/\/yoast.com\/product\/yoast-seo-premium-wordpress\/ -->\n<title>Industrielle Handhabung Und F\u00f6rdertechnik - Verhoeven Family<\/title>\n<meta name=\"robots\" content=\"index, follow, max-snippet:-1, max-image-preview:large, max-video-preview:-1\" \/>\n<link rel=\"canonical\" href=\"https:\/\/www.verhoevenfamily.com\/de\/industrielle-handhabung-und-foerdertechnik\/\" \/>\n<meta property=\"og:locale\" content=\"de_DE\" \/>\n<meta property=\"og:type\" content=\"article\" \/>\n<meta property=\"og:title\" content=\"Industrielle Handhabung Und F\u00f6rdertechnik\" \/>\n<meta property=\"og:description\" content=\"Industrielle Handhabung Und F\u00f6rdertechnik Bei der industriellen Handhabung geht es um den internen Transport von nicht standardm\u00e4\u00dfigen oder nicht-dimensional stabilen Produkten. Diese umfassen Stahlbauteile, Papierrollen, D\u00e4mm- und Baustoffe, Sch\u00fcttg\u00fcter und viele andere industrielle Anwendungen. Die industrielle Handhabung kann sehr schwere oder sehr gro\u00dfe Produkte beinhalten,...\" \/>\n<meta property=\"og:url\" content=\"https:\/\/www.verhoevenfamily.com\/de\/industrielle-handhabung-und-foerdertechnik\/\" \/>\n<meta property=\"og:site_name\" content=\"Verhoeven Family\" \/>\n<meta property=\"article:modified_time\" content=\"2026-03-06T08:15:59+00:00\" \/>\n<meta name=\"twitter:card\" content=\"summary_large_image\" \/>\n<meta name=\"twitter:label1\" content=\"Gesch\u00e4tzte Lesezeit\" \/>\n\t<meta name=\"twitter:data1\" content=\"1\u00a0Minute\" \/>\n<script type=\"application\/ld+json\" class=\"yoast-schema-graph\">{\"@context\":\"https:\\\/\\\/schema.org\",\"@graph\":[{\"@type\":\"WebPage\",\"@id\":\"https:\\\/\\\/www.verhoevenfamily.com\\\/de\\\/industrielle-handhabung-und-foerdertechnik\\\/\",\"url\":\"https:\\\/\\\/www.verhoevenfamily.com\\\/de\\\/industrielle-handhabung-und-foerdertechnik\\\/\",\"name\":\"Industrielle Handhabung Und F\u00f6rdertechnik - Verhoeven Family\",\"isPartOf\":{\"@id\":\"https:\\\/\\\/www.verhoevenfamily.com\\\/de\\\/#website\"},\"datePublished\":\"2020-06-23T09:25:34+00:00\",\"dateModified\":\"2026-03-06T08:15:59+00:00\",\"breadcrumb\":{\"@id\":\"https:\\\/\\\/www.verhoevenfamily.com\\\/de\\\/industrielle-handhabung-und-foerdertechnik\\\/#breadcrumb\"},\"inLanguage\":\"de\",\"potentialAction\":[{\"@type\":\"ReadAction\",\"target\":[\"https:\\\/\\\/www.verhoevenfamily.com\\\/de\\\/industrielle-handhabung-und-foerdertechnik\\\/\"]}]},{\"@type\":\"BreadcrumbList\",\"@id\":\"https:\\\/\\\/www.verhoevenfamily.com\\\/de\\\/industrielle-handhabung-und-foerdertechnik\\\/#breadcrumb\",\"itemListElement\":[{\"@type\":\"ListItem\",\"position\":1,\"name\":\"Home\",\"item\":\"https:\\\/\\\/www.verhoevenfamily.com\\\/de\\\/\"},{\"@type\":\"ListItem\",\"position\":2,\"name\":\"Industrielle Handhabung Und F\u00f6rdertechnik\"}]},{\"@type\":\"WebSite\",\"@id\":\"https:\\\/\\\/www.verhoevenfamily.com\\\/de\\\/#website\",\"url\":\"https:\\\/\\\/www.verhoevenfamily.com\\\/de\\\/\",\"name\":\"Verhoeven Family\",\"description\":\"Verhoeven Family website\",\"potentialAction\":[{\"@type\":\"SearchAction\",\"target\":{\"@type\":\"EntryPoint\",\"urlTemplate\":\"https:\\\/\\\/www.verhoevenfamily.com\\\/de\\\/?s={search_term_string}\"},\"query-input\":{\"@type\":\"PropertyValueSpecification\",\"valueRequired\":true,\"valueName\":\"search_term_string\"}}],\"inLanguage\":\"de\"}]}<\/script>\n<!-- \/ Yoast SEO Premium plugin. -->","yoast_head_json":{"title":"Industrielle Handhabung Und F\u00f6rdertechnik - Verhoeven Family","robots":{"index":"index","follow":"follow","max-snippet":"max-snippet:-1","max-image-preview":"max-image-preview:large","max-video-preview":"max-video-preview:-1"},"canonical":"https:\/\/www.verhoevenfamily.com\/de\/industrielle-handhabung-und-foerdertechnik\/","og_locale":"de_DE","og_type":"article","og_title":"Industrielle Handhabung Und F\u00f6rdertechnik","og_description":"Industrielle Handhabung Und F\u00f6rdertechnik Bei der industriellen Handhabung geht es um den internen Transport von nicht standardm\u00e4\u00dfigen oder nicht-dimensional stabilen Produkten. Diese umfassen Stahlbauteile, Papierrollen, D\u00e4mm- und Baustoffe, Sch\u00fcttg\u00fcter und viele andere industrielle Anwendungen. Die industrielle Handhabung kann sehr schwere oder sehr gro\u00dfe Produkte beinhalten,...","og_url":"https:\/\/www.verhoevenfamily.com\/de\/industrielle-handhabung-und-foerdertechnik\/","og_site_name":"Verhoeven Family","article_modified_time":"2026-03-06T08:15:59+00:00","twitter_card":"summary_large_image","twitter_misc":{"Gesch\u00e4tzte Lesezeit":"1\u00a0Minute"},"schema":{"@context":"https:\/\/schema.org","@graph":[{"@type":"WebPage","@id":"https:\/\/www.verhoevenfamily.com\/de\/industrielle-handhabung-und-foerdertechnik\/","url":"https:\/\/www.verhoevenfamily.com\/de\/industrielle-handhabung-und-foerdertechnik\/","name":"Industrielle Handhabung Und F\u00f6rdertechnik - Verhoeven Family","isPartOf":{"@id":"https:\/\/www.verhoevenfamily.com\/de\/#website"},"datePublished":"2020-06-23T09:25:34+00:00","dateModified":"2026-03-06T08:15:59+00:00","breadcrumb":{"@id":"https:\/\/www.verhoevenfamily.com\/de\/industrielle-handhabung-und-foerdertechnik\/#breadcrumb"},"inLanguage":"de","potentialAction":[{"@type":"ReadAction","target":["https:\/\/www.verhoevenfamily.com\/de\/industrielle-handhabung-und-foerdertechnik\/"]}]},{"@type":"BreadcrumbList","@id":"https:\/\/www.verhoevenfamily.com\/de\/industrielle-handhabung-und-foerdertechnik\/#breadcrumb","itemListElement":[{"@type":"ListItem","position":1,"name":"Home","item":"https:\/\/www.verhoevenfamily.com\/de\/"},{"@type":"ListItem","position":2,"name":"Industrielle Handhabung Und F\u00f6rdertechnik"}]},{"@type":"WebSite","@id":"https:\/\/www.verhoevenfamily.com\/de\/#website","url":"https:\/\/www.verhoevenfamily.com\/de\/","name":"Verhoeven Family","description":"Verhoeven Family website","potentialAction":[{"@type":"SearchAction","target":{"@type":"EntryPoint","urlTemplate":"https:\/\/www.verhoevenfamily.com\/de\/?s={search_term_string}"},"query-input":{"@type":"PropertyValueSpecification","valueRequired":true,"valueName":"search_term_string"}}],"inLanguage":"de"}]}},"_links":{"self":[{"href":"https:\/\/www.verhoevenfamily.com\/de\/wp-json\/wp\/v2\/pages\/2875","targetHints":{"allow":["GET"]}}],"collection":[{"href":"https:\/\/www.verhoevenfamily.com\/de\/wp-json\/wp\/v2\/pages"}],"about":[{"href":"https:\/\/www.verhoevenfamily.com\/de\/wp-json\/wp\/v2\/types\/page"}],"author":[{"embeddable":true,"href":"https:\/\/www.verhoevenfamily.com\/de\/wp-json\/wp\/v2\/users\/4"}],"replies":[{"embeddable":true,"href":"https:\/\/www.verhoevenfamily.com\/de\/wp-json\/wp\/v2\/comments?post=2875"}],"version-history":[{"count":0,"href":"https:\/\/www.verhoevenfamily.com\/de\/wp-json\/wp\/v2\/pages\/2875\/revisions"}],"wp:attachment":[{"href":"https:\/\/www.verhoevenfamily.com\/de\/wp-json\/wp\/v2\/media?parent=2875"}],"curies":[{"name":"wp","href":"https:\/\/api.w.org\/{rel}","templated":true}]}}