{"id":2857,"date":"2020-06-23T09:20:01","date_gmt":"2020-06-23T09:20:01","guid":{"rendered":"https:\/\/www.verhoevenfamily.com\/?page_id=2857"},"modified":"2026-03-01T14:33:46","modified_gmt":"2026-03-01T13:33:46","slug":"geschichte","status":"publish","type":"page","link":"https:\/\/www.verhoevenfamily.com\/de\/geschichte\/","title":{"rendered":"Geschichte"},"content":{"rendered":"\t\t<div data-elementor-type=\"wp-page\" data-elementor-id=\"2857\" class=\"elementor elementor-2857 elementor-470\" data-elementor-post-type=\"page\">\n\t\t\t\t\t\t<section class=\"elementor-section elementor-top-section elementor-element elementor-element-dc9d900 elementor-section-boxed elementor-section-height-default elementor-section-height-default\" data-id=\"dc9d900\" data-element_type=\"section\" data-e-type=\"section\">\n\t\t\t\t\t\t<div class=\"elementor-container elementor-column-gap-default\">\n\t\t\t\t\t<div class=\"elementor-column elementor-col-100 elementor-top-column elementor-element elementor-element-54a8281\" data-id=\"54a8281\" data-element_type=\"column\" data-e-type=\"column\">\n\t\t\t<div class=\"elementor-widget-wrap elementor-element-populated\">\n\t\t\t\t\t\t<div class=\"elementor-element elementor-element-5496513 din elementor-widget elementor-widget-heading\" data-id=\"5496513\" data-element_type=\"widget\" data-e-type=\"widget\" data-widget_type=\"heading.default\">\n\t\t\t\t<div class=\"elementor-widget-container\">\n\t\t\t\t\t<h2 class=\"elementor-heading-title elementor-size-default\">Geschichte<\/h2>\t\t\t\t<\/div>\n\t\t\t\t<\/div>\n\t\t\t\t\t<\/div>\n\t\t<\/div>\n\t\t\t\t\t<\/div>\n\t\t<\/section>\n\t\t\t\t<section class=\"elementor-section elementor-top-section elementor-element elementor-element-c5f95dc elementor-section-boxed elementor-section-height-default elementor-section-height-default\" data-id=\"c5f95dc\" data-element_type=\"section\" data-e-type=\"section\">\n\t\t\t\t\t\t<div class=\"elementor-container elementor-column-gap-default\">\n\t\t\t\t\t<div class=\"elementor-column elementor-col-50 elementor-top-column elementor-element elementor-element-0e6b7cf\" data-id=\"0e6b7cf\" data-element_type=\"column\" data-e-type=\"column\">\n\t\t\t<div class=\"elementor-widget-wrap elementor-element-populated\">\n\t\t\t\t\t\t<div class=\"elementor-element elementor-element-e43c467 elementor-widget elementor-widget-text-editor\" data-id=\"e43c467\" data-element_type=\"widget\" data-e-type=\"widget\" data-widget_type=\"text-editor.default\">\n\t\t\t\t<div class=\"elementor-widget-container\">\n\t\t\t\t\t\t\t\t\t<p>Herr Verhoeven hat das Unternehmen in 1968 am Parallelweg 13 in Oss, den Niederlanden, gegr\u00fcndet. Spezialisiert auf Materialhandhabung und F\u00f6rdertechnik haben wir unsere ma\u00dfgeschneiderten Handhabungs- und F\u00f6rderl\u00f6sungen an lokale Kunden verkauft, beispielsweise in der Fleischverarbeitungs-, Konserven- und Teppichindustrie. Au\u00dferdem arbeitete Verhoeven f\u00fcr bekannte Unternehmen wie Philips und Organon.<\/p><p>\u00a0<\/p><p>Wir haben zun\u00e4chst mit Unternehmen in den Niederlanden zusammengearbeitet und unsere Aktivit\u00e4ten schnell auf westeurop\u00e4ische multinationale Unternehmen erweitert. Verhoeven gewann an Sichtbarkeit auf dem internationalen Markt und wurde schnell als zuverl\u00e4ssiger Hersteller hochwertiger Materialhandhabungs- und F\u00f6rdertechnik anerkannt. So wurde ein weltweiter Kundenkreis aufgebaut.<\/p><p>\u00a0<\/p><p>Die Verhoeven Family of Companies hat im Laufe der Jahre eine Position in den oberen Regionen der niederl\u00e4ndischen Top 100-Liste der verarbeitenden Industrie erworben. Unser Ruf als Qualit\u00e4tslieferant ist in verschiedenen Branchen wie der Lebensmittel-, Automobil- und Bauindustrie bekannt. Unser Spezialbereich Verhoeven Bakery Equipment Family hat mit vier Tochterunternehmen eine starke Position im B\u00e4ckereisegment aufgebaut, die sowohl spezialisiertes Know-how als auch ein kombiniertes schl\u00fcsselfertiges Produktportfolio bieten:<\/p>\t\t\t\t\t\t\t\t<\/div>\n\t\t\t\t<\/div>\n\t\t\t\t<section class=\"elementor-section elementor-inner-section elementor-element elementor-element-3d47aed elementor-section-boxed elementor-section-height-default elementor-section-height-default\" data-id=\"3d47aed\" data-element_type=\"section\" data-e-type=\"section\">\n\t\t\t\t\t\t<div class=\"elementor-container elementor-column-gap-default\">\n\t\t\t\t\t<div class=\"elementor-column elementor-col-50 elementor-inner-column elementor-element elementor-element-b624b18\" data-id=\"b624b18\" data-element_type=\"column\" data-e-type=\"column\">\n\t\t\t<div class=\"elementor-widget-wrap elementor-element-populated\">\n\t\t\t\t\t\t<div class=\"elementor-element elementor-element-568bd45 elementor-widget elementor-widget-text-editor\" data-id=\"568bd45\" data-element_type=\"widget\" data-e-type=\"widget\" data-widget_type=\"text-editor.default\">\n\t\t\t\t<div class=\"elementor-widget-container\">\n\t\t\t\t\t\t\t\t\t<ul>\n \t<li><span style=\"color: #ffffff;\"><\/span><\/li>\n<\/ul>\t\t\t\t\t\t\t\t<\/div>\n\t\t\t\t<\/div>\n\t\t\t\t\t<\/div>\n\t\t<\/div>\n\t\t\t\t<div class=\"elementor-column elementor-col-50 elementor-inner-column elementor-element elementor-element-fe4c38e\" data-id=\"fe4c38e\" data-element_type=\"column\" data-e-type=\"column\">\n\t\t\t<div class=\"elementor-widget-wrap elementor-element-populated\">\n\t\t\t\t\t\t<div class=\"elementor-element elementor-element-7019a34 elementor-widget elementor-widget-text-editor\" data-id=\"7019a34\" data-element_type=\"widget\" data-e-type=\"widget\" data-widget_type=\"text-editor.default\">\n\t\t\t\t<div class=\"elementor-widget-container\">\n\t\t\t\t\t\t\t\t\t<p><a href=\"https:\/\/www.bvtbs.com\/\" target=\"_blank\" rel=\"noopener\">BVT Dough Process Solutions<\/a> konzentriert sich auf die Entwicklung von Laminier- und Teigverarbeitungslinien f\u00fcr Industrieb\u00e4ckereien.<\/p>\t\t\t\t\t\t\t\t<\/div>\n\t\t\t\t<\/div>\n\t\t\t\t\t<\/div>\n\t\t<\/div>\n\t\t\t\t\t<\/div>\n\t\t<\/section>\n\t\t\t\t<section class=\"elementor-section elementor-inner-section elementor-element elementor-element-12cc66c elementor-section-boxed elementor-section-height-default elementor-section-height-default\" data-id=\"12cc66c\" data-element_type=\"section\" data-e-type=\"section\">\n\t\t\t\t\t\t<div class=\"elementor-container elementor-column-gap-default\">\n\t\t\t\t\t<div class=\"elementor-column elementor-col-50 elementor-inner-column elementor-element elementor-element-caab3ce\" data-id=\"caab3ce\" data-element_type=\"column\" data-e-type=\"column\">\n\t\t\t<div class=\"elementor-widget-wrap elementor-element-populated\">\n\t\t\t\t\t\t<div class=\"elementor-element elementor-element-c2f2083 elementor-widget elementor-widget-text-editor\" data-id=\"c2f2083\" data-element_type=\"widget\" data-e-type=\"widget\" data-widget_type=\"text-editor.default\">\n\t\t\t\t<div class=\"elementor-widget-container\">\n\t\t\t\t\t\t\t\t\t<ul>\n \t<li><span style=\"color: #ffffff;\"><\/span><\/li>\n<\/ul>\t\t\t\t\t\t\t\t<\/div>\n\t\t\t\t<\/div>\n\t\t\t\t\t<\/div>\n\t\t<\/div>\n\t\t\t\t<div class=\"elementor-column elementor-col-50 elementor-inner-column elementor-element elementor-element-cc77278\" data-id=\"cc77278\" data-element_type=\"column\" data-e-type=\"column\">\n\t\t\t<div class=\"elementor-widget-wrap elementor-element-populated\">\n\t\t\t\t\t\t<div class=\"elementor-element elementor-element-93765cf elementor-widget elementor-widget-text-editor\" data-id=\"93765cf\" data-element_type=\"widget\" data-e-type=\"widget\" data-widget_type=\"text-editor.default\">\n\t\t\t\t<div class=\"elementor-widget-container\">\n\t\t\t\t\t\t\t\t\t<p><span style=\"color: #ffffff;\"><a href=\"https:\/\/www.newcapbs.com\/\" target=\"_blank\" rel=\"noopener\">Newcap Industrial Handling Solutions<\/a> liefert fortschrittliche Handhabungssysteme an F\u00fcr Blechformen und Peelboards.<\/span><\/p>\t\t\t\t\t\t\t\t<\/div>\n\t\t\t\t<\/div>\n\t\t\t\t\t<\/div>\n\t\t<\/div>\n\t\t\t\t\t<\/div>\n\t\t<\/section>\n\t\t\t\t<section class=\"elementor-section elementor-inner-section elementor-element elementor-element-c0e5024 elementor-section-boxed elementor-section-height-default elementor-section-height-default\" data-id=\"c0e5024\" data-element_type=\"section\" data-e-type=\"section\">\n\t\t\t\t\t\t<div class=\"elementor-container elementor-column-gap-default\">\n\t\t\t\t\t<div class=\"elementor-column elementor-col-50 elementor-inner-column elementor-element elementor-element-79bf399\" data-id=\"79bf399\" data-element_type=\"column\" data-e-type=\"column\">\n\t\t\t<div class=\"elementor-widget-wrap elementor-element-populated\">\n\t\t\t\t\t\t<div class=\"elementor-element elementor-element-0d39556 elementor-widget elementor-widget-text-editor\" data-id=\"0d39556\" data-element_type=\"widget\" data-e-type=\"widget\" data-widget_type=\"text-editor.default\">\n\t\t\t\t<div class=\"elementor-widget-container\">\n\t\t\t\t\t\t\t\t\t<ul>\n \t<li><span style=\"color: #ffffff;\"><\/span><\/li>\n<\/ul>\t\t\t\t\t\t\t\t<\/div>\n\t\t\t\t<\/div>\n\t\t\t\t\t<\/div>\n\t\t<\/div>\n\t\t\t\t<div class=\"elementor-column elementor-col-50 elementor-inner-column elementor-element elementor-element-3089608\" data-id=\"3089608\" data-element_type=\"column\" data-e-type=\"column\">\n\t\t\t<div class=\"elementor-widget-wrap elementor-element-populated\">\n\t\t\t\t\t\t<div class=\"elementor-element elementor-element-25b0b07 elementor-widget elementor-widget-text-editor\" data-id=\"25b0b07\" data-element_type=\"widget\" data-e-type=\"widget\" data-widget_type=\"text-editor.default\">\n\t\t\t\t<div class=\"elementor-widget-container\">\n\t\t\t\t\t\t\t\t\t<p><span style=\"color: #ffffff;\"><a href=\"https:\/\/vacuumcooling.com\/\" target=\"_blank\" rel=\"noopener\">Vacuum Cooling &amp; Baking Solutions<\/a> entwickelte eine innovative Methode zur Vakuumk\u00fchlung von Brot- und Backwaren f\u00fcr Industrieb\u00e4ckereien, die jetzt auch f\u00fcr Suppen, F\u00fcllungen usw. verwendet wird; <\/span><\/p>\t\t\t\t\t\t\t\t<\/div>\n\t\t\t\t<\/div>\n\t\t\t\t\t<\/div>\n\t\t<\/div>\n\t\t\t\t\t<\/div>\n\t\t<\/section>\n\t\t\t\t<section class=\"elementor-section elementor-inner-section elementor-element elementor-element-1faa163 elementor-section-boxed elementor-section-height-default elementor-section-height-default\" data-id=\"1faa163\" data-element_type=\"section\" data-e-type=\"section\">\n\t\t\t\t\t\t<div class=\"elementor-container elementor-column-gap-default\">\n\t\t\t\t\t<div class=\"elementor-column elementor-col-50 elementor-inner-column elementor-element elementor-element-6754e2b\" data-id=\"6754e2b\" data-element_type=\"column\" data-e-type=\"column\">\n\t\t\t<div class=\"elementor-widget-wrap elementor-element-populated\">\n\t\t\t\t\t\t<div class=\"elementor-element elementor-element-aee4e3a elementor-widget elementor-widget-text-editor\" data-id=\"aee4e3a\" data-element_type=\"widget\" data-e-type=\"widget\" data-widget_type=\"text-editor.default\">\n\t\t\t\t<div class=\"elementor-widget-container\">\n\t\t\t\t\t\t\t\t\t<ul>\n \t<li><span style=\"color: #ffffff;\"><\/span><\/li>\n<\/ul>\t\t\t\t\t\t\t\t<\/div>\n\t\t\t\t<\/div>\n\t\t\t\t\t<\/div>\n\t\t<\/div>\n\t\t\t\t<div class=\"elementor-column elementor-col-50 elementor-inner-column elementor-element elementor-element-e8c4104\" data-id=\"e8c4104\" data-element_type=\"column\" data-e-type=\"column\">\n\t\t\t<div class=\"elementor-widget-wrap elementor-element-populated\">\n\t\t\t\t\t\t<div class=\"elementor-element elementor-element-d1c9f9f elementor-widget elementor-widget-text-editor\" data-id=\"d1c9f9f\" data-element_type=\"widget\" data-e-type=\"widget\" data-widget_type=\"text-editor.default\">\n\t\t\t\t<div class=\"elementor-widget-container\">\n\t\t\t\t\t\t\t\t\t<p><span style=\"color: #ffffff;\"><a href=\"https:\/\/www.bakepackeols.com\/\" target=\"_blank\" rel=\"noopener\">Bakepack End of Line Solutions<\/a> entwickelt vollst\u00e4ndig integrierte Verpackungsl\u00f6sungen f\u00fcr Industrieb\u00e4ckereien.<\/span><\/p>\t\t\t\t\t\t\t\t<\/div>\n\t\t\t\t<\/div>\n\t\t\t\t\t<\/div>\n\t\t<\/div>\n\t\t\t\t\t<\/div>\n\t\t<\/section>\n\t\t\t\t\t<\/div>\n\t\t<\/div>\n\t\t\t\t<div class=\"elementor-column elementor-col-50 elementor-top-column elementor-element elementor-element-5ce2032\" data-id=\"5ce2032\" data-element_type=\"column\" data-e-type=\"column\">\n\t\t\t<div class=\"elementor-widget-wrap elementor-element-populated\">\n\t\t\t\t\t\t<div class=\"elementor-element elementor-element-6c77a07 elementor-widget elementor-widget-text-editor\" data-id=\"6c77a07\" data-element_type=\"widget\" data-e-type=\"widget\" data-widget_type=\"text-editor.default\">\n\t\t\t\t<div class=\"elementor-widget-container\">\n\t\t\t\t\t\t\t\t\t<p>Qualit\u00e4t, und Zuverl\u00e4ssigkeit von Maschinen sind seit Jahrzehnten die Eckpfeiler der Verhoeven Family. Es ist diese fortgesetzte Denkweise und F\u00e4higkeit, alle unsere Komponenten und L\u00f6sungen In eigener Werkstatt herzustellen, die uns auf dem Markt weiterbringt. Aus diesem Grund k\u00f6nnen wir Kunden auf der ganzen Welt schnelle Lieferzeiten und wettbewerbsf\u00e4hige Preise anbieten.<\/p><p>\u00a0<\/p><p>Ein eingespieltes Team von Mitarbeitern tr\u00e4gt weiterhin zum Erfolg von Verhoeven bei. In Verbindung mit einer sachlichen Mentalit\u00e4t haben die Mitglieder der Verhoeven Family ein starkes Verantwortungsbewusstsein. Und dies w\u00e4hrend all unserer Jahre im Gesch\u00e4ft, auf allen Ebenen und in allen Gesch\u00e4ftsbereichen.<\/p><p>\u00a0<\/p><p>Um unserem wachsenden Gesch\u00e4ft und unseren Teams besser gerecht zu werden, haben wir 2020 unsere bestehende Anlage um eine neue, hochmoderne Produktionshalle und neue B\u00fcror\u00e4ume erweitert. Ein Schritt im Richtung zu noch mehr Branchenentwicklung und Wachstum.<\/p><p>\u00a0<\/p><p>Seit unserer Gr\u00fcndung im Jahr 1968 haben wir alle unseren Teil dazu beigetragen, Verhoeven in kurzer Zeit von einer kleinen Produktionsfirma zu einem ernstzunehmenden Akteur auf dem internationalen Markt zu machen. Wie unser Gr\u00fcnder, Herr Verhoeven, halten wir auch weiterhin ein wachsames Auge auf Gesch\u00e4ftsm\u00f6glichkeiten und weltweite Aktivit\u00e4ten. Und wir arbeiten weiterhin als eine gro\u00dfe Familie.<\/p>\t\t\t\t\t\t\t\t<\/div>\n\t\t\t\t<\/div>\n\t\t\t\t\t<\/div>\n\t\t<\/div>\n\t\t\t\t\t<\/div>\n\t\t<\/section>\n\t\t\t\t<section class=\"elementor-section elementor-top-section elementor-element elementor-element-795e7e9 elementor-section-boxed elementor-section-height-default elementor-section-height-default\" data-id=\"795e7e9\" data-element_type=\"section\" data-e-type=\"section\">\n\t\t\t\t\t\t<div class=\"elementor-container elementor-column-gap-default\">\n\t\t\t\t\t<div class=\"elementor-column elementor-col-100 elementor-top-column elementor-element elementor-element-e4b8b1e\" data-id=\"e4b8b1e\" data-element_type=\"column\" data-e-type=\"column\">\n\t\t\t<div class=\"elementor-widget-wrap elementor-element-populated\">\n\t\t\t\t\t\t<div class=\"elementor-element elementor-element-0e90992 elementor-widget elementor-widget-image\" data-id=\"0e90992\" data-element_type=\"widget\" data-e-type=\"widget\" data-widget_type=\"image.default\">\n\t\t\t\t<div class=\"elementor-widget-container\">\n\t\t\t\t\t\t\t\t\t\t\t\t\t\t\t\t<a href=\"https:\/\/www.verhoevenfamily.com\/de\/organisation\/\">\n\t\t\t\t\t\t\t<img fetchpriority=\"high\" decoding=\"async\" width=\"2000\" height=\"614\" src=\"https:\/\/www.verhoevenfamily.com\/wp-content\/uploads\/2020\/03\/Timeline-Verhoeven2.jpg\" class=\"attachment-full size-full wp-image-1811\" alt=\"Chronological timeline Verhoeven Family of Companies\" srcset=\"https:\/\/www.verhoevenfamily.com\/wp-content\/uploads\/2020\/03\/Timeline-Verhoeven2.jpg 2000w, https:\/\/www.verhoevenfamily.com\/wp-content\/uploads\/2020\/03\/Timeline-Verhoeven2-300x92.jpg 300w, https:\/\/www.verhoevenfamily.com\/wp-content\/uploads\/2020\/03\/Timeline-Verhoeven2-1024x314.jpg 1024w, https:\/\/www.verhoevenfamily.com\/wp-content\/uploads\/2020\/03\/Timeline-Verhoeven2-768x236.jpg 768w, https:\/\/www.verhoevenfamily.com\/wp-content\/uploads\/2020\/03\/Timeline-Verhoeven2-1536x472.jpg 1536w, https:\/\/www.verhoevenfamily.com\/wp-content\/uploads\/2020\/03\/Timeline-Verhoeven2-700x215.jpg 700w\" sizes=\"(max-width: 2000px) 100vw, 2000px\" \/>\t\t\t\t\t\t\t\t<\/a>\n\t\t\t\t\t\t\t\t\t\t\t\t\t\t\t<\/div>\n\t\t\t\t<\/div>\n\t\t\t\t\t<\/div>\n\t\t<\/div>\n\t\t\t\t\t<\/div>\n\t\t<\/section>\n\t\t\t\t<section class=\"elementor-section elementor-top-section elementor-element elementor-element-0b668ad elementor-section-boxed elementor-section-height-default elementor-section-height-default\" data-id=\"0b668ad\" data-element_type=\"section\" data-e-type=\"section\">\n\t\t\t\t\t\t<div class=\"elementor-container elementor-column-gap-default\">\n\t\t\t\t\t<div class=\"elementor-column elementor-col-100 elementor-top-column elementor-element elementor-element-f9560fe\" data-id=\"f9560fe\" data-element_type=\"column\" data-e-type=\"column\">\n\t\t\t<div class=\"elementor-widget-wrap elementor-element-populated\">\n\t\t\t\t\t\t<div class=\"elementor-element elementor-element-b57b528 elementor-widget elementor-widget-spacer\" data-id=\"b57b528\" data-element_type=\"widget\" data-e-type=\"widget\" data-widget_type=\"spacer.default\">\n\t\t\t\t<div class=\"elementor-widget-container\">\n\t\t\t\t\t\t\t<div class=\"elementor-spacer\">\n\t\t\t<div class=\"elementor-spacer-inner\"><\/div>\n\t\t<\/div>\n\t\t\t\t\t\t<\/div>\n\t\t\t\t<\/div>\n\t\t\t\t\t<\/div>\n\t\t<\/div>\n\t\t\t\t\t<\/div>\n\t\t<\/section>\n\t\t\t\t<\/div>\n\t\t","protected":false},"excerpt":{"rendered":"<p>Geschichte Herr Verhoeven hat das Unternehmen in 1968 am Parallelweg 13 in Oss, den Niederlanden, gegr\u00fcndet. Spezialisiert auf Materialhandhabung und F\u00f6rdertechnik haben wir unsere ma\u00dfgeschneiderten Handhabungs- und F\u00f6rderl\u00f6sungen an lokale Kunden verkauft, beispielsweise in der Fleischverarbeitungs-, Konserven- und Teppichindustrie. Au\u00dferdem arbeitete Verhoeven f\u00fcr bekannte Unternehmen&#8230;<\/p>\n","protected":false},"author":4,"featured_media":0,"parent":0,"menu_order":0,"comment_status":"closed","ping_status":"closed","template":"elementor_header_footer","meta":{"footnotes":""},"class_list":["post-2857","page","type-page","status-publish","hentry"],"yoast_head":"<!-- This site is optimized with the Yoast SEO Premium plugin v27.4 (Yoast SEO v27.4) - https:\/\/yoast.com\/product\/yoast-seo-premium-wordpress\/ -->\n<title>Geschichte - Verhoeven Family<\/title>\n<meta name=\"robots\" content=\"index, follow, max-snippet:-1, max-image-preview:large, max-video-preview:-1\" \/>\n<link rel=\"canonical\" href=\"https:\/\/www.verhoevenfamily.com\/de\/geschichte\/\" \/>\n<meta property=\"og:locale\" content=\"de_DE\" \/>\n<meta property=\"og:type\" content=\"article\" \/>\n<meta property=\"og:title\" content=\"Geschichte\" \/>\n<meta property=\"og:description\" content=\"Geschichte Herr Verhoeven hat das Unternehmen in 1968 am Parallelweg 13 in Oss, den Niederlanden, gegr\u00fcndet. Spezialisiert auf Materialhandhabung und F\u00f6rdertechnik haben wir unsere ma\u00dfgeschneiderten Handhabungs- und F\u00f6rderl\u00f6sungen an lokale Kunden verkauft, beispielsweise in der Fleischverarbeitungs-, Konserven- und Teppichindustrie. Au\u00dferdem arbeitete Verhoeven f\u00fcr bekannte Unternehmen...\" \/>\n<meta property=\"og:url\" content=\"https:\/\/www.verhoevenfamily.com\/de\/geschichte\/\" \/>\n<meta property=\"og:site_name\" content=\"Verhoeven Family\" \/>\n<meta property=\"article:modified_time\" content=\"2026-03-01T13:33:46+00:00\" \/>\n<meta property=\"og:image\" content=\"https:\/\/www.verhoevenfamily.com\/wp-content\/uploads\/2020\/03\/Timeline-Verhoeven2.jpg\" \/>\n\t<meta property=\"og:image:width\" content=\"2000\" \/>\n\t<meta property=\"og:image:height\" content=\"614\" \/>\n\t<meta property=\"og:image:type\" content=\"image\/jpeg\" \/>\n<meta name=\"twitter:card\" content=\"summary_large_image\" \/>\n<meta name=\"twitter:label1\" content=\"Gesch\u00e4tzte Lesezeit\" \/>\n\t<meta name=\"twitter:data1\" content=\"3\u00a0Minuten\" \/>\n<script type=\"application\/ld+json\" class=\"yoast-schema-graph\">{\"@context\":\"https:\\\/\\\/schema.org\",\"@graph\":[{\"@type\":\"WebPage\",\"@id\":\"https:\\\/\\\/www.verhoevenfamily.com\\\/de\\\/geschichte\\\/\",\"url\":\"https:\\\/\\\/www.verhoevenfamily.com\\\/de\\\/geschichte\\\/\",\"name\":\"Geschichte - Verhoeven Family\",\"isPartOf\":{\"@id\":\"https:\\\/\\\/www.verhoevenfamily.com\\\/de\\\/#website\"},\"primaryImageOfPage\":{\"@id\":\"https:\\\/\\\/www.verhoevenfamily.com\\\/de\\\/geschichte\\\/#primaryimage\"},\"image\":{\"@id\":\"https:\\\/\\\/www.verhoevenfamily.com\\\/de\\\/geschichte\\\/#primaryimage\"},\"thumbnailUrl\":\"https:\\\/\\\/www.verhoevenfamily.com\\\/wp-content\\\/uploads\\\/2020\\\/03\\\/Timeline-Verhoeven2.jpg\",\"datePublished\":\"2020-06-23T09:20:01+00:00\",\"dateModified\":\"2026-03-01T13:33:46+00:00\",\"breadcrumb\":{\"@id\":\"https:\\\/\\\/www.verhoevenfamily.com\\\/de\\\/geschichte\\\/#breadcrumb\"},\"inLanguage\":\"de\",\"potentialAction\":[{\"@type\":\"ReadAction\",\"target\":[\"https:\\\/\\\/www.verhoevenfamily.com\\\/de\\\/geschichte\\\/\"]}]},{\"@type\":\"ImageObject\",\"inLanguage\":\"de\",\"@id\":\"https:\\\/\\\/www.verhoevenfamily.com\\\/de\\\/geschichte\\\/#primaryimage\",\"url\":\"https:\\\/\\\/www.verhoevenfamily.com\\\/wp-content\\\/uploads\\\/2020\\\/03\\\/Timeline-Verhoeven2.jpg\",\"contentUrl\":\"https:\\\/\\\/www.verhoevenfamily.com\\\/wp-content\\\/uploads\\\/2020\\\/03\\\/Timeline-Verhoeven2.jpg\"},{\"@type\":\"BreadcrumbList\",\"@id\":\"https:\\\/\\\/www.verhoevenfamily.com\\\/de\\\/geschichte\\\/#breadcrumb\",\"itemListElement\":[{\"@type\":\"ListItem\",\"position\":1,\"name\":\"Home\",\"item\":\"https:\\\/\\\/www.verhoevenfamily.com\\\/de\\\/\"},{\"@type\":\"ListItem\",\"position\":2,\"name\":\"Geschichte\"}]},{\"@type\":\"WebSite\",\"@id\":\"https:\\\/\\\/www.verhoevenfamily.com\\\/de\\\/#website\",\"url\":\"https:\\\/\\\/www.verhoevenfamily.com\\\/de\\\/\",\"name\":\"Verhoeven Family\",\"description\":\"Verhoeven Family website\",\"potentialAction\":[{\"@type\":\"SearchAction\",\"target\":{\"@type\":\"EntryPoint\",\"urlTemplate\":\"https:\\\/\\\/www.verhoevenfamily.com\\\/de\\\/?s={search_term_string}\"},\"query-input\":{\"@type\":\"PropertyValueSpecification\",\"valueRequired\":true,\"valueName\":\"search_term_string\"}}],\"inLanguage\":\"de\"}]}<\/script>\n<!-- \/ Yoast SEO Premium plugin. -->","yoast_head_json":{"title":"Geschichte - Verhoeven Family","robots":{"index":"index","follow":"follow","max-snippet":"max-snippet:-1","max-image-preview":"max-image-preview:large","max-video-preview":"max-video-preview:-1"},"canonical":"https:\/\/www.verhoevenfamily.com\/de\/geschichte\/","og_locale":"de_DE","og_type":"article","og_title":"Geschichte","og_description":"Geschichte Herr Verhoeven hat das Unternehmen in 1968 am Parallelweg 13 in Oss, den Niederlanden, gegr\u00fcndet. Spezialisiert auf Materialhandhabung und F\u00f6rdertechnik haben wir unsere ma\u00dfgeschneiderten Handhabungs- und F\u00f6rderl\u00f6sungen an lokale Kunden verkauft, beispielsweise in der Fleischverarbeitungs-, Konserven- und Teppichindustrie. Au\u00dferdem arbeitete Verhoeven f\u00fcr bekannte Unternehmen...","og_url":"https:\/\/www.verhoevenfamily.com\/de\/geschichte\/","og_site_name":"Verhoeven Family","article_modified_time":"2026-03-01T13:33:46+00:00","og_image":[{"width":2000,"height":614,"url":"https:\/\/www.verhoevenfamily.com\/wp-content\/uploads\/2020\/03\/Timeline-Verhoeven2.jpg","type":"image\/jpeg"}],"twitter_card":"summary_large_image","twitter_misc":{"Gesch\u00e4tzte Lesezeit":"3\u00a0Minuten"},"schema":{"@context":"https:\/\/schema.org","@graph":[{"@type":"WebPage","@id":"https:\/\/www.verhoevenfamily.com\/de\/geschichte\/","url":"https:\/\/www.verhoevenfamily.com\/de\/geschichte\/","name":"Geschichte - Verhoeven Family","isPartOf":{"@id":"https:\/\/www.verhoevenfamily.com\/de\/#website"},"primaryImageOfPage":{"@id":"https:\/\/www.verhoevenfamily.com\/de\/geschichte\/#primaryimage"},"image":{"@id":"https:\/\/www.verhoevenfamily.com\/de\/geschichte\/#primaryimage"},"thumbnailUrl":"https:\/\/www.verhoevenfamily.com\/wp-content\/uploads\/2020\/03\/Timeline-Verhoeven2.jpg","datePublished":"2020-06-23T09:20:01+00:00","dateModified":"2026-03-01T13:33:46+00:00","breadcrumb":{"@id":"https:\/\/www.verhoevenfamily.com\/de\/geschichte\/#breadcrumb"},"inLanguage":"de","potentialAction":[{"@type":"ReadAction","target":["https:\/\/www.verhoevenfamily.com\/de\/geschichte\/"]}]},{"@type":"ImageObject","inLanguage":"de","@id":"https:\/\/www.verhoevenfamily.com\/de\/geschichte\/#primaryimage","url":"https:\/\/www.verhoevenfamily.com\/wp-content\/uploads\/2020\/03\/Timeline-Verhoeven2.jpg","contentUrl":"https:\/\/www.verhoevenfamily.com\/wp-content\/uploads\/2020\/03\/Timeline-Verhoeven2.jpg"},{"@type":"BreadcrumbList","@id":"https:\/\/www.verhoevenfamily.com\/de\/geschichte\/#breadcrumb","itemListElement":[{"@type":"ListItem","position":1,"name":"Home","item":"https:\/\/www.verhoevenfamily.com\/de\/"},{"@type":"ListItem","position":2,"name":"Geschichte"}]},{"@type":"WebSite","@id":"https:\/\/www.verhoevenfamily.com\/de\/#website","url":"https:\/\/www.verhoevenfamily.com\/de\/","name":"Verhoeven Family","description":"Verhoeven Family website","potentialAction":[{"@type":"SearchAction","target":{"@type":"EntryPoint","urlTemplate":"https:\/\/www.verhoevenfamily.com\/de\/?s={search_term_string}"},"query-input":{"@type":"PropertyValueSpecification","valueRequired":true,"valueName":"search_term_string"}}],"inLanguage":"de"}]}},"_links":{"self":[{"href":"https:\/\/www.verhoevenfamily.com\/de\/wp-json\/wp\/v2\/pages\/2857","targetHints":{"allow":["GET"]}}],"collection":[{"href":"https:\/\/www.verhoevenfamily.com\/de\/wp-json\/wp\/v2\/pages"}],"about":[{"href":"https:\/\/www.verhoevenfamily.com\/de\/wp-json\/wp\/v2\/types\/page"}],"author":[{"embeddable":true,"href":"https:\/\/www.verhoevenfamily.com\/de\/wp-json\/wp\/v2\/users\/4"}],"replies":[{"embeddable":true,"href":"https:\/\/www.verhoevenfamily.com\/de\/wp-json\/wp\/v2\/comments?post=2857"}],"version-history":[{"count":0,"href":"https:\/\/www.verhoevenfamily.com\/de\/wp-json\/wp\/v2\/pages\/2857\/revisions"}],"wp:attachment":[{"href":"https:\/\/www.verhoevenfamily.com\/de\/wp-json\/wp\/v2\/media?parent=2857"}],"curies":[{"name":"wp","href":"https:\/\/api.w.org\/{rel}","templated":true}]}}