{"id":2848,"date":"2020-06-23T09:18:02","date_gmt":"2020-06-23T09:18:02","guid":{"rendered":"https:\/\/www.verhoevenfamily.com\/?page_id=2848"},"modified":"2025-09-08T09:07:36","modified_gmt":"2025-09-08T08:07:36","slug":"graduieren-ausbildung-praktikum","status":"publish","type":"page","link":"https:\/\/www.verhoevenfamily.com\/de\/graduieren-ausbildung-praktikum\/","title":{"rendered":"Graduieren, Ausbildung &#038; Praktikum"},"content":{"rendered":"\t\t<div data-elementor-type=\"wp-page\" data-elementor-id=\"2848\" class=\"elementor elementor-2848 elementor-504\" data-elementor-post-type=\"page\">\n\t\t\t\t\t\t<section class=\"elementor-section elementor-top-section elementor-element elementor-element-dc9d900 elementor-section-boxed elementor-section-height-default elementor-section-height-default\" data-id=\"dc9d900\" data-element_type=\"section\" data-e-type=\"section\">\n\t\t\t\t\t\t<div class=\"elementor-container elementor-column-gap-default\">\n\t\t\t\t\t<div class=\"elementor-column elementor-col-100 elementor-top-column elementor-element elementor-element-54a8281\" data-id=\"54a8281\" data-element_type=\"column\" data-e-type=\"column\">\n\t\t\t<div class=\"elementor-widget-wrap elementor-element-populated\">\n\t\t\t\t\t\t<div class=\"elementor-element elementor-element-5496513 din elementor-widget elementor-widget-heading\" data-id=\"5496513\" data-element_type=\"widget\" data-e-type=\"widget\" data-widget_type=\"heading.default\">\n\t\t\t\t<div class=\"elementor-widget-container\">\n\t\t\t\t\t<h2 class=\"elementor-heading-title elementor-size-default\">Graduieren, Ausbildung &amp; Praktikum<\/h2>\t\t\t\t<\/div>\n\t\t\t\t<\/div>\n\t\t\t\t\t<\/div>\n\t\t<\/div>\n\t\t\t\t\t<\/div>\n\t\t<\/section>\n\t\t\t\t<section class=\"elementor-section elementor-top-section elementor-element elementor-element-86c9503 elementor-section-boxed elementor-section-height-default elementor-section-height-default\" data-id=\"86c9503\" data-element_type=\"section\" data-e-type=\"section\">\n\t\t\t\t\t\t<div class=\"elementor-container elementor-column-gap-default\">\n\t\t\t\t\t<div class=\"elementor-column elementor-col-50 elementor-top-column elementor-element elementor-element-b03a100\" data-id=\"b03a100\" data-element_type=\"column\" data-e-type=\"column\">\n\t\t\t<div class=\"elementor-widget-wrap elementor-element-populated\">\n\t\t\t\t\t\t<div class=\"elementor-element elementor-element-77dca03 elementor-widget elementor-widget-text-editor\" data-id=\"77dca03\" data-element_type=\"widget\" data-e-type=\"widget\" data-widget_type=\"text-editor.default\">\n\t\t\t\t<div class=\"elementor-widget-container\">\n\t\t\t\t\t\t\t\t\t<p>Die Verhoeven Family ist auf der Suche nach dir!<\/p><p>\u00a0<\/p><p>Bist du entschlossen, flei\u00dfig und begeisterungsf\u00e4hig? Bist du tatkr\u00e4ftig und zielstrebig? Liebst du nichts mehr als eine richtige Herausforderung? Verhoeven Family sucht talentierte, ehrgeizige und motivierte Hochschulabsolventen und Praktikanten, die etwas lernen und Erfahrungen sammeln m\u00f6chten, indem sie entweder unabh\u00e4ngig oder unter Betreuung eines erfahrenen Fachmannes arbeiten: Studenten, die es m\u00f6gen, in die Tiefe zu springen und keine Angst haben zu fragen, wenn sie Hilfe ben\u00f6tigen. Unsere Mitarbeiter sind engagiert und pro-aktiv, nicht gleichg\u00fcltig und passiv! Passt du in dieses Bild?<\/p><p>\u00a0<\/p><p>Wenn dir unser Unternehmen zusagt und du gerne ein Praktikum in dieser praktischen Umgebung absolvieren m\u00f6chtest, kannst du uns gerne unter der Telefonnummer <a href=\"tel:\/\/+31(0)412-630545\">+31(0)412-630545<\/a> anrufen oder eine E-Mail senden an <a href=\"mailto:info@verhoevenfamily.com\">info@verhoevenfamily.com<\/a><\/p>\t\t\t\t\t\t\t\t<\/div>\n\t\t\t\t<\/div>\n\t\t\t\t\t<\/div>\n\t\t<\/div>\n\t\t\t\t<div class=\"elementor-column elementor-col-50 elementor-top-column elementor-element elementor-element-d94e7fd\" data-id=\"d94e7fd\" data-element_type=\"column\" data-e-type=\"column\">\n\t\t\t<div class=\"elementor-widget-wrap\">\n\t\t\t\t\t\t\t<\/div>\n\t\t<\/div>\n\t\t\t\t\t<\/div>\n\t\t<\/section>\n\t\t\t\t<section class=\"elementor-section elementor-top-section elementor-element elementor-element-821cc40 elementor-section-boxed elementor-section-height-default elementor-section-height-default\" data-id=\"821cc40\" data-element_type=\"section\" data-e-type=\"section\">\n\t\t\t\t\t\t<div class=\"elementor-container elementor-column-gap-default\">\n\t\t\t\t\t<div class=\"elementor-column elementor-col-50 elementor-top-column elementor-element elementor-element-1090d9a\" data-id=\"1090d9a\" data-element_type=\"column\" data-e-type=\"column\">\n\t\t\t<div class=\"elementor-widget-wrap\">\n\t\t\t\t\t\t\t<\/div>\n\t\t<\/div>\n\t\t\t\t<div class=\"elementor-column elementor-col-50 elementor-top-column elementor-element elementor-element-aeaf157\" data-id=\"aeaf157\" data-element_type=\"column\" data-e-type=\"column\">\n\t\t\t<div class=\"elementor-widget-wrap\">\n\t\t\t\t\t\t\t<\/div>\n\t\t<\/div>\n\t\t\t\t\t<\/div>\n\t\t<\/section>\n\t\t\t\t<\/div>\n\t\t","protected":false},"excerpt":{"rendered":"<p>Graduieren, Ausbildung &amp; Praktikum Die Verhoeven Family ist auf der Suche nach dir! \u00a0 Bist du entschlossen, flei\u00dfig und begeisterungsf\u00e4hig? Bist du tatkr\u00e4ftig und zielstrebig? Liebst du nichts mehr als eine richtige Herausforderung? Verhoeven Family sucht talentierte, ehrgeizige und motivierte Hochschulabsolventen und Praktikanten, die etwas&#8230;<\/p>\n","protected":false},"author":4,"featured_media":0,"parent":0,"menu_order":0,"comment_status":"closed","ping_status":"closed","template":"","meta":{"footnotes":""},"class_list":["post-2848","page","type-page","status-publish","hentry"],"yoast_head":"<!-- This site is optimized with the Yoast SEO Premium plugin v27.4 (Yoast SEO v27.4) - https:\/\/yoast.com\/product\/yoast-seo-premium-wordpress\/ -->\n<title>Graduieren, Ausbildung &amp; Praktikum - Verhoeven Family<\/title>\n<meta name=\"robots\" content=\"index, follow, max-snippet:-1, max-image-preview:large, max-video-preview:-1\" \/>\n<link rel=\"canonical\" href=\"https:\/\/www.verhoevenfamily.com\/de\/graduieren-ausbildung-praktikum\/\" \/>\n<meta property=\"og:locale\" content=\"de_DE\" \/>\n<meta property=\"og:type\" content=\"article\" \/>\n<meta property=\"og:title\" content=\"Graduieren, Ausbildung &amp; Praktikum\" \/>\n<meta property=\"og:description\" content=\"Graduieren, Ausbildung &amp; Praktikum Die Verhoeven Family ist auf der Suche nach dir! \u00a0 Bist du entschlossen, flei\u00dfig und begeisterungsf\u00e4hig? Bist du tatkr\u00e4ftig und zielstrebig? Liebst du nichts mehr als eine richtige Herausforderung? Verhoeven Family sucht talentierte, ehrgeizige und motivierte Hochschulabsolventen und Praktikanten, die etwas...\" \/>\n<meta property=\"og:url\" content=\"https:\/\/www.verhoevenfamily.com\/de\/graduieren-ausbildung-praktikum\/\" \/>\n<meta property=\"og:site_name\" content=\"Verhoeven Family\" \/>\n<meta property=\"article:modified_time\" content=\"2025-09-08T08:07:36+00:00\" \/>\n<meta name=\"twitter:card\" content=\"summary_large_image\" \/>\n<meta name=\"twitter:label1\" content=\"Gesch\u00e4tzte Lesezeit\" \/>\n\t<meta name=\"twitter:data1\" content=\"1\u00a0Minute\" \/>\n<script type=\"application\/ld+json\" class=\"yoast-schema-graph\">{\"@context\":\"https:\\\/\\\/schema.org\",\"@graph\":[{\"@type\":\"WebPage\",\"@id\":\"https:\\\/\\\/www.verhoevenfamily.com\\\/de\\\/graduieren-ausbildung-praktikum\\\/\",\"url\":\"https:\\\/\\\/www.verhoevenfamily.com\\\/de\\\/graduieren-ausbildung-praktikum\\\/\",\"name\":\"Graduieren, Ausbildung & Praktikum - Verhoeven Family\",\"isPartOf\":{\"@id\":\"https:\\\/\\\/www.verhoevenfamily.com\\\/de\\\/#website\"},\"datePublished\":\"2020-06-23T09:18:02+00:00\",\"dateModified\":\"2025-09-08T08:07:36+00:00\",\"breadcrumb\":{\"@id\":\"https:\\\/\\\/www.verhoevenfamily.com\\\/de\\\/graduieren-ausbildung-praktikum\\\/#breadcrumb\"},\"inLanguage\":\"de\",\"potentialAction\":[{\"@type\":\"ReadAction\",\"target\":[\"https:\\\/\\\/www.verhoevenfamily.com\\\/de\\\/graduieren-ausbildung-praktikum\\\/\"]}]},{\"@type\":\"BreadcrumbList\",\"@id\":\"https:\\\/\\\/www.verhoevenfamily.com\\\/de\\\/graduieren-ausbildung-praktikum\\\/#breadcrumb\",\"itemListElement\":[{\"@type\":\"ListItem\",\"position\":1,\"name\":\"Home\",\"item\":\"https:\\\/\\\/www.verhoevenfamily.com\\\/de\\\/\"},{\"@type\":\"ListItem\",\"position\":2,\"name\":\"Graduieren, Ausbildung &#038; Praktikum\"}]},{\"@type\":\"WebSite\",\"@id\":\"https:\\\/\\\/www.verhoevenfamily.com\\\/de\\\/#website\",\"url\":\"https:\\\/\\\/www.verhoevenfamily.com\\\/de\\\/\",\"name\":\"Verhoeven Family\",\"description\":\"Verhoeven Family website\",\"potentialAction\":[{\"@type\":\"SearchAction\",\"target\":{\"@type\":\"EntryPoint\",\"urlTemplate\":\"https:\\\/\\\/www.verhoevenfamily.com\\\/de\\\/?s={search_term_string}\"},\"query-input\":{\"@type\":\"PropertyValueSpecification\",\"valueRequired\":true,\"valueName\":\"search_term_string\"}}],\"inLanguage\":\"de\"}]}<\/script>\n<!-- \/ Yoast SEO Premium plugin. -->","yoast_head_json":{"title":"Graduieren, Ausbildung & Praktikum - Verhoeven Family","robots":{"index":"index","follow":"follow","max-snippet":"max-snippet:-1","max-image-preview":"max-image-preview:large","max-video-preview":"max-video-preview:-1"},"canonical":"https:\/\/www.verhoevenfamily.com\/de\/graduieren-ausbildung-praktikum\/","og_locale":"de_DE","og_type":"article","og_title":"Graduieren, Ausbildung & Praktikum","og_description":"Graduieren, Ausbildung &amp; Praktikum Die Verhoeven Family ist auf der Suche nach dir! \u00a0 Bist du entschlossen, flei\u00dfig und begeisterungsf\u00e4hig? Bist du tatkr\u00e4ftig und zielstrebig? Liebst du nichts mehr als eine richtige Herausforderung? Verhoeven Family sucht talentierte, ehrgeizige und motivierte Hochschulabsolventen und Praktikanten, die etwas...","og_url":"https:\/\/www.verhoevenfamily.com\/de\/graduieren-ausbildung-praktikum\/","og_site_name":"Verhoeven Family","article_modified_time":"2025-09-08T08:07:36+00:00","twitter_card":"summary_large_image","twitter_misc":{"Gesch\u00e4tzte Lesezeit":"1\u00a0Minute"},"schema":{"@context":"https:\/\/schema.org","@graph":[{"@type":"WebPage","@id":"https:\/\/www.verhoevenfamily.com\/de\/graduieren-ausbildung-praktikum\/","url":"https:\/\/www.verhoevenfamily.com\/de\/graduieren-ausbildung-praktikum\/","name":"Graduieren, Ausbildung & Praktikum - Verhoeven Family","isPartOf":{"@id":"https:\/\/www.verhoevenfamily.com\/de\/#website"},"datePublished":"2020-06-23T09:18:02+00:00","dateModified":"2025-09-08T08:07:36+00:00","breadcrumb":{"@id":"https:\/\/www.verhoevenfamily.com\/de\/graduieren-ausbildung-praktikum\/#breadcrumb"},"inLanguage":"de","potentialAction":[{"@type":"ReadAction","target":["https:\/\/www.verhoevenfamily.com\/de\/graduieren-ausbildung-praktikum\/"]}]},{"@type":"BreadcrumbList","@id":"https:\/\/www.verhoevenfamily.com\/de\/graduieren-ausbildung-praktikum\/#breadcrumb","itemListElement":[{"@type":"ListItem","position":1,"name":"Home","item":"https:\/\/www.verhoevenfamily.com\/de\/"},{"@type":"ListItem","position":2,"name":"Graduieren, Ausbildung &#038; Praktikum"}]},{"@type":"WebSite","@id":"https:\/\/www.verhoevenfamily.com\/de\/#website","url":"https:\/\/www.verhoevenfamily.com\/de\/","name":"Verhoeven Family","description":"Verhoeven Family website","potentialAction":[{"@type":"SearchAction","target":{"@type":"EntryPoint","urlTemplate":"https:\/\/www.verhoevenfamily.com\/de\/?s={search_term_string}"},"query-input":{"@type":"PropertyValueSpecification","valueRequired":true,"valueName":"search_term_string"}}],"inLanguage":"de"}]}},"_links":{"self":[{"href":"https:\/\/www.verhoevenfamily.com\/de\/wp-json\/wp\/v2\/pages\/2848","targetHints":{"allow":["GET"]}}],"collection":[{"href":"https:\/\/www.verhoevenfamily.com\/de\/wp-json\/wp\/v2\/pages"}],"about":[{"href":"https:\/\/www.verhoevenfamily.com\/de\/wp-json\/wp\/v2\/types\/page"}],"author":[{"embeddable":true,"href":"https:\/\/www.verhoevenfamily.com\/de\/wp-json\/wp\/v2\/users\/4"}],"replies":[{"embeddable":true,"href":"https:\/\/www.verhoevenfamily.com\/de\/wp-json\/wp\/v2\/comments?post=2848"}],"version-history":[{"count":0,"href":"https:\/\/www.verhoevenfamily.com\/de\/wp-json\/wp\/v2\/pages\/2848\/revisions"}],"wp:attachment":[{"href":"https:\/\/www.verhoevenfamily.com\/de\/wp-json\/wp\/v2\/media?parent=2848"}],"curies":[{"name":"wp","href":"https:\/\/api.w.org\/{rel}","templated":true}]}}