{"id":2844,"date":"2020-06-23T09:17:06","date_gmt":"2020-06-23T09:17:06","guid":{"rendered":"https:\/\/www.verhoevenfamily.com\/?page_id=2844"},"modified":"2026-03-06T09:19:48","modified_gmt":"2026-03-06T08:19:48","slug":"handhabung-und-foerdertechnik-fuer-lebensmittel","status":"publish","type":"page","link":"https:\/\/www.verhoevenfamily.com\/de\/handhabung-und-foerdertechnik-fuer-lebensmittel\/","title":{"rendered":"Handhabung- und F\u00f6rdertechnik f\u00fcr Lebensmittel"},"content":{"rendered":"\t\t<div data-elementor-type=\"wp-page\" data-elementor-id=\"2844\" class=\"elementor elementor-2844 elementor-880\" data-elementor-post-type=\"page\">\n\t\t\t\t\t\t<section class=\"elementor-section elementor-top-section elementor-element elementor-element-bf0a61e elementor-section-boxed elementor-section-height-default elementor-section-height-default\" data-id=\"bf0a61e\" data-element_type=\"section\" data-e-type=\"section\">\n\t\t\t\t\t\t<div class=\"elementor-container elementor-column-gap-default\">\n\t\t\t\t\t<div class=\"elementor-column elementor-col-100 elementor-top-column elementor-element elementor-element-69345d2\" data-id=\"69345d2\" data-element_type=\"column\" data-e-type=\"column\">\n\t\t\t<div class=\"elementor-widget-wrap\">\n\t\t\t\t\t\t\t<\/div>\n\t\t<\/div>\n\t\t\t\t\t<\/div>\n\t\t<\/section>\n\t\t\t\t<section class=\"elementor-section elementor-top-section elementor-element elementor-element-dea1c7e elementor-section-boxed elementor-section-height-default elementor-section-height-default\" data-id=\"dea1c7e\" data-element_type=\"section\" data-e-type=\"section\">\n\t\t\t\t\t\t<div class=\"elementor-container elementor-column-gap-default\">\n\t\t\t\t\t<div class=\"elementor-column elementor-col-50 elementor-top-column elementor-element elementor-element-74c5f7d\" data-id=\"74c5f7d\" data-element_type=\"column\" data-e-type=\"column\">\n\t\t\t<div class=\"elementor-widget-wrap elementor-element-populated\">\n\t\t\t\t\t\t<div class=\"elementor-element elementor-element-054ff70 din elementor-widget elementor-widget-heading\" data-id=\"054ff70\" data-element_type=\"widget\" data-e-type=\"widget\" data-widget_type=\"heading.default\">\n\t\t\t\t<div class=\"elementor-widget-container\">\n\t\t\t\t\t<h2 class=\"elementor-heading-title elementor-size-default\">Handhabung- und F\u00f6rdertechnik f\u00fcr Lebensmittel<\/h2>\t\t\t\t<\/div>\n\t\t\t\t<\/div>\n\t\t\t\t<div class=\"elementor-element elementor-element-1c337a2 elementor-widget elementor-widget-text-editor\" data-id=\"1c337a2\" data-element_type=\"widget\" data-e-type=\"widget\" data-widget_type=\"text-editor.default\">\n\t\t\t\t<div class=\"elementor-widget-container\">\n\t\t\t\t\t\t\t\t\t<p>Nichts ist empfindlicher als der Umgang mit Lebensmitteln und deren Transport in der Lebensmittelindustrie. Frisch oder gefroren, hei\u00df oder kalt, unverpackt oder verpackt; von Fleisch, Fisch, Gem\u00fcse und Obst bis hin zu Back- und S\u00fc\u00dfwaren. Von der Bef\u00f6rderung bis hin zur Verpackung. Die Kontinuit\u00e4t, Qualit\u00e4t und Effizienz sind f\u00fcr den Prozess von entscheidender Bedeutung.<\/p><p>\u00a0<\/p><p>Bei den von uns angebotenen L\u00f6sungen achten wir besonders auf Hygiene, das Risiko von Kontaminationen und auf ungew\u00f6hnliches Gewicht oder ungew\u00f6hnliche Formen. Au\u00dferdem ber\u00fccksichtigen wir Temperaturunterschiede in Ihrer industriellen Produktion. <br \/>Wir wissen genau, was f\u00fcr einen sicheren und effizienten Umgang mit Lebensmitteln und deren Transport erforderlich ist. Dies zeigt sich wiederholt in unserer jahrzehntelangen Erfahrung mit diesen Prozessen und dem Mehrwert, den unsere L\u00f6sungen bringen. Unsere Systeme bestehen h\u00e4ufig aus Edelstahl und aus Komponenten, die FDA-zugelassen sind und erf\u00fcllen strenge, aktualisierte internationale Hygieneanforderungen. Sie sind im Hinblick auf den Designprozess speziell auf eine einfache Reinigung und Wartung ausgelegt.<\/p><p>\u00a0<\/p><p>Bei der Verhoeven Material Handling Family sind alle unsere Handhabungs- und Transportl\u00f6sungen mit den erforderlichen Systemen ausgestattet, um sicherzustellen, dass Ihr Produktionsprozess kontinuierlich weiterarbeiten kann, da jeder Stillstand kostspielig ist. <a href=\"https:\/\/www.verhoevenfamily.com\/de\/kontakt\/\">Kontaktieren<\/a> Sie uns noch heute, um Ihre Anforderungen und W\u00fcnsche zu besprechen.<\/p>\t\t\t\t\t\t\t\t<\/div>\n\t\t\t\t<\/div>\n\t\t\t\t\t<\/div>\n\t\t<\/div>\n\t\t\t\t<div class=\"elementor-column elementor-col-50 elementor-top-column elementor-element elementor-element-8a12f58\" data-id=\"8a12f58\" data-element_type=\"column\" data-e-type=\"column\">\n\t\t\t<div class=\"elementor-widget-wrap\">\n\t\t\t\t\t\t\t<\/div>\n\t\t<\/div>\n\t\t\t\t\t<\/div>\n\t\t<\/section>\n\t\t\t\t<section class=\"elementor-section elementor-top-section elementor-element elementor-element-70415fc elementor-section-boxed elementor-section-height-default elementor-section-height-default\" data-id=\"70415fc\" data-element_type=\"section\" data-e-type=\"section\">\n\t\t\t\t\t\t<div class=\"elementor-container elementor-column-gap-default\">\n\t\t\t\t\t<div class=\"elementor-column elementor-col-100 elementor-top-column elementor-element elementor-element-64b0e81\" data-id=\"64b0e81\" data-element_type=\"column\" data-e-type=\"column\">\n\t\t\t<div class=\"elementor-widget-wrap elementor-element-populated\">\n\t\t\t\t\t\t<div class=\"elementor-element elementor-element-88146f3 elementor-widget elementor-widget-spacer\" data-id=\"88146f3\" data-element_type=\"widget\" data-e-type=\"widget\" data-widget_type=\"spacer.default\">\n\t\t\t\t<div class=\"elementor-widget-container\">\n\t\t\t\t\t\t\t<div class=\"elementor-spacer\">\n\t\t\t<div class=\"elementor-spacer-inner\"><\/div>\n\t\t<\/div>\n\t\t\t\t\t\t<\/div>\n\t\t\t\t<\/div>\n\t\t\t\t\t<\/div>\n\t\t<\/div>\n\t\t\t\t\t<\/div>\n\t\t<\/section>\n\t\t\t\t<\/div>\n\t\t","protected":false},"excerpt":{"rendered":"<p>Handhabung- und F\u00f6rdertechnik f\u00fcr Lebensmittel Nichts ist empfindlicher als der Umgang mit Lebensmitteln und deren Transport in der Lebensmittelindustrie. Frisch oder gefroren, hei\u00df oder kalt, unverpackt oder verpackt; von Fleisch, Fisch, Gem\u00fcse und Obst bis hin zu Back- und S\u00fc\u00dfwaren. Von der Bef\u00f6rderung bis hin&#8230;<\/p>\n","protected":false},"author":4,"featured_media":0,"parent":0,"menu_order":0,"comment_status":"closed","ping_status":"closed","template":"","meta":{"footnotes":""},"class_list":["post-2844","page","type-page","status-publish","hentry"],"yoast_head":"<!-- This site is optimized with the Yoast SEO Premium plugin v27.4 (Yoast SEO v27.4) - https:\/\/yoast.com\/product\/yoast-seo-premium-wordpress\/ -->\n<title>Handhabung- und F\u00f6rdertechnik f\u00fcr Lebensmittel - Verhoeven Family<\/title>\n<meta name=\"robots\" content=\"index, follow, max-snippet:-1, max-image-preview:large, max-video-preview:-1\" \/>\n<link rel=\"canonical\" href=\"https:\/\/www.verhoevenfamily.com\/de\/handhabung-und-foerdertechnik-fuer-lebensmittel\/\" \/>\n<meta property=\"og:locale\" content=\"de_DE\" \/>\n<meta property=\"og:type\" content=\"article\" \/>\n<meta property=\"og:title\" content=\"Handhabung- und F\u00f6rdertechnik f\u00fcr Lebensmittel\" \/>\n<meta property=\"og:description\" content=\"Handhabung- und F\u00f6rdertechnik f\u00fcr Lebensmittel Nichts ist empfindlicher als der Umgang mit Lebensmitteln und deren Transport in der Lebensmittelindustrie. Frisch oder gefroren, hei\u00df oder kalt, unverpackt oder verpackt; von Fleisch, Fisch, Gem\u00fcse und Obst bis hin zu Back- und S\u00fc\u00dfwaren. Von der Bef\u00f6rderung bis hin...\" \/>\n<meta property=\"og:url\" content=\"https:\/\/www.verhoevenfamily.com\/de\/handhabung-und-foerdertechnik-fuer-lebensmittel\/\" \/>\n<meta property=\"og:site_name\" content=\"Verhoeven Family\" \/>\n<meta property=\"article:modified_time\" content=\"2026-03-06T08:19:48+00:00\" \/>\n<meta name=\"twitter:card\" content=\"summary_large_image\" \/>\n<meta name=\"twitter:label1\" content=\"Gesch\u00e4tzte Lesezeit\" \/>\n\t<meta name=\"twitter:data1\" content=\"2\u00a0Minuten\" \/>\n<script type=\"application\/ld+json\" class=\"yoast-schema-graph\">{\"@context\":\"https:\\\/\\\/schema.org\",\"@graph\":[{\"@type\":\"WebPage\",\"@id\":\"https:\\\/\\\/www.verhoevenfamily.com\\\/de\\\/handhabung-und-foerdertechnik-fuer-lebensmittel\\\/\",\"url\":\"https:\\\/\\\/www.verhoevenfamily.com\\\/de\\\/handhabung-und-foerdertechnik-fuer-lebensmittel\\\/\",\"name\":\"Handhabung- und F\u00f6rdertechnik f\u00fcr Lebensmittel - Verhoeven Family\",\"isPartOf\":{\"@id\":\"https:\\\/\\\/www.verhoevenfamily.com\\\/de\\\/#website\"},\"datePublished\":\"2020-06-23T09:17:06+00:00\",\"dateModified\":\"2026-03-06T08:19:48+00:00\",\"breadcrumb\":{\"@id\":\"https:\\\/\\\/www.verhoevenfamily.com\\\/de\\\/handhabung-und-foerdertechnik-fuer-lebensmittel\\\/#breadcrumb\"},\"inLanguage\":\"de\",\"potentialAction\":[{\"@type\":\"ReadAction\",\"target\":[\"https:\\\/\\\/www.verhoevenfamily.com\\\/de\\\/handhabung-und-foerdertechnik-fuer-lebensmittel\\\/\"]}]},{\"@type\":\"BreadcrumbList\",\"@id\":\"https:\\\/\\\/www.verhoevenfamily.com\\\/de\\\/handhabung-und-foerdertechnik-fuer-lebensmittel\\\/#breadcrumb\",\"itemListElement\":[{\"@type\":\"ListItem\",\"position\":1,\"name\":\"Home\",\"item\":\"https:\\\/\\\/www.verhoevenfamily.com\\\/de\\\/\"},{\"@type\":\"ListItem\",\"position\":2,\"name\":\"Handhabung- und F\u00f6rdertechnik f\u00fcr Lebensmittel\"}]},{\"@type\":\"WebSite\",\"@id\":\"https:\\\/\\\/www.verhoevenfamily.com\\\/de\\\/#website\",\"url\":\"https:\\\/\\\/www.verhoevenfamily.com\\\/de\\\/\",\"name\":\"Verhoeven Family\",\"description\":\"Verhoeven Family website\",\"potentialAction\":[{\"@type\":\"SearchAction\",\"target\":{\"@type\":\"EntryPoint\",\"urlTemplate\":\"https:\\\/\\\/www.verhoevenfamily.com\\\/de\\\/?s={search_term_string}\"},\"query-input\":{\"@type\":\"PropertyValueSpecification\",\"valueRequired\":true,\"valueName\":\"search_term_string\"}}],\"inLanguage\":\"de\"}]}<\/script>\n<!-- \/ Yoast SEO Premium plugin. -->","yoast_head_json":{"title":"Handhabung- und F\u00f6rdertechnik f\u00fcr Lebensmittel - Verhoeven Family","robots":{"index":"index","follow":"follow","max-snippet":"max-snippet:-1","max-image-preview":"max-image-preview:large","max-video-preview":"max-video-preview:-1"},"canonical":"https:\/\/www.verhoevenfamily.com\/de\/handhabung-und-foerdertechnik-fuer-lebensmittel\/","og_locale":"de_DE","og_type":"article","og_title":"Handhabung- und F\u00f6rdertechnik f\u00fcr Lebensmittel","og_description":"Handhabung- und F\u00f6rdertechnik f\u00fcr Lebensmittel Nichts ist empfindlicher als der Umgang mit Lebensmitteln und deren Transport in der Lebensmittelindustrie. Frisch oder gefroren, hei\u00df oder kalt, unverpackt oder verpackt; von Fleisch, Fisch, Gem\u00fcse und Obst bis hin zu Back- und S\u00fc\u00dfwaren. Von der Bef\u00f6rderung bis hin...","og_url":"https:\/\/www.verhoevenfamily.com\/de\/handhabung-und-foerdertechnik-fuer-lebensmittel\/","og_site_name":"Verhoeven Family","article_modified_time":"2026-03-06T08:19:48+00:00","twitter_card":"summary_large_image","twitter_misc":{"Gesch\u00e4tzte Lesezeit":"2\u00a0Minuten"},"schema":{"@context":"https:\/\/schema.org","@graph":[{"@type":"WebPage","@id":"https:\/\/www.verhoevenfamily.com\/de\/handhabung-und-foerdertechnik-fuer-lebensmittel\/","url":"https:\/\/www.verhoevenfamily.com\/de\/handhabung-und-foerdertechnik-fuer-lebensmittel\/","name":"Handhabung- und F\u00f6rdertechnik f\u00fcr Lebensmittel - Verhoeven Family","isPartOf":{"@id":"https:\/\/www.verhoevenfamily.com\/de\/#website"},"datePublished":"2020-06-23T09:17:06+00:00","dateModified":"2026-03-06T08:19:48+00:00","breadcrumb":{"@id":"https:\/\/www.verhoevenfamily.com\/de\/handhabung-und-foerdertechnik-fuer-lebensmittel\/#breadcrumb"},"inLanguage":"de","potentialAction":[{"@type":"ReadAction","target":["https:\/\/www.verhoevenfamily.com\/de\/handhabung-und-foerdertechnik-fuer-lebensmittel\/"]}]},{"@type":"BreadcrumbList","@id":"https:\/\/www.verhoevenfamily.com\/de\/handhabung-und-foerdertechnik-fuer-lebensmittel\/#breadcrumb","itemListElement":[{"@type":"ListItem","position":1,"name":"Home","item":"https:\/\/www.verhoevenfamily.com\/de\/"},{"@type":"ListItem","position":2,"name":"Handhabung- und F\u00f6rdertechnik f\u00fcr Lebensmittel"}]},{"@type":"WebSite","@id":"https:\/\/www.verhoevenfamily.com\/de\/#website","url":"https:\/\/www.verhoevenfamily.com\/de\/","name":"Verhoeven Family","description":"Verhoeven Family website","potentialAction":[{"@type":"SearchAction","target":{"@type":"EntryPoint","urlTemplate":"https:\/\/www.verhoevenfamily.com\/de\/?s={search_term_string}"},"query-input":{"@type":"PropertyValueSpecification","valueRequired":true,"valueName":"search_term_string"}}],"inLanguage":"de"}]}},"_links":{"self":[{"href":"https:\/\/www.verhoevenfamily.com\/de\/wp-json\/wp\/v2\/pages\/2844","targetHints":{"allow":["GET"]}}],"collection":[{"href":"https:\/\/www.verhoevenfamily.com\/de\/wp-json\/wp\/v2\/pages"}],"about":[{"href":"https:\/\/www.verhoevenfamily.com\/de\/wp-json\/wp\/v2\/types\/page"}],"author":[{"embeddable":true,"href":"https:\/\/www.verhoevenfamily.com\/de\/wp-json\/wp\/v2\/users\/4"}],"replies":[{"embeddable":true,"href":"https:\/\/www.verhoevenfamily.com\/de\/wp-json\/wp\/v2\/comments?post=2844"}],"version-history":[{"count":0,"href":"https:\/\/www.verhoevenfamily.com\/de\/wp-json\/wp\/v2\/pages\/2844\/revisions"}],"wp:attachment":[{"href":"https:\/\/www.verhoevenfamily.com\/de\/wp-json\/wp\/v2\/media?parent=2844"}],"curies":[{"name":"wp","href":"https:\/\/api.w.org\/{rel}","templated":true}]}}