{"id":2832,"date":"2020-06-23T09:11:42","date_gmt":"2020-06-23T09:11:42","guid":{"rendered":"https:\/\/www.verhoevenfamily.com\/?page_id=2832"},"modified":"2026-03-06T09:13:06","modified_gmt":"2026-03-06T08:13:06","slug":"container-handhabung","status":"publish","type":"page","link":"https:\/\/www.verhoevenfamily.com\/de\/container-handhabung\/","title":{"rendered":"Container Handhabung"},"content":{"rendered":"\t\t<div data-elementor-type=\"wp-page\" data-elementor-id=\"2832\" class=\"elementor elementor-2832 elementor-878\" data-elementor-post-type=\"page\">\n\t\t\t\t\t\t<section class=\"elementor-section elementor-top-section elementor-element elementor-element-bf0a61e elementor-section-boxed elementor-section-height-default elementor-section-height-default\" data-id=\"bf0a61e\" data-element_type=\"section\" data-e-type=\"section\">\n\t\t\t\t\t\t<div class=\"elementor-container elementor-column-gap-default\">\n\t\t\t\t\t<div class=\"elementor-column elementor-col-100 elementor-top-column elementor-element elementor-element-69345d2\" data-id=\"69345d2\" data-element_type=\"column\" data-e-type=\"column\">\n\t\t\t<div class=\"elementor-widget-wrap\">\n\t\t\t\t\t\t\t<\/div>\n\t\t<\/div>\n\t\t\t\t\t<\/div>\n\t\t<\/section>\n\t\t\t\t<section class=\"elementor-section elementor-top-section elementor-element elementor-element-dea1c7e elementor-section-boxed elementor-section-height-default elementor-section-height-default\" data-id=\"dea1c7e\" data-element_type=\"section\" data-e-type=\"section\">\n\t\t\t\t\t\t<div class=\"elementor-container elementor-column-gap-default\">\n\t\t\t\t\t<div class=\"elementor-column elementor-col-50 elementor-top-column elementor-element elementor-element-74c5f7d\" data-id=\"74c5f7d\" data-element_type=\"column\" data-e-type=\"column\">\n\t\t\t<div class=\"elementor-widget-wrap elementor-element-populated\">\n\t\t\t\t\t\t<div class=\"elementor-element elementor-element-054ff70 din elementor-widget elementor-widget-heading\" data-id=\"054ff70\" data-element_type=\"widget\" data-e-type=\"widget\" data-widget_type=\"heading.default\">\n\t\t\t\t<div class=\"elementor-widget-container\">\n\t\t\t\t\t<h2 class=\"elementor-heading-title elementor-size-default\">Container Handhabung<\/h2>\t\t\t\t<\/div>\n\t\t\t\t<\/div>\n\t\t\t\t<div class=\"elementor-element elementor-element-b88f3fe elementor-widget elementor-widget-text-editor\" data-id=\"b88f3fe\" data-element_type=\"widget\" data-e-type=\"widget\" data-widget_type=\"text-editor.default\">\n\t\t\t\t<div class=\"elementor-widget-container\">\n\t\t\t\t\t\t\t\t\t<p>Der Containerumschlag ist eine Spezialarbeit. Sie umfasst die Handhabung und den Transport aller leeren oder vollen Produkttr\u00e4ger wie Dosen, Deckel, Gl\u00e4ser bzw. PET-Gl\u00e4ser und -Flaschen, Kisten, K\u00e4sten, Kanister und viele andere. Aber auch Prozesse wie Reinigen, Sterilisieren, Puffern und Einzeltransport.<\/p><p>Verhoeven ist neben der Materialhandhabung und Bef\u00f6rderung von Standardcontainern auch auf den Transport von atypischen Beh\u00e4ltern spezialisiert. Dabei kann es sich um das Arbeiten mit ungew\u00f6hnlichen Gr\u00f6\u00dfen oder unterschiedlichen Geschwindigkeiten handeln. Haben Sie spezielle W\u00fcnsche und Anforderungen f\u00fcr die Dimensionierung von Material und Gewicht? Damit k\u00f6nnen wir arbeiten!<\/p><p>Produkthandhabungs- und F\u00f6rdersysteme verbinden h\u00e4ufig mehrere Prozesse, die von verschiedenen Produktionsmaschinen ausgef\u00fchrt werden. Diese erfordern besondere Aufmerksamkeit. Bei der Verhoeven Material Handling Family unterst\u00fctzen wir Sie w\u00e4hrend Ihres gesamten Produktionsprozesses. <a href=\"https:\/\/www.verhoevenfamily.com\/de\/kontakt\/\">Kontaktieren <\/a>Sie uns noch heute, um Ihre Anforderungen und W\u00fcnsche zu besprechen und um herauszufinden, wie wir Ihnen helfen k\u00f6nnen.<\/p>\t\t\t\t\t\t\t\t<\/div>\n\t\t\t\t<\/div>\n\t\t\t\t\t<\/div>\n\t\t<\/div>\n\t\t\t\t<div class=\"elementor-column elementor-col-50 elementor-top-column elementor-element elementor-element-5a66869\" data-id=\"5a66869\" data-element_type=\"column\" data-e-type=\"column\">\n\t\t\t<div class=\"elementor-widget-wrap\">\n\t\t\t\t\t\t\t<\/div>\n\t\t<\/div>\n\t\t\t\t\t<\/div>\n\t\t<\/section>\n\t\t\t\t<section class=\"elementor-section elementor-top-section elementor-element elementor-element-805637c elementor-section-boxed elementor-section-height-default elementor-section-height-default\" data-id=\"805637c\" data-element_type=\"section\" data-e-type=\"section\">\n\t\t\t\t\t\t<div class=\"elementor-container elementor-column-gap-default\">\n\t\t\t\t\t<div class=\"elementor-column elementor-col-100 elementor-top-column elementor-element elementor-element-8b30e5b\" data-id=\"8b30e5b\" data-element_type=\"column\" data-e-type=\"column\">\n\t\t\t<div class=\"elementor-widget-wrap elementor-element-populated\">\n\t\t\t\t\t\t<div class=\"elementor-element elementor-element-f84478b elementor-widget elementor-widget-spacer\" data-id=\"f84478b\" data-element_type=\"widget\" data-e-type=\"widget\" data-widget_type=\"spacer.default\">\n\t\t\t\t<div class=\"elementor-widget-container\">\n\t\t\t\t\t\t\t<div class=\"elementor-spacer\">\n\t\t\t<div class=\"elementor-spacer-inner\"><\/div>\n\t\t<\/div>\n\t\t\t\t\t\t<\/div>\n\t\t\t\t<\/div>\n\t\t\t\t\t<\/div>\n\t\t<\/div>\n\t\t\t\t\t<\/div>\n\t\t<\/section>\n\t\t\t\t<\/div>\n\t\t","protected":false},"excerpt":{"rendered":"<p>Container Handhabung Der Containerumschlag ist eine Spezialarbeit. Sie umfasst die Handhabung und den Transport aller leeren oder vollen Produkttr\u00e4ger wie Dosen, Deckel, Gl\u00e4ser bzw. PET-Gl\u00e4ser und -Flaschen, Kisten, K\u00e4sten, Kanister und viele andere. Aber auch Prozesse wie Reinigen, Sterilisieren, Puffern und Einzeltransport. Verhoeven ist neben&#8230;<\/p>\n","protected":false},"author":4,"featured_media":0,"parent":0,"menu_order":0,"comment_status":"closed","ping_status":"closed","template":"","meta":{"footnotes":""},"class_list":["post-2832","page","type-page","status-publish","hentry"],"yoast_head":"<!-- This site is optimized with the Yoast SEO Premium plugin v27.4 (Yoast SEO v27.4) - https:\/\/yoast.com\/product\/yoast-seo-premium-wordpress\/ -->\n<title>Container Handhabung - Verhoeven Family<\/title>\n<meta name=\"robots\" content=\"index, follow, max-snippet:-1, max-image-preview:large, max-video-preview:-1\" \/>\n<link rel=\"canonical\" href=\"https:\/\/www.verhoevenfamily.com\/de\/container-handhabung\/\" \/>\n<meta property=\"og:locale\" content=\"de_DE\" \/>\n<meta property=\"og:type\" content=\"article\" \/>\n<meta property=\"og:title\" content=\"Container Handhabung\" \/>\n<meta property=\"og:description\" content=\"Container Handhabung Der Containerumschlag ist eine Spezialarbeit. Sie umfasst die Handhabung und den Transport aller leeren oder vollen Produkttr\u00e4ger wie Dosen, Deckel, Gl\u00e4ser bzw. PET-Gl\u00e4ser und -Flaschen, Kisten, K\u00e4sten, Kanister und viele andere. Aber auch Prozesse wie Reinigen, Sterilisieren, Puffern und Einzeltransport. Verhoeven ist neben...\" \/>\n<meta property=\"og:url\" content=\"https:\/\/www.verhoevenfamily.com\/de\/container-handhabung\/\" \/>\n<meta property=\"og:site_name\" content=\"Verhoeven Family\" \/>\n<meta property=\"article:modified_time\" content=\"2026-03-06T08:13:06+00:00\" \/>\n<meta name=\"twitter:card\" content=\"summary_large_image\" \/>\n<meta name=\"twitter:label1\" content=\"Gesch\u00e4tzte Lesezeit\" \/>\n\t<meta name=\"twitter:data1\" content=\"1\u00a0Minute\" \/>\n<script type=\"application\/ld+json\" class=\"yoast-schema-graph\">{\"@context\":\"https:\\\/\\\/schema.org\",\"@graph\":[{\"@type\":\"WebPage\",\"@id\":\"https:\\\/\\\/www.verhoevenfamily.com\\\/de\\\/container-handhabung\\\/\",\"url\":\"https:\\\/\\\/www.verhoevenfamily.com\\\/de\\\/container-handhabung\\\/\",\"name\":\"Container Handhabung - Verhoeven Family\",\"isPartOf\":{\"@id\":\"https:\\\/\\\/www.verhoevenfamily.com\\\/de\\\/#website\"},\"datePublished\":\"2020-06-23T09:11:42+00:00\",\"dateModified\":\"2026-03-06T08:13:06+00:00\",\"breadcrumb\":{\"@id\":\"https:\\\/\\\/www.verhoevenfamily.com\\\/de\\\/container-handhabung\\\/#breadcrumb\"},\"inLanguage\":\"de\",\"potentialAction\":[{\"@type\":\"ReadAction\",\"target\":[\"https:\\\/\\\/www.verhoevenfamily.com\\\/de\\\/container-handhabung\\\/\"]}]},{\"@type\":\"BreadcrumbList\",\"@id\":\"https:\\\/\\\/www.verhoevenfamily.com\\\/de\\\/container-handhabung\\\/#breadcrumb\",\"itemListElement\":[{\"@type\":\"ListItem\",\"position\":1,\"name\":\"Home\",\"item\":\"https:\\\/\\\/www.verhoevenfamily.com\\\/de\\\/\"},{\"@type\":\"ListItem\",\"position\":2,\"name\":\"Container Handhabung\"}]},{\"@type\":\"WebSite\",\"@id\":\"https:\\\/\\\/www.verhoevenfamily.com\\\/de\\\/#website\",\"url\":\"https:\\\/\\\/www.verhoevenfamily.com\\\/de\\\/\",\"name\":\"Verhoeven Family\",\"description\":\"Verhoeven Family website\",\"potentialAction\":[{\"@type\":\"SearchAction\",\"target\":{\"@type\":\"EntryPoint\",\"urlTemplate\":\"https:\\\/\\\/www.verhoevenfamily.com\\\/de\\\/?s={search_term_string}\"},\"query-input\":{\"@type\":\"PropertyValueSpecification\",\"valueRequired\":true,\"valueName\":\"search_term_string\"}}],\"inLanguage\":\"de\"}]}<\/script>\n<!-- \/ Yoast SEO Premium plugin. -->","yoast_head_json":{"title":"Container Handhabung - Verhoeven Family","robots":{"index":"index","follow":"follow","max-snippet":"max-snippet:-1","max-image-preview":"max-image-preview:large","max-video-preview":"max-video-preview:-1"},"canonical":"https:\/\/www.verhoevenfamily.com\/de\/container-handhabung\/","og_locale":"de_DE","og_type":"article","og_title":"Container Handhabung","og_description":"Container Handhabung Der Containerumschlag ist eine Spezialarbeit. Sie umfasst die Handhabung und den Transport aller leeren oder vollen Produkttr\u00e4ger wie Dosen, Deckel, Gl\u00e4ser bzw. PET-Gl\u00e4ser und -Flaschen, Kisten, K\u00e4sten, Kanister und viele andere. Aber auch Prozesse wie Reinigen, Sterilisieren, Puffern und Einzeltransport. Verhoeven ist neben...","og_url":"https:\/\/www.verhoevenfamily.com\/de\/container-handhabung\/","og_site_name":"Verhoeven Family","article_modified_time":"2026-03-06T08:13:06+00:00","twitter_card":"summary_large_image","twitter_misc":{"Gesch\u00e4tzte Lesezeit":"1\u00a0Minute"},"schema":{"@context":"https:\/\/schema.org","@graph":[{"@type":"WebPage","@id":"https:\/\/www.verhoevenfamily.com\/de\/container-handhabung\/","url":"https:\/\/www.verhoevenfamily.com\/de\/container-handhabung\/","name":"Container Handhabung - Verhoeven Family","isPartOf":{"@id":"https:\/\/www.verhoevenfamily.com\/de\/#website"},"datePublished":"2020-06-23T09:11:42+00:00","dateModified":"2026-03-06T08:13:06+00:00","breadcrumb":{"@id":"https:\/\/www.verhoevenfamily.com\/de\/container-handhabung\/#breadcrumb"},"inLanguage":"de","potentialAction":[{"@type":"ReadAction","target":["https:\/\/www.verhoevenfamily.com\/de\/container-handhabung\/"]}]},{"@type":"BreadcrumbList","@id":"https:\/\/www.verhoevenfamily.com\/de\/container-handhabung\/#breadcrumb","itemListElement":[{"@type":"ListItem","position":1,"name":"Home","item":"https:\/\/www.verhoevenfamily.com\/de\/"},{"@type":"ListItem","position":2,"name":"Container Handhabung"}]},{"@type":"WebSite","@id":"https:\/\/www.verhoevenfamily.com\/de\/#website","url":"https:\/\/www.verhoevenfamily.com\/de\/","name":"Verhoeven Family","description":"Verhoeven Family website","potentialAction":[{"@type":"SearchAction","target":{"@type":"EntryPoint","urlTemplate":"https:\/\/www.verhoevenfamily.com\/de\/?s={search_term_string}"},"query-input":{"@type":"PropertyValueSpecification","valueRequired":true,"valueName":"search_term_string"}}],"inLanguage":"de"}]}},"_links":{"self":[{"href":"https:\/\/www.verhoevenfamily.com\/de\/wp-json\/wp\/v2\/pages\/2832","targetHints":{"allow":["GET"]}}],"collection":[{"href":"https:\/\/www.verhoevenfamily.com\/de\/wp-json\/wp\/v2\/pages"}],"about":[{"href":"https:\/\/www.verhoevenfamily.com\/de\/wp-json\/wp\/v2\/types\/page"}],"author":[{"embeddable":true,"href":"https:\/\/www.verhoevenfamily.com\/de\/wp-json\/wp\/v2\/users\/4"}],"replies":[{"embeddable":true,"href":"https:\/\/www.verhoevenfamily.com\/de\/wp-json\/wp\/v2\/comments?post=2832"}],"version-history":[{"count":0,"href":"https:\/\/www.verhoevenfamily.com\/de\/wp-json\/wp\/v2\/pages\/2832\/revisions"}],"wp:attachment":[{"href":"https:\/\/www.verhoevenfamily.com\/de\/wp-json\/wp\/v2\/media?parent=2832"}],"curies":[{"name":"wp","href":"https:\/\/api.w.org\/{rel}","templated":true}]}}