{"id":2807,"date":"2020-06-23T08:16:47","date_gmt":"2020-06-23T08:16:47","guid":{"rendered":"https:\/\/www.verhoevenfamily.com\/?page_id=2807"},"modified":"2023-11-23T11:08:45","modified_gmt":"2023-11-23T09:08:45","slug":"ueber-uns-vf","status":"publish","type":"page","link":"https:\/\/www.verhoevenfamily.com\/de\/ueber-uns-vf\/","title":{"rendered":"\u00dcber uns vf"},"content":{"rendered":"\t\t<div data-elementor-type=\"wp-page\" data-elementor-id=\"2807\" class=\"elementor elementor-2807 elementor-467\" data-elementor-post-type=\"page\">\n\t\t\t\t\t\t<section class=\"elementor-section elementor-top-section elementor-element elementor-element-dc9d900 elementor-section-boxed elementor-section-height-default elementor-section-height-default\" data-id=\"dc9d900\" data-element_type=\"section\" data-e-type=\"section\">\n\t\t\t\t\t\t<div class=\"elementor-container elementor-column-gap-default\">\n\t\t\t\t\t<div class=\"elementor-column elementor-col-100 elementor-top-column elementor-element elementor-element-54a8281\" data-id=\"54a8281\" data-element_type=\"column\" data-e-type=\"column\">\n\t\t\t<div class=\"elementor-widget-wrap elementor-element-populated\">\n\t\t\t\t\t\t<div class=\"elementor-element elementor-element-5e99f8e elementor-widget elementor-widget-image\" data-id=\"5e99f8e\" data-element_type=\"widget\" data-e-type=\"widget\" data-widget_type=\"image.default\">\n\t\t\t\t<div class=\"elementor-widget-container\">\n\t\t\t\t\t\t\t\t\t\t\t\t\t\t\t<img fetchpriority=\"high\" decoding=\"async\" width=\"2400\" height=\"1070\" src=\"https:\/\/www.verhoevenfamily.com\/wp-content\/uploads\/2020\/05\/pandnew-belettering-b.jpg\" class=\"attachment-full size-full wp-image-1761\" alt=\"New build office building of Verhoeven Family of Companies\" srcset=\"https:\/\/www.verhoevenfamily.com\/wp-content\/uploads\/2020\/05\/pandnew-belettering-b.jpg 2400w, https:\/\/www.verhoevenfamily.com\/wp-content\/uploads\/2020\/05\/pandnew-belettering-b-300x134.jpg 300w, https:\/\/www.verhoevenfamily.com\/wp-content\/uploads\/2020\/05\/pandnew-belettering-b-1024x457.jpg 1024w, https:\/\/www.verhoevenfamily.com\/wp-content\/uploads\/2020\/05\/pandnew-belettering-b-768x342.jpg 768w, https:\/\/www.verhoevenfamily.com\/wp-content\/uploads\/2020\/05\/pandnew-belettering-b-1536x685.jpg 1536w, https:\/\/www.verhoevenfamily.com\/wp-content\/uploads\/2020\/05\/pandnew-belettering-b-2048x913.jpg 2048w, https:\/\/www.verhoevenfamily.com\/wp-content\/uploads\/2020\/05\/pandnew-belettering-b-700x312.jpg 700w\" sizes=\"(max-width: 2400px) 100vw, 2400px\" \/>\t\t\t\t\t\t\t\t\t\t\t\t\t\t\t<\/div>\n\t\t\t\t<\/div>\n\t\t\t\t\t<\/div>\n\t\t<\/div>\n\t\t\t\t\t<\/div>\n\t\t<\/section>\n\t\t\t\t<section class=\"elementor-section elementor-top-section elementor-element elementor-element-1207731 elementor-section-boxed elementor-section-height-default elementor-section-height-default\" data-id=\"1207731\" data-element_type=\"section\" data-e-type=\"section\">\n\t\t\t\t\t\t<div class=\"elementor-container elementor-column-gap-default\">\n\t\t\t\t\t<div class=\"elementor-column elementor-col-100 elementor-top-column elementor-element elementor-element-3fe3146\" data-id=\"3fe3146\" data-element_type=\"column\" data-e-type=\"column\">\n\t\t\t<div class=\"elementor-widget-wrap elementor-element-populated\">\n\t\t\t\t\t\t<div class=\"elementor-element elementor-element-25e697a din elementor-widget elementor-widget-heading\" data-id=\"25e697a\" data-element_type=\"widget\" data-e-type=\"widget\" data-widget_type=\"heading.default\">\n\t\t\t\t<div class=\"elementor-widget-container\">\n\t\t\t\t\t<h2 class=\"elementor-heading-title elementor-size-default\">Verhoeven Family<\/h2>\t\t\t\t<\/div>\n\t\t\t\t<\/div>\n\t\t\t\t\t<\/div>\n\t\t<\/div>\n\t\t\t\t\t<\/div>\n\t\t<\/section>\n\t\t\t\t<section class=\"elementor-section elementor-top-section elementor-element elementor-element-072f2dd elementor-section-boxed elementor-section-height-default elementor-section-height-default\" data-id=\"072f2dd\" data-element_type=\"section\" data-e-type=\"section\">\n\t\t\t\t\t\t<div class=\"elementor-container elementor-column-gap-default\">\n\t\t\t\t\t<div class=\"elementor-column elementor-col-50 elementor-top-column elementor-element elementor-element-245975b\" data-id=\"245975b\" data-element_type=\"column\" data-e-type=\"column\">\n\t\t\t<div class=\"elementor-widget-wrap elementor-element-populated\">\n\t\t\t\t\t\t<div class=\"elementor-element elementor-element-67c7b07 elementor-widget elementor-widget-text-editor\" data-id=\"67c7b07\" data-element_type=\"widget\" data-e-type=\"widget\" data-widget_type=\"text-editor.default\">\n\t\t\t\t<div class=\"elementor-widget-container\">\n\t\t\t\t\t\t\t\t\t<p>Die Verhoeven Family of Companies entwickelt, produziert und liefert Systeme f\u00fcr den internen Transport, die Lagerung und die Materialhandhabung sowie ma\u00dfgeschneiderte Ger\u00e4te. Die Verhoeven Unternehmensfamilie ist die Muttergesellschaft von zwei innovativen Unternehmen: Verhoeven Material Handling Family und Verhoeven Bakery Equipment Family.<\/p><p>\u00a0<\/p><p>Die <a href=\"https:\/\/www.verhoevenfamily.com\/de\/ueber-uns-mhf\/\" rel=\"noopener\">Verhoeven Material Handling Family<\/a>\u00a0 verf\u00fcgt \u00fcber jahrzehntelange Erfahrung in der Entwicklung, dem Engineering und der Produktion von internen Handhabungs- und F\u00f6rdersystemen. Unsere L\u00f6sungen wurden weltweit in einer Vielzahl von Branchen installiert und in neuen und bestehenden Produktionsumgebungen eingesetzt. Unser Expertenteam bietet Ihnen die effizientesten L\u00f6sungen f\u00fcr Ihre Produkttr\u00e4ger. Der gesamte Entwicklungs- und Produktionsprozess wird unter einem Dach durchgef\u00fchrt, um Ihnen eine gr\u00f6\u00dftm\u00f6gliche Flexibilit\u00e4t, Effizienz und Qualit\u00e4t zu gew\u00e4hrleisten. Wir sind in der Lage, Ihnen dabei zu helfen, Ihre Anforderungen an Standard- oder ma\u00dfgeschneiderte L\u00f6sungen, komplette Produktionslinien oder \u00c4nderungen an Ihrem vorhandenen System zu erf\u00fcllen, selbst wenn Ihr Produktionsraum begrenzt ist.<\/p><p>\u00a0<\/p><p>Die <a href=\"https:\/\/www.verhoevenfamily.com\/de\/ueber-uns-bef\/\">Verhoeven Bakery Equipment Family<\/a> liefert schl\u00fcsselfertige Projekte, indem sie das Know-how ihrer 4 spezialisierten Tochterunternehmen einbezieht: <a href=\"https:\/\/www.bvtbs.com\/\" target=\"_blank\" rel=\"noopener\">BVT Dough Process Solutions<\/a>, das Teigverarbeitungs- sowie Laminieranlagen herstellt; <a href=\"https:\/\/www.newcapbs.com\/\" target=\"_blank\" rel=\"noopener\">NewCap Industrial Handling Solutions<\/a>, das fortschrittliche Handhabungssysteme liefert; <a href=\"https:\/\/vacuumcooling.com\/\" target=\"_blank\" rel=\"noopener\">Vacuum Cooling &amp; Baking Solutions<\/a>, das eine Methode entwickelt hat, mit der die Vakuumk\u00fchltechnik in gro\u00dfem Ma\u00dfstab auf Brot- und Backwaren angewendet werden kann, und <a href=\"https:\/\/www.bakepackeols.com\/\" target=\"_blank\" rel=\"noopener\">Bakepack End of Line Solutions<\/a>, das ma\u00dfgeschneiderte, vollst\u00e4ndige Systemintegration entwickelt, produziert und installiert.<\/p>\t\t\t\t\t\t\t\t<\/div>\n\t\t\t\t<\/div>\n\t\t\t\t\t<\/div>\n\t\t<\/div>\n\t\t\t\t<div class=\"elementor-column elementor-col-50 elementor-top-column elementor-element elementor-element-1a28747\" data-id=\"1a28747\" data-element_type=\"column\" data-e-type=\"column\">\n\t\t\t<div class=\"elementor-widget-wrap elementor-element-populated\">\n\t\t\t\t\t\t<section class=\"elementor-section elementor-inner-section elementor-element elementor-element-4dad79c elementor-section-boxed elementor-section-height-default elementor-section-height-default\" data-id=\"4dad79c\" data-element_type=\"section\" data-e-type=\"section\">\n\t\t\t\t\t\t<div class=\"elementor-container elementor-column-gap-default\">\n\t\t\t\t\t<div class=\"elementor-column elementor-col-100 elementor-inner-column elementor-element elementor-element-fe54703\" data-id=\"fe54703\" data-element_type=\"column\" data-e-type=\"column\">\n\t\t\t<div class=\"elementor-widget-wrap elementor-element-populated\">\n\t\t\t\t\t\t<div class=\"elementor-element elementor-element-58d9ab9 elementor-widget elementor-widget-spacer\" data-id=\"58d9ab9\" data-element_type=\"widget\" data-e-type=\"widget\" data-widget_type=\"spacer.default\">\n\t\t\t\t<div class=\"elementor-widget-container\">\n\t\t\t\t\t\t\t<div class=\"elementor-spacer\">\n\t\t\t<div class=\"elementor-spacer-inner\"><\/div>\n\t\t<\/div>\n\t\t\t\t\t\t<\/div>\n\t\t\t\t<\/div>\n\t\t\t\t\t<\/div>\n\t\t<\/div>\n\t\t\t\t\t<\/div>\n\t\t<\/section>\n\t\t\t\t<section class=\"elementor-section elementor-inner-section elementor-element elementor-element-5dd8097 elementor-section-boxed elementor-section-height-default elementor-section-height-default\" data-id=\"5dd8097\" data-element_type=\"section\" data-e-type=\"section\">\n\t\t\t\t\t\t<div class=\"elementor-container elementor-column-gap-default\">\n\t\t\t\t\t<div class=\"elementor-column elementor-col-100 elementor-inner-column elementor-element elementor-element-98f8784\" data-id=\"98f8784\" data-element_type=\"column\" data-e-type=\"column\">\n\t\t\t<div class=\"elementor-widget-wrap elementor-element-populated\">\n\t\t\t\t\t\t<div class=\"elementor-element elementor-element-d4fb422 elementor-widget elementor-widget-spacer\" data-id=\"d4fb422\" data-element_type=\"widget\" data-e-type=\"widget\" data-widget_type=\"spacer.default\">\n\t\t\t\t<div class=\"elementor-widget-container\">\n\t\t\t\t\t\t\t<div class=\"elementor-spacer\">\n\t\t\t<div class=\"elementor-spacer-inner\"><\/div>\n\t\t<\/div>\n\t\t\t\t\t\t<\/div>\n\t\t\t\t<\/div>\n\t\t\t\t\t<\/div>\n\t\t<\/div>\n\t\t\t\t\t<\/div>\n\t\t<\/section>\n\t\t\t\t<div class=\"elementor-element elementor-element-705e882 elementor-widget elementor-widget-image\" data-id=\"705e882\" data-element_type=\"widget\" data-e-type=\"widget\" data-widget_type=\"image.default\">\n\t\t\t\t<div class=\"elementor-widget-container\">\n\t\t\t\t\t\t\t\t\t\t\t\t\t\t\t<img decoding=\"async\" width=\"2000\" height=\"1317\" src=\"https:\/\/www.verhoevenfamily.com\/wp-content\/uploads\/2020\/04\/Timeline-Verhoeven-structuur.jpg\" class=\"attachment-full size-full wp-image-1759\" alt=\"Family tree Verhoeven Family of Companies\" srcset=\"https:\/\/www.verhoevenfamily.com\/wp-content\/uploads\/2020\/04\/Timeline-Verhoeven-structuur.jpg 2000w, https:\/\/www.verhoevenfamily.com\/wp-content\/uploads\/2020\/04\/Timeline-Verhoeven-structuur-300x198.jpg 300w, https:\/\/www.verhoevenfamily.com\/wp-content\/uploads\/2020\/04\/Timeline-Verhoeven-structuur-1024x674.jpg 1024w, https:\/\/www.verhoevenfamily.com\/wp-content\/uploads\/2020\/04\/Timeline-Verhoeven-structuur-768x506.jpg 768w, https:\/\/www.verhoevenfamily.com\/wp-content\/uploads\/2020\/04\/Timeline-Verhoeven-structuur-1536x1011.jpg 1536w, https:\/\/www.verhoevenfamily.com\/wp-content\/uploads\/2020\/04\/Timeline-Verhoeven-structuur-700x461.jpg 700w\" sizes=\"(max-width: 2000px) 100vw, 2000px\" \/>\t\t\t\t\t\t\t\t\t\t\t\t\t\t\t<\/div>\n\t\t\t\t<\/div>\n\t\t\t\t\t<\/div>\n\t\t<\/div>\n\t\t\t\t\t<\/div>\n\t\t<\/section>\n\t\t\t\t<section class=\"elementor-section elementor-top-section elementor-element elementor-element-c4538f2 elementor-section-boxed elementor-section-height-default elementor-section-height-default\" data-id=\"c4538f2\" data-element_type=\"section\" data-e-type=\"section\">\n\t\t\t\t\t\t<div class=\"elementor-container elementor-column-gap-default\">\n\t\t\t\t\t<div class=\"elementor-column elementor-col-50 elementor-top-column elementor-element elementor-element-416e8b8\" data-id=\"416e8b8\" data-element_type=\"column\" data-e-type=\"column\">\n\t\t\t<div class=\"elementor-widget-wrap elementor-element-populated\">\n\t\t\t\t\t\t<div class=\"elementor-element elementor-element-44ee345 elementor-widget elementor-widget-text-editor\" data-id=\"44ee345\" data-element_type=\"widget\" data-e-type=\"widget\" data-widget_type=\"text-editor.default\">\n\t\t\t\t<div class=\"elementor-widget-container\">\n\t\t\t\t\t\t\t\t\t<p>Wir sind eine eng verbundene Unternehmensfamilie, die ihre neuesten Erkenntnisse und Entwicklungen st\u00e4ndig gegenseitig hinterfragt, um einander zu helfen, ein h\u00f6heres Niveau zu erreichen. Dies h\u00e4lt nicht nur die einzelnen Unternehmen bei der Stange, sondern generiert auch Wachstum f\u00fcr die gesamte Gruppe.<\/p><p>\u00a0<\/p><p>Komplexe Herausforderungen sind unsere Leidenschaft und stellen sicher, dass wir bei der Entwicklung neuer L\u00f6sungen und Anwendungen immer an vorderster Front stehen. Diese Innovationskraft ist das Lebenselixier unserer Spitzenleistung als Anbieter ma\u00dfgeschneiderter L\u00f6sungen mit einem branchen\u00fcbergreifenden Portfolio. Wir dienen der Branche auf eine breitere und professionellere Weise, was sich in der Kontinuit\u00e4t und Stabilit\u00e4t unseres Unternehmens zeigt.<\/p><p>\u00a0<\/p><p>Unser Spezialistenteam ist motiviert, Ihnen die wirschaftlichste L\u00f6sungen f\u00fcr die von Ihnen vorgetragenen Herausforderungen anzubieten. Jeder Einzelne hat das Bestreben und den Ehrgeiz, sein Bestes zu geben, basierend auf fundiertem Wissen und Erfahrung in einem Umfeld, das pers\u00f6nliche Verantwortung und Unabh\u00e4ngigkeit f\u00f6rdert. Wir sind der \u00dcberzeugung, dass dies unser Schl\u00fcssel zum Erfolg ist, sowohl jetzt als auch in der Zukunft. Unsere Organisation ist auf breiter internationaler Ebene aktiv und hat eine gesunde, solide Wachstumsphase durchlaufen.<\/p>\t\t\t\t\t\t\t\t<\/div>\n\t\t\t\t<\/div>\n\t\t\t\t<div class=\"elementor-element elementor-element-0078c06 elementor-widget elementor-widget-spacer\" data-id=\"0078c06\" data-element_type=\"widget\" data-e-type=\"widget\" data-widget_type=\"spacer.default\">\n\t\t\t\t<div class=\"elementor-widget-container\">\n\t\t\t\t\t\t\t<div class=\"elementor-spacer\">\n\t\t\t<div class=\"elementor-spacer-inner\"><\/div>\n\t\t<\/div>\n\t\t\t\t\t\t<\/div>\n\t\t\t\t<\/div>\n\t\t\t\t\t<\/div>\n\t\t<\/div>\n\t\t\t\t<div class=\"elementor-column elementor-col-50 elementor-top-column elementor-element elementor-element-47c6985\" data-id=\"47c6985\" data-element_type=\"column\" data-e-type=\"column\">\n\t\t\t<div class=\"elementor-widget-wrap elementor-element-populated\">\n\t\t\t\t\t\t<div class=\"elementor-element elementor-element-57c4bb9 elementor-widget elementor-widget-image\" data-id=\"57c4bb9\" data-element_type=\"widget\" data-e-type=\"widget\" data-widget_type=\"image.default\">\n\t\t\t\t<div class=\"elementor-widget-container\">\n\t\t\t\t\t\t\t\t\t\t\t\t\t\t\t<img decoding=\"async\" width=\"1400\" height=\"827\" src=\"https:\/\/www.verhoevenfamily.com\/wp-content\/uploads\/2023\/11\/Do-you-want-to-become-a-family-member_2023.jpg\" class=\"attachment-full size-full wp-image-5441\" alt=\"\" srcset=\"https:\/\/www.verhoevenfamily.com\/wp-content\/uploads\/2023\/11\/Do-you-want-to-become-a-family-member_2023.jpg 1400w, https:\/\/www.verhoevenfamily.com\/wp-content\/uploads\/2023\/11\/Do-you-want-to-become-a-family-member_2023-300x177.jpg 300w, https:\/\/www.verhoevenfamily.com\/wp-content\/uploads\/2023\/11\/Do-you-want-to-become-a-family-member_2023-1024x605.jpg 1024w, https:\/\/www.verhoevenfamily.com\/wp-content\/uploads\/2023\/11\/Do-you-want-to-become-a-family-member_2023-768x454.jpg 768w, https:\/\/www.verhoevenfamily.com\/wp-content\/uploads\/2023\/11\/Do-you-want-to-become-a-family-member_2023-700x414.jpg 700w\" sizes=\"(max-width: 1400px) 100vw, 1400px\" \/>\t\t\t\t\t\t\t\t\t\t\t\t\t\t\t<\/div>\n\t\t\t\t<\/div>\n\t\t\t\t\t<\/div>\n\t\t<\/div>\n\t\t\t\t\t<\/div>\n\t\t<\/section>\n\t\t\t\t<section class=\"elementor-section elementor-top-section elementor-element elementor-element-14e2a50 elementor-section-boxed elementor-section-height-default elementor-section-height-default\" data-id=\"14e2a50\" data-element_type=\"section\" data-e-type=\"section\">\n\t\t\t\t\t\t<div class=\"elementor-container elementor-column-gap-default\">\n\t\t\t\t\t<div class=\"elementor-column elementor-col-100 elementor-top-column elementor-element elementor-element-f5cab5b\" data-id=\"f5cab5b\" data-element_type=\"column\" data-e-type=\"column\">\n\t\t\t<div class=\"elementor-widget-wrap elementor-element-populated\">\n\t\t\t\t\t\t<div class=\"elementor-element elementor-element-6f56b91 elementor-widget elementor-widget-spacer\" data-id=\"6f56b91\" data-element_type=\"widget\" data-e-type=\"widget\" data-widget_type=\"spacer.default\">\n\t\t\t\t<div class=\"elementor-widget-container\">\n\t\t\t\t\t\t\t<div class=\"elementor-spacer\">\n\t\t\t<div class=\"elementor-spacer-inner\"><\/div>\n\t\t<\/div>\n\t\t\t\t\t\t<\/div>\n\t\t\t\t<\/div>\n\t\t\t\t\t<\/div>\n\t\t<\/div>\n\t\t\t\t\t<\/div>\n\t\t<\/section>\n\t\t\t\t<section class=\"elementor-section elementor-top-section elementor-element elementor-element-bef2d80 elementor-section-boxed elementor-section-height-default elementor-section-height-default\" data-id=\"bef2d80\" data-element_type=\"section\" data-e-type=\"section\">\n\t\t\t\t\t\t<div class=\"elementor-container elementor-column-gap-default\">\n\t\t\t\t\t<div class=\"elementor-column elementor-col-100 elementor-top-column elementor-element elementor-element-078ae45\" data-id=\"078ae45\" data-element_type=\"column\" data-e-type=\"column\">\n\t\t\t<div class=\"elementor-widget-wrap\">\n\t\t\t\t\t\t\t<\/div>\n\t\t<\/div>\n\t\t\t\t\t<\/div>\n\t\t<\/section>\n\t\t\t\t<\/div>\n\t\t","protected":false},"excerpt":{"rendered":"<p>Verhoeven Family Die Verhoeven Family of Companies entwickelt, produziert und liefert Systeme f\u00fcr den internen Transport, die Lagerung und die Materialhandhabung sowie ma\u00dfgeschneiderte Ger\u00e4te. Die Verhoeven Unternehmensfamilie ist die Muttergesellschaft von zwei innovativen Unternehmen: Verhoeven Material Handling Family und Verhoeven Bakery Equipment Family. \u00a0 Die&#8230;<\/p>\n","protected":false},"author":4,"featured_media":0,"parent":0,"menu_order":0,"comment_status":"closed","ping_status":"closed","template":"","meta":{"footnotes":""},"class_list":["post-2807","page","type-page","status-publish","hentry"],"yoast_head":"<!-- This site is optimized with the Yoast SEO Premium plugin v27.4 (Yoast SEO v27.4) - https:\/\/yoast.com\/product\/yoast-seo-premium-wordpress\/ -->\n<title>\u00dcber uns vf - Verhoeven Family<\/title>\n<meta name=\"robots\" content=\"index, follow, max-snippet:-1, max-image-preview:large, max-video-preview:-1\" \/>\n<link rel=\"canonical\" href=\"https:\/\/www.verhoevenfamily.com\/de\/ueber-uns-vf\/\" \/>\n<meta property=\"og:locale\" content=\"de_DE\" \/>\n<meta property=\"og:type\" content=\"article\" \/>\n<meta property=\"og:title\" content=\"\u00dcber uns vf\" \/>\n<meta property=\"og:description\" content=\"Verhoeven Family Die Verhoeven Family of Companies entwickelt, produziert und liefert Systeme f\u00fcr den internen Transport, die Lagerung und die Materialhandhabung sowie ma\u00dfgeschneiderte Ger\u00e4te. Die Verhoeven Unternehmensfamilie ist die Muttergesellschaft von zwei innovativen Unternehmen: Verhoeven Material Handling Family und Verhoeven Bakery Equipment Family. \u00a0 Die...\" \/>\n<meta property=\"og:url\" content=\"https:\/\/www.verhoevenfamily.com\/de\/ueber-uns-vf\/\" \/>\n<meta property=\"og:site_name\" content=\"Verhoeven Family\" \/>\n<meta property=\"article:modified_time\" content=\"2023-11-23T09:08:45+00:00\" \/>\n<meta property=\"og:image\" content=\"https:\/\/www.verhoevenfamily.com\/wp-content\/uploads\/2020\/05\/pandnew-belettering-b.jpg\" \/>\n<meta name=\"twitter:card\" content=\"summary_large_image\" \/>\n<meta name=\"twitter:label1\" content=\"Gesch\u00e4tzte Lesezeit\" \/>\n\t<meta name=\"twitter:data1\" content=\"3\u00a0Minuten\" \/>\n<script type=\"application\/ld+json\" class=\"yoast-schema-graph\">{\"@context\":\"https:\\\/\\\/schema.org\",\"@graph\":[{\"@type\":\"WebPage\",\"@id\":\"https:\\\/\\\/www.verhoevenfamily.com\\\/de\\\/ueber-uns-vf\\\/\",\"url\":\"https:\\\/\\\/www.verhoevenfamily.com\\\/de\\\/ueber-uns-vf\\\/\",\"name\":\"\u00dcber uns vf - Verhoeven Family\",\"isPartOf\":{\"@id\":\"https:\\\/\\\/www.verhoevenfamily.com\\\/de\\\/#website\"},\"primaryImageOfPage\":{\"@id\":\"https:\\\/\\\/www.verhoevenfamily.com\\\/de\\\/ueber-uns-vf\\\/#primaryimage\"},\"image\":{\"@id\":\"https:\\\/\\\/www.verhoevenfamily.com\\\/de\\\/ueber-uns-vf\\\/#primaryimage\"},\"thumbnailUrl\":\"https:\\\/\\\/www.verhoevenfamily.com\\\/wp-content\\\/uploads\\\/2020\\\/05\\\/pandnew-belettering-b.jpg\",\"datePublished\":\"2020-06-23T08:16:47+00:00\",\"dateModified\":\"2023-11-23T09:08:45+00:00\",\"breadcrumb\":{\"@id\":\"https:\\\/\\\/www.verhoevenfamily.com\\\/de\\\/ueber-uns-vf\\\/#breadcrumb\"},\"inLanguage\":\"de\",\"potentialAction\":[{\"@type\":\"ReadAction\",\"target\":[\"https:\\\/\\\/www.verhoevenfamily.com\\\/de\\\/ueber-uns-vf\\\/\"]}]},{\"@type\":\"ImageObject\",\"inLanguage\":\"de\",\"@id\":\"https:\\\/\\\/www.verhoevenfamily.com\\\/de\\\/ueber-uns-vf\\\/#primaryimage\",\"url\":\"https:\\\/\\\/www.verhoevenfamily.com\\\/wp-content\\\/uploads\\\/2020\\\/05\\\/pandnew-belettering-b.jpg\",\"contentUrl\":\"https:\\\/\\\/www.verhoevenfamily.com\\\/wp-content\\\/uploads\\\/2020\\\/05\\\/pandnew-belettering-b.jpg\"},{\"@type\":\"BreadcrumbList\",\"@id\":\"https:\\\/\\\/www.verhoevenfamily.com\\\/de\\\/ueber-uns-vf\\\/#breadcrumb\",\"itemListElement\":[{\"@type\":\"ListItem\",\"position\":1,\"name\":\"Home\",\"item\":\"https:\\\/\\\/www.verhoevenfamily.com\\\/de\\\/\"},{\"@type\":\"ListItem\",\"position\":2,\"name\":\"\u00dcber uns vf\"}]},{\"@type\":\"WebSite\",\"@id\":\"https:\\\/\\\/www.verhoevenfamily.com\\\/de\\\/#website\",\"url\":\"https:\\\/\\\/www.verhoevenfamily.com\\\/de\\\/\",\"name\":\"Verhoeven Family\",\"description\":\"Verhoeven Family website\",\"potentialAction\":[{\"@type\":\"SearchAction\",\"target\":{\"@type\":\"EntryPoint\",\"urlTemplate\":\"https:\\\/\\\/www.verhoevenfamily.com\\\/de\\\/?s={search_term_string}\"},\"query-input\":{\"@type\":\"PropertyValueSpecification\",\"valueRequired\":true,\"valueName\":\"search_term_string\"}}],\"inLanguage\":\"de\"}]}<\/script>\n<!-- \/ Yoast SEO Premium plugin. -->","yoast_head_json":{"title":"\u00dcber uns vf - Verhoeven Family","robots":{"index":"index","follow":"follow","max-snippet":"max-snippet:-1","max-image-preview":"max-image-preview:large","max-video-preview":"max-video-preview:-1"},"canonical":"https:\/\/www.verhoevenfamily.com\/de\/ueber-uns-vf\/","og_locale":"de_DE","og_type":"article","og_title":"\u00dcber uns vf","og_description":"Verhoeven Family Die Verhoeven Family of Companies entwickelt, produziert und liefert Systeme f\u00fcr den internen Transport, die Lagerung und die Materialhandhabung sowie ma\u00dfgeschneiderte Ger\u00e4te. Die Verhoeven Unternehmensfamilie ist die Muttergesellschaft von zwei innovativen Unternehmen: Verhoeven Material Handling Family und Verhoeven Bakery Equipment Family. \u00a0 Die...","og_url":"https:\/\/www.verhoevenfamily.com\/de\/ueber-uns-vf\/","og_site_name":"Verhoeven Family","article_modified_time":"2023-11-23T09:08:45+00:00","og_image":[{"url":"https:\/\/www.verhoevenfamily.com\/wp-content\/uploads\/2020\/05\/pandnew-belettering-b.jpg","type":"","width":"","height":""}],"twitter_card":"summary_large_image","twitter_misc":{"Gesch\u00e4tzte Lesezeit":"3\u00a0Minuten"},"schema":{"@context":"https:\/\/schema.org","@graph":[{"@type":"WebPage","@id":"https:\/\/www.verhoevenfamily.com\/de\/ueber-uns-vf\/","url":"https:\/\/www.verhoevenfamily.com\/de\/ueber-uns-vf\/","name":"\u00dcber uns vf - Verhoeven Family","isPartOf":{"@id":"https:\/\/www.verhoevenfamily.com\/de\/#website"},"primaryImageOfPage":{"@id":"https:\/\/www.verhoevenfamily.com\/de\/ueber-uns-vf\/#primaryimage"},"image":{"@id":"https:\/\/www.verhoevenfamily.com\/de\/ueber-uns-vf\/#primaryimage"},"thumbnailUrl":"https:\/\/www.verhoevenfamily.com\/wp-content\/uploads\/2020\/05\/pandnew-belettering-b.jpg","datePublished":"2020-06-23T08:16:47+00:00","dateModified":"2023-11-23T09:08:45+00:00","breadcrumb":{"@id":"https:\/\/www.verhoevenfamily.com\/de\/ueber-uns-vf\/#breadcrumb"},"inLanguage":"de","potentialAction":[{"@type":"ReadAction","target":["https:\/\/www.verhoevenfamily.com\/de\/ueber-uns-vf\/"]}]},{"@type":"ImageObject","inLanguage":"de","@id":"https:\/\/www.verhoevenfamily.com\/de\/ueber-uns-vf\/#primaryimage","url":"https:\/\/www.verhoevenfamily.com\/wp-content\/uploads\/2020\/05\/pandnew-belettering-b.jpg","contentUrl":"https:\/\/www.verhoevenfamily.com\/wp-content\/uploads\/2020\/05\/pandnew-belettering-b.jpg"},{"@type":"BreadcrumbList","@id":"https:\/\/www.verhoevenfamily.com\/de\/ueber-uns-vf\/#breadcrumb","itemListElement":[{"@type":"ListItem","position":1,"name":"Home","item":"https:\/\/www.verhoevenfamily.com\/de\/"},{"@type":"ListItem","position":2,"name":"\u00dcber uns vf"}]},{"@type":"WebSite","@id":"https:\/\/www.verhoevenfamily.com\/de\/#website","url":"https:\/\/www.verhoevenfamily.com\/de\/","name":"Verhoeven Family","description":"Verhoeven Family website","potentialAction":[{"@type":"SearchAction","target":{"@type":"EntryPoint","urlTemplate":"https:\/\/www.verhoevenfamily.com\/de\/?s={search_term_string}"},"query-input":{"@type":"PropertyValueSpecification","valueRequired":true,"valueName":"search_term_string"}}],"inLanguage":"de"}]}},"_links":{"self":[{"href":"https:\/\/www.verhoevenfamily.com\/de\/wp-json\/wp\/v2\/pages\/2807","targetHints":{"allow":["GET"]}}],"collection":[{"href":"https:\/\/www.verhoevenfamily.com\/de\/wp-json\/wp\/v2\/pages"}],"about":[{"href":"https:\/\/www.verhoevenfamily.com\/de\/wp-json\/wp\/v2\/types\/page"}],"author":[{"embeddable":true,"href":"https:\/\/www.verhoevenfamily.com\/de\/wp-json\/wp\/v2\/users\/4"}],"replies":[{"embeddable":true,"href":"https:\/\/www.verhoevenfamily.com\/de\/wp-json\/wp\/v2\/comments?post=2807"}],"version-history":[{"count":0,"href":"https:\/\/www.verhoevenfamily.com\/de\/wp-json\/wp\/v2\/pages\/2807\/revisions"}],"wp:attachment":[{"href":"https:\/\/www.verhoevenfamily.com\/de\/wp-json\/wp\/v2\/media?parent=2807"}],"curies":[{"name":"wp","href":"https:\/\/api.w.org\/{rel}","templated":true}]}}