{"id":2803,"date":"2020-06-23T08:16:07","date_gmt":"2020-06-23T08:16:07","guid":{"rendered":"https:\/\/www.verhoevenfamily.com\/?page_id=2803"},"modified":"2026-02-28T16:50:01","modified_gmt":"2026-02-28T15:50:01","slug":"ueber-uns-mhf","status":"publish","type":"page","link":"https:\/\/www.verhoevenfamily.com\/de\/ueber-uns-mhf\/","title":{"rendered":"\u00dcber uns mhf"},"content":{"rendered":"\t\t<div data-elementor-type=\"wp-page\" data-elementor-id=\"2803\" class=\"elementor elementor-2803 elementor-479\" data-elementor-post-type=\"page\">\n\t\t\t\t\t\t<section class=\"elementor-section elementor-top-section elementor-element elementor-element-dc9d900 elementor-section-boxed elementor-section-height-default elementor-section-height-default\" data-id=\"dc9d900\" data-element_type=\"section\" data-e-type=\"section\">\n\t\t\t\t\t\t<div class=\"elementor-container elementor-column-gap-default\">\n\t\t\t\t\t<div class=\"elementor-column elementor-col-100 elementor-top-column elementor-element elementor-element-54a8281\" data-id=\"54a8281\" data-element_type=\"column\" data-e-type=\"column\">\n\t\t\t<div class=\"elementor-widget-wrap elementor-element-populated\">\n\t\t\t\t\t\t<div class=\"elementor-element elementor-element-5496513 din elementor-widget elementor-widget-heading\" data-id=\"5496513\" data-element_type=\"widget\" data-e-type=\"widget\" data-widget_type=\"heading.default\">\n\t\t\t\t<div class=\"elementor-widget-container\">\n\t\t\t\t\t<h2 class=\"elementor-heading-title elementor-size-default\">we make to make<\/h2>\t\t\t\t<\/div>\n\t\t\t\t<\/div>\n\t\t\t\t\t<\/div>\n\t\t<\/div>\n\t\t\t\t\t<\/div>\n\t\t<\/section>\n\t\t\t\t<section class=\"elementor-section elementor-top-section elementor-element elementor-element-78e7b57 elementor-section-boxed elementor-section-height-default elementor-section-height-default\" data-id=\"78e7b57\" data-element_type=\"section\" data-e-type=\"section\">\n\t\t\t\t\t\t<div class=\"elementor-container elementor-column-gap-default\">\n\t\t\t\t\t<div class=\"elementor-column elementor-col-50 elementor-top-column elementor-element elementor-element-53d67f5\" data-id=\"53d67f5\" data-element_type=\"column\" data-e-type=\"column\">\n\t\t\t<div class=\"elementor-widget-wrap elementor-element-populated\">\n\t\t\t\t\t\t<div class=\"elementor-element elementor-element-cda7317 elementor-widget elementor-widget-text-editor\" data-id=\"cda7317\" data-element_type=\"widget\" data-e-type=\"widget\" data-widget_type=\"text-editor.default\">\n\t\t\t\t<div class=\"elementor-widget-container\">\n\t\t\t\t\t\t\t\t\t<p>Wir fertigen Vieles f\u00fcr die internen Handhabungs- und F\u00f6rdersysteme in der Produktionsumgebung Ihres Gesch\u00e4ftsbereichs. Unsere Ger\u00e4te wurden speziell f\u00fcr die Handhabung und den Transport von Paletten, Kisten, K\u00e4sten, Trays, F\u00e4ssern und weiteren Produkttr\u00e4gern entwickelt und hergestellt. M\u00f6chten Sie ein vorhandenes Handhabungs- und F\u00f6rdersystem anpassen? Auch das k\u00f6nnen wir f\u00fcr Sie vornehmen!<\/p><p>\u00a0<\/p><p>Im Bereich Materialhandhabung und F\u00f6rdertechnik wenden wir uns an unsere internen Experten, um die k\u00fcrzesten und effizientesten Wege zur Realisierung von Produkthandhabung und -f\u00f6rderung zu finden.<\/p><p>\u00a0<\/p><p>Bei der Verhoeven Material Handling Family wissen wir, dass Sie Wert legen auf Flexibilit\u00e4t, Schnelligkeit und Qualit\u00e4t. Deshalb stellen wir alles, was wir anbieten, in unserem eigenen Werk her. Vom Rohstoff bis zum fertigen Produkt. Egal, ob Sie Standardl\u00f6sungen, komplette Produktionslinien oder eine Modifikation an einem vorhandenen System ben\u00f6tigen &#8211; auch wenn Ihr Produktionsraum begrenzt ist &#8211; unsere internen Spezialisten sind f\u00fcr jede Herausforderung ger\u00fcstet. Wir sind stolz darauf, 100 % niederl\u00e4ndische Handwerkskunst in unserer eigenen Produktionsst\u00e4tte anzuwenden. Wenn Sie mit der Verhoeven Material Handling Family arbeiten, arbeiten Sie mit echten Spezialisten zusammen.<\/p><p>\u00a0<\/p><p>Sie k\u00f6nnen jederzeit auf unsere mehr als 50-j\u00e4hrigen Kenntnisse und Erfahrungen z\u00e4hlen. Wir k\u00f6nnen Ihnen helfen, Ihre Fertigungsmethoden, Schnelligkeit, Umstellungen und\/oder den Transport des Endprodukts zu verbessern. <a href=\"https:\/\/www.verhoevenfamily.com\/de\/ueber-uns-mhf\/\">Kontaktieren<\/a> Sie uns noch heute, um die M\u00f6glichkeiten zu besprechen.<\/p>\t\t\t\t\t\t\t\t<\/div>\n\t\t\t\t<\/div>\n\t\t\t\t\t<\/div>\n\t\t<\/div>\n\t\t\t\t<div class=\"elementor-column elementor-col-50 elementor-top-column elementor-element elementor-element-2b28964\" data-id=\"2b28964\" data-element_type=\"column\" data-e-type=\"column\">\n\t\t\t<div class=\"elementor-widget-wrap\">\n\t\t\t\t\t\t\t<\/div>\n\t\t<\/div>\n\t\t\t\t\t<\/div>\n\t\t<\/section>\n\t\t\t\t<section class=\"elementor-section elementor-top-section elementor-element elementor-element-fee68e7 elementor-section-boxed elementor-section-height-default elementor-section-height-default\" data-id=\"fee68e7\" data-element_type=\"section\" data-e-type=\"section\">\n\t\t\t\t\t\t<div class=\"elementor-container elementor-column-gap-default\">\n\t\t\t\t\t<div class=\"elementor-column elementor-col-100 elementor-top-column elementor-element elementor-element-dfe5b90\" data-id=\"dfe5b90\" data-element_type=\"column\" data-e-type=\"column\">\n\t\t\t<div class=\"elementor-widget-wrap elementor-element-populated\">\n\t\t\t\t\t\t<div class=\"elementor-element elementor-element-7f40113 elementor-widget elementor-widget-spacer\" data-id=\"7f40113\" data-element_type=\"widget\" data-e-type=\"widget\" data-widget_type=\"spacer.default\">\n\t\t\t\t<div class=\"elementor-widget-container\">\n\t\t\t\t\t\t\t<div class=\"elementor-spacer\">\n\t\t\t<div class=\"elementor-spacer-inner\"><\/div>\n\t\t<\/div>\n\t\t\t\t\t\t<\/div>\n\t\t\t\t<\/div>\n\t\t\t\t<div class=\"elementor-element elementor-element-d522089 elementor-widget elementor-widget-spacer\" data-id=\"d522089\" data-element_type=\"widget\" data-e-type=\"widget\" data-widget_type=\"spacer.default\">\n\t\t\t\t<div class=\"elementor-widget-container\">\n\t\t\t\t\t\t\t<div class=\"elementor-spacer\">\n\t\t\t<div class=\"elementor-spacer-inner\"><\/div>\n\t\t<\/div>\n\t\t\t\t\t\t<\/div>\n\t\t\t\t<\/div>\n\t\t\t\t\t<\/div>\n\t\t<\/div>\n\t\t\t\t\t<\/div>\n\t\t<\/section>\n\t\t\t\t<\/div>\n\t\t","protected":false},"excerpt":{"rendered":"<p>we make to make Wir fertigen Vieles f\u00fcr die internen Handhabungs- und F\u00f6rdersysteme in der Produktionsumgebung Ihres Gesch\u00e4ftsbereichs. Unsere Ger\u00e4te wurden speziell f\u00fcr die Handhabung und den Transport von Paletten, Kisten, K\u00e4sten, Trays, F\u00e4ssern und weiteren Produkttr\u00e4gern entwickelt und hergestellt. M\u00f6chten Sie ein vorhandenes Handhabungs-&#8230;<\/p>\n","protected":false},"author":4,"featured_media":0,"parent":0,"menu_order":0,"comment_status":"closed","ping_status":"closed","template":"","meta":{"footnotes":""},"class_list":["post-2803","page","type-page","status-publish","hentry"],"yoast_head":"<!-- This site is optimized with the Yoast SEO Premium plugin v27.3 (Yoast SEO v27.3) - https:\/\/yoast.com\/product\/yoast-seo-premium-wordpress\/ -->\n<title>\u00dcber uns mhf - Verhoeven Family<\/title>\n<meta name=\"robots\" content=\"index, follow, max-snippet:-1, max-image-preview:large, max-video-preview:-1\" \/>\n<link rel=\"canonical\" href=\"https:\/\/www.verhoevenfamily.com\/de\/ueber-uns-mhf\/\" \/>\n<meta property=\"og:locale\" content=\"de_DE\" \/>\n<meta property=\"og:type\" content=\"article\" \/>\n<meta property=\"og:title\" content=\"\u00dcber uns mhf\" \/>\n<meta property=\"og:description\" content=\"we make to make Wir fertigen Vieles f\u00fcr die internen Handhabungs- und F\u00f6rdersysteme in der Produktionsumgebung Ihres Gesch\u00e4ftsbereichs. Unsere Ger\u00e4te wurden speziell f\u00fcr die Handhabung und den Transport von Paletten, Kisten, K\u00e4sten, Trays, F\u00e4ssern und weiteren Produkttr\u00e4gern entwickelt und hergestellt. M\u00f6chten Sie ein vorhandenes Handhabungs-...\" \/>\n<meta property=\"og:url\" content=\"https:\/\/www.verhoevenfamily.com\/de\/ueber-uns-mhf\/\" \/>\n<meta property=\"og:site_name\" content=\"Verhoeven Family\" \/>\n<meta property=\"article:modified_time\" content=\"2026-02-28T15:50:01+00:00\" \/>\n<meta name=\"twitter:card\" content=\"summary_large_image\" \/>\n<meta name=\"twitter:label1\" content=\"Gesch\u00e4tzte Lesezeit\" \/>\n\t<meta name=\"twitter:data1\" content=\"2\u00a0Minuten\" \/>\n<script type=\"application\/ld+json\" class=\"yoast-schema-graph\">{\"@context\":\"https:\\\/\\\/schema.org\",\"@graph\":[{\"@type\":\"WebPage\",\"@id\":\"https:\\\/\\\/www.verhoevenfamily.com\\\/de\\\/ueber-uns-mhf\\\/\",\"url\":\"https:\\\/\\\/www.verhoevenfamily.com\\\/de\\\/ueber-uns-mhf\\\/\",\"name\":\"\u00dcber uns mhf - Verhoeven Family\",\"isPartOf\":{\"@id\":\"https:\\\/\\\/www.verhoevenfamily.com\\\/de\\\/#website\"},\"datePublished\":\"2020-06-23T08:16:07+00:00\",\"dateModified\":\"2026-02-28T15:50:01+00:00\",\"breadcrumb\":{\"@id\":\"https:\\\/\\\/www.verhoevenfamily.com\\\/de\\\/ueber-uns-mhf\\\/#breadcrumb\"},\"inLanguage\":\"de\",\"potentialAction\":[{\"@type\":\"ReadAction\",\"target\":[\"https:\\\/\\\/www.verhoevenfamily.com\\\/de\\\/ueber-uns-mhf\\\/\"]}]},{\"@type\":\"BreadcrumbList\",\"@id\":\"https:\\\/\\\/www.verhoevenfamily.com\\\/de\\\/ueber-uns-mhf\\\/#breadcrumb\",\"itemListElement\":[{\"@type\":\"ListItem\",\"position\":1,\"name\":\"Home\",\"item\":\"https:\\\/\\\/www.verhoevenfamily.com\\\/de\\\/\"},{\"@type\":\"ListItem\",\"position\":2,\"name\":\"\u00dcber uns mhf\"}]},{\"@type\":\"WebSite\",\"@id\":\"https:\\\/\\\/www.verhoevenfamily.com\\\/de\\\/#website\",\"url\":\"https:\\\/\\\/www.verhoevenfamily.com\\\/de\\\/\",\"name\":\"Verhoeven Family\",\"description\":\"Verhoeven Family website\",\"potentialAction\":[{\"@type\":\"SearchAction\",\"target\":{\"@type\":\"EntryPoint\",\"urlTemplate\":\"https:\\\/\\\/www.verhoevenfamily.com\\\/de\\\/?s={search_term_string}\"},\"query-input\":{\"@type\":\"PropertyValueSpecification\",\"valueRequired\":true,\"valueName\":\"search_term_string\"}}],\"inLanguage\":\"de\"}]}<\/script>\n<!-- \/ Yoast SEO Premium plugin. -->","yoast_head_json":{"title":"\u00dcber uns mhf - Verhoeven Family","robots":{"index":"index","follow":"follow","max-snippet":"max-snippet:-1","max-image-preview":"max-image-preview:large","max-video-preview":"max-video-preview:-1"},"canonical":"https:\/\/www.verhoevenfamily.com\/de\/ueber-uns-mhf\/","og_locale":"de_DE","og_type":"article","og_title":"\u00dcber uns mhf","og_description":"we make to make Wir fertigen Vieles f\u00fcr die internen Handhabungs- und F\u00f6rdersysteme in der Produktionsumgebung Ihres Gesch\u00e4ftsbereichs. Unsere Ger\u00e4te wurden speziell f\u00fcr die Handhabung und den Transport von Paletten, Kisten, K\u00e4sten, Trays, F\u00e4ssern und weiteren Produkttr\u00e4gern entwickelt und hergestellt. M\u00f6chten Sie ein vorhandenes Handhabungs-...","og_url":"https:\/\/www.verhoevenfamily.com\/de\/ueber-uns-mhf\/","og_site_name":"Verhoeven Family","article_modified_time":"2026-02-28T15:50:01+00:00","twitter_card":"summary_large_image","twitter_misc":{"Gesch\u00e4tzte Lesezeit":"2\u00a0Minuten"},"schema":{"@context":"https:\/\/schema.org","@graph":[{"@type":"WebPage","@id":"https:\/\/www.verhoevenfamily.com\/de\/ueber-uns-mhf\/","url":"https:\/\/www.verhoevenfamily.com\/de\/ueber-uns-mhf\/","name":"\u00dcber uns mhf - Verhoeven Family","isPartOf":{"@id":"https:\/\/www.verhoevenfamily.com\/de\/#website"},"datePublished":"2020-06-23T08:16:07+00:00","dateModified":"2026-02-28T15:50:01+00:00","breadcrumb":{"@id":"https:\/\/www.verhoevenfamily.com\/de\/ueber-uns-mhf\/#breadcrumb"},"inLanguage":"de","potentialAction":[{"@type":"ReadAction","target":["https:\/\/www.verhoevenfamily.com\/de\/ueber-uns-mhf\/"]}]},{"@type":"BreadcrumbList","@id":"https:\/\/www.verhoevenfamily.com\/de\/ueber-uns-mhf\/#breadcrumb","itemListElement":[{"@type":"ListItem","position":1,"name":"Home","item":"https:\/\/www.verhoevenfamily.com\/de\/"},{"@type":"ListItem","position":2,"name":"\u00dcber uns mhf"}]},{"@type":"WebSite","@id":"https:\/\/www.verhoevenfamily.com\/de\/#website","url":"https:\/\/www.verhoevenfamily.com\/de\/","name":"Verhoeven Family","description":"Verhoeven Family website","potentialAction":[{"@type":"SearchAction","target":{"@type":"EntryPoint","urlTemplate":"https:\/\/www.verhoevenfamily.com\/de\/?s={search_term_string}"},"query-input":{"@type":"PropertyValueSpecification","valueRequired":true,"valueName":"search_term_string"}}],"inLanguage":"de"}]}},"_links":{"self":[{"href":"https:\/\/www.verhoevenfamily.com\/de\/wp-json\/wp\/v2\/pages\/2803","targetHints":{"allow":["GET"]}}],"collection":[{"href":"https:\/\/www.verhoevenfamily.com\/de\/wp-json\/wp\/v2\/pages"}],"about":[{"href":"https:\/\/www.verhoevenfamily.com\/de\/wp-json\/wp\/v2\/types\/page"}],"author":[{"embeddable":true,"href":"https:\/\/www.verhoevenfamily.com\/de\/wp-json\/wp\/v2\/users\/4"}],"replies":[{"embeddable":true,"href":"https:\/\/www.verhoevenfamily.com\/de\/wp-json\/wp\/v2\/comments?post=2803"}],"version-history":[{"count":0,"href":"https:\/\/www.verhoevenfamily.com\/de\/wp-json\/wp\/v2\/pages\/2803\/revisions"}],"wp:attachment":[{"href":"https:\/\/www.verhoevenfamily.com\/de\/wp-json\/wp\/v2\/media?parent=2803"}],"curies":[{"name":"wp","href":"https:\/\/api.w.org\/{rel}","templated":true}]}}