{"id":2791,"date":"2020-06-23T08:12:55","date_gmt":"2020-06-23T08:12:55","guid":{"rendered":"https:\/\/www.verhoevenfamily.com\/?page_id=2791"},"modified":"2020-07-06T11:51:12","modified_gmt":"2020-07-06T11:51:12","slug":"ueber-uns-bef","status":"publish","type":"page","link":"https:\/\/www.verhoevenfamily.com\/de\/ueber-uns-bef\/","title":{"rendered":"\u00dcber uns bef"},"content":{"rendered":"\t\t<div data-elementor-type=\"wp-page\" data-elementor-id=\"2791\" class=\"elementor elementor-2791 elementor-1159\" data-elementor-post-type=\"page\">\n\t\t\t\t\t\t<section class=\"elementor-section elementor-top-section elementor-element elementor-element-9dd81bd elementor-section-boxed elementor-section-height-default elementor-section-height-default\" data-id=\"9dd81bd\" data-element_type=\"section\" data-e-type=\"section\">\n\t\t\t\t\t\t<div class=\"elementor-container elementor-column-gap-default\">\n\t\t\t\t\t<div class=\"elementor-column elementor-col-100 elementor-top-column elementor-element elementor-element-9eed2e7\" data-id=\"9eed2e7\" data-element_type=\"column\" data-e-type=\"column\">\n\t\t\t<div class=\"elementor-widget-wrap elementor-element-populated\">\n\t\t\t\t\t\t<div class=\"elementor-element elementor-element-5b78d25 elementor-widget elementor-widget-image\" data-id=\"5b78d25\" data-element_type=\"widget\" data-e-type=\"widget\" data-widget_type=\"image.default\">\n\t\t\t\t<div class=\"elementor-widget-container\">\n\t\t\t\t\t\t\t\t\t\t\t\t\t\t\t\t<a href=\"https:\/\/concept.bvtbs.com\/\" target=\"_blank\">\n\t\t\t\t\t\t\t<img fetchpriority=\"high\" decoding=\"async\" width=\"2000\" height=\"213\" src=\"https:\/\/www.verhoevenfamily.com\/wp-content\/uploads\/2020\/04\/Newcap_GlockenbrotVacuumCooler.png\" class=\"attachment-full size-full wp-image-1769\" alt=\"\" srcset=\"https:\/\/www.verhoevenfamily.com\/wp-content\/uploads\/2020\/04\/Newcap_GlockenbrotVacuumCooler.png 2000w, https:\/\/www.verhoevenfamily.com\/wp-content\/uploads\/2020\/04\/Newcap_GlockenbrotVacuumCooler-300x32.png 300w, https:\/\/www.verhoevenfamily.com\/wp-content\/uploads\/2020\/04\/Newcap_GlockenbrotVacuumCooler-1024x109.png 1024w, https:\/\/www.verhoevenfamily.com\/wp-content\/uploads\/2020\/04\/Newcap_GlockenbrotVacuumCooler-768x82.png 768w, https:\/\/www.verhoevenfamily.com\/wp-content\/uploads\/2020\/04\/Newcap_GlockenbrotVacuumCooler-1536x164.png 1536w, https:\/\/www.verhoevenfamily.com\/wp-content\/uploads\/2020\/04\/Newcap_GlockenbrotVacuumCooler-700x75.png 700w\" sizes=\"(max-width: 2000px) 100vw, 2000px\" \/>\t\t\t\t\t\t\t\t<\/a>\n\t\t\t\t\t\t\t\t\t\t\t\t\t\t\t<\/div>\n\t\t\t\t<\/div>\n\t\t\t\t\t<\/div>\n\t\t<\/div>\n\t\t\t\t\t<\/div>\n\t\t<\/section>\n\t\t\t\t<section class=\"elementor-section elementor-top-section elementor-element elementor-element-3f7db79 elementor-section-boxed elementor-section-height-default elementor-section-height-default\" data-id=\"3f7db79\" data-element_type=\"section\" data-e-type=\"section\">\n\t\t\t\t\t\t<div class=\"elementor-container elementor-column-gap-default\">\n\t\t\t\t\t<div class=\"elementor-column elementor-col-33 elementor-top-column elementor-element elementor-element-8873012\" data-id=\"8873012\" data-element_type=\"column\" data-e-type=\"column\">\n\t\t\t<div class=\"elementor-widget-wrap elementor-element-populated\">\n\t\t\t\t\t\t<div class=\"elementor-element elementor-element-543b5d8 din elementor-widget elementor-widget-heading\" data-id=\"543b5d8\" data-element_type=\"widget\" data-e-type=\"widget\" data-widget_type=\"heading.default\">\n\t\t\t\t<div class=\"elementor-widget-container\">\n\t\t\t\t\t<h1 class=\"elementor-heading-title elementor-size-default\">IT\u2019S ALL\nIN THE FAMILY<\/h1>\t\t\t\t<\/div>\n\t\t\t\t<\/div>\n\t\t\t\t<div class=\"elementor-element elementor-element-f17decf din elementor-widget elementor-widget-heading\" data-id=\"f17decf\" data-element_type=\"widget\" data-e-type=\"widget\" data-widget_type=\"heading.default\">\n\t\t\t\t<div class=\"elementor-widget-container\">\n\t\t\t\t\t<h2 class=\"elementor-heading-title elementor-size-default\">we make to bake<\/h2>\t\t\t\t<\/div>\n\t\t\t\t<\/div>\n\t\t\t\t<div class=\"elementor-element elementor-element-4d288be elementor-widget elementor-widget-text-editor\" data-id=\"4d288be\" data-element_type=\"widget\" data-e-type=\"widget\" data-widget_type=\"text-editor.default\">\n\t\t\t\t<div class=\"elementor-widget-container\">\n\t\t\t\t\t\t\t\t\t<p>Die Verhoeven Bakery Equipment Family schaut auf eine lange und erfolgreiche Geschichte der ma\u00dfgeschneiderten Entwicklung, Projektierung und Fertigung und Produktion von L\u00f6sungen f\u00fcr die Lebensmittelindustrie zur\u00fcck. Unsere Marken &#8211; BVT Dough Process Solutions, NewCap Industrial Handling Solutions, Vacuum Cooling &amp; Baking Solutions und Bakepack End of Line Solutions &#8211; haben dank unserer innovativen Kultur und kreativen schl\u00fcsselfertigen L\u00f6sungen eine starke und etablierte Position auf dem industriellen Backmarkt. Da wir unabh\u00e4ngig sind, k\u00f6nnen wir all Ihre (markenspezifischen) Anforderungen an industrielle Backanlagen oder Ger\u00e4te erf\u00fcllen. Wir k\u00f6nnen zum Beispiel Anlagen kombinieren oder sogar eine andere Gruppierung vornehmen.<\/p><p>\u00a0<\/p><p>Bei Verhoeven sagen wir, was wir tun und tun, was wir sagen. Wir bieten Ihnen Beratungs- und Projektierung, Projektmanagement und Planungssicherheit. Sie erhalten hochwertige Produktionslinien und hochmoderne Maschinen, die von erfahrenen, kreativen Spezialisten im eigenen Haus Entwickelt und getestet wurden. Engagierte Menschen, die f\u00fcr uns wie eine Familie sind und sich f\u00fcr Sie einsetzen.<\/p><p>\u00a0<\/p><p>M\u00f6chten Sie mehr \u00fcber unsere Spezialisten lesen und erfahren, was sie f\u00fcr Ihre Industrieb\u00e4ckerei tun k\u00f6nnen? <a href=\"https:\/\/www.verhoevenfamily.com\/de\/bvt-newcap-vacuum-bakepack\/\">Klicke hier<\/a>.<\/p>\t\t\t\t\t\t\t\t<\/div>\n\t\t\t\t<\/div>\n\t\t\t\t\t<\/div>\n\t\t<\/div>\n\t\t\t\t<div class=\"elementor-column elementor-col-66 elementor-top-column elementor-element elementor-element-0541136\" data-id=\"0541136\" data-element_type=\"column\" data-e-type=\"column\">\n\t\t\t<div class=\"elementor-widget-wrap elementor-element-populated\">\n\t\t\t\t\t\t<div class=\"elementor-element elementor-element-eeba3bf elementor-widget elementor-widget-image\" data-id=\"eeba3bf\" data-element_type=\"widget\" data-e-type=\"widget\" data-widget_type=\"image.default\">\n\t\t\t\t<div class=\"elementor-widget-container\">\n\t\t\t\t\t\t\t\t\t\t\t\t\t\t\t<img decoding=\"async\" src=\"https:\/\/www.verhoevenfamily.com\/wp-content\/uploads\/elementor\/thumbs\/VERHOEVEN_BEF-oou2r4hxs9m035kfbsxl33l0e5xe2dfipalmoor86q.png\" title=\"VERHOEVEN_BEF\" alt=\"VERHOEVEN_BEF\" loading=\"lazy\" \/>\t\t\t\t\t\t\t\t\t\t\t\t\t\t\t<\/div>\n\t\t\t\t<\/div>\n\t\t\t\t<div class=\"elementor-element elementor-element-4b1df37 elementor-widget elementor-widget-image\" data-id=\"4b1df37\" data-element_type=\"widget\" data-e-type=\"widget\" data-widget_type=\"image.default\">\n\t\t\t\t<div class=\"elementor-widget-container\">\n\t\t\t\t\t\t\t\t\t\t\t\t\t\t\t<img decoding=\"async\" width=\"1024\" height=\"724\" src=\"https:\/\/www.verhoevenfamily.com\/wp-content\/uploads\/2020\/04\/broodparten-1024x724.jpg\" class=\"attachment-large size-large wp-image-1830\" alt=\"Explanation of the Bakery Equipment Family in bread parts\" srcset=\"https:\/\/www.verhoevenfamily.com\/wp-content\/uploads\/2020\/04\/broodparten-1024x724.jpg 1024w, https:\/\/www.verhoevenfamily.com\/wp-content\/uploads\/2020\/04\/broodparten-300x212.jpg 300w, https:\/\/www.verhoevenfamily.com\/wp-content\/uploads\/2020\/04\/broodparten-768x543.jpg 768w, https:\/\/www.verhoevenfamily.com\/wp-content\/uploads\/2020\/04\/broodparten-700x495.jpg 700w, https:\/\/www.verhoevenfamily.com\/wp-content\/uploads\/2020\/04\/broodparten.jpg 1400w\" sizes=\"(max-width: 1024px) 100vw, 1024px\" \/>\t\t\t\t\t\t\t\t\t\t\t\t\t\t\t<\/div>\n\t\t\t\t<\/div>\n\t\t\t\t\t<\/div>\n\t\t<\/div>\n\t\t\t\t\t<\/div>\n\t\t<\/section>\n\t\t\t\t<section class=\"elementor-section elementor-top-section elementor-element elementor-element-d22209f elementor-section-boxed elementor-section-height-default elementor-section-height-default\" data-id=\"d22209f\" data-element_type=\"section\" data-e-type=\"section\">\n\t\t\t\t\t\t<div class=\"elementor-container elementor-column-gap-default\">\n\t\t\t\t\t<div class=\"elementor-column elementor-col-100 elementor-top-column elementor-element elementor-element-b29d5e0\" data-id=\"b29d5e0\" data-element_type=\"column\" data-e-type=\"column\">\n\t\t\t<div class=\"elementor-widget-wrap elementor-element-populated\">\n\t\t\t\t\t\t<div class=\"elementor-element elementor-element-04bdc0d elementor-widget elementor-widget-spacer\" data-id=\"04bdc0d\" data-element_type=\"widget\" data-e-type=\"widget\" data-widget_type=\"spacer.default\">\n\t\t\t\t<div class=\"elementor-widget-container\">\n\t\t\t\t\t\t\t<div class=\"elementor-spacer\">\n\t\t\t<div class=\"elementor-spacer-inner\"><\/div>\n\t\t<\/div>\n\t\t\t\t\t\t<\/div>\n\t\t\t\t<\/div>\n\t\t\t\t\t<\/div>\n\t\t<\/div>\n\t\t\t\t\t<\/div>\n\t\t<\/section>\n\t\t\t\t<section class=\"elementor-section elementor-top-section elementor-element elementor-element-9ee1071 elementor-section-boxed elementor-section-height-default elementor-section-height-default\" data-id=\"9ee1071\" data-element_type=\"section\" data-e-type=\"section\">\n\t\t\t\t\t\t<div class=\"elementor-container elementor-column-gap-default\">\n\t\t\t\t\t<div class=\"elementor-column elementor-col-100 elementor-top-column elementor-element elementor-element-009b572\" data-id=\"009b572\" data-element_type=\"column\" data-e-type=\"column\">\n\t\t\t<div class=\"elementor-widget-wrap elementor-element-populated\">\n\t\t\t\t\t\t<div class=\"elementor-element elementor-element-0be18b2 elementor-widget elementor-widget-spacer\" data-id=\"0be18b2\" data-element_type=\"widget\" data-e-type=\"widget\" data-widget_type=\"spacer.default\">\n\t\t\t\t<div class=\"elementor-widget-container\">\n\t\t\t\t\t\t\t<div class=\"elementor-spacer\">\n\t\t\t<div class=\"elementor-spacer-inner\"><\/div>\n\t\t<\/div>\n\t\t\t\t\t\t<\/div>\n\t\t\t\t<\/div>\n\t\t\t\t\t<\/div>\n\t\t<\/div>\n\t\t\t\t\t<\/div>\n\t\t<\/section>\n\t\t\t\t<section class=\"elementor-section elementor-top-section elementor-element elementor-element-a49bf06 elementor-section-boxed elementor-section-height-default elementor-section-height-default\" data-id=\"a49bf06\" data-element_type=\"section\" data-e-type=\"section\">\n\t\t\t\t\t\t<div class=\"elementor-container elementor-column-gap-default\">\n\t\t\t\t\t<div class=\"elementor-column elementor-col-100 elementor-top-column elementor-element elementor-element-edca2b6\" data-id=\"edca2b6\" data-element_type=\"column\" data-e-type=\"column\">\n\t\t\t<div class=\"elementor-widget-wrap elementor-element-populated\">\n\t\t\t\t\t\t<div class=\"elementor-element elementor-element-bc19e7e elementor-widget elementor-widget-spacer\" data-id=\"bc19e7e\" data-element_type=\"widget\" data-e-type=\"widget\" data-widget_type=\"spacer.default\">\n\t\t\t\t<div class=\"elementor-widget-container\">\n\t\t\t\t\t\t\t<div class=\"elementor-spacer\">\n\t\t\t<div class=\"elementor-spacer-inner\"><\/div>\n\t\t<\/div>\n\t\t\t\t\t\t<\/div>\n\t\t\t\t<\/div>\n\t\t\t\t\t<\/div>\n\t\t<\/div>\n\t\t\t\t\t<\/div>\n\t\t<\/section>\n\t\t\t\t<\/div>\n\t\t","protected":false},"excerpt":{"rendered":"<p>IT\u2019S ALL IN THE FAMILY we make to bake Die Verhoeven Bakery Equipment Family schaut auf eine lange und erfolgreiche Geschichte der ma\u00dfgeschneiderten Entwicklung, Projektierung und Fertigung und Produktion von L\u00f6sungen f\u00fcr die Lebensmittelindustrie zur\u00fcck. Unsere Marken &#8211; BVT Dough Process Solutions, NewCap Industrial Handling&#8230;<\/p>\n","protected":false},"author":4,"featured_media":0,"parent":0,"menu_order":0,"comment_status":"closed","ping_status":"closed","template":"","meta":{"footnotes":""},"class_list":["post-2791","page","type-page","status-publish","hentry"],"yoast_head":"<!-- This site is optimized with the Yoast SEO Premium plugin v27.4 (Yoast SEO v27.4) - https:\/\/yoast.com\/product\/yoast-seo-premium-wordpress\/ -->\n<title>\u00dcber uns bef - Verhoeven Family<\/title>\n<meta name=\"robots\" content=\"index, follow, max-snippet:-1, max-image-preview:large, max-video-preview:-1\" \/>\n<link rel=\"canonical\" href=\"https:\/\/www.verhoevenfamily.com\/de\/ueber-uns-bef\/\" \/>\n<meta property=\"og:locale\" content=\"de_DE\" \/>\n<meta property=\"og:type\" content=\"article\" \/>\n<meta property=\"og:title\" content=\"\u00dcber uns bef\" \/>\n<meta property=\"og:description\" content=\"IT\u2019S ALL IN THE FAMILY we make to bake Die Verhoeven Bakery Equipment Family schaut auf eine lange und erfolgreiche Geschichte der ma\u00dfgeschneiderten Entwicklung, Projektierung und Fertigung und Produktion von L\u00f6sungen f\u00fcr die Lebensmittelindustrie zur\u00fcck. Unsere Marken &#8211; BVT Dough Process Solutions, NewCap Industrial Handling...\" \/>\n<meta property=\"og:url\" content=\"https:\/\/www.verhoevenfamily.com\/de\/ueber-uns-bef\/\" \/>\n<meta property=\"og:site_name\" content=\"Verhoeven Family\" \/>\n<meta property=\"article:modified_time\" content=\"2020-07-06T11:51:12+00:00\" \/>\n<meta property=\"og:image\" content=\"https:\/\/www.verhoevenfamily.com\/wp-content\/uploads\/2020\/04\/Newcap_GlockenbrotVacuumCooler.png\" \/>\n<meta name=\"twitter:card\" content=\"summary_large_image\" \/>\n<meta name=\"twitter:label1\" content=\"Gesch\u00e4tzte Lesezeit\" \/>\n\t<meta name=\"twitter:data1\" content=\"1\u00a0Minute\" \/>\n<script type=\"application\/ld+json\" class=\"yoast-schema-graph\">{\"@context\":\"https:\\\/\\\/schema.org\",\"@graph\":[{\"@type\":\"WebPage\",\"@id\":\"https:\\\/\\\/www.verhoevenfamily.com\\\/de\\\/ueber-uns-bef\\\/\",\"url\":\"https:\\\/\\\/www.verhoevenfamily.com\\\/de\\\/ueber-uns-bef\\\/\",\"name\":\"\u00dcber uns bef - Verhoeven Family\",\"isPartOf\":{\"@id\":\"https:\\\/\\\/www.verhoevenfamily.com\\\/de\\\/#website\"},\"primaryImageOfPage\":{\"@id\":\"https:\\\/\\\/www.verhoevenfamily.com\\\/de\\\/ueber-uns-bef\\\/#primaryimage\"},\"image\":{\"@id\":\"https:\\\/\\\/www.verhoevenfamily.com\\\/de\\\/ueber-uns-bef\\\/#primaryimage\"},\"thumbnailUrl\":\"https:\\\/\\\/www.verhoevenfamily.com\\\/wp-content\\\/uploads\\\/2020\\\/04\\\/Newcap_GlockenbrotVacuumCooler.png\",\"datePublished\":\"2020-06-23T08:12:55+00:00\",\"dateModified\":\"2020-07-06T11:51:12+00:00\",\"breadcrumb\":{\"@id\":\"https:\\\/\\\/www.verhoevenfamily.com\\\/de\\\/ueber-uns-bef\\\/#breadcrumb\"},\"inLanguage\":\"de\",\"potentialAction\":[{\"@type\":\"ReadAction\",\"target\":[\"https:\\\/\\\/www.verhoevenfamily.com\\\/de\\\/ueber-uns-bef\\\/\"]}]},{\"@type\":\"ImageObject\",\"inLanguage\":\"de\",\"@id\":\"https:\\\/\\\/www.verhoevenfamily.com\\\/de\\\/ueber-uns-bef\\\/#primaryimage\",\"url\":\"https:\\\/\\\/www.verhoevenfamily.com\\\/wp-content\\\/uploads\\\/2020\\\/04\\\/Newcap_GlockenbrotVacuumCooler.png\",\"contentUrl\":\"https:\\\/\\\/www.verhoevenfamily.com\\\/wp-content\\\/uploads\\\/2020\\\/04\\\/Newcap_GlockenbrotVacuumCooler.png\"},{\"@type\":\"BreadcrumbList\",\"@id\":\"https:\\\/\\\/www.verhoevenfamily.com\\\/de\\\/ueber-uns-bef\\\/#breadcrumb\",\"itemListElement\":[{\"@type\":\"ListItem\",\"position\":1,\"name\":\"Home\",\"item\":\"https:\\\/\\\/www.verhoevenfamily.com\\\/de\\\/\"},{\"@type\":\"ListItem\",\"position\":2,\"name\":\"\u00dcber uns bef\"}]},{\"@type\":\"WebSite\",\"@id\":\"https:\\\/\\\/www.verhoevenfamily.com\\\/de\\\/#website\",\"url\":\"https:\\\/\\\/www.verhoevenfamily.com\\\/de\\\/\",\"name\":\"Verhoeven Family\",\"description\":\"Verhoeven Family website\",\"potentialAction\":[{\"@type\":\"SearchAction\",\"target\":{\"@type\":\"EntryPoint\",\"urlTemplate\":\"https:\\\/\\\/www.verhoevenfamily.com\\\/de\\\/?s={search_term_string}\"},\"query-input\":{\"@type\":\"PropertyValueSpecification\",\"valueRequired\":true,\"valueName\":\"search_term_string\"}}],\"inLanguage\":\"de\"}]}<\/script>\n<!-- \/ Yoast SEO Premium plugin. -->","yoast_head_json":{"title":"\u00dcber uns bef - Verhoeven Family","robots":{"index":"index","follow":"follow","max-snippet":"max-snippet:-1","max-image-preview":"max-image-preview:large","max-video-preview":"max-video-preview:-1"},"canonical":"https:\/\/www.verhoevenfamily.com\/de\/ueber-uns-bef\/","og_locale":"de_DE","og_type":"article","og_title":"\u00dcber uns bef","og_description":"IT\u2019S ALL IN THE FAMILY we make to bake Die Verhoeven Bakery Equipment Family schaut auf eine lange und erfolgreiche Geschichte der ma\u00dfgeschneiderten Entwicklung, Projektierung und Fertigung und Produktion von L\u00f6sungen f\u00fcr die Lebensmittelindustrie zur\u00fcck. Unsere Marken &#8211; BVT Dough Process Solutions, NewCap Industrial Handling...","og_url":"https:\/\/www.verhoevenfamily.com\/de\/ueber-uns-bef\/","og_site_name":"Verhoeven Family","article_modified_time":"2020-07-06T11:51:12+00:00","og_image":[{"url":"https:\/\/www.verhoevenfamily.com\/wp-content\/uploads\/2020\/04\/Newcap_GlockenbrotVacuumCooler.png","type":"","width":"","height":""}],"twitter_card":"summary_large_image","twitter_misc":{"Gesch\u00e4tzte Lesezeit":"1\u00a0Minute"},"schema":{"@context":"https:\/\/schema.org","@graph":[{"@type":"WebPage","@id":"https:\/\/www.verhoevenfamily.com\/de\/ueber-uns-bef\/","url":"https:\/\/www.verhoevenfamily.com\/de\/ueber-uns-bef\/","name":"\u00dcber uns bef - Verhoeven Family","isPartOf":{"@id":"https:\/\/www.verhoevenfamily.com\/de\/#website"},"primaryImageOfPage":{"@id":"https:\/\/www.verhoevenfamily.com\/de\/ueber-uns-bef\/#primaryimage"},"image":{"@id":"https:\/\/www.verhoevenfamily.com\/de\/ueber-uns-bef\/#primaryimage"},"thumbnailUrl":"https:\/\/www.verhoevenfamily.com\/wp-content\/uploads\/2020\/04\/Newcap_GlockenbrotVacuumCooler.png","datePublished":"2020-06-23T08:12:55+00:00","dateModified":"2020-07-06T11:51:12+00:00","breadcrumb":{"@id":"https:\/\/www.verhoevenfamily.com\/de\/ueber-uns-bef\/#breadcrumb"},"inLanguage":"de","potentialAction":[{"@type":"ReadAction","target":["https:\/\/www.verhoevenfamily.com\/de\/ueber-uns-bef\/"]}]},{"@type":"ImageObject","inLanguage":"de","@id":"https:\/\/www.verhoevenfamily.com\/de\/ueber-uns-bef\/#primaryimage","url":"https:\/\/www.verhoevenfamily.com\/wp-content\/uploads\/2020\/04\/Newcap_GlockenbrotVacuumCooler.png","contentUrl":"https:\/\/www.verhoevenfamily.com\/wp-content\/uploads\/2020\/04\/Newcap_GlockenbrotVacuumCooler.png"},{"@type":"BreadcrumbList","@id":"https:\/\/www.verhoevenfamily.com\/de\/ueber-uns-bef\/#breadcrumb","itemListElement":[{"@type":"ListItem","position":1,"name":"Home","item":"https:\/\/www.verhoevenfamily.com\/de\/"},{"@type":"ListItem","position":2,"name":"\u00dcber uns bef"}]},{"@type":"WebSite","@id":"https:\/\/www.verhoevenfamily.com\/de\/#website","url":"https:\/\/www.verhoevenfamily.com\/de\/","name":"Verhoeven Family","description":"Verhoeven Family website","potentialAction":[{"@type":"SearchAction","target":{"@type":"EntryPoint","urlTemplate":"https:\/\/www.verhoevenfamily.com\/de\/?s={search_term_string}"},"query-input":{"@type":"PropertyValueSpecification","valueRequired":true,"valueName":"search_term_string"}}],"inLanguage":"de"}]}},"_links":{"self":[{"href":"https:\/\/www.verhoevenfamily.com\/de\/wp-json\/wp\/v2\/pages\/2791","targetHints":{"allow":["GET"]}}],"collection":[{"href":"https:\/\/www.verhoevenfamily.com\/de\/wp-json\/wp\/v2\/pages"}],"about":[{"href":"https:\/\/www.verhoevenfamily.com\/de\/wp-json\/wp\/v2\/types\/page"}],"author":[{"embeddable":true,"href":"https:\/\/www.verhoevenfamily.com\/de\/wp-json\/wp\/v2\/users\/4"}],"replies":[{"embeddable":true,"href":"https:\/\/www.verhoevenfamily.com\/de\/wp-json\/wp\/v2\/comments?post=2791"}],"version-history":[{"count":0,"href":"https:\/\/www.verhoevenfamily.com\/de\/wp-json\/wp\/v2\/pages\/2791\/revisions"}],"wp:attachment":[{"href":"https:\/\/www.verhoevenfamily.com\/de\/wp-json\/wp\/v2\/media?parent=2791"}],"curies":[{"name":"wp","href":"https:\/\/api.w.org\/{rel}","templated":true}]}}